{"id":9,"date":"2014-09-12T10:15:01","date_gmt":"2014-09-12T10:15:01","guid":{"rendered":"http:\/\/agora.xtec.cat\/iesmed\/?page_id=9"},"modified":"2022-04-29T09:59:47","modified_gmt":"2022-04-29T07:59:47","slug":"pagina-dinici-buida","status":"publish","type":"page","link":"https:\/\/agora.xtec.cat\/iesmed\/estudis\/pagina-dinici-buida\/","title":{"rendered":"Proves d&#8217;avaluaci\u00f3  4t ESO"},"content":{"rendered":"<p style=\"text-align: justify;\"><img loading=\"lazy\" decoding=\"async\" class=\"size-full wp-image-1924 alignleft\" src=\"http:\/\/agora.xtec.cat\/iesmed\/wp-content\/uploads\/usu815\/2014\/09\/prova4eso.jpg\" alt=\"\" width=\"400\" height=\"110\" srcset=\"https:\/\/agora.xtec.cat\/iesmed\/wp-content\/uploads\/usu815\/2014\/09\/prova4eso.jpg 400w, https:\/\/agora.xtec.cat\/iesmed\/wp-content\/uploads\/usu815\/2014\/09\/prova4eso-300x83.jpg 300w\" sizes=\"auto, (max-width: 400px) 100vw, 400px\" \/>Per set\u00e8 cop es fa una prova externa d\u2019avaluaci\u00f3 de tot l\u2019alumnat de quart d\u2019ESO de Catalunya, que afecta al voltant de 80.000 estudiants i m\u00e9s de 1.000 centres.\u00a0 S&#8217;avalua les compet\u00e8ncies i coneixements b\u00e0sics que ha d&#8217;haver adquirit l&#8217;alumnat al final de l&#8217;educaci\u00f3 secund\u00e0ria obligat\u00f2ria en compet\u00e8ncia comunicativa ling\u00fc\u00edstica (en llengua catalana, castellana i estrangera i en aran\u00e8s a l&#8217;Aran), en compet\u00e8ncia matem\u00e0tica i en compet\u00e8ncia cientificotecnol\u00f2gica. En compet\u00e8ncia comunicativa ling\u00fc\u00edstica en llengua estrangera s&#8217;avaluen l&#8217;angl\u00e8s, el franc\u00e8s i l&#8217;alemany.<\/p>\n<p style=\"text-align: justify;\">\u00c9s una avaluaci\u00f3 externa de car\u00e0cter informatiu, formatiu i orientador, que vol ser una eina al servei dels centres, del professorat i de l&#8217;alumnat per impulsar la millora global del sistema educatiu catal\u00e0.<\/p>\n<p style=\"text-align: justify;\"><a href=\"http:\/\/csda.gencat.cat\/web\/.content\/home\/consell_superior_d_avalua\/pdf_i_altres\/prova_avaluacio_eso_2018\/info-alumnes-4S-2018.pdf\">Informaci\u00f3 per a l&#8217;estudiant<\/a><\/p>\n<p style=\"text-align: justify;\"><a href=\"http:\/\/csda.gencat.cat\/web\/.content\/home\/consell_superior_d_avalua\/pdf_i_altres\/prova_avaluacio_eso_2018\/INFO-families-4S-2018.pdf\">Informaci\u00f3 per les fam\u00edlies<\/a><\/p>\n<p>&nbsp;<\/p>\n","protected":false},"excerpt":{"rendered":"<p>Per set\u00e8 cop es fa una prova externa d\u2019avaluaci\u00f3 de tot l\u2019alumnat de quart d\u2019ESO de Catalunya, que afecta al voltant de 80.000 estudiants i m\u00e9s de 1.000 centres.\u00a0 S&#8217;avalua les compet\u00e8ncies i coneixements b\u00e0sics que ha d&#8217;haver adquirit l&#8217;alumnat al final de l&#8217;educaci\u00f3 secund\u00e0ria&hellip;  <a href=\"https:\/\/agora.xtec.cat\/iesmed\/estudis\/pagina-dinici-buida\/\" title=\"Read Proves d&#8217;avaluaci\u00f3  4t ESO\">Llegeix m\u00e9s\u00bb<\/a><\/p>\n","protected":false},"author":1,"featured_media":0,"parent":195,"menu_order":0,"comment_status":"closed","ping_status":"closed","template":"page-templates\/side-menu.php","meta":{"_bbp_topic_count":0,"_bbp_reply_count":0,"_bbp_total_topic_count":0,"_bbp_total_reply_count":0,"_bbp_voice_count":0,"_bbp_anonymous_reply_count":0,"_bbp_topic_count_hidden":0,"_bbp_reply_count_hidden":0,"_bbp_forum_subforum_count":0,"footnotes":""},"class_list":["post-9","page","type-page","status-publish","hentry"],"post_mailing_queue_ids":[],"_links":{"self":[{"href":"https:\/\/agora.xtec.cat\/iesmed\/wp-json\/wp\/v2\/pages\/9","targetHints":{"allow":["GET"]}}],"collection":[{"href":"https:\/\/agora.xtec.cat\/iesmed\/wp-json\/wp\/v2\/pages"}],"about":[{"href":"https:\/\/agora.xtec.cat\/iesmed\/wp-json\/wp\/v2\/types\/page"}],"author":[{"embeddable":true,"href":"https:\/\/agora.xtec.cat\/iesmed\/wp-json\/wp\/v2\/users\/1"}],"replies":[{"embeddable":true,"href":"https:\/\/agora.xtec.cat\/iesmed\/wp-json\/wp\/v2\/comments?post=9"}],"version-history":[{"count":4,"href":"https:\/\/agora.xtec.cat\/iesmed\/wp-json\/wp\/v2\/pages\/9\/revisions"}],"predecessor-version":[{"id":3135,"href":"https:\/\/agora.xtec.cat\/iesmed\/wp-json\/wp\/v2\/pages\/9\/revisions\/3135"}],"up":[{"embeddable":true,"href":"https:\/\/agora.xtec.cat\/iesmed\/wp-json\/wp\/v2\/pages\/195"}],"wp:attachment":[{"href":"https:\/\/agora.xtec.cat\/iesmed\/wp-json\/wp\/v2\/media?parent=9"}],"curies":[{"name":"wp","href":"https:\/\/api.w.org\/{rel}","templated":true}]}}