{"id":75,"date":"2014-09-18T10:21:02","date_gmt":"2014-09-18T09:21:02","guid":{"rendered":"http:\/\/agora.xtec.cat\/iesmed\/?page_id=75"},"modified":"2022-04-11T14:01:16","modified_gmt":"2022-04-11T12:01:16","slug":"activitats-extraescolars","status":"publish","type":"page","link":"https:\/\/agora.xtec.cat\/iesmed\/serveis\/activitats-extraescolars\/","title":{"rendered":"Activitats extraescolars"},"content":{"rendered":"<p><strong>Classes de rep\u00e0s per alumnes de 1r i 2n de batxillerat<\/strong><\/p>\n<p>El dimarts 5 de febrer han comen\u00e7at les classes de rep\u00e0s gratu\u00eftes que l\u2019AMPA ofereix pels seus socis de batxillerat. L\u2019AMPA, mitjan\u00e7ant la Ballaruga, ha contractat una professora, C\u00e8lia Gallego, que cada dimarts de 16.00 a 17.30 far\u00e0 el rep\u00e0s i resoldr\u00e0 els dubtes d\u2019aquests alumnes.<\/p>\n<p>Tamb\u00e9 volem agrair la col\u00b7laboraci\u00f3 de la direcci\u00f3 de l\u2019institut que ens ha facilitat un espai al centre per fer les classes a una aula del mateix Institut Mediterr\u00e0nia durant el segon i tercer trimestre d\u2019aquest curs. Deu alumnes s\u2019estan beneficiant d\u2019aquesta iniciativa.<\/p>\n<p>Esperem que l\u2019aprofitin i puguin millorar els seus resultats acad\u00e8mics.<\/p>\n<p>&nbsp;<\/p>\n<p>Atentament,<\/p>\n<p>AMPA<\/p>\n","protected":false},"excerpt":{"rendered":"<p>Classes de rep\u00e0s per alumnes de 1r i 2n de batxillerat<br \/>\nEl dimarts 5 de febrer han comen\u00e7at les classes de rep\u00e0s gratu\u00eftes que l\u2019AMPA ofereix pels seus socis de batxillerat. L\u2019AMPA, mitjan\u00e7ant la Ballaruga, ha contractat una professora, C\u00e8lia Gallego, que cada dimarts de 16.00&hellip;  <a href=\"https:\/\/agora.xtec.cat\/iesmed\/serveis\/activitats-extraescolars\/\" title=\"Read Activitats extraescolars\">Llegeix m\u00e9s\u00bb<\/a><\/p>\n","protected":false},"author":1,"featured_media":0,"parent":63,"menu_order":2,"comment_status":"closed","ping_status":"closed","template":"page-templates\/side-menu.php","meta":{"_bbp_topic_count":0,"_bbp_reply_count":0,"_bbp_total_topic_count":0,"_bbp_total_reply_count":0,"_bbp_voice_count":0,"_bbp_anonymous_reply_count":0,"_bbp_topic_count_hidden":0,"_bbp_reply_count_hidden":0,"_bbp_forum_subforum_count":0,"footnotes":""},"class_list":["post-75","page","type-page","status-publish","hentry"],"post_mailing_queue_ids":[],"_links":{"self":[{"href":"https:\/\/agora.xtec.cat\/iesmed\/wp-json\/wp\/v2\/pages\/75","targetHints":{"allow":["GET"]}}],"collection":[{"href":"https:\/\/agora.xtec.cat\/iesmed\/wp-json\/wp\/v2\/pages"}],"about":[{"href":"https:\/\/agora.xtec.cat\/iesmed\/wp-json\/wp\/v2\/types\/page"}],"author":[{"embeddable":true,"href":"https:\/\/agora.xtec.cat\/iesmed\/wp-json\/wp\/v2\/users\/1"}],"replies":[{"embeddable":true,"href":"https:\/\/agora.xtec.cat\/iesmed\/wp-json\/wp\/v2\/comments?post=75"}],"version-history":[{"count":3,"href":"https:\/\/agora.xtec.cat\/iesmed\/wp-json\/wp\/v2\/pages\/75\/revisions"}],"predecessor-version":[{"id":2634,"href":"https:\/\/agora.xtec.cat\/iesmed\/wp-json\/wp\/v2\/pages\/75\/revisions\/2634"}],"up":[{"embeddable":true,"href":"https:\/\/agora.xtec.cat\/iesmed\/wp-json\/wp\/v2\/pages\/63"}],"wp:attachment":[{"href":"https:\/\/agora.xtec.cat\/iesmed\/wp-json\/wp\/v2\/media?parent=75"}],"curies":[{"name":"wp","href":"https:\/\/api.w.org\/{rel}","templated":true}]}}