{"id":5730,"date":"2023-05-18T11:54:34","date_gmt":"2023-05-18T09:54:34","guid":{"rendered":"https:\/\/agora.xtec.cat\/iesmed\/?page_id=5730"},"modified":"2023-09-20T13:32:28","modified_gmt":"2023-09-20T11:32:28","slug":"escoles-verdes","status":"publish","type":"page","link":"https:\/\/agora.xtec.cat\/iesmed\/els-nostres-projectes\/escoles-verdes\/","title":{"rendered":"Escoles Verdes"},"content":{"rendered":"<p><span style=\"font-weight: 400;\"><img loading=\"lazy\" decoding=\"async\" class=\" wp-image-5731 alignleft\" src=\"https:\/\/agora.xtec.cat\/iesmed\/wp-content\/uploads\/usu815\/2023\/05\/2-722x1024.jpg\" alt=\"\" width=\"354\" height=\"502\" srcset=\"https:\/\/agora.xtec.cat\/iesmed\/wp-content\/uploads\/usu815\/2023\/05\/2-722x1024.jpg 722w, https:\/\/agora.xtec.cat\/iesmed\/wp-content\/uploads\/usu815\/2023\/05\/2-211x300.jpg 211w, https:\/\/agora.xtec.cat\/iesmed\/wp-content\/uploads\/usu815\/2023\/05\/2.jpg 761w\" sizes=\"auto, (max-width: 354px) 100vw, 354px\" \/>El programa Escoles Verdes sorgeix com un comprom\u00eds per donar suport a tots els centres educatius de Catalunya que vol<\/span><span style=\"font-weight: 400;\">en innovar, incloure, avan\u00e7ar, sistematitzar i organitzar accions educatives que tinguin la finalitat d\u2019afrontar, des de l\u2019educaci\u00f3, els nous reptes i valors de la sostenibilitat i el medi ambient.<\/span><\/p>\n<p><span style=\"font-weight: 400;\">Actualment, hi ha m\u00e9s de 800 centres que formen part de la <\/span><a href=\"http:\/\/projects.mcrit.com\/ev\/#\/dashboard\"><span style=\"font-weight: 400;\">Xarxa d\u2019Escoles Verdes<\/span><\/a><span style=\"font-weight: 400;\"> i l\u2019Institut Mediterr\u00e0nia forma part des de l\u2019any 2012.<\/span><\/p>\n<p><span style=\"font-weight: 400;\">Els objectius del programa Escoles Verdes s\u00f3n:<\/span><\/p>\n<ul>\n<li style=\"font-weight: 400;\" aria-level=\"1\"><span style=\"font-weight: 400;\">Ajudar els centres educatius a incorporar els valors de l\u2019educaci\u00f3 per a la sostenibilitat en tots els \u00e0mbits de la vida del centre: curr\u00edculum, gesti\u00f3, participaci\u00f3 i relacions amb l\u2019entorn.<\/span><\/li>\n<li style=\"font-weight: 400;\" aria-level=\"1\"><span style=\"font-weight: 400;\">Promoure la participaci\u00f3 i la implicaci\u00f3 activa de la comunitat educativa en la millora del seu entorn<\/span><\/li>\n<li style=\"font-weight: 400;\" aria-level=\"1\"><span style=\"font-weight: 400;\">Afavorir l\u2019intercanvi entre els centres que comparteixen uns mateixos objectius.<\/span><\/li>\n<\/ul>\n<p><span style=\"font-weight: 400;\">Com a integrant del programa d\u2019Escoles Verdes el centre:<\/span><\/p>\n<ul>\n<li style=\"font-weight: 400;\" aria-level=\"1\"><span style=\"font-weight: 400;\">ha realitzat una diagnosi per con\u00e8ixer el seu punt de partida respecte els quatre contextos d\u2019acci\u00f3 del Programa: organitzaci\u00f3 i participaci\u00f3, gesti\u00f3 sostenible, curr\u00edculum educatiu i implicaci\u00f3 en la millora de l\u2019entorn.<\/span><\/li>\n<li style=\"font-weight: 400;\" aria-level=\"1\"><span style=\"font-weight: 400;\">ha definit els seus objectius i les l\u00ednies estrat\u00e8giques a seguir per assolir l\u2019ambientalitzaci\u00f3 progressiva del centre i del seu projecte educatiu.<\/span><\/li>\n<li style=\"font-weight: 400;\" aria-level=\"1\"><span style=\"font-weight: 400;\">Ha elaborat el seu Pla d\u2019Educaci\u00f3 per a la Sostenibilitat (PES), el qual s\u2019ha incorporat als documents estrat\u00e8gics del centre (Projecte Educatiu, Projecte de Direcci\u00f3 i Programaci\u00f3 General Anual).<\/span><\/li>\n<\/ul>\n<p>&nbsp;<\/p>\n<p><span style=\"font-weight: 400;\">Els objectius estrat\u00e8gics del PES s\u00f3n:<\/span><\/p>\n<ul>\n<li style=\"font-weight: 400;\" aria-level=\"1\"><span style=\"font-weight: 400;\">Buscar un major comprom\u00eds del professorat en les actuacions de participaci\u00f3 i organitzaci\u00f3 d\u2019escola verda.<\/span><\/li>\n<li style=\"font-weight: 400;\" aria-level=\"1\"><span style=\"font-weight: 400;\">Introduir objectius i continguts de les diferents mat\u00e8ries per ambientalitzar el curr\u00edculum.<\/span><\/li>\n<li style=\"font-weight: 400;\" aria-level=\"1\"><span style=\"font-weight: 400;\">Consolidar la gesti\u00f3 sostenible dels recursos al centre: estalvi de paper, llum i aigua; reduir l\u2019alumini, envasos al pati i reutilitzar llibres.<\/span><\/li>\n<li style=\"font-weight: 400;\" aria-level=\"1\"><span style=\"font-weight: 400;\">Consolidar i augmentar la participaci\u00f3 del professorat en el projecte del bosc i l\u2019hort escolar.<\/span><\/li>\n<li style=\"font-weight: 400;\" aria-level=\"1\"><span style=\"font-weight: 400;\">Fixar un horari fix per les reunions peri\u00f2diques del Comit\u00e8 Ambiental per coordinar les actuacions.<\/span><\/li>\n<\/ul>\n<p><span style=\"font-weight: 400;\">Les accions que s\u2019han dut a terme al centre durant aquest curs han estat:<\/span><\/p>\n<ul>\n<li style=\"font-weight: 400;\" aria-level=\"1\"><span style=\"font-weight: 400;\">Aules i espais agradables (Reutilitzaci\u00f3, reciclatge i ambientalitzaci\u00f3).<\/span><\/li>\n<li style=\"font-weight: 400;\" aria-level=\"1\"><span style=\"font-weight: 400;\">Estalvi d\u2019aigua.<\/span><\/li>\n<li style=\"font-weight: 400;\" aria-level=\"1\"><span style=\"font-weight: 400;\">Projecte Banc de Sang (APS)<\/span><\/li>\n<li style=\"font-weight: 400;\" aria-level=\"1\"><span style=\"font-weight: 400;\">Cuidem el bosc i cuidem el barri (APS). Nova acci\u00f3.<\/span><\/li>\n<li style=\"font-weight: 400;\" aria-level=\"1\"><span style=\"font-weight: 400;\">Hort i bosc escolar.<\/span><\/li>\n<li style=\"font-weight: 400;\" aria-level=\"1\"><span style=\"font-weight: 400;\">Participaci\u00f3 en el F\u00f2rum virtual Escoles Verdes de Secund\u00e0ria.<\/span><\/li>\n<li style=\"font-weight: 400;\" aria-level=\"1\"><span style=\"font-weight: 400;\">Reutilitzaci\u00f3 de llibres.<\/span><\/li>\n<\/ul>\n<p>Aqu\u00ed teniu <a href=\"https:\/\/photos.app.goo.gl\/8ZJBaHGJ9Rve4Bbw6\">l&#8217;enlla\u00e7 a un dels v\u00eddeos<\/a> del projecte.<\/p>\n<p><img loading=\"lazy\" decoding=\"async\" class=\"wp-image-5732 aligncenter\" src=\"https:\/\/agora.xtec.cat\/iesmed\/wp-content\/uploads\/usu815\/2023\/05\/WhatsApp-Image-2022-03-09-at-13.06.29-2-e1684403640225-1024x685.jpeg\" alt=\"\" width=\"814\" height=\"545\" srcset=\"https:\/\/agora.xtec.cat\/iesmed\/wp-content\/uploads\/usu815\/2023\/05\/WhatsApp-Image-2022-03-09-at-13.06.29-2-e1684403640225-1024x685.jpeg 1024w, https:\/\/agora.xtec.cat\/iesmed\/wp-content\/uploads\/usu815\/2023\/05\/WhatsApp-Image-2022-03-09-at-13.06.29-2-e1684403640225-300x201.jpeg 300w, https:\/\/agora.xtec.cat\/iesmed\/wp-content\/uploads\/usu815\/2023\/05\/WhatsApp-Image-2022-03-09-at-13.06.29-2-e1684403640225-768x513.jpeg 768w, https:\/\/agora.xtec.cat\/iesmed\/wp-content\/uploads\/usu815\/2023\/05\/WhatsApp-Image-2022-03-09-at-13.06.29-2-e1684403640225.jpeg 1400w\" sizes=\"auto, (max-width: 814px) 100vw, 814px\" \/><\/p>\n","protected":false},"excerpt":{"rendered":"<p>El programa Escoles Verdes sorgeix com un comprom\u00eds per donar suport a tots els centres educatius de Catalunya que volen innovar, incloure, avan\u00e7ar, sistematitzar i organitzar accions educatives que tinguin la finalitat d\u2019afrontar, des de l\u2019educaci\u00f3, els nous reptes i valors de la sostenibilitat i&hellip;  <a href=\"https:\/\/agora.xtec.cat\/iesmed\/els-nostres-projectes\/escoles-verdes\/\" title=\"Read Escoles Verdes\">Llegeix m\u00e9s\u00bb<\/a><\/p>\n","protected":false},"author":1,"featured_media":0,"parent":318,"menu_order":0,"comment_status":"closed","ping_status":"closed","template":"page-templates\/side-menu.php","meta":{"_bbp_topic_count":0,"_bbp_reply_count":0,"_bbp_total_topic_count":0,"_bbp_total_reply_count":0,"_bbp_voice_count":0,"_bbp_anonymous_reply_count":0,"_bbp_topic_count_hidden":0,"_bbp_reply_count_hidden":0,"_bbp_forum_subforum_count":0,"footnotes":""},"class_list":["post-5730","page","type-page","status-publish","hentry"],"post_mailing_queue_ids":[],"_links":{"self":[{"href":"https:\/\/agora.xtec.cat\/iesmed\/wp-json\/wp\/v2\/pages\/5730","targetHints":{"allow":["GET"]}}],"collection":[{"href":"https:\/\/agora.xtec.cat\/iesmed\/wp-json\/wp\/v2\/pages"}],"about":[{"href":"https:\/\/agora.xtec.cat\/iesmed\/wp-json\/wp\/v2\/types\/page"}],"author":[{"embeddable":true,"href":"https:\/\/agora.xtec.cat\/iesmed\/wp-json\/wp\/v2\/users\/1"}],"replies":[{"embeddable":true,"href":"https:\/\/agora.xtec.cat\/iesmed\/wp-json\/wp\/v2\/comments?post=5730"}],"version-history":[{"count":2,"href":"https:\/\/agora.xtec.cat\/iesmed\/wp-json\/wp\/v2\/pages\/5730\/revisions"}],"predecessor-version":[{"id":5735,"href":"https:\/\/agora.xtec.cat\/iesmed\/wp-json\/wp\/v2\/pages\/5730\/revisions\/5735"}],"up":[{"embeddable":true,"href":"https:\/\/agora.xtec.cat\/iesmed\/wp-json\/wp\/v2\/pages\/318"}],"wp:attachment":[{"href":"https:\/\/agora.xtec.cat\/iesmed\/wp-json\/wp\/v2\/media?parent=5730"}],"curies":[{"name":"wp","href":"https:\/\/api.w.org\/{rel}","templated":true}]}}