{"id":57,"date":"2014-09-17T17:01:07","date_gmt":"2014-09-17T17:01:07","guid":{"rendered":"http:\/\/agora.xtec.cat\/iesmed\/?page_id=57"},"modified":"2025-09-05T20:00:57","modified_gmt":"2025-09-05T18:00:57","slug":"projecte-educatiu","status":"publish","type":"page","link":"https:\/\/agora.xtec.cat\/iesmed\/linstitut\/projecte-educatiu\/","title":{"rendered":"Projecte educatiu"},"content":{"rendered":"<p style=\"text-align: justify;\">El PEC \u00e9s el document estrat\u00e8gic marc de la nostra instituci\u00f3 escolar que en defineix el funcionament en l\u2019\u00e0mbit curricular, l\u2019organitzatiu, de gesti\u00f3 econ\u00f2mica i de gesti\u00f3 de personal, adaptat a la realitat dels alumnes i a l\u2019entorn. A la Programaci\u00f3 General Anual de Centre (PGA), definim la concreci\u00f3 del PEC per a un curs escolar. <span lang=\"ca-ES\">D\u2019acord amb la diagnosi del centre i els objectius dels sistema educatiu catal\u00e0, l\u2019an\u00e0lisi de les informacions m\u00e9s rellevants (context, processos, recursos i resultats), i la interpretaci\u00f3 de les seves dades, es prioritzen els <\/span><span lang=\"ca-ES\">objectius estrat\u00e8gics <\/span><span lang=\"ca-ES\">que s\u2019orienten a mig\/llarg termini i que estan enfocats a satisfer les necessitats i expectatives dels grups d\u2019inter\u00e8s: <\/span><span lang=\"ca-ES\">la millora dels resultats<\/span> <span lang=\"ca-ES\">d\u2019aprenentatge, l\u2019abandonament prematur i la cohesi\u00f3 social.<\/span> \u00c9s un document obert i integrador, sotm\u00e8s a una permanent revisi\u00f3 i acessible a tota la comunitat educativa. Es difon mitjan\u00e7ant el web de l\u2018institut constituint el marc de refer\u00e8ncia integral de l\u2019institut Mediterr\u00e0nia del Vendrell.<\/p>\n","protected":false},"excerpt":{"rendered":"<p>El PEC \u00e9s el document estrat\u00e8gic marc de la nostra instituci\u00f3 escolar que en defineix el funcionament en l\u2019\u00e0mbit curricular, l\u2019organitzatiu, de gesti\u00f3 econ\u00f2mica i de gesti\u00f3 de personal, adaptat a la realitat dels alumnes i a l\u2019entorn. A la Programaci\u00f3 General Anual de Centre&hellip;  <a href=\"https:\/\/agora.xtec.cat\/iesmed\/linstitut\/projecte-educatiu\/\" title=\"Read Projecte educatiu\">Llegeix m\u00e9s\u00bb<\/a><\/p>\n","protected":false},"author":1,"featured_media":0,"parent":19,"menu_order":9,"comment_status":"closed","ping_status":"closed","template":"page-templates\/side-menu.php","meta":{"_bbp_topic_count":0,"_bbp_reply_count":0,"_bbp_total_topic_count":0,"_bbp_total_reply_count":0,"_bbp_voice_count":0,"_bbp_anonymous_reply_count":0,"_bbp_topic_count_hidden":0,"_bbp_reply_count_hidden":0,"_bbp_forum_subforum_count":0,"footnotes":""},"class_list":["post-57","page","type-page","status-publish","hentry"],"post_mailing_queue_ids":[],"_links":{"self":[{"href":"https:\/\/agora.xtec.cat\/iesmed\/wp-json\/wp\/v2\/pages\/57","targetHints":{"allow":["GET"]}}],"collection":[{"href":"https:\/\/agora.xtec.cat\/iesmed\/wp-json\/wp\/v2\/pages"}],"about":[{"href":"https:\/\/agora.xtec.cat\/iesmed\/wp-json\/wp\/v2\/types\/page"}],"author":[{"embeddable":true,"href":"https:\/\/agora.xtec.cat\/iesmed\/wp-json\/wp\/v2\/users\/1"}],"replies":[{"embeddable":true,"href":"https:\/\/agora.xtec.cat\/iesmed\/wp-json\/wp\/v2\/comments?post=57"}],"version-history":[{"count":3,"href":"https:\/\/agora.xtec.cat\/iesmed\/wp-json\/wp\/v2\/pages\/57\/revisions"}],"predecessor-version":[{"id":3133,"href":"https:\/\/agora.xtec.cat\/iesmed\/wp-json\/wp\/v2\/pages\/57\/revisions\/3133"}],"up":[{"embeddable":true,"href":"https:\/\/agora.xtec.cat\/iesmed\/wp-json\/wp\/v2\/pages\/19"}],"wp:attachment":[{"href":"https:\/\/agora.xtec.cat\/iesmed\/wp-json\/wp\/v2\/media?parent=57"}],"curies":[{"name":"wp","href":"https:\/\/api.w.org\/{rel}","templated":true}]}}