{"id":5643,"date":"2023-05-05T14:08:39","date_gmt":"2023-05-05T12:08:39","guid":{"rendered":"https:\/\/agora.xtec.cat\/iesmed\/?page_id=5643"},"modified":"2023-09-20T13:31:34","modified_gmt":"2023-09-20T11:31:34","slug":"cuidem-el-bosc-i-cuidem-el-barri","status":"publish","type":"page","link":"https:\/\/agora.xtec.cat\/iesmed\/els-nostres-projectes\/cuidem-el-bosc-i-cuidem-el-barri\/","title":{"rendered":"Cuidem el Bosc i Cuidem el Barri"},"content":{"rendered":"<p style=\"text-align: justify;\"><img loading=\"lazy\" decoding=\"async\" class=\" wp-image-5646 alignleft\" src=\"https:\/\/agora.xtec.cat\/iesmed\/wp-content\/uploads\/usu815\/2023\/05\/bosc2.jpg\" alt=\"\" width=\"726\" height=\"363\" srcset=\"https:\/\/agora.xtec.cat\/iesmed\/wp-content\/uploads\/usu815\/2023\/05\/bosc2.jpg 640w, https:\/\/agora.xtec.cat\/iesmed\/wp-content\/uploads\/usu815\/2023\/05\/bosc2-300x150.jpg 300w\" sizes=\"auto, (max-width: 726px) 100vw, 726px\" \/><span style=\"color: #333333;\">Cuidem el bosc i cuidem el barri \u00e9s un projecte que realitza l&#8217;alumnat de 4t en la mat\u00e8ria d&#8217;Activitats C\u00edviques i Culturals i que comporta la implicaci\u00f3 del professorat d&#8217; ACIC, de Biologia i que l&#8217;Ajuntament del Vendrell actua com a entitat cooperant.<\/span><\/p>\n<p style=\"text-align: justify;\"><span style=\"color: #333333;\">Es tracta d&#8217;un projecte de preservaci\u00f3 i manteniment del medi urb\u00e0 i natural al voltant de l&#8217;institut Mediterr\u00e0nia del Vendrell. El nostre institut participa en projectes i activitats que connecten amb\u00a0 el nostre ideari perqu\u00e8 veiem un aut\u00e8ntic benefici educatiu pels alumnes que s&#8217;hi impliquen. <\/span><\/p>\n<p style=\"text-align: justify;\"><span style=\"color: #333333;\">Actualment, creiem que els beneficis d&#8217;aquests projectes han de poder estendre&#8217;s al conjunt de l&#8217;alumnat. Ens proposem transformar algunes de les activitats en projectes d&#8217;Aprenentatge <\/span><span style=\"color: #333333;\">Servei, sistematitzant els aprenentatges i vinculant-los al curr\u00edculum de diferents mat\u00e8ries. Volem configurar un projecte d&#8217;Aprenentatge Servei que ens permeti enlla\u00e7ar i integrar continguts de <\/span><span style=\"color: #333333;\">mat\u00e8ries diverses. En aquest sentit, realitzarem un servei comunitari significatiu amb instrucci\u00f3 i reflexi\u00f3 per obtenir una experi\u00e8ncia d&#8217;aprenentatge enriquida que enforteixi la responsabilitat <\/span><span style=\"color: #333333;\">ciutadana dels estudiants. Els \u00e0mbits d&#8217;actuaci\u00f3 s\u00f3n l&#8217;entorn de l&#8217;institut, ja que inclou un vessant natural (el bosc, al darrere) i un\u00a0<span class=\"hiddenGrammarError\" style=\"padding-bottom: 2px; background-image: url('..\/..\/..\/..\/..\/images\/squiggle.png'); background-repeat: repeat-x; background-position: left bottom; cursor: default; font-family: 'Open Sans', Helvetica, Arial, sans-serif; font-size: 16px; font-style: normal; font-variant-ligatures: normal; font-variant-caps: normal; font-weight: 300; letter-spacing: normal; orphans: 2; text-align: start; text-indent: 0px; text-transform: none; white-space: normal; widows: 2; word-spacing: 0px; -webkit-text-stroke-width: 0px;\">vessant<\/span> urbana (el carrer, al davant). Les mat\u00e8ries <\/span><span style=\"color: #333333;\">vinculades s\u00f3n Biologia i Cultura i Valors \u00c8tics, ambdues formant part del curr\u00edculum acad\u00e8mic de 4t d&#8217;ESO.<\/span><\/p>\n<p style=\"text-align: justify;\"><span style=\"color: #333333;\">Els objectius del projecte s\u00f3n:\u00a0<\/span><br \/>\n<span style=\"color: #333333;\">1. Con\u00e8ixer i prendre consci\u00e8ncia de la situaci\u00f3 en qu\u00e8 es troba l&#8217;entorn urb\u00e0 i natural de l&#8217;institut.<\/span><br \/>\n<span style=\"color: #333333;\">2. Sensibilitzar-se i comprometre&#8217;s amb el manteniment i cura de l&#8217;entorn esmentat.<\/span><br \/>\n<span style=\"color: #333333;\">3. Aprendre a organitzar i desenvolupar un projecte solidari amb el barri.<\/span><\/p>\n<p style=\"text-align: justify;\">\n","protected":false},"excerpt":{"rendered":"<p>Cuidem el bosc i cuidem el barri \u00e9s un projecte que realitza l&#8217;alumnat de 4t en la mat\u00e8ria d&#8217;Activitats C\u00edviques i Culturals i que comporta la implicaci\u00f3 del professorat d&#8217; ACIC, de Biologia i que l&#8217;Ajuntament del Vendrell actua com a entitat cooperant.<br \/>\nEs tracta d&#8217;un&hellip;  <a href=\"https:\/\/agora.xtec.cat\/iesmed\/els-nostres-projectes\/cuidem-el-bosc-i-cuidem-el-barri\/\" title=\"Read Cuidem el Bosc i Cuidem el Barri\">Llegeix m\u00e9s\u00bb<\/a><\/p>\n","protected":false},"author":1,"featured_media":0,"parent":318,"menu_order":0,"comment_status":"closed","ping_status":"closed","template":"page-templates\/side-menu.php","meta":{"_bbp_topic_count":0,"_bbp_reply_count":0,"_bbp_total_topic_count":0,"_bbp_total_reply_count":0,"_bbp_voice_count":0,"_bbp_anonymous_reply_count":0,"_bbp_topic_count_hidden":0,"_bbp_reply_count_hidden":0,"_bbp_forum_subforum_count":0,"footnotes":""},"class_list":["post-5643","page","type-page","status-publish","hentry"],"post_mailing_queue_ids":[],"_links":{"self":[{"href":"https:\/\/agora.xtec.cat\/iesmed\/wp-json\/wp\/v2\/pages\/5643","targetHints":{"allow":["GET"]}}],"collection":[{"href":"https:\/\/agora.xtec.cat\/iesmed\/wp-json\/wp\/v2\/pages"}],"about":[{"href":"https:\/\/agora.xtec.cat\/iesmed\/wp-json\/wp\/v2\/types\/page"}],"author":[{"embeddable":true,"href":"https:\/\/agora.xtec.cat\/iesmed\/wp-json\/wp\/v2\/users\/1"}],"replies":[{"embeddable":true,"href":"https:\/\/agora.xtec.cat\/iesmed\/wp-json\/wp\/v2\/comments?post=5643"}],"version-history":[{"count":3,"href":"https:\/\/agora.xtec.cat\/iesmed\/wp-json\/wp\/v2\/pages\/5643\/revisions"}],"predecessor-version":[{"id":5970,"href":"https:\/\/agora.xtec.cat\/iesmed\/wp-json\/wp\/v2\/pages\/5643\/revisions\/5970"}],"up":[{"embeddable":true,"href":"https:\/\/agora.xtec.cat\/iesmed\/wp-json\/wp\/v2\/pages\/318"}],"wp:attachment":[{"href":"https:\/\/agora.xtec.cat\/iesmed\/wp-json\/wp\/v2\/media?parent=5643"}],"curies":[{"name":"wp","href":"https:\/\/api.w.org\/{rel}","templated":true}]}}