{"id":4906,"date":"2022-05-31T20:19:43","date_gmt":"2022-05-31T18:19:43","guid":{"rendered":"https:\/\/agora.xtec.cat\/iesmed\/?page_id=4906"},"modified":"2022-05-31T20:28:09","modified_gmt":"2022-05-31T18:28:09","slug":"collaboracio-amb-el-centre","status":"publish","type":"page","link":"https:\/\/agora.xtec.cat\/iesmed\/ampa\/collaboracio-amb-el-centre\/","title":{"rendered":"Col\u00b7laboraci\u00f3 amb el centre"},"content":{"rendered":"<p dir=\"auto\">Avui hem celebrat el sorteig d\u2019un lot de vals de compra en comer\u00e7os adherits al CIT del Vendrell, valorat en 200\u20ac, amb el qual hem volgut col\u00b7laborar amb el viatge d\u2019estudis dels alumnes, socis de l\u2019AFA, d\u2019ESO i Batxillerat de l\u2019Institut Mediterr\u00e0nia del Vendrell.<\/p>\n<p>Aprofitant la pres\u00e8ncia de 4 fam\u00edlies s\u00f2cies que han passat pel despatx, hem aprofitat de les seves mans innocents per treure els n\u00fameros guanyadors del premi.<\/p>\n<p><strong>El n\u00famero agraciat \u00e9s el 4656.<\/strong><\/p>\n<p>En el seg\u00fcent enlla\u00e7 trobareu el v\u00eddeo del procediment del sorteig: <a href=\"https:\/\/youtu.be\/PC9FxAgNi58\" target=\"_blank\" rel=\"noopener\" data-saferedirecturl=\"https:\/\/www.google.com\/url?q=https:\/\/youtu.be\/PC9FxAgNi58&amp;source=gmail&amp;ust=1654107192023000&amp;usg=AOvVaw2DYOAlZjBFuciz4VWu_vQ6\">https:\/\/youtu.be\/PC9FxAgNi58<\/a><\/p>\n<p>L\u2019afortunat\/ada posse\u00efdor\/a de la butlleta premiada, que es posi en contacte amb l\u2019AFA a trav\u00e9s del nostre correu electr\u00f2nic <a href=\"mailto:institutmediterraniaampa@gmail.com\" target=\"_blank\" rel=\"noopener\">institutmediterraniaampa@<wbr \/>gmail.com<\/a> per tal de concertar cita per venir a recollir el premi.<\/p>\n<p>Recordem que hi ha de temps fins el proper 7 de juny per contactar amb nosaltres per a la recollida del premi. Passat aquest termini sense que ning\u00fa el reclami, el premi es considerar\u00e0 desert.<\/p>\n<p>Molta sort.<\/p>\n<p>AMPA Institut Mediterr\u00e0nia<br \/>\nEl Vendrell<br \/>\n<a href=\"mailto:institutmediterraniaampa@gmail.com\" target=\"_blank\" rel=\"noopener\">institutmediterraniaampa@<wbr \/>gmail.com<\/a><\/p>\n<p><img loading=\"lazy\" decoding=\"async\" class=\"aligncenter size-large wp-image-4911\" src=\"https:\/\/agora.xtec.cat\/iesmed\/wp-content\/uploads\/usu815\/2022\/05\/afa-1024x750.jpg\" alt=\"\" width=\"1024\" height=\"750\" srcset=\"https:\/\/agora.xtec.cat\/iesmed\/wp-content\/uploads\/usu815\/2022\/05\/afa-1024x750.jpg 1024w, https:\/\/agora.xtec.cat\/iesmed\/wp-content\/uploads\/usu815\/2022\/05\/afa-300x220.jpg 300w, https:\/\/agora.xtec.cat\/iesmed\/wp-content\/uploads\/usu815\/2022\/05\/afa-768x562.jpg 768w, https:\/\/agora.xtec.cat\/iesmed\/wp-content\/uploads\/usu815\/2022\/05\/afa-1536x1124.jpg 1536w, https:\/\/agora.xtec.cat\/iesmed\/wp-content\/uploads\/usu815\/2022\/05\/afa-2048x1499.jpg 2048w\" sizes=\"auto, (max-width: 1024px) 100vw, 1024px\" \/><\/p>\n","protected":false},"excerpt":{"rendered":"<p>Avui hem celebrat el sorteig d\u2019un lot de vals de compra en comer\u00e7os adherits al CIT del Vendrell, valorat en 200\u20ac, amb el qual hem volgut col\u00b7laborar amb el viatge d\u2019estudis dels alumnes, socis de l\u2019AFA, d\u2019ESO i Batxillerat de l\u2019Institut Mediterr\u00e0nia del Vendrell.<br \/>\nAprofitant la&hellip;  <a href=\"https:\/\/agora.xtec.cat\/iesmed\/ampa\/collaboracio-amb-el-centre\/\" title=\"Read Col\u00b7laboraci\u00f3 amb el centre\">Llegeix m\u00e9s\u00bb<\/a><\/p>\n","protected":false},"author":1,"featured_media":0,"parent":1339,"menu_order":1,"comment_status":"closed","ping_status":"closed","template":"page-templates\/side-menu.php","meta":{"_bbp_topic_count":0,"_bbp_reply_count":0,"_bbp_total_topic_count":0,"_bbp_total_reply_count":0,"_bbp_voice_count":0,"_bbp_anonymous_reply_count":0,"_bbp_topic_count_hidden":0,"_bbp_reply_count_hidden":0,"_bbp_forum_subforum_count":0,"footnotes":""},"class_list":["post-4906","page","type-page","status-publish","hentry"],"post_mailing_queue_ids":[],"_links":{"self":[{"href":"https:\/\/agora.xtec.cat\/iesmed\/wp-json\/wp\/v2\/pages\/4906","targetHints":{"allow":["GET"]}}],"collection":[{"href":"https:\/\/agora.xtec.cat\/iesmed\/wp-json\/wp\/v2\/pages"}],"about":[{"href":"https:\/\/agora.xtec.cat\/iesmed\/wp-json\/wp\/v2\/types\/page"}],"author":[{"embeddable":true,"href":"https:\/\/agora.xtec.cat\/iesmed\/wp-json\/wp\/v2\/users\/1"}],"replies":[{"embeddable":true,"href":"https:\/\/agora.xtec.cat\/iesmed\/wp-json\/wp\/v2\/comments?post=4906"}],"version-history":[{"count":3,"href":"https:\/\/agora.xtec.cat\/iesmed\/wp-json\/wp\/v2\/pages\/4906\/revisions"}],"predecessor-version":[{"id":4914,"href":"https:\/\/agora.xtec.cat\/iesmed\/wp-json\/wp\/v2\/pages\/4906\/revisions\/4914"}],"up":[{"embeddable":true,"href":"https:\/\/agora.xtec.cat\/iesmed\/wp-json\/wp\/v2\/pages\/1339"}],"wp:attachment":[{"href":"https:\/\/agora.xtec.cat\/iesmed\/wp-json\/wp\/v2\/media?parent=4906"}],"curies":[{"name":"wp","href":"https:\/\/api.w.org\/{rel}","templated":true}]}}