{"id":49,"date":"2014-09-17T16:55:55","date_gmt":"2014-09-17T16:55:55","guid":{"rendered":"http:\/\/agora.xtec.cat\/iesmed\/?page_id=49"},"modified":"2025-09-05T19:16:04","modified_gmt":"2025-09-05T17:16:04","slug":"normes-dorganitzacio-i-funcionament","status":"publish","type":"page","link":"https:\/\/agora.xtec.cat\/iesmed\/linstitut\/normes-dorganitzacio-i-funcionament\/","title":{"rendered":"Benvinguda de la directora"},"content":{"rendered":"<p>Em plau presentar-vos la nostra p\u00e0gina web per a les fam\u00edlies, l&#8217;alumnat, el personal docent i el PAS del nostre centre. Aquesta \u00e9s la nova eina interna de gesti\u00f3 amb qu\u00e8 pretenem continuar millorant les relacions amb tots els membres de la comunitat educativa fent un \u00fas intensiu de les tecnologies de la informaci\u00f3 i la comunicaci\u00f3.<\/p>\n<p>Confio que aquesta nova plataforma sigui efica\u00e7 en aquests objectius.<\/p>\n<p><strong>S\u00edlvia Fern\u00e1ndez Recalde<\/strong><\/p>\n<p><strong>Directora<\/strong><\/p>\n","protected":false},"excerpt":{"rendered":"<p>Em plau presentar-vos la nostra p\u00e0gina web per a les fam\u00edlies, l&#8217;alumnat, el personal docent i el PAS del nostre centre. Aquesta \u00e9s la nova eina interna de gesti\u00f3 amb qu\u00e8 pretenem continuar millorant les relacions amb tots els membres de la comunitat educativa fent&hellip;  <a href=\"https:\/\/agora.xtec.cat\/iesmed\/linstitut\/normes-dorganitzacio-i-funcionament\/\" title=\"Read Benvinguda de la directora\">Llegeix m\u00e9s\u00bb<\/a><\/p>\n","protected":false},"author":1,"featured_media":0,"parent":19,"menu_order":0,"comment_status":"closed","ping_status":"closed","template":"page-templates\/side-menu.php","meta":{"_bbp_topic_count":0,"_bbp_reply_count":0,"_bbp_total_topic_count":0,"_bbp_total_reply_count":0,"_bbp_voice_count":0,"_bbp_anonymous_reply_count":0,"_bbp_topic_count_hidden":0,"_bbp_reply_count_hidden":0,"_bbp_forum_subforum_count":0,"footnotes":""},"class_list":["post-49","page","type-page","status-publish","hentry"],"post_mailing_queue_ids":[],"_links":{"self":[{"href":"https:\/\/agora.xtec.cat\/iesmed\/wp-json\/wp\/v2\/pages\/49","targetHints":{"allow":["GET"]}}],"collection":[{"href":"https:\/\/agora.xtec.cat\/iesmed\/wp-json\/wp\/v2\/pages"}],"about":[{"href":"https:\/\/agora.xtec.cat\/iesmed\/wp-json\/wp\/v2\/types\/page"}],"author":[{"embeddable":true,"href":"https:\/\/agora.xtec.cat\/iesmed\/wp-json\/wp\/v2\/users\/1"}],"replies":[{"embeddable":true,"href":"https:\/\/agora.xtec.cat\/iesmed\/wp-json\/wp\/v2\/comments?post=49"}],"version-history":[{"count":3,"href":"https:\/\/agora.xtec.cat\/iesmed\/wp-json\/wp\/v2\/pages\/49\/revisions"}],"predecessor-version":[{"id":3172,"href":"https:\/\/agora.xtec.cat\/iesmed\/wp-json\/wp\/v2\/pages\/49\/revisions\/3172"}],"up":[{"embeddable":true,"href":"https:\/\/agora.xtec.cat\/iesmed\/wp-json\/wp\/v2\/pages\/19"}],"wp:attachment":[{"href":"https:\/\/agora.xtec.cat\/iesmed\/wp-json\/wp\/v2\/media?parent=49"}],"curies":[{"name":"wp","href":"https:\/\/api.w.org\/{rel}","templated":true}]}}