{"id":4633,"date":"2022-03-29T14:11:56","date_gmt":"2022-03-29T12:11:56","guid":{"rendered":"https:\/\/agora.xtec.cat\/iesmed\/?page_id=4633"},"modified":"2022-05-30T21:25:08","modified_gmt":"2022-05-30T19:25:08","slug":"centre","status":"publish","type":"page","link":"https:\/\/agora.xtec.cat\/iesmed\/estrategia-digital-de-centre\/cultura-digital\/centre\/","title":{"rendered":"Centre comunicaci\u00f3"},"content":{"rendered":"<header class=\"entry-header\">\n<h3 class=\"entry-title\"><strong>Comunicaci\u00f3 amb les fam\u00edlies<\/strong><\/h3>\n<\/header>\n<div class=\"entry-content\">\n<div>\n<p><strong>PORTAL WEB<\/strong><\/p>\n<p><img loading=\"lazy\" decoding=\"async\" class=\"aligncenter size-large wp-image-4813\" src=\"https:\/\/agora.xtec.cat\/iesmed\/wp-content\/uploads\/usu815\/2022\/05\/Screenshot-2022-05-02-at-15-32-42-Institut-Mediterrania-Leducacio-es-larma-mes-poderosa-per-canviar-el-mon-1-1024x139.png\" alt=\"\" width=\"1024\" height=\"139\" srcset=\"https:\/\/agora.xtec.cat\/iesmed\/wp-content\/uploads\/usu815\/2022\/05\/Screenshot-2022-05-02-at-15-32-42-Institut-Mediterrania-Leducacio-es-larma-mes-poderosa-per-canviar-el-mon-1-1024x139.png 1024w, https:\/\/agora.xtec.cat\/iesmed\/wp-content\/uploads\/usu815\/2022\/05\/Screenshot-2022-05-02-at-15-32-42-Institut-Mediterrania-Leducacio-es-larma-mes-poderosa-per-canviar-el-mon-1-300x41.png 300w, https:\/\/agora.xtec.cat\/iesmed\/wp-content\/uploads\/usu815\/2022\/05\/Screenshot-2022-05-02-at-15-32-42-Institut-Mediterrania-Leducacio-es-larma-mes-poderosa-per-canviar-el-mon-1-768x104.png 768w, https:\/\/agora.xtec.cat\/iesmed\/wp-content\/uploads\/usu815\/2022\/05\/Screenshot-2022-05-02-at-15-32-42-Institut-Mediterrania-Leducacio-es-larma-mes-poderosa-per-canviar-el-mon-1-1536x209.png 1536w, https:\/\/agora.xtec.cat\/iesmed\/wp-content\/uploads\/usu815\/2022\/05\/Screenshot-2022-05-02-at-15-32-42-Institut-Mediterrania-Leducacio-es-larma-mes-poderosa-per-canviar-el-mon-1.png 1831w\" sizes=\"auto, (max-width: 1024px) 100vw, 1024px\" \/><\/p>\n<\/div>\n<p>El centre disposa d\u2019un web amb la informaci\u00f3 p\u00fablica. S\u2019hi poden trobar informacions est\u00e0tiques,que es revisen peri\u00f2dicament (documentaci\u00f3 estrat\u00e8gica de centre, calendaris, etc.) i articles din\u00e0mics sobre el que va succeint al centre dia a dia.<\/p>\n<p>Aquest web est\u00e0 realitzat aprofitant el servei nodes que ofereix el Departament d\u2019Educaci\u00f3.<\/p>\n<div class=\"entry-content\">\n<p>Per centralitzar la informaci\u00f3, hi ha diferents enlla\u00e7os a diferents plataformes: iEduca, Moodle, Weeras (llibres digitals). Per accedir-hi, s\u2019ha d\u2019utilitzar l\u2019usuari de centre.<\/p>\n<\/div>\n<\/div>\n<p>Totes les informacions amb les fam\u00edlies es realitzaran per un dels seg\u00fcents canals:<\/p>\n<div class=\"entry-content\">\n<ul>\n<li>Per correu electr\u00f2nic de la plataforma iEduca, exclusivament amb l\u2019adre\u00e7a que el centre ha facilitat a cada fam\u00edlia.<\/li>\n<li>Per tel\u00e8fon, als indicats per la fam\u00edlia en els fulls de renovaci\u00f3 de matr\u00edcula.<\/li>\n<li>En persona, amb cita pr\u00e8via.<\/li>\n<li>Les fam\u00edlies poden consultar les assist\u00e8ncies i faltes dels seus fills a trav\u00e9s de la plataforma iEduca.<\/li>\n<\/ul>\n<\/div>\n","protected":false},"excerpt":{"rendered":"<p>Comunicaci\u00f3 amb les fam\u00edlies PORTAL WEB El centre disposa d\u2019un web amb la informaci\u00f3 p\u00fablica. S\u2019hi poden trobar informacions est\u00e0tiques,que es revisen peri\u00f2dicament (documentaci\u00f3 estrat\u00e8gica de centre, calendaris, etc.) i articles din\u00e0mics sobre el que va succeint al centre dia a dia. Aquest web est\u00e0 realitzat aprofitant el servei nodes que ofereix el Departament d\u2019Educaci\u00f3. [&hellip;]<\/p>\n","protected":false},"author":1,"featured_media":0,"parent":4628,"menu_order":1,"comment_status":"closed","ping_status":"closed","template":"page-templates\/side-menu.php","meta":{"_bbp_topic_count":0,"_bbp_reply_count":0,"_bbp_total_topic_count":0,"_bbp_total_reply_count":0,"_bbp_voice_count":0,"_bbp_anonymous_reply_count":0,"_bbp_topic_count_hidden":0,"_bbp_reply_count_hidden":0,"_bbp_forum_subforum_count":0,"site-sidebar-layout":"default","site-content-layout":"","ast-site-content-layout":"","site-content-style":"default","site-sidebar-style":"default","ast-global-header-display":"","ast-banner-title-visibility":"","ast-main-header-display":"","ast-hfb-above-header-display":"","ast-hfb-below-header-display":"","ast-hfb-mobile-header-display":"","site-post-title":"","ast-breadcrumbs-content":"","ast-featured-img":"","footer-sml-layout":"","theme-transparent-header-meta":"","adv-header-id-meta":"","stick-header-meta":"","header-above-stick-meta":"","header-main-stick-meta":"","header-below-stick-meta":"","astra-migrate-meta-layouts":"default","ast-page-background-enabled":"default","ast-page-background-meta":{"desktop":{"background-color":"var(--ast-global-color-4)","background-image":"","background-repeat":"repeat","background-position":"center center","background-size":"auto","background-attachment":"scroll","background-type":"","background-media":"","overlay-type":"","overlay-color":"","overlay-opacity":"","overlay-gradient":""},"tablet":{"background-color":"","background-image":"","background-repeat":"repeat","background-position":"center center","background-size":"auto","background-attachment":"scroll","background-type":"","background-media":"","overlay-type":"","overlay-color":"","overlay-opacity":"","overlay-gradient":""},"mobile":{"background-color":"","background-image":"","background-repeat":"repeat","background-position":"center center","background-size":"auto","background-attachment":"scroll","background-type":"","background-media":"","overlay-type":"","overlay-color":"","overlay-opacity":"","overlay-gradient":""}},"ast-content-background-meta":{"desktop":{"background-color":"var(--ast-global-color-5)","background-image":"","background-repeat":"repeat","background-position":"center center","background-size":"auto","background-attachment":"scroll","background-type":"","background-media":"","overlay-type":"","overlay-color":"","overlay-opacity":"","overlay-gradient":""},"tablet":{"background-color":"var(--ast-global-color-5)","background-image":"","background-repeat":"repeat","background-position":"center center","background-size":"auto","background-attachment":"scroll","background-type":"","background-media":"","overlay-type":"","overlay-color":"","overlay-opacity":"","overlay-gradient":""},"mobile":{"background-color":"var(--ast-global-color-5)","background-image":"","background-repeat":"repeat","background-position":"center center","background-size":"auto","background-attachment":"scroll","background-type":"","background-media":"","overlay-type":"","overlay-color":"","overlay-opacity":"","overlay-gradient":""}},"footnotes":""},"class_list":["post-4633","page","type-page","status-publish","hentry"],"post_mailing_queue_ids":[],"_links":{"self":[{"href":"https:\/\/agora.xtec.cat\/iesmed\/wp-json\/wp\/v2\/pages\/4633","targetHints":{"allow":["GET"]}}],"collection":[{"href":"https:\/\/agora.xtec.cat\/iesmed\/wp-json\/wp\/v2\/pages"}],"about":[{"href":"https:\/\/agora.xtec.cat\/iesmed\/wp-json\/wp\/v2\/types\/page"}],"author":[{"embeddable":true,"href":"https:\/\/agora.xtec.cat\/iesmed\/wp-json\/wp\/v2\/users\/1"}],"replies":[{"embeddable":true,"href":"https:\/\/agora.xtec.cat\/iesmed\/wp-json\/wp\/v2\/comments?post=4633"}],"version-history":[{"count":3,"href":"https:\/\/agora.xtec.cat\/iesmed\/wp-json\/wp\/v2\/pages\/4633\/revisions"}],"predecessor-version":[{"id":4815,"href":"https:\/\/agora.xtec.cat\/iesmed\/wp-json\/wp\/v2\/pages\/4633\/revisions\/4815"}],"up":[{"embeddable":true,"href":"https:\/\/agora.xtec.cat\/iesmed\/wp-json\/wp\/v2\/pages\/4628"}],"wp:attachment":[{"href":"https:\/\/agora.xtec.cat\/iesmed\/wp-json\/wp\/v2\/media?parent=4633"}],"curies":[{"name":"wp","href":"https:\/\/api.w.org\/{rel}","templated":true}]}}