{"id":4626,"date":"2022-03-29T14:07:07","date_gmt":"2022-03-29T12:07:07","guid":{"rendered":"https:\/\/agora.xtec.cat\/iesmed\/?page_id=4626"},"modified":"2022-12-16T10:01:42","modified_gmt":"2022-12-16T09:01:42","slug":"diagnosi","status":"publish","type":"page","link":"https:\/\/agora.xtec.cat\/iesmed\/estrategia-digital-de-centre\/diagnosi\/","title":{"rendered":"Diagnosi"},"content":{"rendered":"<p><img loading=\"lazy\" decoding=\"async\" class=\"wp-image-4897 aligncenter\" src=\"https:\/\/agora.xtec.cat\/iesmed\/wp-content\/uploads\/usu815\/2022\/05\/selfie-1.jpg\" alt=\"\" width=\"547\" height=\"295\" srcset=\"https:\/\/agora.xtec.cat\/iesmed\/wp-content\/uploads\/usu815\/2022\/05\/selfie-1.jpg 1024w, https:\/\/agora.xtec.cat\/iesmed\/wp-content\/uploads\/usu815\/2022\/05\/selfie-1-300x162.jpg 300w, https:\/\/agora.xtec.cat\/iesmed\/wp-content\/uploads\/usu815\/2022\/05\/selfie-1-768x415.jpg 768w\" sizes=\"auto, (max-width: 547px) 100vw, 547px\" \/><\/p>\n<p style=\"text-align: justify;\">Per detectar els punts forts del centre a mantenir i potenciar, i els \u00e0mbits a millorar, cal fer una <strong>bona diagnosi <\/strong>que des del centre s&#8217;ha realitzat mitjan\u00e7ant l&#8217;eina Selfie: <strong><a href=\"https:\/\/drive.google.com\/file\/d\/1wLaUKT7LG9-wVZDXq4r_fec4Ecv13rcr\/view?usp=sharing\">acc\u00e9s al resultats del centre<\/a>.<\/strong><\/p>\n<p style=\"text-align: justify;\"><a href=\"https:\/\/ec.europa.eu\/education\/schools-go-digital_es\" target=\"_blank\" rel=\"noopener\"><strong>Selfie<\/strong><\/a> \u00e9s una eina gratu\u00efta, creada per la Comissi\u00f3 Europea, que a trav\u00e9s d&#8217;enquestes per a alumnes, professorat i equip directiu elabora una diagnosi del\u00a0 grau d&#8217;implementaci\u00f3 de les tecnologies digitals i determina el grau d\u2019assoliment de les compet\u00e8ncies digitals en refer\u00e8ncia als tres eixos del PEDC: alumnat, professorat i centre.<\/p>\n<p><span id=\"page19R_mcid62\" class=\"markedContent\"><span dir=\"ltr\" role=\"presentation\">Els resultats Selfie abasten<\/span><\/span><span id=\"page19R_mcid63\" class=\"markedContent\"> diferents <span dir=\"ltr\" role=\"presentation\">\u00e0mbits: lideratge, <\/span><\/span>col\u00b7laboraci\u00f3 i xarxes, infraestructures i equips, desenvolupament professional continu, suports i recursos, implementaci\u00f3 a l&#8217;aula, pr\u00e0ctiques d&#8217;avaluaci\u00f3 i compet\u00e8ncies digitals de l&#8217;alumnat. <span id=\"page19R_mcid79\" class=\"markedContent\"><\/span><\/p>\n<p>Com es pot observar, els <strong>resultats de centre s\u00f3n altament satisfactoris com es constata en els punts forts en l&#8217;\u00fas de les tecnologies digitals:<br \/>\n<\/strong><\/p>\n<ul>\n<li>Bon lideratge en la integraci\u00f3 de les tecnologies digitals a nivell de centre educatiu.<\/li>\n<li>Foment d&#8217;una cultura de col\u00b7laboraci\u00f3 i comunicaci\u00f3 per compartir experi\u00e8ncies i aprendre de manera efectiva dins i fora de l&#8217;organitzaci\u00f3.<\/li>\n<li>Disposici\u00f3 d&#8217;una infraestructura adequada, fiable i segura (equips, programari, connexi\u00f3 a Internet).<\/li>\n<li>Consci\u00e8ncia de la necessitat de formaci\u00f3 cont\u00ednua i d&#8217;intercanvi d&#8217;experi\u00e8ncies per la millora de la pr\u00e0ctica docent.<\/li>\n<li>Utilitzaci\u00f3 de\u00a0 diferents entorns virtuals d&#8217;aprenentatge (Moodle, Classroom, etc.), recursos educatius en l\u00ednia en les pr\u00e0ctiques docents.<\/li>\n<li>Inclusi\u00f3 de l&#8217;alumnat (treball per projectes) on es fomenta el treball cooperatiu amb projectes globalitzats.<\/li>\n<li>Incorporaci\u00f3 de\u00a0 pr\u00e0ctiques d&#8217;avaluaci\u00f3 facilitades per la tecnologia centrades en l&#8217;alumne o alumna, personalitzades i aut\u00e8ntiques.<\/li>\n<li>Foment d&#8217;un alumnat competent digitalment: aprenent a comunicar, creant continguts digitals, treballant de manera cooperativa i verificant la qualitat de la informaci\u00f3.<\/li>\n<\/ul>\n<p>No obstant aix\u00f2, cal orientar-se sempre en la millora cont\u00ednua de la intervenci\u00f3 de les pr\u00e0ctiques docents i contribuir a assegurar-ne l\u2019\u00e8xit. Per la qual cosa, ens hem marcat uns <strong>objectius a millorar en el nostre pla d&#8217;acci\u00f3<\/strong> <strong>2021-2023<\/strong> detallats al men\u00fa de navegaci\u00f3 esquerra.<\/p>\n<p>&nbsp;<\/p>\n<p>&nbsp;<\/p>\n","protected":false},"excerpt":{"rendered":"<p>Per detectar els punts forts del centre a mantenir i potenciar, i els \u00e0mbits a millorar, cal fer una bona diagnosi que des del centre s&#8217;ha realitzat mitjan\u00e7ant l&#8217;eina Selfie: <a href=\"https:\/\/drive.google.com\/file\/d\/1wLaUKT7LG9-wVZDXq4r_fec4Ecv13rcr\/view?usp=sharing\">acc\u00e9s al resultats del centre<\/a>.<br \/>\n<a href=\"https:\/\/ec.europa.eu\/education\/schools-go-digital_es\" target=\"_blank\" rel=\"noopener\">Selfie<\/a> \u00e9s una eina gratu\u00efta, creada per&hellip;  <a href=\"https:\/\/agora.xtec.cat\/iesmed\/estrategia-digital-de-centre\/diagnosi\/\" title=\"Read Diagnosi\">Llegeix m\u00e9s\u00bb<\/a><\/p>\n","protected":false},"author":1,"featured_media":0,"parent":4624,"menu_order":1,"comment_status":"closed","ping_status":"closed","template":"page-templates\/side-menu.php","meta":{"_bbp_topic_count":0,"_bbp_reply_count":0,"_bbp_total_topic_count":0,"_bbp_total_reply_count":0,"_bbp_voice_count":0,"_bbp_anonymous_reply_count":0,"_bbp_topic_count_hidden":0,"_bbp_reply_count_hidden":0,"_bbp_forum_subforum_count":0,"footnotes":""},"class_list":["post-4626","page","type-page","status-publish","hentry"],"post_mailing_queue_ids":[],"_links":{"self":[{"href":"https:\/\/agora.xtec.cat\/iesmed\/wp-json\/wp\/v2\/pages\/4626","targetHints":{"allow":["GET"]}}],"collection":[{"href":"https:\/\/agora.xtec.cat\/iesmed\/wp-json\/wp\/v2\/pages"}],"about":[{"href":"https:\/\/agora.xtec.cat\/iesmed\/wp-json\/wp\/v2\/types\/page"}],"author":[{"embeddable":true,"href":"https:\/\/agora.xtec.cat\/iesmed\/wp-json\/wp\/v2\/users\/1"}],"replies":[{"embeddable":true,"href":"https:\/\/agora.xtec.cat\/iesmed\/wp-json\/wp\/v2\/comments?post=4626"}],"version-history":[{"count":3,"href":"https:\/\/agora.xtec.cat\/iesmed\/wp-json\/wp\/v2\/pages\/4626\/revisions"}],"predecessor-version":[{"id":5236,"href":"https:\/\/agora.xtec.cat\/iesmed\/wp-json\/wp\/v2\/pages\/4626\/revisions\/5236"}],"up":[{"embeddable":true,"href":"https:\/\/agora.xtec.cat\/iesmed\/wp-json\/wp\/v2\/pages\/4624"}],"wp:attachment":[{"href":"https:\/\/agora.xtec.cat\/iesmed\/wp-json\/wp\/v2\/media?parent=4626"}],"curies":[{"name":"wp","href":"https:\/\/api.w.org\/{rel}","templated":true}]}}