{"id":43,"date":"2014-09-17T16:45:07","date_gmt":"2014-09-17T16:45:07","guid":{"rendered":"http:\/\/agora.xtec.cat\/iesmed\/?page_id=43"},"modified":"2025-11-24T14:01:21","modified_gmt":"2025-11-24T13:01:21","slug":"consell-escolar","status":"publish","type":"page","link":"https:\/\/agora.xtec.cat\/iesmed\/linstitut\/consell-escolar\/","title":{"rendered":"Consell escolar"},"content":{"rendered":"<div class=\"cc-m-hgrid-column\">\n<div id=\"cc-matrix-2289405321\">\n<h4 style=\"text-align: left;\">Constituci\u00f3 del Consell Escolar (renovat 2025)<\/h4>\n<\/div>\n<\/div>\n<div class=\"cc-m-hgrid-column\">\n<div id=\"cc-matrix-2289405321\">\n<p id=\"cc-m-8824579721\" class=\"j-module n j-header \"><strong>Direcci\u00f3:\u00a0<\/strong>S\u00edlvia Fern\u00e1ndez Recalde<\/p>\n<p><strong>Secret\u00e0ria<\/strong>: Mayte Veloso Rueda<\/p>\n<p class=\"j-module n j-header \"><span style=\"font-family: inherit; font-size: 1em;\"><strong>Cap d&#8217;estudis<\/strong>: Montserrat Nogu\u00e9 Martos<\/span><\/p>\n<\/div>\n<\/div>\n<p id=\"cc-m-header-8824595021\"><strong>Ajuntament: <\/strong>S\u00edlvia Vaquero Mart\u00edn<\/p>\n<p id=\"cc-m-header-8824586621\"><strong>Alumnat: <\/strong>C\u00e8lia Mestre S\u00e1nchez, Safouah Bouchhaib El Helali i Roger Carreras Torrero<strong><br \/>\n<\/strong><\/p>\n<p id=\"cc-m-header-8824595021\"><strong>AFA: <\/strong>Rafel Rafecas G\u00fcixens<strong><br \/>\n<\/strong><\/p>\n<p><strong><span style=\"font-size: 1em;\">Pares i mares: <\/span><\/strong>Gemma Vives Guasch i Susana de Torres Botey<\/p>\n<p><strong>PAS: <\/strong>David Quir\u00f3s Coch<\/p>\n<p><strong>PAE<\/strong>: Gerard Buch Exp\u00f3sito<\/p>\n<p><strong>Professorat: <\/strong>Pilar Gili Ferr\u00e9, Jos\u00e9 Francisco Guti\u00e9rrez Ventosa , Anna Escobar Avil\u00e9s, Montserrat Lluch Juncosa, Gerard Cintas Hern\u00e1ndez i Oriol S\u00e1ez Cebri\u00e1n<\/p>\n","protected":false},"excerpt":{"rendered":"<p>Constituci\u00f3 del Consell Escolar (renovat 2025)<\/p>\n<p>Direcci\u00f3:\u00a0S\u00edlvia Fern\u00e1ndez Recalde<br \/>\nSecret\u00e0ria: Mayte Veloso Rueda<br \/>\nCap d&#8217;estudis: Montserrat Nogu\u00e9 Martos<\/p>\n<p>Ajuntament: S\u00edlvia Vaquero Mart\u00edn<br \/>\nAlumnat: C\u00e8lia Mestre S\u00e1nchez, Safouah Bouchhaib El Helali i Roger Carreras Torrero<\/p>\n<p>AFA: Rafel Rafecas G\u00fcixens<\/p>\n<p>Pares i mares: Gemma Vives Guasch i Susana de Torres Botey<br \/>\nPAS: David Quir\u00f3s Coch<br \/>\nPAE:&hellip;  <a href=\"https:\/\/agora.xtec.cat\/iesmed\/linstitut\/consell-escolar\/\" title=\"Read Consell escolar\">Llegeix m\u00e9s\u00bb<\/a><\/p>\n","protected":false},"author":1,"featured_media":0,"parent":19,"menu_order":4,"comment_status":"closed","ping_status":"closed","template":"page-templates\/side-menu.php","meta":{"_bbp_topic_count":0,"_bbp_reply_count":0,"_bbp_total_topic_count":0,"_bbp_total_reply_count":0,"_bbp_voice_count":0,"_bbp_anonymous_reply_count":0,"_bbp_topic_count_hidden":0,"_bbp_reply_count_hidden":0,"_bbp_forum_subforum_count":0,"footnotes":""},"class_list":["post-43","page","type-page","status-publish","hentry"],"post_mailing_queue_ids":[],"_links":{"self":[{"href":"https:\/\/agora.xtec.cat\/iesmed\/wp-json\/wp\/v2\/pages\/43","targetHints":{"allow":["GET"]}}],"collection":[{"href":"https:\/\/agora.xtec.cat\/iesmed\/wp-json\/wp\/v2\/pages"}],"about":[{"href":"https:\/\/agora.xtec.cat\/iesmed\/wp-json\/wp\/v2\/types\/page"}],"author":[{"embeddable":true,"href":"https:\/\/agora.xtec.cat\/iesmed\/wp-json\/wp\/v2\/users\/1"}],"replies":[{"embeddable":true,"href":"https:\/\/agora.xtec.cat\/iesmed\/wp-json\/wp\/v2\/comments?post=43"}],"version-history":[{"count":6,"href":"https:\/\/agora.xtec.cat\/iesmed\/wp-json\/wp\/v2\/pages\/43\/revisions"}],"predecessor-version":[{"id":7575,"href":"https:\/\/agora.xtec.cat\/iesmed\/wp-json\/wp\/v2\/pages\/43\/revisions\/7575"}],"up":[{"embeddable":true,"href":"https:\/\/agora.xtec.cat\/iesmed\/wp-json\/wp\/v2\/pages\/19"}],"wp:attachment":[{"href":"https:\/\/agora.xtec.cat\/iesmed\/wp-json\/wp\/v2\/media?parent=43"}],"curies":[{"name":"wp","href":"https:\/\/api.w.org\/{rel}","templated":true}]}}