{"id":4065,"date":"2021-06-09T13:15:11","date_gmt":"2021-06-09T11:15:11","guid":{"rendered":"http:\/\/agora.xtec.cat\/iesmed\/?page_id=4065"},"modified":"2025-09-25T10:36:48","modified_gmt":"2025-09-25T08:36:48","slug":"llibres","status":"publish","type":"page","link":"https:\/\/agora.xtec.cat\/iesmed\/batxillerat\/llibres\/","title":{"rendered":"Llibres"},"content":{"rendered":"<h4><strong>Llibres Batxillerat 2025-2026<\/strong><\/h4>\n<p><a href=\"https:\/\/drive.google.com\/file\/d\/1lfaDlt4AXOvp0zpCHlMKYJmIovIFyVhu\/view?usp=sharing\"><strong>1<\/strong><strong>r Batxillerat<\/strong><\/a><\/p>\n<p><a href=\"https:\/\/drive.google.com\/file\/d\/1SBUjsJ3tc9iArk5zxDucBcEvxpduAGWc\/view?usp=sharing\"><strong>2n Batxillerat<\/strong><\/a><\/p>\n<p>Als dos cursos de Batxillerat utilitzem llibres en paper. Els poden comprar mitjan\u00e7ant l&#8217;empresa Iddink que ofereix l&#8217;opci\u00f3 de comprar-los amb grans avantatges econ\u00f2miques.<\/p>\n<p><a href=\"https:\/\/agora.xtec.cat\/iesmed\/wp-content\/uploads\/usu815\/2025\/06\/Iddink-Com-comprar-1-2.pdf\">Iddink \u00a0<\/a><a href=\"https:\/\/agora.xtec.cat\/iesmed\/wp-content\/uploads\/usu815\/2025\/06\/Iddink-Com-comprar-1-2.pdf\">Com comprar-1-2<\/a><\/p>\n<p><img loading=\"lazy\" decoding=\"async\" class=\"aligncenter size-large wp-image-7341\" src=\"https:\/\/agora.xtec.cat\/iesmed\/wp-content\/uploads\/usu815\/2025\/06\/Iddink-819x1024.png\" alt=\"\" width=\"819\" height=\"1024\" srcset=\"https:\/\/agora.xtec.cat\/iesmed\/wp-content\/uploads\/usu815\/2025\/06\/Iddink-819x1024.png 819w, https:\/\/agora.xtec.cat\/iesmed\/wp-content\/uploads\/usu815\/2025\/06\/Iddink-240x300.png 240w, https:\/\/agora.xtec.cat\/iesmed\/wp-content\/uploads\/usu815\/2025\/06\/Iddink-768x960.png 768w, https:\/\/agora.xtec.cat\/iesmed\/wp-content\/uploads\/usu815\/2025\/06\/Iddink.png 1080w\" sizes=\"auto, (max-width: 819px) 100vw, 819px\" \/><\/p>\n<p>Us deixem el v\u00eddeo explicatiu i com s&#8217;ha de fer la <strong><a href=\"https:\/\/drive.google.com\/file\/d\/1itG6bORwpdeR9f_WIhbR_b1UqTZ1UKCp\/view?usp=sharing\">comanda Iddink.<\/a><\/strong><\/p>\n<div><\/div>\n<div><\/div>\n<p><iframe loading=\"lazy\" src=\"\/\/player.vimeo.com\/video\/721037983?title=0&amp;byline=0&amp;portrait=0&amp;color=8dc7dc\" width=\"425\" height=\"350\" allowfullscreen=\"allowfullscreen\"><\/iframe><\/p>\n<p>&nbsp;<\/p>\n<p>&nbsp;<\/p>\n","protected":false},"excerpt":{"rendered":"<p>Llibres Batxillerat 2025-2026<br \/>\n<a href=\"https:\/\/drive.google.com\/file\/d\/1lfaDlt4AXOvp0zpCHlMKYJmIovIFyVhu\/view?usp=sharing\">1r Batxillerat<\/a><br \/>\n<a href=\"https:\/\/drive.google.com\/file\/d\/1SBUjsJ3tc9iArk5zxDucBcEvxpduAGWc\/view?usp=sharing\">2n Batxillerat<\/a><br \/>\nAls dos cursos de Batxillerat utilitzem llibres en paper. Els poden comprar mitjan\u00e7ant l&#8217;empresa Iddink que ofereix l&#8217;opci\u00f3 de comprar-los amb grans avantatges econ\u00f2miques.<br \/>\n<a href=\"https:\/\/agora.xtec.cat\/iesmed\/wp-content\/uploads\/usu815\/2025\/06\/Iddink-Com-comprar-1-2.pdf\">Iddink \u00a0<\/a><a href=\"https:\/\/agora.xtec.cat\/iesmed\/wp-content\/uploads\/usu815\/2025\/06\/Iddink-Com-comprar-1-2.pdf\">Com comprar-1-2<\/a><\/p>\n<p>Us deixem el v\u00eddeo explicatiu i com s&#8217;ha de fer la <a&hellip;  <a href=\"https:\/\/agora.xtec.cat\/iesmed\/batxillerat\/llibres\/\" title=\"Read Llibres\">Llegeix m\u00e9s\u00bb<\/a><\/p>\n","protected":false},"author":1,"featured_media":0,"parent":4676,"menu_order":0,"comment_status":"closed","ping_status":"closed","template":"page-templates\/side-menu.php","meta":{"_bbp_topic_count":0,"_bbp_reply_count":0,"_bbp_total_topic_count":0,"_bbp_total_reply_count":0,"_bbp_voice_count":0,"_bbp_anonymous_reply_count":0,"_bbp_topic_count_hidden":0,"_bbp_reply_count_hidden":0,"_bbp_forum_subforum_count":0,"footnotes":""},"class_list":["post-4065","page","type-page","status-publish","hentry"],"post_mailing_queue_ids":[],"_links":{"self":[{"href":"https:\/\/agora.xtec.cat\/iesmed\/wp-json\/wp\/v2\/pages\/4065","targetHints":{"allow":["GET"]}}],"collection":[{"href":"https:\/\/agora.xtec.cat\/iesmed\/wp-json\/wp\/v2\/pages"}],"about":[{"href":"https:\/\/agora.xtec.cat\/iesmed\/wp-json\/wp\/v2\/types\/page"}],"author":[{"embeddable":true,"href":"https:\/\/agora.xtec.cat\/iesmed\/wp-json\/wp\/v2\/users\/1"}],"replies":[{"embeddable":true,"href":"https:\/\/agora.xtec.cat\/iesmed\/wp-json\/wp\/v2\/comments?post=4065"}],"version-history":[{"count":6,"href":"https:\/\/agora.xtec.cat\/iesmed\/wp-json\/wp\/v2\/pages\/4065\/revisions"}],"predecessor-version":[{"id":7510,"href":"https:\/\/agora.xtec.cat\/iesmed\/wp-json\/wp\/v2\/pages\/4065\/revisions\/7510"}],"up":[{"embeddable":true,"href":"https:\/\/agora.xtec.cat\/iesmed\/wp-json\/wp\/v2\/pages\/4676"}],"wp:attachment":[{"href":"https:\/\/agora.xtec.cat\/iesmed\/wp-json\/wp\/v2\/media?parent=4065"}],"curies":[{"name":"wp","href":"https:\/\/api.w.org\/{rel}","templated":true}]}}