{"id":3842,"date":"2021-03-06T13:51:00","date_gmt":"2021-03-06T12:51:00","guid":{"rendered":"http:\/\/agora.xtec.cat\/iesmed\/?page_id=3842"},"modified":"2026-04-08T11:54:24","modified_gmt":"2026-04-08T09:54:24","slug":"matricula-2021-2022","status":"publish","type":"page","link":"https:\/\/agora.xtec.cat\/iesmed\/secretaria\/matricula-2021-2022\/","title":{"rendered":"Preinscripci\u00f3 i matr\u00edcula Batxillerat"},"content":{"rendered":"<h4><strong>Preinscripci\u00f3 Batxillerat 2026-2027<br \/>\n<\/strong><\/h4>\n<p><span class=\"TextRun SCXW7332588 BCX9\" lang=\"CA-ES\" xml:lang=\"CA-ES\" data-contrast=\"auto\"><span class=\"NormalTextRun SCXW7332588 BCX9\">El <strong>batxillerat<\/strong> prepara els i les alumnes per a la seva incorporaci\u00f3 a estudis posteriors, tant professionals com universitaris, i per a l&#8217;acc\u00e9s al m\u00f3n laboral.<\/span><\/span><\/p>\n<p><span class=\"TextRun SCXW7332588 BCX9\" lang=\"CA-ES\" xml:lang=\"CA-ES\" data-contrast=\"auto\"><span class=\"NormalTextRun SCXW7332588 BCX9\">Consulta l&#8217;apartat\u00a0<strong><a title=\"Qu\u00e8 necessito per accedir-hi\" href=\"https:\/\/triaeducativa.gencat.cat\/ca\/batxillerat\/\" target=\"_blank\" rel=\"noopener\">Qu\u00e8 necessito per accedir-hi<\/a><\/strong> per con\u00e8ixer els requisits acad\u00e8mics per cursar el batxillerat.<\/span><\/span><\/p>\n<p><a href=\"https:\/\/drive.google.com\/file\/d\/1T9ZfxmL2H-H0-GajS8fwBcUweU4Nwsop\/view?usp=sharing\"><strong>Oferta inicial de la preinscripci\u00f3 de batxillerat<\/strong><\/a><\/p>\n<p>Del 9 al 16 d&#8217;abril de 2026: presentaci\u00f3 de sol\u00b7licituds<\/p>\n<p>14 de maig de 2026: <strong>llista de sol\u00b7licituds amb la puntuaci\u00f3 un cop resoltes les reclamacions<\/strong><\/p>\n<p><strong>Publicaci\u00f3 de la llista de sol\u00b7licituds que han demanat el centre i l&#8217;ensenyament en primera<\/strong><br \/>\n<strong>petici\u00f3 ordenada 26 de maig<\/strong><\/p>\n<p>17 de juny de 2026: oferta final de places escolars<\/p>\n<p>17 de juny de 2026: llista d&#8217;alumnes admesos i llista d&#8217;espera<\/p>\n<p>Del 18 al 30 de juny de 2026, ambd\u00f3s inclosos: matriculaci\u00f3 dels alumnes preinscrits a batxillerat amb pla\u00e7a assignada<\/p>\n<p>\ud83d\udd0e<a href=\"https:\/\/preinscripcio.gencat.cat\/ca\/estudis\/batxillerat\/inici\/\"><strong> Guia del Departament d\u2019Ensenyament amb totes les dates clau i el proc\u00e9s de PREINSCRIPCI\u00d3<\/strong><\/a><\/p>\n<p>&nbsp;<\/p>\n","protected":false},"excerpt":{"rendered":"<p>Preinscripci\u00f3 Batxillerat 2026-2027<\/p>\n<p>El batxillerat prepara els i les alumnes per a la seva incorporaci\u00f3 a estudis posteriors, tant professionals com universitaris, i per a l&#8217;acc\u00e9s al m\u00f3n laboral.<br \/>\nConsulta l&#8217;apartat\u00a0<a title=\"Qu\u00e8 necessito per accedir-hi\" href=\"https:\/\/triaeducativa.gencat.cat\/ca\/batxillerat\/\" target=\"_blank\" rel=\"noopener\">Qu\u00e8 necessito per accedir-hi<\/a> per con\u00e8ixer els requisits acad\u00e8mics per&hellip;  <a href=\"https:\/\/agora.xtec.cat\/iesmed\/secretaria\/matricula-2021-2022\/\" title=\"Read Preinscripci\u00f3 i matr\u00edcula Batxillerat\">Llegeix m\u00e9s\u00bb<\/a><\/p>\n","protected":false},"author":1,"featured_media":0,"parent":81,"menu_order":0,"comment_status":"closed","ping_status":"closed","template":"page-templates\/side-menu.php","meta":{"_bbp_topic_count":0,"_bbp_reply_count":0,"_bbp_total_topic_count":0,"_bbp_total_reply_count":0,"_bbp_voice_count":0,"_bbp_anonymous_reply_count":0,"_bbp_topic_count_hidden":0,"_bbp_reply_count_hidden":0,"_bbp_forum_subforum_count":0,"footnotes":""},"class_list":["post-3842","page","type-page","status-publish","hentry"],"post_mailing_queue_ids":[],"_links":{"self":[{"href":"https:\/\/agora.xtec.cat\/iesmed\/wp-json\/wp\/v2\/pages\/3842","targetHints":{"allow":["GET"]}}],"collection":[{"href":"https:\/\/agora.xtec.cat\/iesmed\/wp-json\/wp\/v2\/pages"}],"about":[{"href":"https:\/\/agora.xtec.cat\/iesmed\/wp-json\/wp\/v2\/types\/page"}],"author":[{"embeddable":true,"href":"https:\/\/agora.xtec.cat\/iesmed\/wp-json\/wp\/v2\/users\/1"}],"replies":[{"embeddable":true,"href":"https:\/\/agora.xtec.cat\/iesmed\/wp-json\/wp\/v2\/comments?post=3842"}],"version-history":[{"count":7,"href":"https:\/\/agora.xtec.cat\/iesmed\/wp-json\/wp\/v2\/pages\/3842\/revisions"}],"predecessor-version":[{"id":7734,"href":"https:\/\/agora.xtec.cat\/iesmed\/wp-json\/wp\/v2\/pages\/3842\/revisions\/7734"}],"up":[{"embeddable":true,"href":"https:\/\/agora.xtec.cat\/iesmed\/wp-json\/wp\/v2\/pages\/81"}],"wp:attachment":[{"href":"https:\/\/agora.xtec.cat\/iesmed\/wp-json\/wp\/v2\/media?parent=3842"}],"curies":[{"name":"wp","href":"https:\/\/api.w.org\/{rel}","templated":true}]}}