{"id":363,"date":"2016-05-09T12:01:37","date_gmt":"2016-05-09T10:01:37","guid":{"rendered":"http:\/\/agora.xtec.cat\/iesmed\/?page_id=363"},"modified":"2025-07-02T12:19:01","modified_gmt":"2025-07-02T10:19:01","slug":"projecte-endavant","status":"publish","type":"page","link":"https:\/\/agora.xtec.cat\/iesmed\/els-nostres-projectes\/projecte-endavant\/","title":{"rendered":"Projecte Endavant!"},"content":{"rendered":"<p><iframe loading=\"lazy\" title=\"MASTER Endavant 2025\" width=\"500\" height=\"281\" src=\"https:\/\/www.youtube.com\/embed\/bmH-EMk_dDY?feature=oembed\" frameborder=\"0\" allow=\"accelerometer; autoplay; clipboard-write; encrypted-media; gyroscope; picture-in-picture; web-share\" referrerpolicy=\"strict-origin-when-cross-origin\" allowfullscreen><\/iframe><\/p>\n<table>\n<tbody>\n<tr>\n<td>&nbsp;<\/p>\n<p><iframe loading=\"lazy\" title=\"PROJECTE ENDAVANT 2022\/2023\" width=\"500\" height=\"281\" src=\"https:\/\/www.youtube.com\/embed\/CCClYzuQzS8?feature=oembed\" frameborder=\"0\" allow=\"accelerometer; autoplay; clipboard-write; encrypted-media; gyroscope; picture-in-picture; web-share\" referrerpolicy=\"strict-origin-when-cross-origin\" allowfullscreen><\/iframe><\/p>\n<p>&nbsp;<\/p>\n<p>&nbsp;<\/p>\n<p><iframe loading=\"lazy\" title=\"ENDAVANT 2019\" width=\"500\" height=\"281\" src=\"https:\/\/www.youtube.com\/embed\/kf0MNF0MAlI?feature=oembed\" frameborder=\"0\" allow=\"accelerometer; autoplay; clipboard-write; encrypted-media; gyroscope; picture-in-picture; web-share\" referrerpolicy=\"strict-origin-when-cross-origin\" allowfullscreen><\/iframe><\/p>\n<p><iframe loading=\"lazy\" title=\"ENDAVANT 2017-18\" width=\"500\" height=\"281\" src=\"https:\/\/www.youtube.com\/embed\/aUldc1rP0r0?feature=oembed\" frameborder=\"0\" allow=\"accelerometer; autoplay; clipboard-write; encrypted-media; gyroscope; picture-in-picture; web-share\" referrerpolicy=\"strict-origin-when-cross-origin\" allowfullscreen><\/iframe><\/td>\n<\/tr>\n<tr>\n<td><iframe loading=\"lazy\" title=\"ENDAVANT 2016 - 17.\" width=\"500\" height=\"281\" src=\"https:\/\/www.youtube.com\/embed\/ZwmojqoTf4s?feature=oembed\" frameborder=\"0\" allow=\"accelerometer; autoplay; clipboard-write; encrypted-media; gyroscope; picture-in-picture; web-share\" referrerpolicy=\"strict-origin-when-cross-origin\" allowfullscreen><\/iframe><\/td>\n<\/tr>\n<tr>\n<td><\/td>\n<\/tr>\n<tr>\n<td><iframe loading=\"lazy\" title=\"Endavant\" width=\"500\" height=\"281\" src=\"https:\/\/www.youtube.com\/embed\/CiBYvzH3Ero?feature=oembed\" frameborder=\"0\" allow=\"accelerometer; autoplay; clipboard-write; encrypted-media; gyroscope; picture-in-picture; web-share\" referrerpolicy=\"strict-origin-when-cross-origin\" allowfullscreen><\/iframe><\/td>\n<\/tr>\n<tr>\n<td><iframe loading=\"lazy\" src=\"https:\/\/www.youtube.com\/embed\/wctJ28jtsGE\" width=\"560\" height=\"315\" frameborder=\"0\" allowfullscreen=\"allowfullscreen\"><\/iframe><\/td>\n<\/tr>\n<tr>\n<td><iframe loading=\"lazy\" src=\"https:\/\/www.youtube.com\/embed\/0ihQBrSHGYE\" width=\"560\" height=\"315\" frameborder=\"0\" allowfullscreen=\"allowfullscreen\"><\/iframe><\/td>\n<\/tr>\n<\/tbody>\n<\/table>\n<p>&nbsp;<\/p>\n<p>El projecte Endavant! \u00e9s un programa de diversificaci\u00f3 curricular\u00a0com\u00fa entre l\u2019institut Mediterr\u00e0nia, l\u2019Ajuntament\u00a0del Vendrell i el Departament d\u2019Ensenyament.\u00a0\u00c9s un programa educatiu de formaci\u00f3 integrada per a la millora\u00a0de l\u2019atenci\u00f3 a la diversitat i a l\u2019educaci\u00f3 personalitzada d\u2019alumnes de\u00a0risc de frac\u00e0s escolar. En aquesta experi\u00e8ncia educativa intervenen\u00a0diferents agents de l\u2019entorn de l\u2019escola (autoritats educatives, entitats\u00a0locals, pares, associacions c\u00edviques, serveis p\u00fablics de l\u2019ajuntament,\u00a0etc.).<\/p>\n<p>Aquest programa ofereix la possibilitat a un grup de joves en edat\u00a0escolar obligat\u00f2ria de segon cicle d\u2019ESO de realitzar unes estades\u00a0formatives en centres col\u00b7laboradors dels municipis. Aquestes estades\u00a0representaran 1\/3 de les hores lectives setmanals i seran un \u201ctastet\u00a0d\u2019empreses\u201d, en les quals, els nois i noies, coneixeran de ben a prop la\u00a0realitat del m\u00f3n del treball. La formaci\u00f3 pr\u00e0ctica es completar\u00e0 amb\u00a0una altra acad\u00e8mica de 2\/3 de jornada que es far\u00e0 a l\u2019institut.<\/p>\n<p>&nbsp;<\/p>\n<p>Els objectius del programa s\u00f3n:<\/p>\n<ul>\n<li>Potenciar la descoberta de noves compet\u00e8ncies professionals.<\/li>\n<li>Fomentar l\u2019adquisici\u00f3 de compet\u00e8ncies b\u00e0siques relacionades amb la vida social, el m\u00f3n del treball i l\u2019aprenentatge.<\/li>\n<li>Afavorir l\u2019assist\u00e8ncia al centre procurant l\u2019increment de la motivaci\u00f3 i l\u2019inter\u00e8s per l\u2019aprenentatge.<\/li>\n<li>Incrementar el nivell de coneixements en mat\u00e8ries acad\u00e8miques a partir del treball pr\u00e0ctic.<\/li>\n<li>Potenciar el desenvolupament personal de l\u2019alumne\/a fent \u00e8mfasi en la capacitat d\u2019autoestima i confian\u00e7a en si mateix.<\/li>\n<li>Certificaci\u00f3 de l\u2019ESO i reincorporaci\u00f3 al m\u00f3n acad\u00e8mic.<\/li>\n<li>Inserci\u00f3 laboral.<\/li>\n<\/ul>\n<p>&nbsp;<\/p>\n<p>La metodologia que es segueix \u00e9s l&#8217;aprenentgae productiu,\u00a0un model d\u2019educaci\u00f3 basat en el concepte pedag\u00f2gic\u00a0del curr\u00edculum individual, que ha de conduir al desenvolupament\u00a0personal en el si de la societat i a la transformaci\u00f3 de la mateixa\u00a0societat.<\/p>\n<p>A partir de la din\u00e0mica formativa, es pret\u00e9n fomentar una major\u00a0participaci\u00f3 social del ciutad\u00e0 per tal de facilitar l\u2019acc\u00e9s al mercat de\u00a0treball i a nous nivells de producci\u00f3 intel\u00b7lectual i cultural.<\/p>\n<p>&nbsp;<\/p>\n<p>Les activitats que es proposen a l\u2019alumne\/a consisteixen en els\u00a0seg\u00fcents blocs de treball:<\/p>\n<ul>\n<li>Sessions de comunicaci\u00f3: reunions de seguiment i reflexi\u00f3 te\u00f2rica entorn a metodologia i temes socials, exposici\u00f3 de projectes formatius i productes, debats i espai obert d\u2019opini\u00f3 per tal que puguin assolir les compet\u00e8ncies comunicatives.<\/li>\n<li>Activitat teoricopr\u00e0ctica: realitzaci\u00f3 de productes, recerques i treballs, la major part de forma individual atenent a les necessitats de cada alumne\/a (interessos, ritme i estil d\u2019aprenentatge, etc), amb la finalitat que puguin adquirir coneixements en l\u2019\u00e0mbit professional seleccionat i un increment del nivell de coneixements en les diferents \u00e0rees curriculars que s\u00f3n tractades de forma interdisciplinar. Tamb\u00e9 s\u2019introdueixen activitats de grup que permeten l\u2019adquisici\u00f3 de compet\u00e8ncies relacionades amb el treball cooperatiu i la comunicaci\u00f3.<\/li>\n<\/ul>\n","protected":false},"excerpt":{"rendered":"<p>&nbsp;<\/p>\n<p>&nbsp;<br \/>\n&nbsp;<\/p>\n<p>&nbsp;<br \/>\nEl projecte Endavant! \u00e9s un programa de diversificaci\u00f3 curricular\u00a0com\u00fa entre l\u2019institut Mediterr\u00e0nia, l\u2019Ajuntament\u00a0del Vendrell i el Departament d\u2019Ensenyament.\u00a0\u00c9s un programa educatiu de formaci\u00f3 integrada per a la millora\u00a0de l\u2019atenci\u00f3 a la diversitat i a l\u2019educaci\u00f3 personalitzada d\u2019alumnes de\u00a0risc de frac\u00e0s escolar. En aquesta experi\u00e8ncia educativa&hellip;  <a href=\"https:\/\/agora.xtec.cat\/iesmed\/els-nostres-projectes\/projecte-endavant\/\" title=\"Read Projecte Endavant!\">Llegeix m\u00e9s\u00bb<\/a><\/p>\n","protected":false},"author":1,"featured_media":0,"parent":318,"menu_order":0,"comment_status":"closed","ping_status":"closed","template":"page-templates\/side-menu.php","meta":{"_bbp_topic_count":0,"_bbp_reply_count":0,"_bbp_total_topic_count":0,"_bbp_total_reply_count":0,"_bbp_voice_count":0,"_bbp_anonymous_reply_count":0,"_bbp_topic_count_hidden":0,"_bbp_reply_count_hidden":0,"_bbp_forum_subforum_count":0,"footnotes":""},"class_list":["post-363","page","type-page","status-publish","hentry"],"post_mailing_queue_ids":[],"_links":{"self":[{"href":"https:\/\/agora.xtec.cat\/iesmed\/wp-json\/wp\/v2\/pages\/363","targetHints":{"allow":["GET"]}}],"collection":[{"href":"https:\/\/agora.xtec.cat\/iesmed\/wp-json\/wp\/v2\/pages"}],"about":[{"href":"https:\/\/agora.xtec.cat\/iesmed\/wp-json\/wp\/v2\/types\/page"}],"author":[{"embeddable":true,"href":"https:\/\/agora.xtec.cat\/iesmed\/wp-json\/wp\/v2\/users\/1"}],"replies":[{"embeddable":true,"href":"https:\/\/agora.xtec.cat\/iesmed\/wp-json\/wp\/v2\/comments?post=363"}],"version-history":[{"count":5,"href":"https:\/\/agora.xtec.cat\/iesmed\/wp-json\/wp\/v2\/pages\/363\/revisions"}],"predecessor-version":[{"id":7375,"href":"https:\/\/agora.xtec.cat\/iesmed\/wp-json\/wp\/v2\/pages\/363\/revisions\/7375"}],"up":[{"embeddable":true,"href":"https:\/\/agora.xtec.cat\/iesmed\/wp-json\/wp\/v2\/pages\/318"}],"wp:attachment":[{"href":"https:\/\/agora.xtec.cat\/iesmed\/wp-json\/wp\/v2\/media?parent=363"}],"curies":[{"name":"wp","href":"https:\/\/api.w.org\/{rel}","templated":true}]}}