{"id":353,"date":"2016-05-09T11:13:31","date_gmt":"2016-05-09T10:13:31","guid":{"rendered":"http:\/\/agora.xtec.cat\/iesmed\/?page_id=353"},"modified":"2025-09-05T19:54:52","modified_gmt":"2025-09-05T17:54:52","slug":"departaments-didactics","status":"publish","type":"page","link":"https:\/\/agora.xtec.cat\/iesmed\/linstitut\/departaments-didactics\/","title":{"rendered":"Departaments did\u00e0ctics"},"content":{"rendered":"<div id=\"tp-content-wrapper\" class=\"cc-content-parent\">\n<div id=\"content_area\" data-container=\"content\">\n<div id=\"cc-matrix-2203667021\">\n<div id=\"cc-m-8561051621\" class=\"j-module n j-hgrid \">\n<div class=\"cc-m-hgrid-column\">\n<div id=\"cc-matrix-2204067921\">\n<div id=\"cc-m-8561052021\" class=\"j-module n j-header \">\n<h1 id=\"cc-m-header-8561052021\" class=\"\"><span style=\"color: #333399;\">\u00c0mbit de Lleng\u00fces\u00a0<\/span><\/h1>\n<table dir=\"ltr\" style=\"width: 76.219109%;\" border=\"1\" cellspacing=\"0\" cellpadding=\"0\" data-sheets-root=\"1\" data-sheets-baot=\"1\">\n<colgroup>\n<col width=\"203\" \/>\n<col width=\"281\" \/><\/colgroup>\n<tbody>\n<tr>\n<td style=\"width: 44.558522%;\">Aitor Serra Peris<\/td>\n<td style=\"width: 55.030801%;\">aserr104@institutmediterrania.com<\/td>\n<\/tr>\n<tr>\n<td style=\"width: 44.558522%;\">Cristina Pros<\/td>\n<td style=\"width: 55.030801%;\">cpros@institutmediterrania.com<\/td>\n<\/tr>\n<tr>\n<td style=\"width: 44.558522%;\">Enric Pelach Biciana<\/td>\n<td style=\"width: 55.030801%;\">epelach@institutmediterrania.com<\/td>\n<\/tr>\n<tr>\n<td style=\"width: 44.558522%;\">Iolanda Vielba<\/td>\n<td style=\"width: 55.030801%;\">ivielba@institutmediterrania.com<\/td>\n<\/tr>\n<tr>\n<td style=\"width: 44.558522%;\">Manuel Falc\u00f3 Benito<\/td>\n<td style=\"width: 55.030801%;\">mfalco9@institutmediterrania.com<\/td>\n<\/tr>\n<tr>\n<td style=\"width: 44.558522%;\">Marina Ortega Bordes<\/td>\n<td style=\"width: 55.030801%;\">morteg90@institutmediterrania.com<\/td>\n<\/tr>\n<tr>\n<td style=\"width: 44.558522%;\">Mariona Forcat Cots<\/td>\n<td style=\"width: 55.030801%;\">mforcat@institutmediterrania.com<\/td>\n<\/tr>\n<tr>\n<td style=\"width: 44.558522%;\">Montserrat Lluch<\/td>\n<td style=\"width: 55.030801%;\">mlluch28@institutmediterrania.com<\/td>\n<\/tr>\n<tr>\n<td style=\"width: 44.558522%;\">Montserrat Mart\u00ednez de la Cruz<\/td>\n<td style=\"width: 55.030801%;\">mmart705@institutmediterrania.com<\/td>\n<\/tr>\n<tr>\n<td style=\"width: 44.558522%;\">Silvia Fernandez Recalde<\/td>\n<td style=\"width: 55.030801%;\">sfernan4@institutmediterrania.com<\/td>\n<\/tr>\n<tr>\n<td style=\"width: 44.558522%;\">Vicente Ferrer Llopis<\/td>\n<td style=\"width: 55.030801%;\">vferre12@institutmediterrania.com<\/td>\n<\/tr>\n<\/tbody>\n<\/table>\n<h1><\/h1>\n<h1 id=\"cc-m-header-8561052021\" class=\"\"><span style=\"color: #333399;\">\u00c0mbit de Lleng\u00fces estrangeres<\/span><\/h1>\n<table dir=\"ltr\" border=\"1\" cellspacing=\"0\" cellpadding=\"0\" data-sheets-root=\"1\" data-sheets-baot=\"1\">\n<colgroup>\n<col width=\"203\" \/>\n<col width=\"281\" \/><\/colgroup>\n<tbody>\n<tr>\n<td>Anna Escobar Aviles<\/td>\n<td>aescobar3@institutmediterrania.com<\/td>\n<\/tr>\n<tr>\n<td>Eduard Rosillo Garc\u00eda<\/td>\n<td>erosillo@institutmediterrania.com<\/td>\n<\/tr>\n<tr>\n<td>Estela G\u00f3mez P\u00e9rez<\/td>\n<td>mgome295@institutmediterrania.com<\/td>\n<\/tr>\n<tr>\n<td>Melani Veciana Pati\u00f1o<\/td>\n<td>mvecian6@institutmediterrania.com<\/td>\n<\/tr>\n<tr>\n<td>Oriol S\u00e1ez Cebri\u00e1n<\/td>\n<td>osaez2@institutmediterrania.com<\/td>\n<\/tr>\n<tr>\n<td>Pilar Gili Ferre<\/td>\n<td>pgili2@institutmediterrania.com<\/td>\n<\/tr>\n<tr>\n<td>Teresa Grases Miret<\/td>\n<td>tgrases@institutmediterrania.com<\/td>\n<\/tr>\n<\/tbody>\n<\/table>\n<p>&nbsp;<\/p>\n<\/div>\n<h1><span style=\"color: #333399;\">\u00c0mbit Cient\u00edfic-Tecnol\u00f2gic<\/span><\/h1>\n<table dir=\"ltr\" border=\"1\" cellspacing=\"0\" cellpadding=\"0\" data-sheets-root=\"1\" data-sheets-baot=\"1\">\n<colgroup>\n<col width=\"203\" \/>\n<col width=\"281\" \/><\/colgroup>\n<tbody>\n<tr>\n<td>Carlos Ruiz Barreto<\/td>\n<td>cruiz14@institutmediterrania.com<\/td>\n<\/tr>\n<tr>\n<td>Gerard Pernau Noguera<\/td>\n<td>gpernau@institutmediterrania.com<\/td>\n<\/tr>\n<tr>\n<td>Judit Esteve Casol<\/td>\n<td>jestev4@institutmediterrania.com<\/td>\n<\/tr>\n<tr>\n<td>Mar Orriols<\/td>\n<td>morrio6@institutmediterrania.com<\/td>\n<\/tr>\n<tr>\n<td>Marc Merino Elgarrista<\/td>\n<td>mmerin2@institutmediterrania.com<\/td>\n<\/tr>\n<tr>\n<td>Mart\u00ed Taltavull Ru\u00e9<\/td>\n<td>mtaltav1@institutmediterrania.com<\/td>\n<\/tr>\n<tr>\n<td>Miguel Beneyto Checa<\/td>\n<td>mbeneyt9@institutmediterrania.com<\/td>\n<\/tr>\n<tr>\n<td>Miguel Mart\u00edn G\u00f3mez<\/td>\n<td>mmart311@institutmediterrania.com<\/td>\n<\/tr>\n<tr>\n<td>Montse Nogu\u00e9 Martos<\/td>\n<td>mnogue47@institutmediterrania.com<\/td>\n<\/tr>\n<tr>\n<td>\u00d2scar Pujadas Anguiano<\/td>\n<td>opujadas@institutmediterrania.com<\/td>\n<\/tr>\n<tr>\n<td>S\u00edlvia Duran Paino<\/td>\n<td>sduran22@institutmediterrania.com<\/td>\n<\/tr>\n<tr>\n<td>Victor Maix\u00e9 Sas<\/td>\n<td>vmaixe@institutmediterrania.com<\/td>\n<\/tr>\n<\/tbody>\n<\/table>\n<\/div>\n<h1><\/h1>\n<h1><span style=\"color: #333399;\">Orientaci\u00f3<\/span><\/h1>\n<table dir=\"ltr\" style=\"width: 76.794556%;\" border=\"1\" cellspacing=\"0\" cellpadding=\"0\" data-sheets-root=\"1\" data-sheets-baot=\"1\">\n<colgroup>\n<col width=\"168\" \/>\n<col width=\"262\" \/><\/colgroup>\n<tbody>\n<tr>\n<td style=\"width: 52.164203%;\">Alba Martinez<\/td>\n<td style=\"width: 62.091681%;\">amart53@institutmediterrania.com<\/td>\n<\/tr>\n<tr>\n<td style=\"width: 52.164203%;\">Elisabet Cabanilla<\/td>\n<td style=\"width: 62.091681%;\"><\/td>\n<\/tr>\n<tr>\n<td style=\"width: 52.164203%;\">Eva M Garcia<\/td>\n<td style=\"width: 62.091681%;\">egarc103@institutmediterrania.com<\/td>\n<\/tr>\n<tr>\n<td style=\"width: 52.164203%;\">Gerard Buch Exposito<\/td>\n<td style=\"width: 62.091681%;\">gbuch@institutmediterrania.com<\/td>\n<\/tr>\n<tr>\n<td style=\"width: 52.164203%;\">Laura Manzano L\u00f3pez<\/td>\n<td style=\"width: 62.091681%;\">lmanzan7@institutmediterrania.com<\/td>\n<\/tr>\n<tr>\n<td style=\"width: 52.164203%;\">M\u00f2nica Castellv\u00ed Luis<\/td>\n<td style=\"width: 62.091681%;\">mcast102@institutmediterrania.com<\/td>\n<\/tr>\n<tr>\n<td style=\"width: 52.164203%;\">Sandra Bosch Chaves<\/td>\n<td style=\"width: 62.091681%;\">sbosch5@institutmediterrania.com<\/td>\n<\/tr>\n<\/tbody>\n<\/table>\n<div><\/div>\n<\/div>\n<div class=\"cc-m-hgrid-column last\">\n<div id=\"cc-matrix-2204068021\">\n<div id=\"cc-m-8561057021\" class=\"j-module n j-header \"><\/div>\n<div id=\"cc-m-8561083321\" class=\"j-module n j-text \"><\/div>\n<\/div>\n<\/div>\n<\/div>\n<\/div>\n<\/div>\n<\/div>\n<div id=\"tp-footer\">\n<h1 id=\"cc-m-8561057021\" class=\"j-module n j-header \"><span style=\"color: #333399;\">Matem\u00e0tiques<\/span><\/h1>\n<table dir=\"ltr\" style=\"width: 78.043026%;\" border=\"1\" cellspacing=\"0\" cellpadding=\"0\" data-sheets-root=\"1\" data-sheets-baot=\"1\">\n<colgroup>\n<col width=\"168\" \/>\n<col width=\"262\" \/><\/colgroup>\n<tbody>\n<tr>\n<td style=\"width: 53.488372%;\">Aida Reguera Sanchez<\/td>\n<td style=\"width: 62.550888%;\">areguera@institutmediterrania.com<\/td>\n<\/tr>\n<tr>\n<td style=\"width: 53.488372%;\">Emma Seg\u00fa<\/td>\n<td style=\"width: 62.550888%;\">esegu@institutmediterrania.com<\/td>\n<\/tr>\n<tr>\n<td style=\"width: 53.488372%;\">Estel Maixe Sas<\/td>\n<td style=\"width: 62.550888%;\">emaixe1@institutmediterrania.com<\/td>\n<\/tr>\n<tr>\n<td style=\"width: 53.488372%;\">Gregorio L\u00f3pez Mu\u00f1oz<\/td>\n<td style=\"width: 62.550888%;\">glopez29@institutmediterrania.com<\/td>\n<\/tr>\n<tr>\n<td style=\"width: 53.488372%;\">Maria Coll Domingo<\/td>\n<td style=\"width: 62.550888%;\">mcoll275@institutmediterrania.com<\/td>\n<\/tr>\n<tr>\n<td style=\"width: 53.488372%;\">Marlene Ovejero Lain<\/td>\n<td style=\"width: 62.550888%;\">movejer2@institutmediterrania.com<\/td>\n<\/tr>\n<tr>\n<td style=\"width: 53.488372%;\">Ruben Foix Dol\u00e7<\/td>\n<td style=\"width: 62.550888%;\">rfoix@institutmediterrania.com<\/td>\n<\/tr>\n<\/tbody>\n<\/table>\n<\/div>\n<div><\/div>\n<h1><\/h1>\n<h1><span style=\"color: #333399;\"><span style=\"font-size: 34px;\">Ci\u00e8ncies Socials<\/span><\/span><\/h1>\n<table dir=\"ltr\" style=\"width: 81.267719%;\" border=\"1\" cellspacing=\"0\" cellpadding=\"0\" data-sheets-root=\"1\" data-sheets-baot=\"1\">\n<colgroup>\n<col width=\"168\" \/>\n<col width=\"262\" \/><\/colgroup>\n<tbody>\n<tr>\n<td style=\"width: 46.647677%;\">Gerard Cintas Hernandez<\/td>\n<td style=\"width: 73.514925%;\">gcintas1@institutmediterrania.com<\/td>\n<\/tr>\n<tr>\n<td style=\"width: 46.647677%;\">Joan Toset Mena<\/td>\n<td style=\"width: 73.514925%;\">jtoset1@institutmediterrania.com<\/td>\n<\/tr>\n<tr>\n<td style=\"width: 46.647677%;\">Jose Francisco Gutierrez<\/td>\n<td style=\"width: 73.514925%;\">jguti3@institutmediterrania.com<\/td>\n<\/tr>\n<tr>\n<td style=\"width: 46.647677%;\">Maria Isabel Mateos Bravo<\/td>\n<td style=\"width: 73.514925%;\">mmateo48@institutmediterrania.com<\/td>\n<\/tr>\n<tr>\n<td style=\"width: 46.647677%;\">Sergio Garc\u00eda Catal\u00e1n<\/td>\n<td style=\"width: 73.514925%;\">sgarc64@institutmediterrania.com<\/td>\n<\/tr>\n<tr>\n<td style=\"width: 46.647677%;\">Victoria Bosch Moreno<\/td>\n<td style=\"width: 73.514925%;\">vbosch@institutmediterrania.com<\/td>\n<\/tr>\n<\/tbody>\n<\/table>\n<div id=\"cc-m-8561079021\" class=\"j-module n j-text \"><\/div>\n<h1><\/h1>\n<h1><span style=\"color: #333399;\">Expressi\u00f3<\/span><\/h1>\n<table dir=\"ltr\" style=\"width: 83.817205%;\" border=\"1\" cellspacing=\"0\" cellpadding=\"0\" data-sheets-root=\"1\" data-sheets-baot=\"1\">\n<colgroup>\n<col width=\"168\" \/>\n<col width=\"262\" \/><\/colgroup>\n<tbody>\n<tr>\n<td style=\"width: 56.152339%;\">Emma de Bargas Peeters<\/td>\n<td style=\"width: 67.676395%;\">edebargas@institutmediterrania.com<\/td>\n<\/tr>\n<tr>\n<td style=\"width: 56.152339%;\">Francisco Castellano Perez<\/td>\n<td style=\"width: 67.676395%;\">fcaste14@institutmediterrania.com<\/td>\n<\/tr>\n<tr>\n<td style=\"width: 56.152339%;\">Irene Mac\u00edas Gallardo<\/td>\n<td style=\"width: 67.676395%;\">imacias3@institutmediterrania.com<\/td>\n<\/tr>\n<tr>\n<td style=\"width: 56.152339%;\">Mayte Veloso<\/td>\n<td style=\"width: 67.676395%;\">mveloso2@institutmediterrania.com<\/td>\n<\/tr>\n<tr>\n<td style=\"width: 56.152339%;\">Meritxell Torrents Lopez<\/td>\n<td style=\"width: 67.676395%;\">mtorr137@institutmediterrania.com<\/td>\n<\/tr>\n<tr>\n<td style=\"width: 56.152339%;\">N\u00e9stor Ballesteros Negrete<\/td>\n<td style=\"width: 67.676395%;\">nballes5@institutmediterrania.com<\/td>\n<\/tr>\n<tr>\n<td style=\"width: 56.152339%;\">Neus Boluda Garcia<\/td>\n<td style=\"width: 67.676395%;\">nboluda@institutmediterrania.com<\/td>\n<\/tr>\n<tr>\n<td style=\"width: 56.152339%;\">Noelia Cordero Cobo<\/td>\n<td style=\"width: 67.676395%;\">ncordero@institutmediterrania.com<\/td>\n<\/tr>\n<\/tbody>\n<\/table>\n","protected":false},"excerpt":{"rendered":"<p>\u00c0mbit de Lleng\u00fces\u00a0<\/p>\n<p>Aitor Serra Peris<br \/>\naserr104@institutmediterrania.com<\/p>\n<p>Cristina Pros<br \/>\ncpros@institutmediterrania.com<\/p>\n<p>Enric Pelach Biciana<br \/>\nepelach@institutmediterrania.com<\/p>\n<p>Iolanda Vielba<br \/>\nivielba@institutmediterrania.com<\/p>\n<p>Manuel Falc\u00f3 Benito<br \/>\nmfalco9@institutmediterrania.com<\/p>\n<p>Marina Ortega Bordes<br \/>\nmorteg90@institutmediterrania.com<\/p>\n<p>Mariona Forcat Cots<br \/>\nmforcat@institutmediterrania.com<\/p>\n<p>Montserrat Lluch<br \/>\nmlluch28@institutmediterrania.com<\/p>\n<p>Montserrat Mart\u00ednez de la Cruz<br \/>\nmmart705@institutmediterrania.com<\/p>\n<p>Silvia Fernandez Recalde<br \/>\nsfernan4@institutmediterrania.com<\/p>\n<p>Vicente Ferrer Llopis<br \/>\nvferre12@institutmediterrania.com<\/p>\n<p>\u00c0mbit de Lleng\u00fces estrangeres<\/p>\n<p>Anna Escobar Aviles<br \/>\naescobar3@institutmediterrania.com<\/p>\n<p>Eduard Rosillo Garc\u00eda<br \/>\nerosillo@institutmediterrania.com<\/p>\n<p>Estela G\u00f3mez P\u00e9rez<br \/>\nmgome295@institutmediterrania.com<\/p>\n<p>Melani Veciana Pati\u00f1o<br \/>\nmvecian6@institutmediterrania.com<\/p>\n<p>Oriol S\u00e1ez Cebri\u00e1n<br \/>\nosaez2@institutmediterrania.com<\/p>\n<p>Pilar Gili Ferre<br \/>\npgili2@institutmediterrania.com<\/p>\n<p>Teresa Grases Miret<br \/>\ntgrases@institutmediterrania.com<\/p>\n<p>&nbsp;<\/p>\n<p>\u00c0mbit Cient\u00edfic-Tecnol\u00f2gic<\/p>\n<p>Carlos Ruiz Barreto<br \/>\ncruiz14@institutmediterrania.com<\/p>\n<p>Gerard Pernau&hellip;  <a href=\"https:\/\/agora.xtec.cat\/iesmed\/linstitut\/departaments-didactics\/\" title=\"Read Departaments did\u00e0ctics\">Llegeix m\u00e9s\u00bb<\/a><\/p>\n","protected":false},"author":1,"featured_media":0,"parent":19,"menu_order":7,"comment_status":"closed","ping_status":"closed","template":"page-templates\/side-menu.php","meta":{"_bbp_topic_count":0,"_bbp_reply_count":0,"_bbp_total_topic_count":0,"_bbp_total_reply_count":0,"_bbp_voice_count":0,"_bbp_anonymous_reply_count":0,"_bbp_topic_count_hidden":0,"_bbp_reply_count_hidden":0,"_bbp_forum_subforum_count":0,"footnotes":""},"class_list":["post-353","page","type-page","status-publish","hentry"],"post_mailing_queue_ids":[],"_links":{"self":[{"href":"https:\/\/agora.xtec.cat\/iesmed\/wp-json\/wp\/v2\/pages\/353","targetHints":{"allow":["GET"]}}],"collection":[{"href":"https:\/\/agora.xtec.cat\/iesmed\/wp-json\/wp\/v2\/pages"}],"about":[{"href":"https:\/\/agora.xtec.cat\/iesmed\/wp-json\/wp\/v2\/types\/page"}],"author":[{"embeddable":true,"href":"https:\/\/agora.xtec.cat\/iesmed\/wp-json\/wp\/v2\/users\/1"}],"replies":[{"embeddable":true,"href":"https:\/\/agora.xtec.cat\/iesmed\/wp-json\/wp\/v2\/comments?post=353"}],"version-history":[{"count":6,"href":"https:\/\/agora.xtec.cat\/iesmed\/wp-json\/wp\/v2\/pages\/353\/revisions"}],"predecessor-version":[{"id":7468,"href":"https:\/\/agora.xtec.cat\/iesmed\/wp-json\/wp\/v2\/pages\/353\/revisions\/7468"}],"up":[{"embeddable":true,"href":"https:\/\/agora.xtec.cat\/iesmed\/wp-json\/wp\/v2\/pages\/19"}],"wp:attachment":[{"href":"https:\/\/agora.xtec.cat\/iesmed\/wp-json\/wp\/v2\/media?parent=353"}],"curies":[{"name":"wp","href":"https:\/\/api.w.org\/{rel}","templated":true}]}}