{"id":3269,"date":"2020-01-16T08:35:55","date_gmt":"2020-01-16T07:35:55","guid":{"rendered":"http:\/\/agora.xtec.cat\/iesmed\/?page_id=3269"},"modified":"2024-02-08T09:21:43","modified_gmt":"2024-02-08T08:21:43","slug":"microplasticwatchers","status":"publish","type":"page","link":"https:\/\/agora.xtec.cat\/iesmed\/els-nostres-projectes\/microplasticwatchers\/","title":{"rendered":"Microplasticwatchers"},"content":{"rendered":"<p>El projecte\u00a0<i>Microplasticwatchers<\/i>\u00a0(&#8220;<wbr \/>observadors dels micropl\u00e0stics al mar&#8221;) \u00e9s un projecte d\u2019aprenentatge servei (ApS) que forma part del Servei comunitari que desenvolupem a 3r d&#8217;ESO. \u00c9s una activitat que duem a terme durant tot el curs amb sortides a la platja per recollir sorra. Aquest projecte busca, per una banda, la sensibilitzaci\u00f3 de l\u2019alumnat sobre la contaminaci\u00f3 mediambiental, i per l\u2019altra, amb el treball dels alumnes, col\u00b7laborem aportant dades rigoroses que s\u00f3n emprades per un grup de cient\u00edfics.<\/p>\n<p>Es fan tres sortides a la platja de les Madrigueres del Vendrell a recollir mostres de sorra. Aquestes mostres s\u00f3n processades pels alumnes al laboratori de l\u2019institut seguint les indicacions del Centre d\u2019Estudis Avan\u00e7ats de Blanes. En les sorres busquem pl\u00e0stics de mida molt petita, que s\u00f3n contaminants habituals dels nostres litorals i que tenen una repercussi\u00f3 negativa en la superviv\u00e8ncia de les esp\u00e8cies que habiten les nostres platges i en la salut humana.<br \/>\nEls alumnes tenen una participaci\u00f3 molt activa en l\u2019aportaci\u00f3 de dades sobre els nivells de contaminaci\u00f3 de micro i mesopl\u00e0stics de la nostra costa. Aquestes dades s\u00f3n una aportaci\u00f3 valuosa a la feina de la comunitat cient\u00edfica.<\/p>\n","protected":false},"excerpt":{"rendered":"<p>El projecte\u00a0Microplasticwatchers\u00a0(&#8220;observadors dels micropl\u00e0stics al mar&#8221;) \u00e9s un projecte d\u2019aprenentatge servei (ApS) que forma part del Servei comunitari que desenvolupem a 3r d&#8217;ESO. \u00c9s una activitat que duem a terme durant tot el curs amb sortides a la platja per recollir sorra. Aquest projecte busca,&hellip;  <a href=\"https:\/\/agora.xtec.cat\/iesmed\/els-nostres-projectes\/microplasticwatchers\/\" title=\"Read Microplasticwatchers\">Llegeix m\u00e9s\u00bb<\/a><\/p>\n","protected":false},"author":1,"featured_media":0,"parent":318,"menu_order":0,"comment_status":"closed","ping_status":"closed","template":"page-templates\/side-menu.php","meta":{"_bbp_topic_count":0,"_bbp_reply_count":0,"_bbp_total_topic_count":0,"_bbp_total_reply_count":0,"_bbp_voice_count":0,"_bbp_anonymous_reply_count":0,"_bbp_topic_count_hidden":0,"_bbp_reply_count_hidden":0,"_bbp_forum_subforum_count":0,"footnotes":""},"class_list":["post-3269","page","type-page","status-publish","hentry"],"post_mailing_queue_ids":[],"_links":{"self":[{"href":"https:\/\/agora.xtec.cat\/iesmed\/wp-json\/wp\/v2\/pages\/3269","targetHints":{"allow":["GET"]}}],"collection":[{"href":"https:\/\/agora.xtec.cat\/iesmed\/wp-json\/wp\/v2\/pages"}],"about":[{"href":"https:\/\/agora.xtec.cat\/iesmed\/wp-json\/wp\/v2\/types\/page"}],"author":[{"embeddable":true,"href":"https:\/\/agora.xtec.cat\/iesmed\/wp-json\/wp\/v2\/users\/1"}],"replies":[{"embeddable":true,"href":"https:\/\/agora.xtec.cat\/iesmed\/wp-json\/wp\/v2\/comments?post=3269"}],"version-history":[{"count":3,"href":"https:\/\/agora.xtec.cat\/iesmed\/wp-json\/wp\/v2\/pages\/3269\/revisions"}],"predecessor-version":[{"id":6203,"href":"https:\/\/agora.xtec.cat\/iesmed\/wp-json\/wp\/v2\/pages\/3269\/revisions\/6203"}],"up":[{"embeddable":true,"href":"https:\/\/agora.xtec.cat\/iesmed\/wp-json\/wp\/v2\/pages\/318"}],"wp:attachment":[{"href":"https:\/\/agora.xtec.cat\/iesmed\/wp-json\/wp\/v2\/media?parent=3269"}],"curies":[{"name":"wp","href":"https:\/\/api.w.org\/{rel}","templated":true}]}}