{"id":319,"date":"2016-04-13T12:13:21","date_gmt":"2016-04-13T10:13:21","guid":{"rendered":"http:\/\/agora.xtec.cat\/iesmed\/?page_id=319"},"modified":"2022-04-29T10:25:55","modified_gmt":"2022-04-29T08:25:55","slug":"musicavis","status":"publish","type":"page","link":"https:\/\/agora.xtec.cat\/iesmed\/els-nostres-projectes\/musicavis\/","title":{"rendered":"Musicavis"},"content":{"rendered":"<p style=\"text-align: justify;\">El projecte Musicavis \u00e9s una proposta educativa impulsada pel departament de M\u00fasica de l&#8217;Institut Mediterr\u00e0nia del Vendrell, en la qual participen els alumnes de 4t d&#8217;ESO. Aquest projecte sorgeix d&#8217;una necessitat social centrada en el col\u00b7lectiu de la tercera edat, ja que es tracta de completar una activitat l\u00fadica, concretament un acte de celebraci\u00f3 de final de curs, que s&#8217;ofereix a la gent gran del municipi.<\/p>\n<p style=\"text-align: justify;\">En aquest projecte es prepara els alumnes de la mat\u00e8ria optativa de M\u00fasica en el\u00a0coneixement del llenguatge musical, tant de forma individual com col\u00b7lectiva, i la\u00a0pr\u00e0ctica instrumental per tal d&#8217;assolir un repertori musical atractiu i interessant per a\u00a0persones de la tercera edat que formen part d&#8217;una entitat vendrellenca.<\/p>\n<p style=\"text-align: justify;\">La idea \u00e9s compartir un treball que s&#8217;ha dut a terme durant el curs escolar amb un\u00a0col\u00b7lectiu de persones de la tercera edat, amb la intenci\u00f3 de generar una comunicaci\u00f3\u00a0enriquidora per ambdues generacions implicades. Aquesta comunicaci\u00f3 \u00e9s el pilar\u00a0fonamental del projecte, ja que vol generar un apropament emocional i una creaci\u00f3\u00a0d&#8217;empatia entre el p\u00fablic i l&#8217;alumnat. Per tant, es tracta d&#8217;una experi\u00e8ncia molt\u00a0gratificant perqu\u00e8 cont\u00e9 aquest valor afegit, una relaci\u00f3 rec\u00edproca que consisteix a\u00a0donar i rebre.<\/p>\n<p style=\"text-align: justify;\">Aquesta comunicaci\u00f3 tindr\u00e0 lloc des de diferents vessants: d&#8217;una banda, la vessant\u00a0auditiva mitjan\u00e7ant el treball musical i, de l&#8217;altra, una vessant m\u00e9s visual mitjan\u00e7ant\u00a0la projecci\u00f3 de diverses fotografies aportades pels alumnes i p\u00fablic assistent per tal\u00a0de generar una proximitat i una millor coneixen\u00e7a de tots els implicats en l&#8217;activitat.<\/p>\n<p style=\"text-align: justify;\">Finalment, la lectura compartida d&#8217;alguns poemes amb acompanyament musical\u00a0completar\u00e0 aquest objectiu.<\/p>\n<p style=\"text-align: justify;\">Els objectius d\u2019aprenentatge s\u00f3n:<\/p>\n<p style=\"text-align: justify;\">1. Millorar el coneixement del llenguatge musical.<\/p>\n<p style=\"text-align: justify;\">2. Aprofundir en la interpretaci\u00f3 de l&#8217;instrument musical.<\/p>\n<p style=\"text-align: justify;\">3. Aprendre a tenir una actitud adequada per interpretar m\u00fasica davant un p\u00fablic oient.<\/p>\n<p style=\"text-align: justify;\">4. Actuar en p\u00fablic.<\/p>\n<p style=\"text-align: justify;\">5. Llegir poemes comprensivament amb flu\u00efdesa, dicci\u00f3 i interpretaci\u00f3.<\/p>\n<p style=\"text-align: justify;\">6. Potenciar l&#8217;escolta activa interpretant m\u00fasica fora de l&#8217;\u00e0mbit acad\u00e8mic.<\/p>\n<p style=\"text-align: justify;\">7. Respectar les aportacions i el treball de tots els membres del conjunt instrumental.<\/p>\n<p style=\"text-align: justify;\">8. Valorar les habilitats musicals dels alumnes tenint en compte la possibilitat d&#8217;una continu\u00eftat en els estudis musicals en centres especialitzats.<\/p>\n<p style=\"text-align: justify;\">Els objectius de servei s\u00f3n.<\/p>\n<p style=\"text-align: justify;\">1. Completar un acte de celebraci\u00f3 o cloenda de tallers o cursos espec\u00edfics dels membres d&#8217;una entitat de la tercera edat.<\/p>\n<p style=\"text-align: justify;\">2. Augmentar el sentiment d&#8217;utilitat personal i la imatge positiva d&#8217;un mateix.<\/p>\n<p style=\"text-align: justify;\">3. Millorar la toler\u00e0ncia cap a punts de vista i gustos diferents entre els adolescents i la gent gran.<\/p>\n<p style=\"text-align: justify;\">4. Desenvolupar els valors de solidaritat i ajuda als altres.<\/p>\n<p style=\"text-align: justify;\">5. Realitzar activitats ludicoculturals per al col\u00b7lectiu de la tercera edat.<\/p>\n<p style=\"text-align: justify;\">6. Crear cohesi\u00f3 social i afavorir el respecte mutu i l&#8217;apropament intergeneracional.<\/p>\n<p style=\"text-align: justify;\">Us mostrem els v\u00eddeos de les diferents edicions.\u00a0\u00a0Trobareu\u00a0fotografies de les diferents edicions de Musicavis a la\u00a0<a href=\"http:\/\/agora.xtec.cat\/iesmed\/projecte-educatiu\/galeria-fotografica\/\" target=\"_blank\" rel=\"noopener noreferrer\">galeria fotogr\u00e0fica<\/a>\u00a0i la <a href=\"https:\/\/drive.google.com\/file\/d\/0B7b8z7eRAXjwMWNjYW1vZUZxS1dWSmZoRXBCbU1yZ21OWnVn\/view?usp=sharing\">presentaci\u00f3 el projecte<\/a> en aquesta s\u00edntesi.<\/p>\n<table style=\"height: 84px; width: 535px;\">\n<tbody>\n<tr style=\"height: 31px;\">\n<td style=\"width: 10px; height: 31px;\"><iframe loading=\"lazy\" title=\"MUSICAVIS 2018\" width=\"500\" height=\"281\" src=\"https:\/\/www.youtube.com\/embed\/p5wD9cvaJVA?feature=oembed\" frameborder=\"0\" allow=\"accelerometer; autoplay; clipboard-write; encrypted-media; gyroscope; picture-in-picture; web-share\" referrerpolicy=\"strict-origin-when-cross-origin\" allowfullscreen><\/iframe><\/td>\n<\/tr>\n<tr style=\"height: 31px;\">\n<td style=\"width: 10px; height: 31px;\"><iframe loading=\"lazy\" title=\"MUSICAVIS 2017.\" width=\"500\" height=\"281\" src=\"https:\/\/www.youtube.com\/embed\/iYl0EULfiaQ?feature=oembed\" frameborder=\"0\" allow=\"accelerometer; autoplay; clipboard-write; encrypted-media; gyroscope; picture-in-picture; web-share\" referrerpolicy=\"strict-origin-when-cross-origin\" allowfullscreen><\/iframe><\/td>\n<\/tr>\n<tr style=\"height: 20px;\">\n<td style=\"width: 10px; height: 20px;\"><iframe loading=\"lazy\" title=\"MUSICAVIS 2016\" width=\"500\" height=\"281\" src=\"https:\/\/www.youtube.com\/embed\/T4kilNJnFL4?feature=oembed\" frameborder=\"0\" allow=\"accelerometer; autoplay; clipboard-write; encrypted-media; gyroscope; picture-in-picture; web-share\" referrerpolicy=\"strict-origin-when-cross-origin\" allowfullscreen><\/iframe><\/td>\n<\/tr>\n<tr style=\"height: 20px;\">\n<td style=\"width: 10px; height: 20px;\"><iframe loading=\"lazy\" title=\"Musicavis\" width=\"500\" height=\"281\" src=\"https:\/\/www.youtube.com\/embed\/hFYC6m2M0WA?feature=oembed\" frameborder=\"0\" allow=\"accelerometer; autoplay; clipboard-write; encrypted-media; gyroscope; picture-in-picture; web-share\" referrerpolicy=\"strict-origin-when-cross-origin\" allowfullscreen><\/iframe><\/td>\n<\/tr>\n<tr style=\"height: 20px;\">\n<td style=\"width: 10px; height: 20px;\"><iframe loading=\"lazy\" title=\"MUSICAVIS 2014 VIDEO 1\" width=\"500\" height=\"281\" src=\"https:\/\/www.youtube.com\/embed\/v3dN17rWPGE?feature=oembed\" frameborder=\"0\" allow=\"accelerometer; autoplay; clipboard-write; encrypted-media; gyroscope; picture-in-picture; web-share\" referrerpolicy=\"strict-origin-when-cross-origin\" allowfullscreen><\/iframe><\/td>\n<\/tr>\n<tr style=\"height: 20px;\">\n<td style=\"width: 10px; height: 20px;\"><iframe loading=\"lazy\" title=\"Musicavis 2013\" width=\"500\" height=\"281\" src=\"https:\/\/www.youtube.com\/embed\/1iqsqLk-A-g?feature=oembed\" frameborder=\"0\" allow=\"accelerometer; autoplay; clipboard-write; encrypted-media; gyroscope; picture-in-picture; web-share\" referrerpolicy=\"strict-origin-when-cross-origin\" allowfullscreen><\/iframe><\/td>\n<\/tr>\n<\/tbody>\n<\/table>\n<p>&nbsp;<\/p>\n<p><img decoding=\"async\" src=\"https:\/\/image.jimcdn.com\/app\/cms\/image\/transf\/dimension=210x1024:format=jpg\/path\/s5937b280635e8bf0\/image\/ib9261c498dbec72f\/version\/1385647080\/image.jpg\" alt=\"\" \/><\/p>\n<p>&nbsp;<\/p>\n<p>&nbsp;<\/p>\n","protected":false},"excerpt":{"rendered":"<p>El projecte Musicavis \u00e9s una proposta educativa impulsada pel departament de M\u00fasica de l&#8217;Institut Mediterr\u00e0nia del Vendrell, en la qual participen els alumnes de 4t d&#8217;ESO. Aquest projecte sorgeix d&#8217;una necessitat social centrada en el col\u00b7lectiu de la tercera edat, ja que es tracta de&hellip;  <a href=\"https:\/\/agora.xtec.cat\/iesmed\/els-nostres-projectes\/musicavis\/\" title=\"Read Musicavis\">Llegeix m\u00e9s\u00bb<\/a><\/p>\n","protected":false},"author":1,"featured_media":0,"parent":318,"menu_order":0,"comment_status":"closed","ping_status":"closed","template":"page-templates\/side-menu.php","meta":{"_bbp_topic_count":0,"_bbp_reply_count":0,"_bbp_total_topic_count":0,"_bbp_total_reply_count":0,"_bbp_voice_count":0,"_bbp_anonymous_reply_count":0,"_bbp_topic_count_hidden":0,"_bbp_reply_count_hidden":0,"_bbp_forum_subforum_count":0,"footnotes":""},"class_list":["post-319","page","type-page","status-publish","hentry"],"post_mailing_queue_ids":[],"_links":{"self":[{"href":"https:\/\/agora.xtec.cat\/iesmed\/wp-json\/wp\/v2\/pages\/319","targetHints":{"allow":["GET"]}}],"collection":[{"href":"https:\/\/agora.xtec.cat\/iesmed\/wp-json\/wp\/v2\/pages"}],"about":[{"href":"https:\/\/agora.xtec.cat\/iesmed\/wp-json\/wp\/v2\/types\/page"}],"author":[{"embeddable":true,"href":"https:\/\/agora.xtec.cat\/iesmed\/wp-json\/wp\/v2\/users\/1"}],"replies":[{"embeddable":true,"href":"https:\/\/agora.xtec.cat\/iesmed\/wp-json\/wp\/v2\/comments?post=319"}],"version-history":[{"count":3,"href":"https:\/\/agora.xtec.cat\/iesmed\/wp-json\/wp\/v2\/pages\/319\/revisions"}],"predecessor-version":[{"id":2312,"href":"https:\/\/agora.xtec.cat\/iesmed\/wp-json\/wp\/v2\/pages\/319\/revisions\/2312"}],"up":[{"embeddable":true,"href":"https:\/\/agora.xtec.cat\/iesmed\/wp-json\/wp\/v2\/pages\/318"}],"wp:attachment":[{"href":"https:\/\/agora.xtec.cat\/iesmed\/wp-json\/wp\/v2\/media?parent=319"}],"curies":[{"name":"wp","href":"https:\/\/api.w.org\/{rel}","templated":true}]}}