{"id":3179,"date":"2019-10-29T15:23:37","date_gmt":"2019-10-29T14:23:37","guid":{"rendered":"http:\/\/agora.xtec.cat\/iesmed\/?page_id=3179"},"modified":"2022-04-11T13:42:58","modified_gmt":"2022-04-11T11:42:58","slug":"mediacio-entre-iguals","status":"publish","type":"page","link":"https:\/\/agora.xtec.cat\/iesmed\/els-nostres-projectes\/mediacio-entre-iguals\/","title":{"rendered":"Mediaci\u00f3 entre iguals"},"content":{"rendered":"<p class=\"western\" align=\"justify\"><span style=\"font-size: medium;\"><span style=\"font-family: Arial, serif;\">Des de fa dos anys el departament d&#8217;orientaci\u00f3 s\u2019ha proposat donar una renovaci\u00f3 al projecte de mediaci\u00f3 i canviar el seu format fent que els alumnes siguin els principals protagonistes del servei de mediaci\u00f3, amb la seva implicaci\u00f3 directa com a mediadors per tal d\u2019influir dins de la comunitat educativa. <\/span><\/span><\/p>\n<p class=\"western\" align=\"justify\"><span style=\"font-size: medium;\"><span style=\"font-family: Arial, serif;\"><i>Com s\u2019ha portat a terme el projecte?<\/i><\/span><\/span><\/p>\n<p class=\"western\" align=\"justify\"><span style=\"font-size: medium;\"><span style=\"font-family: Arial, serif;\">En primer lloc es van portar a terme unes sessions dins totes les tutories de 1r fins a 4t de l\u2019ESO, explicant qu\u00e8 \u00e9s la mediaci\u00f3, qui en forma part, diferents maneres de resoldre un conflicte i finalment demanant aquells alumnes que de forma volunt\u00e0ria podrien formar part del projecte. Durant aquests tallers es van interessar per fer la formaci\u00f3 de mediadors uns 50 alumnes. Es va donar prioritat als alumnes de 2n i 3r d\u2019ESO.<\/span><\/span><\/p>\n<p class=\"western\" align=\"justify\"><span style=\"font-size: medium;\"><span style=\"font-family: Arial, serif;\">Un cop feta la selecci\u00f3 de les persones interessades, es van portar a terme quatre sessions de formaci\u00f3 amb un formador extern de l\u2019institut, on els alumnes seleccionats van poder adquirir totes les habilitats, coneixements i pr\u00e0ctiques per poder realitzar les futures mediacions del nostre centre. L\u2019\u00faltima d\u2019aquestes tres sessions la vam realitzar des del departament d\u2019orientaci\u00f3,vam fer una valoraci\u00f3 de la formaci\u00f3 i el plantejament sobre com portarem a terme les futures mediacions del nostre institut. <\/span><\/span><\/p>\n<p class=\"western\" align=\"justify\"><span style=\"font-size: medium;\"><span style=\"font-family: Arial, serif;\">Durant el mes de gener vam comen\u00e7ar a realitzar les primers mediacions portades a terme pels alumnes sota la supervisi\u00f3 d\u2019una persona d\u2019orientaci\u00f3. <\/span><\/span><\/p>\n","protected":false},"excerpt":{"rendered":"<p>Des de fa dos anys el departament d&#8217;orientaci\u00f3 s\u2019ha proposat donar una renovaci\u00f3 al projecte de mediaci\u00f3 i canviar el seu format fent que els alumnes siguin els principals protagonistes del servei de mediaci\u00f3, amb la seva implicaci\u00f3 directa com a mediadors per tal d\u2019influir&hellip;  <a href=\"https:\/\/agora.xtec.cat\/iesmed\/els-nostres-projectes\/mediacio-entre-iguals\/\" title=\"Read Mediaci\u00f3 entre iguals\">Llegeix m\u00e9s\u00bb<\/a><\/p>\n","protected":false},"author":1,"featured_media":0,"parent":318,"menu_order":0,"comment_status":"closed","ping_status":"closed","template":"page-templates\/side-menu.php","meta":{"_bbp_topic_count":0,"_bbp_reply_count":0,"_bbp_total_topic_count":0,"_bbp_total_reply_count":0,"_bbp_voice_count":0,"_bbp_anonymous_reply_count":0,"_bbp_topic_count_hidden":0,"_bbp_reply_count_hidden":0,"_bbp_forum_subforum_count":0,"footnotes":""},"class_list":["post-3179","page","type-page","status-publish","hentry"],"post_mailing_queue_ids":[],"_links":{"self":[{"href":"https:\/\/agora.xtec.cat\/iesmed\/wp-json\/wp\/v2\/pages\/3179","targetHints":{"allow":["GET"]}}],"collection":[{"href":"https:\/\/agora.xtec.cat\/iesmed\/wp-json\/wp\/v2\/pages"}],"about":[{"href":"https:\/\/agora.xtec.cat\/iesmed\/wp-json\/wp\/v2\/types\/page"}],"author":[{"embeddable":true,"href":"https:\/\/agora.xtec.cat\/iesmed\/wp-json\/wp\/v2\/users\/1"}],"replies":[{"embeddable":true,"href":"https:\/\/agora.xtec.cat\/iesmed\/wp-json\/wp\/v2\/comments?post=3179"}],"version-history":[{"count":2,"href":"https:\/\/agora.xtec.cat\/iesmed\/wp-json\/wp\/v2\/pages\/3179\/revisions"}],"predecessor-version":[{"id":3186,"href":"https:\/\/agora.xtec.cat\/iesmed\/wp-json\/wp\/v2\/pages\/3179\/revisions\/3186"}],"up":[{"embeddable":true,"href":"https:\/\/agora.xtec.cat\/iesmed\/wp-json\/wp\/v2\/pages\/318"}],"wp:attachment":[{"href":"https:\/\/agora.xtec.cat\/iesmed\/wp-json\/wp\/v2\/media?parent=3179"}],"curies":[{"name":"wp","href":"https:\/\/api.w.org\/{rel}","templated":true}]}}