{"id":3177,"date":"2019-10-29T15:23:18","date_gmt":"2019-10-29T14:23:18","guid":{"rendered":"http:\/\/agora.xtec.cat\/iesmed\/?page_id=3177"},"modified":"2022-04-11T13:43:31","modified_gmt":"2022-04-11T11:43:31","slug":"padrins","status":"publish","type":"page","link":"https:\/\/agora.xtec.cat\/iesmed\/els-nostres-projectes\/padrins\/","title":{"rendered":"Padrins"},"content":{"rendered":"<p class=\"western\" align=\"justify\"><span style=\"font-size: medium;\"><span style=\"font-family: Arial, serif;\">Partint d&#8217;un an\u00e0lisi de necessitats del centre, un dels punts millorables del nostre institut ha estat l\u2019acollida i acompanyament del nou alumnat de 1r d\u2019ESO en aquesta nova etapa. A nivell de tutors\/es i orientadors\/es \u00e9s correcte, per\u00f2 es podria millorar amb l\u2019acompanyament i suport de la resta d\u2019alumnat de nivells superiors. Per aix\u00f2 s\u2019ha plantejat iniciar el Projecte PADRINS, que t\u00e9 els objectius seg\u00fcents: <\/span><\/span><\/p>\n<ul>\n<li>\n<p class=\"western\" align=\"justify\"><span style=\"font-size: medium;\"><span style=\"color: #000000;\"><span style=\"font-family: Arial, serif;\">Millorar l\u2019acollida al centre i la difusi\u00f3 del nostre projecte de centre, tant a nivell educatiu com al nou alumnat de primer<\/span><\/span><\/span><\/p>\n<\/li>\n<li>\n<p class=\"western\" align=\"justify\"><span style=\"font-size: medium;\"><span style=\"color: #000000;\"><span style=\"font-family: Arial, serif;\">Crear un vincle entre padrins i <\/span><\/span><span style=\"font-family: Arial, serif;\">apadrinats<\/span><span style=\"color: #000000;\"><span style=\"font-family: Arial, serif;\"> que fomenti l&#8217;empatia, la col\u00b7laboraci\u00f3 i el sentiment de <\/span><\/span><span style=\"font-family: Arial, serif;\">pertinen\u00e7a<\/span><span style=\"color: #000000;\"><span style=\"font-family: Arial, serif;\"> al centre.<\/span><\/span><\/span><\/p>\n<\/li>\n<li>\n<p class=\"western\" align=\"justify\"><span style=\"font-size: medium;\"><span style=\"color: #000000;\"><span style=\"font-family: Arial, serif;\">Fomentar l&#8217;intercanvi de viv\u00e8ncies, coneixements i emocions entre alumnes de diferents nivells.<\/span><\/span><\/span><\/p>\n<\/li>\n<li>\n<p class=\"western\" align=\"justify\"><span style=\"font-size: medium;\"><span style=\"color: #000000;\"><span style=\"font-family: Arial, serif;\">Facilitar l\u2019adaptaci\u00f3 a la instituci\u00f3 del nou alumnat que arriba a primer d\u2019ESO.<\/span><\/span><\/span><\/p>\n<\/li>\n<li>\n<p class=\"western\" align=\"justify\"><span style=\"font-size: medium;\"><span style=\"color: #000000;\"><span style=\"font-family: Arial, serif;\">Crear un programa d\u2019activitats previ a la implementaci\u00f3 del projecte per donar-lo a con\u00e8ixer i en el que es formi un equip pilot <\/span><\/span><span style=\"font-family: Arial, serif;\">apadrinament<\/span><span style=\"color: #000000;\"><span style=\"font-family: Arial, serif;\"> d\u2019alumnes <\/span><\/span><\/span><\/p>\n<\/li>\n<li>\n<p class=\"western\" align=\"justify\"><span style=\"font-size: medium;\"><span style=\"color: #000000;\"><span style=\"font-family: Arial, serif;\">Organitzar la rebuda de l\u2019alumnat apadrinat i preparar la benvinguda del proper curs.\u00a0<\/span><\/span><\/span><\/p>\n<\/li>\n<li>\n<p class=\"western\" align=\"justify\"><span style=\"font-size: medium;\"><span style=\"color: #000000;\"><span style=\"font-family: Arial, serif;\">Adquirir compet\u00e8ncies b\u00e0siques per a desenvolupar les tasques pr\u00f2pies del padr\u00ed o padrina.\u00a0<\/span><\/span><\/span><\/p>\n<\/li>\n<li>\n<p class=\"western\" align=\"justify\"><span style=\"font-size: medium;\"><span style=\"color: #000000;\"><span style=\"font-family: Arial, serif;\">Formar i acompanyar els padrins en les seves tasques.<\/span><\/span><\/span><\/p>\n<\/li>\n<li>\n<p class=\"western\" align=\"justify\"><span style=\"font-size: medium;\"><span style=\"color: #000000;\"><span style=\"font-family: Arial, serif;\">Crear eines i espais tant per a la comunicaci\u00f3 i el treball cooperatiu, com per la difusi\u00f3 dels productes i les activitats dirigides a l\u2019alumnat apadrinat.<\/span><\/span><\/span><\/p>\n<\/li>\n<\/ul>\n<p class=\"western\" align=\"justify\"><span style=\"font-size: medium;\"><span style=\"font-family: Arial, serif;\">Els alumnes que faran de padrins i padrines s\u00f3n voluntaris de 3r i 4t d&#8217;ESO i han passat unes sessions de formaci\u00f3 per part del Departament d&#8217;Orientaci\u00f3.<\/span><\/span><\/p>\n<p class=\"western\" align=\"justify\"><span style=\"font-size: medium;\"><span style=\"font-family: Arial, serif;\">Els alumnes apadrinats s\u00f3n tots els alumnes que inicien 1r d\u2019ESO, per\u00f2 amb una atenci\u00f3 especial a aquells alumnes que des de l\u2019EAP o el trasp\u00e0s de prim\u00e0ria ja ens han informat que necessiten especialment aquest acompanyament. Seran apadrinats durant el primer cicle pels mateixos padrins, i quan arribin a finals de 2n podran decidir si volen ser padrins o padrines dels nous de 1r.<\/span><\/span><\/p>\n<p class=\"western\" align=\"justify\"><span style=\"font-size: medium;\"><span style=\"font-family: Arial, serif;\">Tant els padrins com els apadrinats seran acompanyats i supervisats per l\u2019equip d\u2019orientaci\u00f3. <\/span><\/span><\/p>\n","protected":false},"excerpt":{"rendered":"<p>Partint d&#8217;un an\u00e0lisi de necessitats del centre, un dels punts millorables del nostre institut ha estat l\u2019acollida i acompanyament del nou alumnat de 1r d\u2019ESO en aquesta nova etapa. A nivell de tutors\/es i orientadors\/es \u00e9s correcte, per\u00f2 es podria millorar amb l\u2019acompanyament i suport&hellip;  <a href=\"https:\/\/agora.xtec.cat\/iesmed\/els-nostres-projectes\/padrins\/\" title=\"Read Padrins\">Llegeix m\u00e9s\u00bb<\/a><\/p>\n","protected":false},"author":1,"featured_media":0,"parent":318,"menu_order":0,"comment_status":"closed","ping_status":"closed","template":"page-templates\/side-menu.php","meta":{"_bbp_topic_count":0,"_bbp_reply_count":0,"_bbp_total_topic_count":0,"_bbp_total_reply_count":0,"_bbp_voice_count":0,"_bbp_anonymous_reply_count":0,"_bbp_topic_count_hidden":0,"_bbp_reply_count_hidden":0,"_bbp_forum_subforum_count":0,"footnotes":""},"class_list":["post-3177","page","type-page","status-publish","hentry"],"post_mailing_queue_ids":[],"_links":{"self":[{"href":"https:\/\/agora.xtec.cat\/iesmed\/wp-json\/wp\/v2\/pages\/3177","targetHints":{"allow":["GET"]}}],"collection":[{"href":"https:\/\/agora.xtec.cat\/iesmed\/wp-json\/wp\/v2\/pages"}],"about":[{"href":"https:\/\/agora.xtec.cat\/iesmed\/wp-json\/wp\/v2\/types\/page"}],"author":[{"embeddable":true,"href":"https:\/\/agora.xtec.cat\/iesmed\/wp-json\/wp\/v2\/users\/1"}],"replies":[{"embeddable":true,"href":"https:\/\/agora.xtec.cat\/iesmed\/wp-json\/wp\/v2\/comments?post=3177"}],"version-history":[{"count":2,"href":"https:\/\/agora.xtec.cat\/iesmed\/wp-json\/wp\/v2\/pages\/3177\/revisions"}],"predecessor-version":[{"id":3187,"href":"https:\/\/agora.xtec.cat\/iesmed\/wp-json\/wp\/v2\/pages\/3177\/revisions\/3187"}],"up":[{"embeddable":true,"href":"https:\/\/agora.xtec.cat\/iesmed\/wp-json\/wp\/v2\/pages\/318"}],"wp:attachment":[{"href":"https:\/\/agora.xtec.cat\/iesmed\/wp-json\/wp\/v2\/media?parent=3177"}],"curies":[{"name":"wp","href":"https:\/\/api.w.org\/{rel}","templated":true}]}}