{"id":3147,"date":"2019-10-16T14:16:04","date_gmt":"2019-10-16T12:16:04","guid":{"rendered":"http:\/\/agora.xtec.cat\/iesmed\/?page_id=3147"},"modified":"2022-04-29T10:26:02","modified_gmt":"2022-04-29T08:26:02","slug":"motivat","status":"publish","type":"page","link":"https:\/\/agora.xtec.cat\/iesmed\/els-nostres-projectes\/motivat\/","title":{"rendered":"Motiva&#8217;t"},"content":{"rendered":"<p class=\"western\" align=\"justify\"><span style=\"font-size: medium;\"><span style=\"font-family: Arial, serif;\">El projecte Motiva\u2019t va n\u00e9ixer el curs 2017- 2018 en el Departament d\u2019Orientaci\u00f3 de l\u2019Institut Mediterr\u00e0nia de la necessitat de donar una resposta a aquell alumnat que per desmotivaci\u00f3, manca d\u2019inter\u00e8s pels aprenentatges o poca integraci\u00f3 i vinculaci\u00f3 amb el centre o amb els iguals comencen a fer absentisme, a mostrar actituds o comportaments inapropiats a l\u2019aula, o simplement, dormen o perden el temps durant la majoria d\u2019hores lectives al centre.<\/span><\/span><\/p>\n<p class=\"western\" align=\"justify\"><span style=\"font-size: medium;\"><span style=\"font-family: Arial, serif;\">Per vincular-los al centre, fer-los sentir \u00fatils i valorats i recuperar l\u2019inter\u00e8s per assistir al centre i de retruc a comen\u00e7ar-se a portar millor a les classes, vam decidir destinar algunes hores del seu horari lectiu m\u00e9s feixuc a fer tasques \u00fatils per a l\u2019institut i alhora interessants i motivadores per ells.<\/span><\/span><\/p>\n<p class=\"western\" align=\"justify\"><span style=\"font-size: medium;\"><span style=\"color: #222222;\"><span style=\"font-family: Arial, serif;\"><br \/>\nEls diferents objectius d&#8217;aquest\u00a0projecte\u00a0s\u00f3n:<\/span><\/span><\/span><\/p>\n<ul>\n<li>\n<p class=\"western\" align=\"justify\"><span style=\"font-size: medium;\"><span style=\"color: #222222;\"><span style=\"font-family: Arial, serif;\">Agafar h\u00e0bits socials i laborals.<\/span><\/span><\/span><\/p>\n<\/li>\n<li>\n<p class=\"western\" align=\"justify\"><span style=\"font-size: medium;\"><span style=\"color: #222222;\"><span style=\"font-family: Arial, serif;\">Proporcionar un espai de desconnexi\u00f3 tant per a l&#8217;alumne com per al professorat i el\u00a0grup classe.<\/span><\/span><\/span><\/p>\n<\/li>\n<li>\n<p class=\"western\" align=\"justify\"><span style=\"font-size: medium;\"><span style=\"color: #222222;\"><span style=\"font-family: Arial, serif;\">Treballar la motivaci\u00f3 per a un futur m\u00f3n laboral.<\/span><\/span><\/span><\/p>\n<\/li>\n<li>\n<p class=\"western\" align=\"justify\"><span style=\"font-size: medium;\"><span style=\"color: #222222;\"><span style=\"font-family: Arial, serif;\">Augmentar l&#8217;autoestima i treballar els aspectes emocionals.<\/span><\/span><\/span><\/p>\n<\/li>\n<li>\n<p class=\"western\" align=\"justify\"><span style=\"font-size: medium;\"><span style=\"color: #222222;\"><span style=\"font-family: Arial, serif;\">Millorar les conductes disruptives.<\/span><\/span><\/span><\/p>\n<\/li>\n<li>\n<p class=\"western\" align=\"justify\"><span style=\"font-size: medium;\"><span style=\"color: #222222;\"><span style=\"font-family: Arial, serif;\">Motivar-los per assistir a l&#8217;institut i reduir el seu nivell d&#8217;absentisme.<\/span><\/span><\/span><\/p>\n<\/li>\n<\/ul>\n<p class=\"western\" align=\"justify\"><span style=\"font-size: medium;\"><span style=\"color: #222222;\"><span style=\"font-family: Arial, serif;\">Els alumnes escollits per realitzar aquest projecte, a proposta de l\u2019equip d\u2019orientaci\u00f3, es consensuen entre tots els professors i amb l&#8217;aprovaci\u00f3 de l&#8217;equip directiu. Els grups s\u00f3n flexibles i es poden modificar durant tot els curs. El pacte amb els alumnes tamb\u00e9 \u00e9s fonamental perqu\u00e8 aquest projecte tingui \u00e8xit i doni bons resultats.<\/span><\/span><\/span><\/p>\n<p class=\"western\" align=\"justify\"><span style=\"font-size: medium;\"><span style=\"color: #222222;\"><span style=\"font-family: Arial, serif;\">Aquest\u00a0projecte\u00a0s\u2019ha desenvolupat de dilluns a dijous durant la 4a o 5a hora, depenent de la disponibilitats de les orientadores. Una orientadora juntament amb el TIS els van a buscar a l\u2019aula i s\u00f3n els encarregats de dur a terme aquestes activitats amb els alumnes. <\/span><\/span><\/span><\/p>\n<p class=\"western\" align=\"justify\"><span style=\"font-size: medium;\"><span style=\"color: #222222;\"><span style=\"font-family: Arial, serif;\">Al llarg del curs, segons les necessitats, hi ha hagut modificacions als grups. S\u2019han incorporat nous alumnes i altres han sortit del projecte. <\/span><\/span><\/span><\/p>\n","protected":false},"excerpt":{"rendered":"<p>El projecte Motiva\u2019t va n\u00e9ixer el curs 2017- 2018 en el Departament d\u2019Orientaci\u00f3 de l\u2019Institut Mediterr\u00e0nia de la necessitat de donar una resposta a aquell alumnat que per desmotivaci\u00f3, manca d\u2019inter\u00e8s pels aprenentatges o poca integraci\u00f3 i vinculaci\u00f3 amb el centre o amb els iguals&hellip;  <a href=\"https:\/\/agora.xtec.cat\/iesmed\/els-nostres-projectes\/motivat\/\" title=\"Read Motiva&#8217;t\">Llegeix m\u00e9s\u00bb<\/a><\/p>\n","protected":false},"author":1,"featured_media":0,"parent":318,"menu_order":0,"comment_status":"closed","ping_status":"closed","template":"page-templates\/side-menu.php","meta":{"_bbp_topic_count":0,"_bbp_reply_count":0,"_bbp_total_topic_count":0,"_bbp_total_reply_count":0,"_bbp_voice_count":0,"_bbp_anonymous_reply_count":0,"_bbp_topic_count_hidden":0,"_bbp_reply_count_hidden":0,"_bbp_forum_subforum_count":0,"footnotes":""},"class_list":["post-3147","page","type-page","status-publish","hentry"],"post_mailing_queue_ids":[],"_links":{"self":[{"href":"https:\/\/agora.xtec.cat\/iesmed\/wp-json\/wp\/v2\/pages\/3147","targetHints":{"allow":["GET"]}}],"collection":[{"href":"https:\/\/agora.xtec.cat\/iesmed\/wp-json\/wp\/v2\/pages"}],"about":[{"href":"https:\/\/agora.xtec.cat\/iesmed\/wp-json\/wp\/v2\/types\/page"}],"author":[{"embeddable":true,"href":"https:\/\/agora.xtec.cat\/iesmed\/wp-json\/wp\/v2\/users\/1"}],"replies":[{"embeddable":true,"href":"https:\/\/agora.xtec.cat\/iesmed\/wp-json\/wp\/v2\/comments?post=3147"}],"version-history":[{"count":3,"href":"https:\/\/agora.xtec.cat\/iesmed\/wp-json\/wp\/v2\/pages\/3147\/revisions"}],"predecessor-version":[{"id":3185,"href":"https:\/\/agora.xtec.cat\/iesmed\/wp-json\/wp\/v2\/pages\/3147\/revisions\/3185"}],"up":[{"embeddable":true,"href":"https:\/\/agora.xtec.cat\/iesmed\/wp-json\/wp\/v2\/pages\/318"}],"wp:attachment":[{"href":"https:\/\/agora.xtec.cat\/iesmed\/wp-json\/wp\/v2\/media?parent=3147"}],"curies":[{"name":"wp","href":"https:\/\/api.w.org\/{rel}","templated":true}]}}