{"id":3143,"date":"2019-10-16T14:15:19","date_gmt":"2019-10-16T12:15:19","guid":{"rendered":"http:\/\/agora.xtec.cat\/iesmed\/?page_id=3143"},"modified":"2022-04-29T10:27:44","modified_gmt":"2022-04-29T08:27:44","slug":"banc-de-sang","status":"publish","type":"page","link":"https:\/\/agora.xtec.cat\/iesmed\/els-nostres-projectes\/banc-de-sang\/","title":{"rendered":"Banc de sang"},"content":{"rendered":"<p style=\"text-align: justify;\">El projecte Banc de Sang \u00e9s un dels projectes que es desenvolupen al nostre centre dintre del Servei Comunitari, una mat\u00e8ria transversal en qu\u00e8 l\u2019aprenentatge de l\u2019alumne es combina amb una aportaci\u00f3 social a la comunitat m\u00e9s propera. \u00c9s una activitat pensada per als alumnes de tercer de l&#8217;ESO i que es desenvolupa durant el segon trimestre.<\/p>\n<p style=\"text-align: justify;\">Gr\u00e0cies al projecte Banc de Sang, els alumnes aprenen a dissenyar una campanya de sensibilitzaci\u00f3. Per fer aix\u00f2 primer coneixen la composici\u00f3 de la sang i la seva import\u00e0ncia en el cos hum\u00e0, aprenen a dissenyar tr\u00edptics i cartells i duen a terme la difusi\u00f3 de la campanya per aconseguir el m\u00e0xim de donacions de sang.<\/p>\n<p style=\"text-align: justify;\">Aquest projecte es fa en col\u00b7laboraci\u00f3 amb el Banc de Sang i de Teixits de Catalunya. Personal d\u2019aquesta entitat col.labora tant amb la part educativa del projecte com en el desplegament de la nostra campanya.<\/p>\n<p style=\"text-align: justify;\">Des d\u2019aqu\u00ed us animem a tots els majors d\u2019edat a participar en la donaci\u00f3 de sang el dia de la campanya. Al llarg dels curs us anirem informant de les diferents dates en les quals farem la difusi\u00f3 i la campanya de recollida.<\/p>\n","protected":false},"excerpt":{"rendered":"<p>El projecte Banc de Sang \u00e9s un dels projectes que es desenvolupen al nostre centre dintre del Servei Comunitari, una mat\u00e8ria transversal en qu\u00e8 l\u2019aprenentatge de l\u2019alumne es combina amb una aportaci\u00f3 social a la comunitat m\u00e9s propera. \u00c9s una activitat pensada per als alumnes&hellip;  <a href=\"https:\/\/agora.xtec.cat\/iesmed\/els-nostres-projectes\/banc-de-sang\/\" title=\"Read Banc de sang\">Llegeix m\u00e9s\u00bb<\/a><\/p>\n","protected":false},"author":1,"featured_media":0,"parent":318,"menu_order":0,"comment_status":"closed","ping_status":"closed","template":"page-templates\/side-menu.php","meta":{"_bbp_topic_count":0,"_bbp_reply_count":0,"_bbp_total_topic_count":0,"_bbp_total_reply_count":0,"_bbp_voice_count":0,"_bbp_anonymous_reply_count":0,"_bbp_topic_count_hidden":0,"_bbp_reply_count_hidden":0,"_bbp_forum_subforum_count":0,"footnotes":""},"class_list":["post-3143","page","type-page","status-publish","hentry"],"post_mailing_queue_ids":[],"_links":{"self":[{"href":"https:\/\/agora.xtec.cat\/iesmed\/wp-json\/wp\/v2\/pages\/3143","targetHints":{"allow":["GET"]}}],"collection":[{"href":"https:\/\/agora.xtec.cat\/iesmed\/wp-json\/wp\/v2\/pages"}],"about":[{"href":"https:\/\/agora.xtec.cat\/iesmed\/wp-json\/wp\/v2\/types\/page"}],"author":[{"embeddable":true,"href":"https:\/\/agora.xtec.cat\/iesmed\/wp-json\/wp\/v2\/users\/1"}],"replies":[{"embeddable":true,"href":"https:\/\/agora.xtec.cat\/iesmed\/wp-json\/wp\/v2\/comments?post=3143"}],"version-history":[{"count":3,"href":"https:\/\/agora.xtec.cat\/iesmed\/wp-json\/wp\/v2\/pages\/3143\/revisions"}],"predecessor-version":[{"id":4743,"href":"https:\/\/agora.xtec.cat\/iesmed\/wp-json\/wp\/v2\/pages\/3143\/revisions\/4743"}],"up":[{"embeddable":true,"href":"https:\/\/agora.xtec.cat\/iesmed\/wp-json\/wp\/v2\/pages\/318"}],"wp:attachment":[{"href":"https:\/\/agora.xtec.cat\/iesmed\/wp-json\/wp\/v2\/media?parent=3143"}],"curies":[{"name":"wp","href":"https:\/\/api.w.org\/{rel}","templated":true}]}}