{"id":302,"date":"2016-04-07T15:18:35","date_gmt":"2016-04-07T14:18:35","guid":{"rendered":"http:\/\/agora.xtec.cat\/iesmed\/?page_id=302"},"modified":"2025-07-08T12:59:49","modified_gmt":"2025-07-08T10:59:49","slug":"mediterrnews","status":"publish","type":"page","link":"https:\/\/agora.xtec.cat\/iesmed\/els-nostres-projectes\/mediterrnews\/","title":{"rendered":"Mediterr@news"},"content":{"rendered":"<p><span style=\"color: #333333;\">REVISTA NOVA, IMATGE NOVA<\/span><\/p>\n<p style=\"text-align: justify;\"><img loading=\"lazy\" decoding=\"async\" class=\" wp-image-7383 alignleft\" src=\"https:\/\/agora.xtec.cat\/iesmed\/wp-content\/uploads\/usu815\/2025\/07\/logo-revista.png\" alt=\"\" width=\"158\" height=\"102\" \/>L&#8217;Institut Mediterr\u00e0nia presenta amb orgull el nou logotip de la seva revista escolar Mediterranews, elaborat per les alumnes de 4t ESO B del curs 2024-2025, el nou disseny que incorpora els colors emblem\u00e0tics de l&#8217;institut: el groc i el blau, que simbolitzen, respectivament, el sol i el mar del paisatge caracter\u00edstic del Baix Pened\u00e8s.<\/p>\n<p><a href=\"https:\/\/drive.google.com\/file\/d\/1HpiH83VffC80pNfSiL_XabdaVJENx7lD\/view?usp=drive_link\"><img loading=\"lazy\" decoding=\"async\" class=\"aligncenter wp-image-7402\" src=\"https:\/\/agora.xtec.cat\/iesmed\/wp-content\/uploads\/usu815\/2025\/07\/revista8.jpg\" alt=\"\" width=\"405\" height=\"572\" srcset=\"https:\/\/agora.xtec.cat\/iesmed\/wp-content\/uploads\/usu815\/2025\/07\/revista8.jpg 597w, https:\/\/agora.xtec.cat\/iesmed\/wp-content\/uploads\/usu815\/2025\/07\/revista8-212x300.jpg 212w\" sizes=\"auto, (max-width: 405px) 100vw, 405px\" \/><\/a><\/p>\n<p>&nbsp;<\/p>\n<p>EDICIONS ANTERIORS<\/p>\n<table style=\"border-collapse: collapse; width: 100%;\">\n<tbody>\n<tr>\n<td style=\"width: 33.3333%;\"><a href=\"https:\/\/drive.google.com\/file\/d\/1p6Tjf2VjvvveYINEM_9rQ5QhCRDR-9Z3\/view?usp=drive_link\"><img loading=\"lazy\" decoding=\"async\" class=\"aligncenter size-full wp-image-7393\" src=\"https:\/\/agora.xtec.cat\/iesmed\/wp-content\/uploads\/usu815\/2025\/07\/portada-7.png\" alt=\"\" width=\"533\" height=\"734\" srcset=\"https:\/\/agora.xtec.cat\/iesmed\/wp-content\/uploads\/usu815\/2025\/07\/portada-7.png 533w, https:\/\/agora.xtec.cat\/iesmed\/wp-content\/uploads\/usu815\/2025\/07\/portada-7-218x300.png 218w\" sizes=\"auto, (max-width: 533px) 100vw, 533px\" \/><\/a><\/td>\n<td style=\"width: 33.3333%;\"><a href=\"https:\/\/drive.google.com\/file\/d\/1HbhdkefWCna1iG1YYjsmayfCH4M-gQ5H\/view?usp=drive_link\"><img loading=\"lazy\" decoding=\"async\" class=\"aligncenter size-full wp-image-7392\" src=\"https:\/\/agora.xtec.cat\/iesmed\/wp-content\/uploads\/usu815\/2025\/07\/portad-6.png\" alt=\"\" width=\"543\" height=\"728\" srcset=\"https:\/\/agora.xtec.cat\/iesmed\/wp-content\/uploads\/usu815\/2025\/07\/portad-6.png 543w, https:\/\/agora.xtec.cat\/iesmed\/wp-content\/uploads\/usu815\/2025\/07\/portad-6-224x300.png 224w\" sizes=\"auto, (max-width: 543px) 100vw, 543px\" \/><\/a><\/td>\n<td style=\"width: 33.3333%;\"><a href=\"https:\/\/drive.google.com\/file\/d\/12Uaoysy6JPBHyWdpActgyq0tC4pjH9Vp\/view?usp=drive_link\"><img loading=\"lazy\" decoding=\"async\" class=\"aligncenter wp-image-2302 size-full\" src=\"https:\/\/agora.xtec.cat\/iesmed\/wp-content\/uploads\/usu815\/2016\/04\/5rev.png\" alt=\"\" width=\"566\" height=\"746\" srcset=\"https:\/\/agora.xtec.cat\/iesmed\/wp-content\/uploads\/usu815\/2016\/04\/5rev.png 566w, https:\/\/agora.xtec.cat\/iesmed\/wp-content\/uploads\/usu815\/2016\/04\/5rev-228x300.png 228w\" sizes=\"auto, (max-width: 566px) 100vw, 566px\" \/><\/a><\/td>\n<\/tr>\n<tr>\n<td style=\"width: 33.3333%;\"><a href=\"https:\/\/drive.google.com\/open?id=1Z16kvkgwHaFUSwsTy8R63R8mC-wcWjbC\"><img loading=\"lazy\" decoding=\"async\" class=\"aligncenter size-full wp-image-2282\" src=\"http:\/\/agora.xtec.cat\/iesmed\/wp-content\/uploads\/usu815\/2016\/04\/4rev.png\" alt=\"\" width=\"544\" height=\"721\" srcset=\"https:\/\/agora.xtec.cat\/iesmed\/wp-content\/uploads\/usu815\/2016\/04\/4rev.png 544w, https:\/\/agora.xtec.cat\/iesmed\/wp-content\/uploads\/usu815\/2016\/04\/4rev-226x300.png 226w\" sizes=\"auto, (max-width: 544px) 100vw, 544px\" \/><\/a><\/td>\n<td style=\"width: 33.3333%;\"><a href=\"https:\/\/drive.google.com\/open?id=1g6d7ekV6duVnkFXBPYf2SRjygDVBKLBO\"><img loading=\"lazy\" decoding=\"async\" class=\"aligncenter size-full wp-image-2281\" src=\"http:\/\/agora.xtec.cat\/iesmed\/wp-content\/uploads\/usu815\/2016\/04\/3rev.png\" alt=\"\" width=\"543\" height=\"727\" srcset=\"https:\/\/agora.xtec.cat\/iesmed\/wp-content\/uploads\/usu815\/2016\/04\/3rev.png 543w, https:\/\/agora.xtec.cat\/iesmed\/wp-content\/uploads\/usu815\/2016\/04\/3rev-224x300.png 224w\" sizes=\"auto, (max-width: 543px) 100vw, 543px\" \/><\/a><\/td>\n<td style=\"width: 33.3333%;\"><a href=\"https:\/\/drive.google.com\/open?id=1d_hhqiJVNgBMRe_stqUos6ZAUrdmvpI2\"><img loading=\"lazy\" decoding=\"async\" class=\"aligncenter size-full wp-image-2280\" src=\"http:\/\/agora.xtec.cat\/iesmed\/wp-content\/uploads\/usu815\/2016\/04\/2rev.png\" alt=\"\" width=\"543\" height=\"725\" srcset=\"https:\/\/agora.xtec.cat\/iesmed\/wp-content\/uploads\/usu815\/2016\/04\/2rev.png 543w, https:\/\/agora.xtec.cat\/iesmed\/wp-content\/uploads\/usu815\/2016\/04\/2rev-225x300.png 225w\" sizes=\"auto, (max-width: 543px) 100vw, 543px\" \/><\/a><\/td>\n<\/tr>\n<\/tbody>\n<\/table>\n<p><!--more--><\/p>\n","protected":false},"excerpt":{"rendered":"<p>REVISTA NOVA, IMATGE NOVA<br \/>\nL&#8217;Institut Mediterr\u00e0nia presenta amb orgull el nou logotip de la seva revista escolar Mediterranews, elaborat per les alumnes de 4t ESO B del curs 2024-2025, el nou disseny que incorpora els colors emblem\u00e0tics de l&#8217;institut: el groc i el blau, que simbolitzen,&hellip;  <a href=\"https:\/\/agora.xtec.cat\/iesmed\/els-nostres-projectes\/mediterrnews\/\" title=\"Read Mediterr@news\">Llegeix m\u00e9s\u00bb<\/a><\/p>\n","protected":false},"author":1,"featured_media":0,"parent":318,"menu_order":0,"comment_status":"closed","ping_status":"closed","template":"page-templates\/side-menu.php","meta":{"_bbp_topic_count":0,"_bbp_reply_count":0,"_bbp_total_topic_count":0,"_bbp_total_reply_count":0,"_bbp_voice_count":0,"_bbp_anonymous_reply_count":0,"_bbp_topic_count_hidden":0,"_bbp_reply_count_hidden":0,"_bbp_forum_subforum_count":0,"footnotes":""},"class_list":["post-302","page","type-page","status-publish","hentry"],"post_mailing_queue_ids":[],"_links":{"self":[{"href":"https:\/\/agora.xtec.cat\/iesmed\/wp-json\/wp\/v2\/pages\/302","targetHints":{"allow":["GET"]}}],"collection":[{"href":"https:\/\/agora.xtec.cat\/iesmed\/wp-json\/wp\/v2\/pages"}],"about":[{"href":"https:\/\/agora.xtec.cat\/iesmed\/wp-json\/wp\/v2\/types\/page"}],"author":[{"embeddable":true,"href":"https:\/\/agora.xtec.cat\/iesmed\/wp-json\/wp\/v2\/users\/1"}],"replies":[{"embeddable":true,"href":"https:\/\/agora.xtec.cat\/iesmed\/wp-json\/wp\/v2\/comments?post=302"}],"version-history":[{"count":6,"href":"https:\/\/agora.xtec.cat\/iesmed\/wp-json\/wp\/v2\/pages\/302\/revisions"}],"predecessor-version":[{"id":7406,"href":"https:\/\/agora.xtec.cat\/iesmed\/wp-json\/wp\/v2\/pages\/302\/revisions\/7406"}],"up":[{"embeddable":true,"href":"https:\/\/agora.xtec.cat\/iesmed\/wp-json\/wp\/v2\/pages\/318"}],"wp:attachment":[{"href":"https:\/\/agora.xtec.cat\/iesmed\/wp-json\/wp\/v2\/media?parent=302"}],"curies":[{"name":"wp","href":"https:\/\/api.w.org\/{rel}","templated":true}]}}