{"id":1866,"date":"2018-01-08T18:50:06","date_gmt":"2018-01-08T17:50:06","guid":{"rendered":"http:\/\/agora.xtec.cat\/iesmed\/?page_id=1866"},"modified":"2024-07-02T09:19:54","modified_gmt":"2024-07-02T07:19:54","slug":"eso-curriculum","status":"publish","type":"page","link":"https:\/\/agora.xtec.cat\/iesmed\/estudis\/eso-curriculum\/","title":{"rendered":"ESO Curr\u00edculum"},"content":{"rendered":"<table dir=\"ltr\" style=\"width: 58.7323%;\" border=\"1\" cellspacing=\"0\" cellpadding=\"0\">\n<colgroup>\n<col width=\"353\" \/>\n<col width=\"123\" \/>\n<col width=\"395\" \/>\n<col width=\"123\" \/>\n<col width=\"177\" \/><\/colgroup>\n<tbody>\n<tr>\n<td style=\"width: 37.5677%; background-color: #cde6fa;\" data-sheets-numberformat=\"{&quot;1&quot;:2,&quot;2&quot;:&quot;0&quot;,&quot;3&quot;:1}\"><\/td>\n<td style=\"width: 2.05761%; background-color: #cde6fa;\" data-sheets-value=\"{&quot;1&quot;:2,&quot;2&quot;:&quot;LOM-LOE&quot;}\">LOM-LOE<\/td>\n<td style=\"width: 5.42227%; background-color: #cde6fa;\" data-sheets-value=\"{&quot;1&quot;:2,&quot;2&quot;:&quot;LOE adaptada&quot;}\">LOM-LOE<\/td>\n<td style=\"width: 4.78318%; background-color: #cde6fa;\" data-sheets-value=\"{&quot;1&quot;:2,&quot;2&quot;:&quot;LOM-LOE&quot;}\">LOM-LOE<\/td>\n<td style=\"width: 3.45082%; background-color: #cde6fa;\" data-sheets-value=\"{&quot;1&quot;:2,&quot;2&quot;:&quot;LOE&quot;}\">LOM-LOE<\/td>\n<\/tr>\n<tr>\n<td style=\"width: 37.5677%; background-color: #7f99f5;\" data-sheets-value=\"{&quot;1&quot;:2,&quot;2&quot;:&quot;Mat\u00e8ries &quot;}\" data-sheets-numberformat=\"{&quot;1&quot;:2,&quot;2&quot;:&quot;0&quot;,&quot;3&quot;:1}\">Mat\u00e8ries<\/td>\n<td style=\"width: 2.05761%;\" data-sheets-value=\"{&quot;1&quot;:2,&quot;2&quot;:&quot;1r &quot;}\">1r<\/td>\n<td style=\"width: 5.42227%;\" data-sheets-value=\"{&quot;1&quot;:2,&quot;2&quot;:&quot;2n &quot;}\">2n<\/td>\n<td style=\"width: 4.78318%;\" data-sheets-value=\"{&quot;1&quot;:2,&quot;2&quot;:&quot;3r&quot;}\">3r<\/td>\n<td style=\"width: 3.45082%;\" data-sheets-value=\"{&quot;1&quot;:2,&quot;2&quot;:&quot;4t&quot;}\">4t<\/td>\n<\/tr>\n<tr>\n<td style=\"width: 37.5677%; background-color: #7f99f5;\" data-sheets-value=\"{&quot;1&quot;:2,&quot;2&quot;:&quot;Biologia i Geologia (2)&quot;}\" data-sheets-numberformat=\"{&quot;1&quot;:2,&quot;2&quot;:&quot;0&quot;,&quot;3&quot;:1}\">Biologia i Geologia (2)<\/td>\n<td style=\"width: 2.05761%;\" data-sheets-value=\"{&quot;1&quot;:3,&quot;3&quot;:2}\">2<\/td>\n<td style=\"width: 5.42227%;\"><\/td>\n<td style=\"width: 4.78318%;\" data-sheets-value=\"{&quot;1&quot;:2,&quot;2&quot;:&quot;1 (1)&quot;}\">1<\/td>\n<td style=\"width: 3.45082%;\"><\/td>\n<\/tr>\n<tr>\n<td style=\"width: 37.5677%; background-color: #7f99f5;\" data-sheets-value=\"{&quot;1&quot;:2,&quot;2&quot;:&quot;Educaci\u00f3 Pl\u00e0stica, Visual i Audiovisual (3)&quot;}\" data-sheets-numberformat=\"{&quot;1&quot;:2,&quot;2&quot;:&quot;0&quot;,&quot;3&quot;:1}\">Educaci\u00f3 Pl\u00e0stica, Visual i Audiovisual (3)<\/td>\n<td style=\"width: 2.05761%;\" data-sheets-value=\"{&quot;1&quot;:3,&quot;3&quot;:2}\">2<\/td>\n<td style=\"width: 5.42227%;\"><\/td>\n<td style=\"width: 4.78318%;\" data-sheets-value=\"{&quot;1&quot;:3,&quot;3&quot;:2}\">2<\/td>\n<td style=\"width: 3.45082%;\"><\/td>\n<\/tr>\n<tr>\n<td style=\"width: 37.5677%; background-color: #7f99f5;\" data-sheets-value=\"{&quot;1&quot;:2,&quot;2&quot;:&quot;Educaci\u00f3 F\u00edsica (1)&quot;}\" data-sheets-numberformat=\"{&quot;1&quot;:2,&quot;2&quot;:&quot;0&quot;,&quot;3&quot;:1}\" data-sheets-textstyleruns=\"{&quot;1&quot;:0,&quot;2&quot;:{&quot;2&quot;:{&quot;1&quot;:2,&quot;2&quot;:0}}}\">Educaci\u00f3 F\u00edsica (1)<\/td>\n<td style=\"width: 2.05761%;\" data-sheets-value=\"{&quot;1&quot;:3,&quot;3&quot;:2}\">2<\/td>\n<td style=\"width: 5.42227%;\" data-sheets-value=\"{&quot;1&quot;:3,&quot;3&quot;:2}\">2<\/td>\n<td style=\"width: 4.78318%;\" data-sheets-value=\"{&quot;1&quot;:3,&quot;3&quot;:2}\">2<\/td>\n<td style=\"width: 3.45082%;\" data-sheets-value=\"{&quot;1&quot;:3,&quot;3&quot;:2}\">2<\/td>\n<\/tr>\n<tr>\n<td style=\"width: 37.5677%; background-color: #7f99f5;\" data-sheets-value=\"{&quot;1&quot;:2,&quot;2&quot;:&quot;F\u00edsica i Qu\u00edmica (2)&quot;}\" data-sheets-textstyleruns=\"{&quot;1&quot;:0,&quot;2&quot;:{&quot;2&quot;:{&quot;1&quot;:2,&quot;2&quot;:0}}}\">F\u00edsica i Qu\u00edmica (2)<\/td>\n<td style=\"width: 2.05761%;\"><\/td>\n<td style=\"width: 5.42227%;\" data-sheets-value=\"{&quot;1&quot;:3,&quot;3&quot;:2}\">2<\/td>\n<td style=\"width: 4.78318%;\" data-sheets-value=\"{&quot;1&quot;:3,&quot;3&quot;:2}\">2<\/td>\n<td style=\"width: 3.45082%;\"><\/td>\n<\/tr>\n<tr>\n<td style=\"width: 37.5677%; background-color: #7f99f5;\" data-sheets-value=\"{&quot;1&quot;:2,&quot;2&quot;:&quot;Llengua Castellana i Literatura (1)&quot;}\" data-sheets-textstyleruns=\"{&quot;1&quot;:0,&quot;2&quot;:{&quot;2&quot;:{&quot;1&quot;:2,&quot;2&quot;:0}}}\">Llengua Castellana i Literatura (1)<\/td>\n<td style=\"width: 2.05761%;\" data-sheets-value=\"{&quot;1&quot;:3,&quot;3&quot;:2}\">2<\/td>\n<td style=\"width: 5.42227%;\" data-sheets-value=\"{&quot;1&quot;:3,&quot;3&quot;:2}\">2<\/td>\n<td style=\"width: 4.78318%;\" data-sheets-value=\"{&quot;1&quot;:2,&quot;2&quot;:&quot;2 (1)&quot;}\">2<\/td>\n<td style=\"width: 3.45082%;\" data-sheets-value=\"{&quot;1&quot;:3,&quot;3&quot;:3}\">3<\/td>\n<\/tr>\n<tr>\n<td style=\"width: 37.5677%; background-color: #7f99f5;\" data-sheets-value=\"{&quot;1&quot;:2,&quot;2&quot;:&quot;Llengua Catalana i Literatura (1)&quot;}\" data-sheets-textstyleruns=\"{&quot;1&quot;:0,&quot;2&quot;:{&quot;2&quot;:{&quot;1&quot;:2,&quot;2&quot;:0}}}\">Llengua Catalana i Literatura (1)<\/td>\n<td style=\"width: 2.05761%;\" data-sheets-value=\"{&quot;1&quot;:3,&quot;3&quot;:2}\">2<\/td>\n<td style=\"width: 5.42227%;\" data-sheets-value=\"{&quot;1&quot;:3,&quot;3&quot;:3}\">3<\/td>\n<td style=\"width: 4.78318%;\" data-sheets-value=\"{&quot;1&quot;:3,&quot;3&quot;:2}\">2<\/td>\n<td style=\"width: 3.45082%;\" data-sheets-value=\"{&quot;1&quot;:3,&quot;3&quot;:3}\">3<\/td>\n<\/tr>\n<tr>\n<td style=\"width: 37.5677%; background-color: #7f99f5;\" data-sheets-value=\"{&quot;1&quot;:2,&quot;2&quot;:&quot;Llengua Estrangera (1)&quot;}\" data-sheets-textstyleruns=\"{&quot;1&quot;:0,&quot;2&quot;:{&quot;2&quot;:{&quot;1&quot;:2,&quot;2&quot;:0}}}\">Llengua Estrangera (1)<\/td>\n<td style=\"width: 2.05761%;\" data-sheets-value=\"{&quot;1&quot;:3,&quot;3&quot;:2}\">2<\/td>\n<td style=\"width: 5.42227%;\" data-sheets-value=\"{&quot;1&quot;:3,&quot;3&quot;:3}\">3<\/td>\n<td style=\"width: 4.78318%;\" data-sheets-value=\"{&quot;1&quot;:3,&quot;3&quot;:3}\">3<\/td>\n<td style=\"width: 3.45082%;\" data-sheets-value=\"{&quot;1&quot;:3,&quot;3&quot;:4}\">3<\/td>\n<\/tr>\n<tr>\n<td style=\"width: 37.5677%; background-color: #7f99f5;\" data-sheets-value=\"{&quot;1&quot;:2,&quot;2&quot;:&quot;Matem\u00e0tiques (1)&quot;}\" data-sheets-numberformat=\"{&quot;1&quot;:2,&quot;2&quot;:&quot;0&quot;,&quot;3&quot;:1}\" data-sheets-textstyleruns=\"{&quot;1&quot;:0,&quot;2&quot;:{&quot;2&quot;:{&quot;1&quot;:2,&quot;2&quot;:0}}}\">Matem\u00e0tiques (1)<\/td>\n<td style=\"width: 2.05761%;\" data-sheets-value=\"{&quot;1&quot;:3,&quot;3&quot;:3}\">3<\/td>\n<td style=\"width: 5.42227%;\" data-sheets-value=\"{&quot;1&quot;:3,&quot;3&quot;:3}\">3<\/td>\n<td style=\"width: 4.78318%;\" data-sheets-value=\"{&quot;1&quot;:3,&quot;3&quot;:3}\">3<\/td>\n<td style=\"width: 3.45082%;\" data-sheets-value=\"{&quot;1&quot;:3,&quot;3&quot;:4}\">4<\/td>\n<\/tr>\n<tr>\n<td style=\"width: 37.5677%; background-color: #7f99f5;\" data-sheets-value=\"{&quot;1&quot;:2,&quot;2&quot;:&quot;M\u00fasica (3)&quot;}\" data-sheets-numberformat=\"{&quot;1&quot;:2,&quot;2&quot;:&quot;0&quot;,&quot;3&quot;:1}\" data-sheets-textstyleruns=\"{&quot;1&quot;:0,&quot;2&quot;:{&quot;2&quot;:{&quot;1&quot;:2,&quot;2&quot;:0}}}\">M\u00fasica (3)<\/td>\n<td style=\"width: 2.05761%;\" data-sheets-value=\"{&quot;1&quot;:3,&quot;3&quot;:2}\">2<\/td>\n<td style=\"width: 5.42227%;\" data-sheets-value=\"{&quot;1&quot;:3,&quot;3&quot;:2}\">2<\/td>\n<td style=\"width: 4.78318%;\"><\/td>\n<td style=\"width: 3.45082%;\"><\/td>\n<\/tr>\n<tr>\n<td style=\"width: 37.5677%; background-color: #7f99f5;\" data-sheets-value=\"{&quot;1&quot;:2,&quot;2&quot;:&quot;Optatives (4)&quot;}\" data-sheets-numberformat=\"{&quot;1&quot;:2,&quot;2&quot;:&quot;0&quot;,&quot;3&quot;:1}\" data-sheets-textstyleruns=\"{&quot;1&quot;:0,&quot;2&quot;:{&quot;2&quot;:{&quot;1&quot;:2,&quot;2&quot;:0}}}\">Optatives (4)<\/td>\n<td style=\"width: 2.05761%;\" data-sheets-value=\"{&quot;1&quot;:2,&quot;2&quot;:&quot;0 (2)&quot;}\">0<\/td>\n<td style=\"width: 5.42227%;\" data-sheets-value=\"{&quot;1&quot;:2,&quot;2&quot;:&quot;0 (2)&quot;}\">0<\/td>\n<td style=\"width: 4.78318%;\" data-sheets-value=\"{&quot;1&quot;:3,&quot;3&quot;:2}\">2<\/td>\n<td style=\"width: 3.45082%;\">6<\/td>\n<\/tr>\n<tr>\n<td style=\"width: 37.5677%; background-color: #7f99f5;\" data-sheets-value=\"{&quot;1&quot;:2,&quot;2&quot;:&quot;Religi\u00f3 (1) \/ Activitats c\u00edviques i culturals&quot;}\" data-sheets-numberformat=\"{&quot;1&quot;:2,&quot;2&quot;:&quot;0&quot;,&quot;3&quot;:1}\">Religi\u00f3 (1) \/ La noticia del d\u00eda (1)<\/td>\n<td style=\"width: 2.05761%;\" data-sheets-value=\"{&quot;1&quot;:3,&quot;3&quot;:1}\">1<\/td>\n<td style=\"width: 5.42227%;\" data-sheets-value=\"{&quot;1&quot;:3,&quot;3&quot;:1}\">1<\/td>\n<td style=\"width: 4.78318%;\" data-sheets-value=\"{&quot;1&quot;:3,&quot;3&quot;:1}\">1<\/td>\n<td style=\"width: 3.45082%;\" data-sheets-value=\"{&quot;1&quot;:3,&quot;3&quot;:1}\">1<\/td>\n<\/tr>\n<tr>\n<td style=\"width: 37.5677%; background-color: #7f99f5;\">Cultura i valors tics<\/td>\n<td style=\"width: 2.05761%;\"><\/td>\n<td style=\"width: 5.42227%;\"><\/td>\n<td style=\"width: 4.78318%;\"><\/td>\n<td style=\"width: 3.45082%;\">1<\/td>\n<\/tr>\n<tr>\n<td style=\"width: 37.5677%; background-color: #7f99f5;\" data-sheets-value=\"{&quot;1&quot;:2,&quot;2&quot;:&quot;Geografia i Hist\u00f2ria (1)&quot;}\" data-sheets-textstyleruns=\"{&quot;1&quot;:0,&quot;2&quot;:{&quot;2&quot;:{&quot;1&quot;:2,&quot;2&quot;:0}}}\">Geografia i Hist\u00f2ria (1)<\/td>\n<td style=\"width: 2.05761%;\" data-sheets-value=\"{&quot;1&quot;:3,&quot;3&quot;:3}\">3<\/td>\n<td style=\"width: 5.42227%;\" data-sheets-value=\"{&quot;1&quot;:3,&quot;3&quot;:3}\">3<\/td>\n<td style=\"width: 4.78318%;\" data-sheets-value=\"{&quot;1&quot;:3,&quot;3&quot;:2}\">2<\/td>\n<td style=\"width: 3.45082%;\" data-sheets-value=\"{&quot;1&quot;:3,&quot;3&quot;:3}\">2<\/td>\n<\/tr>\n<tr>\n<td style=\"width: 37.5677%; background-color: #7f99f5;\" data-sheets-value=\"{&quot;1&quot;:2,&quot;2&quot;:&quot;Tecnologia i Digitalitzaci\u00f3 (4)&quot;}\" data-sheets-textstyleruns=\"{&quot;1&quot;:0,&quot;2&quot;:{&quot;2&quot;:{&quot;1&quot;:2,&quot;2&quot;:0}}}\">Tecnologia i Digitalitzaci\u00f3 (4)<\/td>\n<td style=\"width: 2.05761%;\" data-sheets-value=\"{&quot;1&quot;:3,&quot;3&quot;:2}\">2<\/td>\n<td style=\"width: 5.42227%;\" data-sheets-value=\"{&quot;1&quot;:3,&quot;3&quot;:2}\">2<\/td>\n<td style=\"width: 4.78318%;\" data-sheets-value=\"{&quot;1&quot;:3,&quot;3&quot;:1}\">1<\/td>\n<td style=\"width: 3.45082%;\"><\/td>\n<\/tr>\n<tr>\n<td style=\"width: 37.5677%; background-color: #7f99f5;\" data-sheets-value=\"{&quot;1&quot;:2,&quot;2&quot;:&quot;Tutoria (1)&quot;}\" data-sheets-textstyleruns=\"{&quot;1&quot;:0,&quot;2&quot;:{&quot;2&quot;:{&quot;1&quot;:2,&quot;2&quot;:0}}}\">Tutoria (1)<\/td>\n<td style=\"width: 2.05761%;\" data-sheets-value=\"{&quot;1&quot;:3,&quot;3&quot;:1}\">1<\/td>\n<td style=\"width: 5.42227%;\" data-sheets-value=\"{&quot;1&quot;:3,&quot;3&quot;:1}\">1<\/td>\n<td style=\"width: 4.78318%;\" data-sheets-value=\"{&quot;1&quot;:3,&quot;3&quot;:1}\">1<\/td>\n<td style=\"width: 3.45082%;\" data-sheets-value=\"{&quot;1&quot;:3,&quot;3&quot;:1}\">1<\/td>\n<\/tr>\n<tr>\n<td style=\"width: 37.5677%; background-color: #7f99f5;\" data-sheets-value=\"{&quot;1&quot;:2,&quot;2&quot;:&quot;Hores de gesti\u00f3 aut\u00f2noma&quot;}\" data-sheets-textstyleruns=\"{&quot;1&quot;:0,&quot;2&quot;:{&quot;2&quot;:{&quot;1&quot;:2,&quot;2&quot;:0}}}\">Hores de gesti\u00f3 aut\u00f2noma<\/td>\n<td style=\"width: 2.05761%;\" data-sheets-value=\"{&quot;1&quot;:3,&quot;3&quot;:4}\">6<\/td>\n<td style=\"width: 5.42227%;\" data-sheets-value=\"{&quot;1&quot;:3,&quot;3&quot;:4}\">6<\/td>\n<td style=\"width: 4.78318%;\" data-sheets-value=\"{&quot;1&quot;:3,&quot;3&quot;:4}\">6<\/td>\n<td style=\"width: 3.45082%;\">4<\/td>\n<\/tr>\n<\/tbody>\n<\/table>\n<h5><\/h5>\n<h5 class=\"entry-content\" style=\"color: #444444;\"><span style=\"color: #000000;\">OPTATIVES DE 3r:<\/span><\/h5>\n<table dir=\"ltr\" style=\"width: 27.196869%;\" border=\"1\" cellspacing=\"0\" cellpadding=\"0\">\n<colgroup>\n<col width=\"123\" \/><\/colgroup>\n<tbody>\n<tr>\n<td style=\"width: 100%;\" data-sheets-value=\"{&quot;1&quot;:2,&quot;2&quot;:&quot;GEOM&quot;}\">GEOMETRIA<\/td>\n<\/tr>\n<tr>\n<td style=\"width: 100%;\" data-sheets-value=\"{&quot;1&quot;:2,&quot;2&quot;:&quot;EE&quot;}\">EDUCACI\u00d3 AMBIENTAL<\/td>\n<\/tr>\n<tr>\n<td style=\"width: 100%;\">CULTURA CL\u00c0SSICA<\/td>\n<\/tr>\n<tr>\n<td style=\"width: 100%;\" data-sheets-value=\"{&quot;1&quot;:2,&quot;2&quot;:&quot;FRA&quot;}\">FRANC\u00c8S<\/td>\n<\/tr>\n<tr>\n<td style=\"width: 100%;\" data-sheets-value=\"{&quot;1&quot;:2,&quot;2&quot;:&quot;EMP&quot;}\">EMPRENEDORIA<\/td>\n<\/tr>\n<tr>\n<td style=\"width: 100%;\" data-sheets-value=\"{&quot;1&quot;:2,&quot;2&quot;:&quot;ROB\u00d2TICA&quot;}\">ROB\u00d2TICA<\/td>\n<\/tr>\n<\/tbody>\n<\/table>\n<h5 class=\"entry-content\" style=\"color: #444444;\"><span style=\"color: #000000;\">OPTATIVES DE 4t:\u00a0<\/span><\/h5>\n<table dir=\"ltr\" style=\"width: 94.561144%; height: 131px;\" border=\"1\" cellspacing=\"0\" cellpadding=\"0\">\n<colgroup>\n<col width=\"177\" \/><\/colgroup>\n<tbody>\n<tr style=\"height: 48px;\">\n<td style=\"width: 17.024297%; height: 20px;\" data-sheets-value=\"{&quot;1&quot;:2,&quot;2&quot;:&quot;Franc\u00e8s&quot;}\">Franc\u00e8s<\/td>\n<td style=\"width: 22.173913%; height: 20px;\" data-sheets-value=\"{&quot;1&quot;:2,&quot;2&quot;:&quot;Llat\u00ed lleng i cult&quot;}\">Llat\u00ed llengua i cultura<\/td>\n<td style=\"width: 19.158249%; height: 20px;\" data-sheets-value=\"{&quot;1&quot;:2,&quot;2&quot;:&quot; Economia &quot;}\">Economia<\/td>\n<td style=\"width: 23.287982%; height: 20px;\" data-sheets-value=\"{&quot;1&quot;:2,&quot;2&quot;:&quot;Tecno Am&quot;}\">Tecnologia Ampliaci\u00f3<\/td>\n<td style=\"width: 53.190155%; height: 20px;\" data-sheets-value=\"{&quot;1&quot;:2,&quot;2&quot;:&quot;Tecno Ref&quot;}\">Tecnologia Refor\u00e7<\/td>\n<\/tr>\n<tr style=\"height: 63px;\">\n<td style=\"width: 17.024297%; height: 63px;\" data-sheets-value=\"{&quot;1&quot;:2,&quot;2&quot;:&quot;Filosofia&quot;}\">Filosofia<\/td>\n<td style=\"width: 22.173913%; height: 63px;\" data-sheets-value=\"{&quot;1&quot;:2,&quot;2&quot;:&quot;TIC Am&quot;}\">Digitalitzaci\u00f3 Ampliaci\u00f3<\/td>\n<td style=\"width: 19.158249%; height: 63px;\" data-sheets-value=\"{&quot;1&quot;:2,&quot;2&quot;:&quot;TIC ref&quot;}\">Digitalitzaci\u00f3 Refor\u00e7<\/td>\n<td style=\"width: 23.287982%; height: 63px;\" data-sheets-value=\"{&quot;1&quot;:2,&quot;2&quot;:&quot;Bio i I Geo Am&quot;}\">Biologia i Geologia Ampliaci\u00f3<\/td>\n<td style=\"width: 53.190155%; height: 63px;\" data-sheets-value=\"{&quot;1&quot;:2,&quot;2&quot;:&quot;Bio i I Geo Ref&quot;}\">Biologia\u00a0 i Geologia Refor\u00e7<\/td>\n<\/tr>\n<tr style=\"height: 48px;\">\n<td style=\"width: 17.024297%; height: 48px;\" data-sheets-value=\"{&quot;1&quot;:2,&quot;2&quot;:&quot;Emprenedoria&quot;}\">Emprenedoria<\/td>\n<td style=\"width: 22.173913%; height: 48px;\" data-sheets-value=\"{&quot;1&quot;:2,&quot;2&quot;:&quot;Expressi\u00f3 Art\u00edstica&quot;}\">Expressi\u00f3 Art\u00edstica<\/td>\n<td style=\"width: 19.158249%; height: 48px;\" data-sheets-value=\"{&quot;1&quot;:2,&quot;2&quot;:&quot;M\u00fasicavis&quot;}\">Musicavis<\/td>\n<td style=\"width: 23.287982%; height: 48px;\" data-sheets-value=\"{&quot;1&quot;:2,&quot;2&quot;:&quot;FiQ &quot;}\">F\u00edsica i Qu\u00edmica Refor\u00e7<\/td>\n<td style=\"width: 53.190155%; height: 48px;\" data-sheets-value=\"{&quot;1&quot;:2,&quot;2&quot;:&quot;Ci\u00e8ncies Aplicacdes &quot;}\">F\u00edsica i Qu\u00edmica Ampliaci\u00f3<\/td>\n<\/tr>\n<\/tbody>\n<\/table>\n","protected":false},"excerpt":{"rendered":"<p>LOM-LOE<br \/>\nLOM-LOE<br \/>\nLOM-LOE<br \/>\nLOM-LOE<\/p>\n<p>Mat\u00e8ries<br \/>\n1r<br \/>\n2n<br \/>\n3r<br \/>\n4t<\/p>\n<p>Biologia i Geologia (2)<br \/>\n2<\/p>\n<p>1<\/p>\n<p>Educaci\u00f3 Pl\u00e0stica, Visual i Audiovisual (3)<br \/>\n2<\/p>\n<p>2<\/p>\n<p>Educaci\u00f3 F\u00edsica (1)<br \/>\n2<br \/>\n2<br \/>\n2<br \/>\n2<\/p>\n<p>F\u00edsica i Qu\u00edmica (2)<\/p>\n<p>2<br \/>\n2<\/p>\n<p>Llengua Castellana i Literatura (1)<br \/>\n2<br \/>\n2<br \/>\n2<br \/>\n3<\/p>\n<p>Llengua Catalana i Literatura (1)<br \/>\n2<br \/>\n3<br \/>\n2<br \/>\n3<\/p>\n<p>Llengua Estrangera (1)<br \/>\n2<br \/>\n3<br \/>\n3<br \/>\n3<\/p>\n<p>Matem\u00e0tiques (1)<br \/>\n3<br \/>\n3<br \/>\n3<br \/>\n4<\/p>\n<p>M\u00fasica (3)<br \/>\n2<br \/>\n2<\/p>\n<p>Optatives (4)<br \/>\n0<br \/>\n0<br \/>\n2<br \/>\n6<\/p>\n<p>Religi\u00f3 (1) \/ La noticia del d\u00eda (1)<br \/>\n1<br \/>\n1<br \/>\n1<br \/>\n1<\/p>\n<p>Cultura i valors tics<\/p>\n<p>1<\/p>\n<p>Geografia i Hist\u00f2ria (1)<br \/>\n3<br \/>\n3<br \/>\n2<br \/>\n2<\/p>\n<p>Tecnologia i Digitalitzaci\u00f3 (4)<br \/>\n2<br \/>\n2<br \/>\n1<\/p>\n<p>Tutoria (1)<br \/>\n1<br \/>\n1<br \/>\n1<br \/>\n1<\/p>\n<p>Hores de&hellip;  <a href=\"https:\/\/agora.xtec.cat\/iesmed\/estudis\/eso-curriculum\/\" title=\"Read ESO Curr\u00edculum\">Llegeix m\u00e9s\u00bb<\/a><\/p>\n","protected":false},"author":1,"featured_media":0,"parent":195,"menu_order":0,"comment_status":"closed","ping_status":"closed","template":"page-templates\/side-menu.php","meta":{"_bbp_topic_count":0,"_bbp_reply_count":0,"_bbp_total_topic_count":0,"_bbp_total_reply_count":0,"_bbp_voice_count":0,"_bbp_anonymous_reply_count":0,"_bbp_topic_count_hidden":0,"_bbp_reply_count_hidden":0,"_bbp_forum_subforum_count":0,"footnotes":""},"class_list":["post-1866","page","type-page","status-publish","hentry"],"post_mailing_queue_ids":[],"_links":{"self":[{"href":"https:\/\/agora.xtec.cat\/iesmed\/wp-json\/wp\/v2\/pages\/1866","targetHints":{"allow":["GET"]}}],"collection":[{"href":"https:\/\/agora.xtec.cat\/iesmed\/wp-json\/wp\/v2\/pages"}],"about":[{"href":"https:\/\/agora.xtec.cat\/iesmed\/wp-json\/wp\/v2\/types\/page"}],"author":[{"embeddable":true,"href":"https:\/\/agora.xtec.cat\/iesmed\/wp-json\/wp\/v2\/users\/1"}],"replies":[{"embeddable":true,"href":"https:\/\/agora.xtec.cat\/iesmed\/wp-json\/wp\/v2\/comments?post=1866"}],"version-history":[{"count":4,"href":"https:\/\/agora.xtec.cat\/iesmed\/wp-json\/wp\/v2\/pages\/1866\/revisions"}],"predecessor-version":[{"id":6577,"href":"https:\/\/agora.xtec.cat\/iesmed\/wp-json\/wp\/v2\/pages\/1866\/revisions\/6577"}],"up":[{"embeddable":true,"href":"https:\/\/agora.xtec.cat\/iesmed\/wp-json\/wp\/v2\/pages\/195"}],"wp:attachment":[{"href":"https:\/\/agora.xtec.cat\/iesmed\/wp-json\/wp\/v2\/media?parent=1866"}],"curies":[{"name":"wp","href":"https:\/\/api.w.org\/{rel}","templated":true}]}}