{"id":1845,"date":"2018-01-06T20:58:37","date_gmt":"2018-01-06T19:58:37","guid":{"rendered":"http:\/\/agora.xtec.cat\/iesmed\/?page_id=1845"},"modified":"2026-01-29T13:32:12","modified_gmt":"2026-01-29T12:32:12","slug":"proves-anuals-per-completar-els-ensenyament-deso","status":"publish","type":"page","link":"https:\/\/agora.xtec.cat\/iesmed\/estudis\/proves-anuals-per-completar-els-ensenyament-deso\/","title":{"rendered":"Proves anuals per completar ensenyament d&#8217;ESO (GESO)"},"content":{"rendered":"<p style=\"text-align: justify;\">T\u2019informem que, si has complert 18 anys o b\u00e9 els compleixes durant aquest any,<b> <\/b>tens l\u2019opci\u00f3 de presentar-te a la prova que et pot permetre obtenir el t\u00edtol de graduat o graduada en educaci\u00f3 secund\u00e0ria obligat\u00f2ria (GESO). Aquesta prova avalua l\u2019assoliment de les compet\u00e8ncies de les mat\u00e8ries que tenies amb avaluaci\u00f3 negativa.<span class=\"Apple-converted-space\">\u00a0<\/span><\/p>\n<p style=\"text-align: justify;\">Pots venir al centre a matricular-te entre el 2\u00a0i el 13\u00a0de febrer de 2026\u200b\u200b\u200b\u200b en l\u2019horari habitual de la secretaria, de 10 a 14 h. Has de portar el<a href=\"https:\/\/documents.espai.educacio.gencat.cat\/FormularisModels\/CentresGestioAcademica\/A665.pdf\"> full d\u2019inscripci\u00f3<\/a> a la prova que adjuntem, degudament emplenat.<\/p>\n<p style=\"text-align: justify;\">La<b> realitzaci\u00f3 de la prova <\/b>ser\u00e0 a l&#8217;institut el dia 11 de mar\u00e7 de 2026 a les 16 h.<\/p>\n<p style=\"text-align: justify;\">Podr\u00e0s consultar les qualificacions obtingudes pels canals d\u2019informaci\u00f3 habituals del nostre centre a partir del dia 21 de mar\u00e7 de 2026.<\/p>\n<p style=\"text-align: justify;\">T\u2019animem a aprofitar aquesta nova oportunitat d\u2019obtenir el t\u00edtol de GESO, amb el qual podr\u00e0s tenir acc\u00e9s a ensenyaments postobligatoris, alhora que incrementar\u00e0s les teves possibilitats en el m\u00f3n laboral.<\/p>\n<p style=\"text-align: justify;\">A continuaci\u00f3 \u00a0t\u2019informem sobre les activitats d\u2019avaluaci\u00f3 de les mat\u00e8ries objecte de la prova.<\/p>\n<table style=\"height: 768px; width: 145.07115%;\" width=\"891\">\n<tbody>\n<tr>\n<td style=\"width: 99.561724%; background-color: #357fb0;\">Continguts i criteris 4t ESO<\/td>\n<\/tr>\n<tr>\n<td style=\"width: 99.561724%;\"><a href=\"https:\/\/drive.google.com\/file\/d\/19hHnuvhA6AvfoByOEy7msRXaWzwlDfW9\/view?usp=share_link\">Llengua catalana<\/a><\/p>\n<p><a href=\"https:\/\/drive.google.com\/file\/d\/19hHnuvhA6AvfoByOEy7msRXaWzwlDfW9\/view?usp=sharing\">Llengua castellana<\/a><\/p>\n<p><a href=\"https:\/\/drive.google.com\/file\/d\/1wXtXUVXBCd4hCSuS9GkKWioXFsqKIJPa\/view?usp=share_link\">Llengua anglesa\u00a0\u00a0<\/a><\/p>\n<p><a href=\"https:\/\/drive.google.com\/file\/d\/18Ps2ny4vlqm8F2PHpwXqGaOrLHFA1Ej7\/view?usp=share_link\">Matem\u00e0tiques\u00a0<\/a><\/p>\n<p><a href=\"https:\/\/drive.google.com\/file\/d\/1Ql_dRLlzgMv9HIzt5kLkU9Li9nzaJUhD\/view?usp=drive_link\">Ci\u00e8ncies socials<\/a><\/p>\n<p><a href=\"https:\/\/drive.google.com\/file\/d\/126g5kma-ntx5aFh6WVnmPHR5lz0DLOaM\/view?usp=drive_link\">Tecnologia<\/a><\/p>\n<p><a href=\"https:\/\/drive.google.com\/file\/d\/1gIbtb_aW5QEj5gF-elWWpWz6z6J7Nl1c\/view?usp=drive_link\">Educaci\u00f3 Visual i Pl\u00e0stica<\/a><\/p>\n<p><a href=\"https:\/\/drive.google.com\/file\/d\/1Q2gJirD9Sax_2sqcZS_72b8qearT7MGM\/view?usp=drive_link\">Educaci\u00f3 F\u00edsica<\/a><\/p>\n<p><a href=\"https:\/\/drive.google.com\/file\/d\/13vv73RUNB3cu1qgNSrB7FgquG3e1wQB4\/view?usp=drive_link\">F\u00edsica i qu\u00edmica<\/a><\/p>\n<p><a href=\"https:\/\/drive.google.com\/file\/d\/1-6cD97PYkixbG_UeI2sp7sZwdm-ku__C\/view?usp=share_link\">Biologia i Geologia<\/a><\/p>\n<p><a href=\"https:\/\/drive.google.com\/file\/d\/19P5VKjn9fG85tEe3BwUWkRQ9Wi5xUscN\/view?usp=share_link\">Franc\u00e8s<\/a><\/p>\n<p><a href=\"https:\/\/drive.google.com\/file\/d\/1yeYyN0DoA7IKsPHD0k-_-1QCwPTTg_U-\/view?usp=share_link\">Llat\u00ed<\/a><\/p>\n<p><a href=\"https:\/\/drive.google.com\/file\/d\/1KxUT1Nc3fPM7-wUG9TgqZHqiTGMCIgvM\/view?usp=share_link\">M\u00fasica<\/a><\/p>\n<p><a href=\"https:\/\/drive.google.com\/file\/d\/1WitJFqv4ldP8dik3KjL7MF64JOTvn0Ap\/view?usp=drive_link\">Cultura i valors \u00e8tics<\/a><\/p>\n<p><a href=\"https:\/\/drive.google.com\/file\/d\/1ZRTgGYb_G3DQ8ZmTigf4LG0W5PUHvy0f\/view?usp=drive_link\">Filosofia<\/a><\/p>\n<p><a href=\"https:\/\/drive.google.com\/file\/d\/1M1e0qd3agcN0EWC9Bl9FPiy1wLW75f_0\/view?usp=drive_link\">Emprenedoria<\/a><\/p>\n<p><a href=\"https:\/\/drive.google.com\/file\/d\/1SmWdHaQ3Tww_VvUp0L2_hGp7tI7fDdlt\/view?usp=drive_link\">Economia<\/a><\/p>\n<p><a href=\"https:\/\/drive.google.com\/file\/d\/1o2uhrKvk10WxbKCK_orugAoknoZDEXc5\/view?usp=drive_link\">Digitalitzaci\u00f3<\/a><\/td>\n<\/tr>\n<\/tbody>\n<\/table>\n<p>&nbsp;<\/p>\n<p>&nbsp;<\/p>\n<p>&nbsp;<\/p>\n","protected":false},"excerpt":{"rendered":"<p>T\u2019informem que, si has complert 18 anys o b\u00e9 els compleixes durant aquest any, tens l\u2019opci\u00f3 de presentar-te a la prova que et pot permetre obtenir el t\u00edtol de graduat o graduada en educaci\u00f3 secund\u00e0ria obligat\u00f2ria (GESO). Aquesta prova avalua l\u2019assoliment de les compet\u00e8ncies de&hellip;  <a href=\"https:\/\/agora.xtec.cat\/iesmed\/estudis\/proves-anuals-per-completar-els-ensenyament-deso\/\" title=\"Read Proves anuals per completar ensenyament d&#8217;ESO (GESO)\">Llegeix m\u00e9s\u00bb<\/a><\/p>\n","protected":false},"author":1,"featured_media":0,"parent":195,"menu_order":0,"comment_status":"closed","ping_status":"closed","template":"page-templates\/side-menu.php","meta":{"_bbp_topic_count":0,"_bbp_reply_count":0,"_bbp_total_topic_count":0,"_bbp_total_reply_count":0,"_bbp_voice_count":0,"_bbp_anonymous_reply_count":0,"_bbp_topic_count_hidden":0,"_bbp_reply_count_hidden":0,"_bbp_forum_subforum_count":0,"footnotes":""},"class_list":["post-1845","page","type-page","status-publish","hentry"],"post_mailing_queue_ids":[],"_links":{"self":[{"href":"https:\/\/agora.xtec.cat\/iesmed\/wp-json\/wp\/v2\/pages\/1845","targetHints":{"allow":["GET"]}}],"collection":[{"href":"https:\/\/agora.xtec.cat\/iesmed\/wp-json\/wp\/v2\/pages"}],"about":[{"href":"https:\/\/agora.xtec.cat\/iesmed\/wp-json\/wp\/v2\/types\/page"}],"author":[{"embeddable":true,"href":"https:\/\/agora.xtec.cat\/iesmed\/wp-json\/wp\/v2\/users\/1"}],"replies":[{"embeddable":true,"href":"https:\/\/agora.xtec.cat\/iesmed\/wp-json\/wp\/v2\/comments?post=1845"}],"version-history":[{"count":6,"href":"https:\/\/agora.xtec.cat\/iesmed\/wp-json\/wp\/v2\/pages\/1845\/revisions"}],"predecessor-version":[{"id":7656,"href":"https:\/\/agora.xtec.cat\/iesmed\/wp-json\/wp\/v2\/pages\/1845\/revisions\/7656"}],"up":[{"embeddable":true,"href":"https:\/\/agora.xtec.cat\/iesmed\/wp-json\/wp\/v2\/pages\/195"}],"wp:attachment":[{"href":"https:\/\/agora.xtec.cat\/iesmed\/wp-json\/wp\/v2\/media?parent=1845"}],"curies":[{"name":"wp","href":"https:\/\/api.w.org\/{rel}","templated":true}]}}