{"id":1614,"date":"2017-07-21T11:41:16","date_gmt":"2017-07-21T09:41:16","guid":{"rendered":"http:\/\/agora.xtec.cat\/iesmed\/?page_id=1614"},"modified":"2025-09-08T13:47:13","modified_gmt":"2025-09-08T11:47:13","slug":"llibres-eso","status":"publish","type":"page","link":"https:\/\/agora.xtec.cat\/iesmed\/estudis\/llibres-eso\/","title":{"rendered":"Llibres digitals ESO"},"content":{"rendered":"<h3 style=\"text-align: center;\"><strong>LLIBRES ESO 2025-2026<\/strong><\/h3>\n<h3 style=\"text-align: center;\"><span style=\"color: #0000ff;\"><strong>LES FAM\u00cdLIES BENEFICI\u00c0RIES DE LA MOTXILLA ESCOLAR NO HAN DE COMPRAR LES LLIC\u00c8NCIES DIGITALS, NI EL LLIBRE D&#8217;ANGL\u00c8S<\/strong> <\/span><\/h3>\n<p>L&#8217;alumnat de 1r a 4t d&#8217;ESO utilitzar\u00e0 llibres digitals de l&#8217;editorial Teide i un llibre d&#8217;angl\u00e8s, i un llibre digital si cursen l&#8217;optativa de franc\u00e8s a 3r o 4t d&#8217;ESO.<\/p>\n<p><strong>El centre ha facilitat a tot l\u2019alumnat un usuari i una contrasenya per entrar al seu correu electr\u00f2nic amb domini del centre (@institutmediterrania.com). Aquest nom d\u2019usuari \u00e9s el mateix per entrar a la plataforma Weeras (on comprar i visualitzar els llibres del curs).\u00a0<\/strong><\/p>\n<p>Aqu\u00ed trobareu les instruccions detallades:<a href=\"https:\/\/drive.google.com\/file\/d\/1Bu9uqt7L0WaQRCBQ1_hgobLHhPM_wepE\/view?usp=sharing\"><strong> INSTRUCCIONS DE PAGAMENT Llibres Teide curs 2025-2026<\/strong><\/a><\/p>\n<p>.<\/p>\n<p><img loading=\"lazy\" decoding=\"async\" class=\"aligncenter size-full wp-image-5861\" src=\"https:\/\/agora.xtec.cat\/iesmed\/wp-content\/uploads\/usu815\/2023\/07\/Compra-paper-Weeras-Ed.-Teide.jpg\" alt=\"\" width=\"1024\" height=\"768\" srcset=\"https:\/\/agora.xtec.cat\/iesmed\/wp-content\/uploads\/usu815\/2023\/07\/Compra-paper-Weeras-Ed.-Teide.jpg 1024w, https:\/\/agora.xtec.cat\/iesmed\/wp-content\/uploads\/usu815\/2023\/07\/Compra-paper-Weeras-Ed.-Teide-300x225.jpg 300w, https:\/\/agora.xtec.cat\/iesmed\/wp-content\/uploads\/usu815\/2023\/07\/Compra-paper-Weeras-Ed.-Teide-768x576.jpg 768w, https:\/\/agora.xtec.cat\/iesmed\/wp-content\/uploads\/usu815\/2023\/07\/Compra-paper-Weeras-Ed.-Teide-200x150.jpg 200w\" sizes=\"auto, (max-width: 1024px) 100vw, 1024px\" \/><\/p>\n<p>&nbsp;<\/p>\n<p>Els alumnes que cursen <strong>l&#8217;optativa de franc\u00e8s a 3r i 4t d&#8221;ESO<\/strong> <strong><a href=\"https:\/\/drive.google.com\/file\/d\/10GG0g9IbuQADRmMvNmj5yQkI6Zp1Ism9\/view?usp=sharing\">INSTRUCCIONS DE PAGAMENT DEL LLIBRE DE FRANC\u00c8S PER 3R I 4T D\u2019ESO. EDITORIAL MACMILLAN<\/a><\/strong><\/p>\n<p>&nbsp;<\/p>\n<p><strong>LLIBRES DIGITALS D&#8217;ANGL\u00c8S (ES COMPRARAN AL MES DE SETEMBRE)<br \/>\n<\/strong><\/p>\n<h2><a href=\"https:\/\/drive.google.com\/file\/d\/1KLzCvdk3doaeP3MQ8xLHmD3j_Dd7Lzd0\/view?usp=drive_link\">Pagament llibres 1r ESO<\/a><\/h2>\n<p>&nbsp;<\/p>\n<h2><a href=\"https:\/\/drive.google.com\/file\/d\/1ULNVbTdDCCxqSUT4hZ8tmu-hr9REMfv8\/view?usp=sharing\">Pagament llibres 2n ESO<\/a><\/h2>\n<h2><\/h2>\n<h2><a href=\"https:\/\/drive.google.com\/file\/d\/1IX-A0IlNK-y98umRUbi4aWMMWlHFQzEO\/view?usp=drive_link\">Pagament llibres 3r ESO<\/a><\/h2>\n<h2><\/h2>\n<h2><a href=\"https:\/\/drive.google.com\/file\/d\/1-d7wS2YEeOvHa9nL6C6Re02hajbaJbGu\/view?usp=sharing\">Pagament llibres 4t ESO<\/a><\/h2>\n<h3 style=\"text-align: left;\"><\/h3>\n<div>\n<h5><\/h5>\n<\/div>\n","protected":false},"excerpt":{"rendered":"<p>LLIBRES ESO 2025-2026<br \/>\nLES FAM\u00cdLIES BENEFICI\u00c0RIES DE LA MOTXILLA ESCOLAR NO HAN DE COMPRAR LES LLIC\u00c8NCIES DIGITALS, NI EL LLIBRE D&#8217;ANGL\u00c8S<br \/>\nL&#8217;alumnat de 1r a 4t d&#8217;ESO utilitzar\u00e0 llibres digitals de l&#8217;editorial Teide i un llibre d&#8217;angl\u00e8s, i un llibre digital si cursen l&#8217;optativa de franc\u00e8s&hellip;  <a href=\"https:\/\/agora.xtec.cat\/iesmed\/estudis\/llibres-eso\/\" title=\"Read Llibres digitals ESO\">Llegeix m\u00e9s\u00bb<\/a><\/p>\n","protected":false},"author":1,"featured_media":0,"parent":195,"menu_order":0,"comment_status":"closed","ping_status":"closed","template":"page-templates\/side-menu.php","meta":{"_bbp_topic_count":0,"_bbp_reply_count":0,"_bbp_total_topic_count":0,"_bbp_total_reply_count":0,"_bbp_voice_count":0,"_bbp_anonymous_reply_count":0,"_bbp_topic_count_hidden":0,"_bbp_reply_count_hidden":0,"_bbp_forum_subforum_count":0,"footnotes":""},"class_list":["post-1614","page","type-page","status-publish","hentry"],"post_mailing_queue_ids":[],"_links":{"self":[{"href":"https:\/\/agora.xtec.cat\/iesmed\/wp-json\/wp\/v2\/pages\/1614","targetHints":{"allow":["GET"]}}],"collection":[{"href":"https:\/\/agora.xtec.cat\/iesmed\/wp-json\/wp\/v2\/pages"}],"about":[{"href":"https:\/\/agora.xtec.cat\/iesmed\/wp-json\/wp\/v2\/types\/page"}],"author":[{"embeddable":true,"href":"https:\/\/agora.xtec.cat\/iesmed\/wp-json\/wp\/v2\/users\/1"}],"replies":[{"embeddable":true,"href":"https:\/\/agora.xtec.cat\/iesmed\/wp-json\/wp\/v2\/comments?post=1614"}],"version-history":[{"count":7,"href":"https:\/\/agora.xtec.cat\/iesmed\/wp-json\/wp\/v2\/pages\/1614\/revisions"}],"predecessor-version":[{"id":7501,"href":"https:\/\/agora.xtec.cat\/iesmed\/wp-json\/wp\/v2\/pages\/1614\/revisions\/7501"}],"up":[{"embeddable":true,"href":"https:\/\/agora.xtec.cat\/iesmed\/wp-json\/wp\/v2\/pages\/195"}],"wp:attachment":[{"href":"https:\/\/agora.xtec.cat\/iesmed\/wp-json\/wp\/v2\/media?parent=1614"}],"curies":[{"name":"wp","href":"https:\/\/api.w.org\/{rel}","templated":true}]}}