{"id":1451,"date":"2017-05-08T12:23:26","date_gmt":"2017-05-08T10:23:26","guid":{"rendered":"http:\/\/agora.xtec.cat\/iesmed\/?page_id=1451"},"modified":"2026-03-04T11:07:02","modified_gmt":"2026-03-04T10:07:02","slug":"preinscripcio-i-matricula","status":"publish","type":"page","link":"https:\/\/agora.xtec.cat\/iesmed\/secretaria\/preinscripcio-i-matricula\/","title":{"rendered":"Preinscripci\u00f3 i matr\u00edcula ESO"},"content":{"rendered":"<h4><span class=\"col-sm-12 dekstop hidden-xs\"><a title=\"La preinscripci\u00f3 escolar \u00e9s un moment important per a les fam\u00edlies...\" href=\"https:\/\/preinscripcio.gencat.cat\/ca\/estudis\/eso\/\">La preinscripci\u00f3 escolar \u00e9s un moment important per a les fam\u00edlies&#8230;<\/a><\/span><\/h4>\n<h4 class=\"dekstop gray\"><a class=\"gray\" title=\"La preinscripci\u00f3 escolar \u00e9s un moment important per a les fam\u00edlies...\" href=\"https:\/\/preinscripcio.gencat.cat\/ca\/estudis\/eso\/\">&#8230; per aix\u00f2 volem estar al teu costat i acompanyar-te durant tot el proc\u00e9s. Som-hi?<\/a><\/h4>\n<p>&nbsp;<\/p>\n<h2>Calendari per a la preinscripci\u00f3 del curs 2026-2027<\/h2>\n<div>\n<p><strong>EDUCACI\u00d3 SECUND\u00c0RIA OBLIGAT\u00d2RIA<\/strong><\/p>\n<p><a href=\"https:\/\/drive.google.com\/file\/d\/1SQDqMz20DR1nVhH4TXV9hBtBvIfWN9WX\/view?usp=sharing\"><strong>Publicaci\u00f3 de l\u2019oferta inicial de places 3\/03\/2026<\/strong><\/a><\/p>\n<div>\n<p><strong>Presentaci\u00f3 de sol\u00b7licitud<\/strong>s: del 6 al 18 de mar\u00e7 de 2026 (a partir de les 9 hores)<\/p>\n<p><span dir=\"ltr\">Per participar en el <strong>proc\u00e9s de preinscripci\u00f3<\/strong> per al curs 2026-2027 ho han de fer a <a title=\"Ves al Tr\u00e0mit\" href=\"https:\/\/educacio.gencat.cat\/ca\/tramits\/tramits-temes\/obligatoris?category=74447ed8-a82c-11e3-a972-000c29052e2c\"><strong>Preinscripci\u00f3 a educaci\u00f3 infantil, prim\u00e0ria i secund\u00e0ria obligat\u00f2ria (3-16 anys).<\/strong><\/a>\u200b\u00a0\u200b<\/span><\/p>\n<\/div>\n<\/div>\n<p>&nbsp;<\/p>\n<div>\n<div>\n<p><strong>Matr\u00edcula:<\/strong> del 22 al 30 de juny<\/p>\n<p>\ud83d\udd0e<a href=\"https:\/\/preinscripcio.gencat.cat\/ca\/estudis\/eso\/informat\/calendari\/\" target=\"_blank\" rel=\"noopener\"><strong> Guia del Departament d\u2019Ensenyament amb totes les dates clau i el proc\u00e9s de PREINSCRIPCI\u00d3<\/strong><\/a><\/p>\n<\/div>\n<p><strong><u>Molt important<\/u><\/strong><\/p>\n<ul>\n<li><strong>Codi del centre: 43010189<\/strong><\/li>\n<li>Obligatorietat de fer constar l\u2019IDALU (el proporciona el centre de prim\u00e0ria de proced\u00e8ncia)<\/li>\n<li>Obligatorietat de fer constar una adre\u00e7a de correu electr\u00f2nic<\/li>\n<\/ul>\n<\/div>\n","protected":false},"excerpt":{"rendered":"<p><a title=\"La preinscripci\u00f3 escolar \u00e9s un moment important per a les fam\u00edlies...\" href=\"https:\/\/preinscripcio.gencat.cat\/ca\/estudis\/eso\/\">La preinscripci\u00f3 escolar \u00e9s un moment important per a les fam\u00edlies&#8230;<\/a><br \/>\n<a class=\"gray\" title=\"La preinscripci\u00f3 escolar \u00e9s un moment important per a les fam\u00edlies...\" href=\"https:\/\/preinscripcio.gencat.cat\/ca\/estudis\/eso\/\">&#8230; per aix\u00f2 volem estar al teu costat i acompanyar-te&hellip;  <a href=\"https:\/\/agora.xtec.cat\/iesmed\/secretaria\/preinscripcio-i-matricula\/\" title=\"Read Preinscripci\u00f3 i matr\u00edcula ESO\">Llegeix m\u00e9s\u00bb<\/a><\/p>\n","protected":false},"author":1,"featured_media":0,"parent":81,"menu_order":0,"comment_status":"closed","ping_status":"closed","template":"page-templates\/side-menu.php","meta":{"_bbp_topic_count":0,"_bbp_reply_count":0,"_bbp_total_topic_count":0,"_bbp_total_reply_count":0,"_bbp_voice_count":0,"_bbp_anonymous_reply_count":0,"_bbp_topic_count_hidden":0,"_bbp_reply_count_hidden":0,"_bbp_forum_subforum_count":0,"footnotes":""},"class_list":["post-1451","page","type-page","status-publish","hentry"],"post_mailing_queue_ids":[],"_links":{"self":[{"href":"https:\/\/agora.xtec.cat\/iesmed\/wp-json\/wp\/v2\/pages\/1451","targetHints":{"allow":["GET"]}}],"collection":[{"href":"https:\/\/agora.xtec.cat\/iesmed\/wp-json\/wp\/v2\/pages"}],"about":[{"href":"https:\/\/agora.xtec.cat\/iesmed\/wp-json\/wp\/v2\/types\/page"}],"author":[{"embeddable":true,"href":"https:\/\/agora.xtec.cat\/iesmed\/wp-json\/wp\/v2\/users\/1"}],"replies":[{"embeddable":true,"href":"https:\/\/agora.xtec.cat\/iesmed\/wp-json\/wp\/v2\/comments?post=1451"}],"version-history":[{"count":6,"href":"https:\/\/agora.xtec.cat\/iesmed\/wp-json\/wp\/v2\/pages\/1451\/revisions"}],"predecessor-version":[{"id":7704,"href":"https:\/\/agora.xtec.cat\/iesmed\/wp-json\/wp\/v2\/pages\/1451\/revisions\/7704"}],"up":[{"embeddable":true,"href":"https:\/\/agora.xtec.cat\/iesmed\/wp-json\/wp\/v2\/pages\/81"}],"wp:attachment":[{"href":"https:\/\/agora.xtec.cat\/iesmed\/wp-json\/wp\/v2\/media?parent=1451"}],"curies":[{"name":"wp","href":"https:\/\/api.w.org\/{rel}","templated":true}]}}