{"id":1448,"date":"2017-05-08T12:14:01","date_gmt":"2017-05-08T10:14:01","guid":{"rendered":"http:\/\/agora.xtec.cat\/iesmed\/?page_id=1448"},"modified":"2026-02-04T11:39:18","modified_gmt":"2026-02-04T10:39:18","slug":"horari-datencio","status":"publish","type":"page","link":"https:\/\/agora.xtec.cat\/iesmed\/secretaria\/horari-datencio\/","title":{"rendered":"Horari d&#8217;atenci\u00f3 al p\u00fablic"},"content":{"rendered":"<h3>Horari per\u00edode lectiu<\/h3>\n<p>(des de setembre fins a juny)<\/p>\n<p>Matins de dilluns a divendres de 10 h a 14 h<\/p>\n<p>Tarda de dimecres 16 h a 17.30 h<\/p>\n<h3>Horari d\u2019estiu<\/h3>\n<p>(juliol)<\/p>\n<p><strong>De l&#8217;1 al 15 de juliol de 10 a 14 hores<\/strong><\/p>\n<table>\n<tbody>\n<tr>\n<td><img decoding=\"async\" src=\"https:\/\/agora.xtec.cat\/insbaixpenedes\/wp-content\/uploads\/usu1417\/2020\/09\/IconaAFA1.png\" \/><\/td>\n<td><strong>977 662844<\/strong><\/td>\n<\/tr>\n<tr>\n<td><img decoding=\"async\" src=\"https:\/\/agora.xtec.cat\/insbaixpenedes\/wp-content\/uploads\/usu1417\/2020\/09\/IconaAFA3.png\" \/><\/td>\n<td>lasecretariamediterrania@gmail.com<\/td>\n<\/tr>\n<\/tbody>\n<\/table>\n<h4><\/h4>\n<h4 class=\"paragraph_style_2\"><\/h4>\n","protected":false},"excerpt":{"rendered":"<p>Horari per\u00edode lectiu<br \/>\n(des de setembre fins a juny)<br \/>\nMatins de dilluns a divendres de 10 h a 14 h<br \/>\nTarda de dimecres 16 h a 17.30 h<br \/>\nHorari d\u2019estiu<br \/>\n(juliol)<br \/>\nDe l&#8217;1 al 15 de juliol de 10 a 14 hores<\/p>\n<p>977 662844<\/p>\n<p>lasecretariamediterrania@gmail.com<\/p>\n","protected":false},"author":1,"featured_media":0,"parent":81,"menu_order":0,"comment_status":"closed","ping_status":"closed","template":"page-templates\/side-menu.php","meta":{"_bbp_topic_count":0,"_bbp_reply_count":0,"_bbp_total_topic_count":0,"_bbp_total_reply_count":0,"_bbp_voice_count":0,"_bbp_anonymous_reply_count":0,"_bbp_topic_count_hidden":0,"_bbp_reply_count_hidden":0,"_bbp_forum_subforum_count":0,"footnotes":""},"class_list":["post-1448","page","type-page","status-publish","hentry"],"post_mailing_queue_ids":[],"_links":{"self":[{"href":"https:\/\/agora.xtec.cat\/iesmed\/wp-json\/wp\/v2\/pages\/1448","targetHints":{"allow":["GET"]}}],"collection":[{"href":"https:\/\/agora.xtec.cat\/iesmed\/wp-json\/wp\/v2\/pages"}],"about":[{"href":"https:\/\/agora.xtec.cat\/iesmed\/wp-json\/wp\/v2\/types\/page"}],"author":[{"embeddable":true,"href":"https:\/\/agora.xtec.cat\/iesmed\/wp-json\/wp\/v2\/users\/1"}],"replies":[{"embeddable":true,"href":"https:\/\/agora.xtec.cat\/iesmed\/wp-json\/wp\/v2\/comments?post=1448"}],"version-history":[{"count":5,"href":"https:\/\/agora.xtec.cat\/iesmed\/wp-json\/wp\/v2\/pages\/1448\/revisions"}],"predecessor-version":[{"id":7657,"href":"https:\/\/agora.xtec.cat\/iesmed\/wp-json\/wp\/v2\/pages\/1448\/revisions\/7657"}],"up":[{"embeddable":true,"href":"https:\/\/agora.xtec.cat\/iesmed\/wp-json\/wp\/v2\/pages\/81"}],"wp:attachment":[{"href":"https:\/\/agora.xtec.cat\/iesmed\/wp-json\/wp\/v2\/media?parent=1448"}],"curies":[{"name":"wp","href":"https:\/\/api.w.org\/{rel}","templated":true}]}}