{"id":766,"date":"2019-02-01T14:00:08","date_gmt":"2019-02-01T13:00:08","guid":{"rendered":"http:\/\/agora.xtec.cat\/iesmatadepera\/?page_id=766"},"modified":"2025-10-24T14:16:12","modified_gmt":"2025-10-24T12:16:12","slug":"eso","status":"publish","type":"page","link":"https:\/\/agora.xtec.cat\/iesmatadepera\/estudis-2\/eso\/","title":{"rendered":"ESO"},"content":{"rendered":"<p>1r ESO <a href=\"https:\/\/drive.google.com\/file\/d\/1tVszMj6tOjOp09EbeDnnaCb0iVgc-yaR\/view?usp=drive_link\">(presentaci\u00f3 reuni\u00f3 fam\u00edlies_25_26)<\/a><\/p>\n<p>2n ESO <a href=\"https:\/\/drive.google.com\/file\/d\/1waYYFVqM2XUA4bIzdbB0bUfAWIANq-OC\/view?usp=drive_link\">(presentaci\u00f3 reuni\u00f3 fam\u00edlies_25_26)<\/a><\/p>\n<p>3r ESO <a href=\"https:\/\/drive.google.com\/file\/d\/1-pMXWPMUdlIyvGH432CGLwvhQSan7VhW\/view?usp=drive_link\">(presentaci\u00f3 reuni\u00f3 fam\u00edlies_25_26)<\/a><\/p>\n<p>4t ESO <a href=\"https:\/\/drive.google.com\/file\/d\/1tQFu1ogNfasx8IZsHDjvg0nPRfkTWAen\/view?usp=drive_link\">(presentaci\u00f3 reuni\u00f3 fam\u00edlies_25_26)<\/a><\/p>\n","protected":false},"excerpt":{"rendered":"<p>1r ESO <a href=\"https:\/\/drive.google.com\/file\/d\/1tVszMj6tOjOp09EbeDnnaCb0iVgc-yaR\/view?usp=drive_link\">(presentaci\u00f3 reuni\u00f3 fam\u00edlies_25_26)<\/a><br \/>\n2n ESO <a href=\"https:\/\/drive.google.com\/file\/d\/1waYYFVqM2XUA4bIzdbB0bUfAWIANq-OC\/view?usp=drive_link\">(presentaci\u00f3 reuni\u00f3 fam\u00edlies_25_26)<\/a><br \/>\n3r ESO <a href=\"https:\/\/drive.google.com\/file\/d\/1-pMXWPMUdlIyvGH432CGLwvhQSan7VhW\/view?usp=drive_link\">(presentaci\u00f3 reuni\u00f3 fam\u00edlies_25_26)<\/a><br \/>\n4t ESO <a href=\"https:\/\/drive.google.com\/file\/d\/1tQFu1ogNfasx8IZsHDjvg0nPRfkTWAen\/view?usp=drive_link\">(presentaci\u00f3 reuni\u00f3 fam\u00edlies_25_26)<\/a><\/p>\n","protected":false},"author":1,"featured_media":0,"parent":779,"menu_order":10,"comment_status":"closed","ping_status":"closed","template":"page-templates\/side-menu.php","meta":{"_bbp_topic_count":0,"_bbp_reply_count":0,"_bbp_total_topic_count":0,"_bbp_total_reply_count":0,"_bbp_voice_count":0,"_bbp_anonymous_reply_count":0,"_bbp_topic_count_hidden":0,"_bbp_reply_count_hidden":0,"_bbp_forum_subforum_count":0,"footnotes":""},"class_list":["post-766","page","type-page","status-publish","hentry"],"post_mailing_queue_ids":[],"_links":{"self":[{"href":"https:\/\/agora.xtec.cat\/iesmatadepera\/wp-json\/wp\/v2\/pages\/766","targetHints":{"allow":["GET"]}}],"collection":[{"href":"https:\/\/agora.xtec.cat\/iesmatadepera\/wp-json\/wp\/v2\/pages"}],"about":[{"href":"https:\/\/agora.xtec.cat\/iesmatadepera\/wp-json\/wp\/v2\/types\/page"}],"author":[{"embeddable":true,"href":"https:\/\/agora.xtec.cat\/iesmatadepera\/wp-json\/wp\/v2\/users\/1"}],"replies":[{"embeddable":true,"href":"https:\/\/agora.xtec.cat\/iesmatadepera\/wp-json\/wp\/v2\/comments?post=766"}],"version-history":[{"count":6,"href":"https:\/\/agora.xtec.cat\/iesmatadepera\/wp-json\/wp\/v2\/pages\/766\/revisions"}],"predecessor-version":[{"id":2857,"href":"https:\/\/agora.xtec.cat\/iesmatadepera\/wp-json\/wp\/v2\/pages\/766\/revisions\/2857"}],"up":[{"embeddable":true,"href":"https:\/\/agora.xtec.cat\/iesmatadepera\/wp-json\/wp\/v2\/pages\/779"}],"wp:attachment":[{"href":"https:\/\/agora.xtec.cat\/iesmatadepera\/wp-json\/wp\/v2\/media?parent=766"}],"curies":[{"name":"wp","href":"https:\/\/api.w.org\/{rel}","templated":true}]}}