{"id":677,"date":"2019-01-25T14:27:41","date_gmt":"2019-01-25T13:27:41","guid":{"rendered":"http:\/\/agora.xtec.cat\/iesmatadepera\/?page_id=677"},"modified":"2025-11-13T13:46:52","modified_gmt":"2025-11-13T12:46:52","slug":"coordinacions-tecniques","status":"publish","type":"page","link":"https:\/\/agora.xtec.cat\/iesmatadepera\/linstitut-2\/organigrama\/coordinacions-tecniques\/","title":{"rendered":"Altres coordinacions i equips impulsors"},"content":{"rendered":"<header class=\"entry-header\">\n<p class=\"entry-title\">\n<\/header>\n<div class=\"entry-content\">\n<p><strong>ALTRES COORDINACIONS &#8211; CURS 2025\/2026<\/strong><\/p>\n<ul>\n<li><strong>Coordinaci\u00f3 digital:<\/strong> Cesc Soldevilla i Toni Mu\u00f1oz<\/li>\n<li><strong>Coordinaci\u00f3 de Coeducaci\u00f3, Conviv\u00e8ncia i Benestar (CoCoBe):<\/strong> B\u00e0rbara Segura<\/li>\n<li><strong>Coordinaci\u00f3 de Prevenci\u00f3 Riscos Laborals:<\/strong> Antoni Sanrom\u00e0<\/li>\n<li><b>Coordinaci\u00f3 participaci\u00f3 alumnat:<\/b> Christian Forell, Mireia Morer, Gemma Gilabert<\/li>\n<li><strong>Comissi\u00f3 Pla Impuls Lleng\u00fces Estrangeres:<\/strong> Pilar Noguera, Anna Rosell \/ Roger Civit, Patri Fajardo<\/li>\n<li><strong>Comissi\u00f3 actes de centre<\/strong>: B\u00e0rbara Segura, Victor Launes, Mar\u00e7al P\u00e0mies, Toni Mu\u00f1oz, Maria Ballb\u00e9, Marta L\u00f3pez<\/li>\n<li><strong>Comissi\u00f3 solidaritat:<\/strong> Montse Exp\u00f3sito, \u00cdngrid Ballestar, Gemma Gilabert, \u00c0ngela Martin<\/li>\n<li><strong>Comissi\u00f3 g\u00e8nere<\/strong>: Queralt Colorado, Txell Val, Montse Martin<\/li>\n<li><strong>Coordinaci\u00f3 patis:<\/strong> Xavier Vidal, N\u00faria Badia<\/li>\n<li><strong>Coordinaci\u00f3 biblioteca:<\/strong> \u00c0ngel Berbel<\/li>\n<li><strong>Suport alumnat IOC:<\/strong> Jordi S\u00e1ez, Montse Ortiz i Mireia Teba<\/li>\n<li><strong>Organitzaci\u00f3 viatge 4t: <\/strong>Xavier Vidal<\/li>\n<li><strong>Comissi\u00f3 imatge \/ espais:<\/strong> N\u00faria Faus i N\u00faria Oliver<\/li>\n<li><strong>Responsable web i Instagram: <\/strong>Txell Cuadros, Queralt Colorado<\/li>\n<li><strong>Responsables laboratoris:<\/strong> \u00cdngrid Vallory, Jose Fenollar<\/li>\n<li><strong>Responsable tallers:<\/strong> \u00c1ngeles Medina<\/li>\n<li><strong>Responsables Aula esc\u00e8nica<\/strong>: Mar\u00e7al P\u00e0mies<\/li>\n<li><strong>Responsable gimn\u00e0s<\/strong>: N\u00faria Badia<\/li>\n<li><strong>Responsable aula de dibuix:<\/strong> Marta L\u00f3pez<\/li>\n<li><strong>Coordinaci\u00f3 auxiliar de conversa angl\u00e8s<\/strong>: Pilar Noguera<\/li>\n<li><strong>Equips motor Projecte Faig: <\/strong>Esteve Serra, Maria Ballb\u00e9, B\u00e0rbara Bedmar, Itziar Maestre, Gl\u00f2ria Puig<\/li>\n<li><strong>Equip impulsor centre formador: <\/strong>Christian Forell,\u00a0\u00cdngrid Ballestar,\u00a0Xavi Ros,\u00a0Mireia Morer,<\/li>\n<li><strong>Equip impulsor Enfocament restauratiu Global:<\/strong> Gemma Gilabert, Merc\u00e8 Prieto, Montse Exp\u00f3sito, Queralt Colorado, Txell Sol\u00e0, B\u00e0rbara Bedmar, \u00c0ngela Martin, B\u00e0rbara Segura, Irene Sebastian, Montse Martin, Anna Oliver<\/li>\n<li><strong>Equip impulsor digital:\u00a0<\/strong>Miquel Molina, Cesc Soldevilla<\/li>\n<li><strong>Equip impulsor an\u00e0lisi de dades:<\/strong> Cesc Soldevilla, Antoni Sanrom\u00e0, Ruben Pav\u00eda<\/li>\n<li><strong>Mentores Sensei:<\/strong> \u00cdngrid Ballestar, Mireia Morer<\/li>\n<\/ul>\n<\/div>\n","protected":false},"excerpt":{"rendered":"<p>ALTRES COORDINACIONS &#8211; CURS 2025\/2026<\/p>\n<ul>\n<li>Coordinaci\u00f3 digital: Cesc Soldevilla i Toni Mu\u00f1oz<\/li>\n<li>Coordinaci\u00f3 de Coeducaci\u00f3, Conviv\u00e8ncia i Benestar (CoCoBe): B\u00e0rbara Segura<\/li>\n<li>Coordinaci\u00f3 de Prevenci\u00f3 Riscos Laborals: Antoni Sanrom\u00e0<\/li>\n<li>Coordinaci\u00f3 participaci\u00f3 alumnat: Christian Forell, Mireia Morer, Gemma Gilabert<\/li>\n<li>Comissi\u00f3 Pla Impuls Lleng\u00fces Estrangeres: Pilar Noguera, Anna Rosell \/ Roger Civit, Patri&hellip;  <a href=\"https:\/\/agora.xtec.cat\/iesmatadepera\/linstitut-2\/organigrama\/coordinacions-tecniques\/\" title=\"Read Altres coordinacions i equips impulsors\">Llegeix m\u00e9s\u00bb<\/a><br \/>\n","protected":false},"author":1,"featured_media":0,"parent":662,"menu_order":0,"comment_status":"closed","ping_status":"closed","template":"page-templates\/side-menu.php","meta":{"_bbp_topic_count":0,"_bbp_reply_count":0,"_bbp_total_topic_count":0,"_bbp_total_reply_count":0,"_bbp_voice_count":0,"_bbp_anonymous_reply_count":0,"_bbp_topic_count_hidden":0,"_bbp_reply_count_hidden":0,"_bbp_forum_subforum_count":0,"footnotes":""},"class_list":["post-677","page","type-page","status-publish","hentry"],"post_mailing_queue_ids":[],"_links":{"self":[{"href":"https:\/\/agora.xtec.cat\/iesmatadepera\/wp-json\/wp\/v2\/pages\/677","targetHints":{"allow":["GET"]}}],"collection":[{"href":"https:\/\/agora.xtec.cat\/iesmatadepera\/wp-json\/wp\/v2\/pages"}],"about":[{"href":"https:\/\/agora.xtec.cat\/iesmatadepera\/wp-json\/wp\/v2\/types\/page"}],"author":[{"embeddable":true,"href":"https:\/\/agora.xtec.cat\/iesmatadepera\/wp-json\/wp\/v2\/users\/1"}],"replies":[{"embeddable":true,"href":"https:\/\/agora.xtec.cat\/iesmatadepera\/wp-json\/wp\/v2\/comments?post=677"}],"version-history":[{"count":6,"href":"https:\/\/agora.xtec.cat\/iesmatadepera\/wp-json\/wp\/v2\/pages\/677\/revisions"}],"predecessor-version":[{"id":2862,"href":"https:\/\/agora.xtec.cat\/iesmatadepera\/wp-json\/wp\/v2\/pages\/677\/revisions\/2862"}],"up":[{"embeddable":true,"href":"https:\/\/agora.xtec.cat\/iesmatadepera\/wp-json\/wp\/v2\/pages\/662"}],"wp:attachment":[{"href":"https:\/\/agora.xtec.cat\/iesmatadepera\/wp-json\/wp\/v2\/media?parent=677"}],"curies":[{"name":"wp","href":"https:\/\/api.w.org\/{rel}","templated":true}]}}