{"id":668,"date":"2019-01-25T14:25:42","date_gmt":"2019-01-25T13:25:42","guid":{"rendered":"http:\/\/agora.xtec.cat\/iesmatadepera\/?page_id=668"},"modified":"2025-09-28T22:23:48","modified_gmt":"2025-09-28T20:23:48","slug":"consell-escolar","status":"publish","type":"page","link":"https:\/\/agora.xtec.cat\/iesmatadepera\/linstitut-2\/organigrama\/consell-escolar\/","title":{"rendered":"Consell Escolar"},"content":{"rendered":"<p class=\"entry-header\"><span style=\"font-family: inherit; font-size: 1em;\">El Consell Escolar \u00e9s l\u2019\u00f2rgan de participaci\u00f3 de la comunitat escolar en el govern de l\u2019institut i l\u2019\u00f2rgan de programaci\u00f3, seguiment i avaluaci\u00f3 general de les seves activitats. Representa els interessos comuns generals del centre i garanteix els drets de les persones que hi conviuen.<\/span><\/p>\n<div class=\"entry-content\">\n<h4><span style=\"color: #000080;\">Components del Consell Escolar<\/span><\/h4>\n<ul>\n<li><b>President:<\/b>\n<ul>\n<li>Xavi Ros (Director)<\/li>\n<\/ul>\n<\/li>\n<li><b>Cap d\u2019Estudis:<\/b>\n<ul>\n<li>B\u00e0rbara Bedmar \/ Esteve Serra<\/li>\n<\/ul>\n<\/li>\n<li><b>Secretari: (sense vot)<\/b>\n<ul>\n<li>Miquel Molina<\/li>\n<\/ul>\n<\/li>\n<li><b>Sector professorat:<\/b>\n<ul>\n<li>\u00c0ngela Mart\u00edn<\/li>\n<li>Antoni Sanrom\u00e0<\/li>\n<li>Gl\u00f2ria Puig<\/li>\n<li>Carme Herencia<\/li>\n<li>N\u00faria Badia<\/li>\n<li><em>Vacant\u00a0<\/em><\/li>\n<\/ul>\n<\/li>\n<li><b>Sector pares\/mares:<\/b>\n<ul>\n<li>Sergi Caravaca (President AFA)<\/li>\n<li>Mireia Barris<\/li>\n<li>Mar Cerezuela<\/li>\n<li>Sandra Garcia<\/li>\n<\/ul>\n<\/li>\n<li><b>Sector alumnat:<\/b>\n<ul>\n<li>Anouk Montes<\/li>\n<li>Alex Espin<\/li>\n<li><em>Vacant\u00a0<\/em><\/li>\n<li><b>Representant de l\u2019Ajuntament:<\/b>\n<ul>\n<li>Dolors Mart\u00ed (regidora d&#8217;Ensenyament)<\/li>\n<\/ul>\n<\/li>\n<\/ul>\n<\/li>\n<li><b>Sector PAS:<\/b>\n<ul>\n<li>Marta Serra<\/li>\n<\/ul>\n<\/li>\n<\/ul>\n<p><strong>REPRESENTANTS DE L&#8217;INSTITUT MATADEPERA AL CONSELL ESCOLAR MUNICIPAL<\/strong><\/p>\n<ul>\n<li>Xavi Ros<\/li>\n<li>Sergi Caravaca<\/li>\n<li>Antoni Sanrom\u00e0<\/li>\n<li>Marta Serra<\/li>\n<\/ul>\n<p>&nbsp;<\/p>\n<\/div>\n","protected":false},"excerpt":{"rendered":"<p>El Consell Escolar \u00e9s l\u2019\u00f2rgan de participaci\u00f3 de la comunitat escolar en el govern de l\u2019institut i l\u2019\u00f2rgan de programaci\u00f3, seguiment i avaluaci\u00f3 general de les seves activitats. Representa els interessos comuns generals del centre i garanteix els drets de les persones que hi conviuen.<\/p>\n<p>Components&hellip;  <a href=\"https:\/\/agora.xtec.cat\/iesmatadepera\/linstitut-2\/organigrama\/consell-escolar\/\" title=\"Read Consell Escolar\">Llegeix m\u00e9s\u00bb<\/a><\/p>\n","protected":false},"author":1,"featured_media":0,"parent":662,"menu_order":0,"comment_status":"closed","ping_status":"closed","template":"page-templates\/side-menu.php","meta":{"_bbp_topic_count":0,"_bbp_reply_count":0,"_bbp_total_topic_count":0,"_bbp_total_reply_count":0,"_bbp_voice_count":0,"_bbp_anonymous_reply_count":0,"_bbp_topic_count_hidden":0,"_bbp_reply_count_hidden":0,"_bbp_forum_subforum_count":0,"footnotes":""},"class_list":["post-668","page","type-page","status-publish","hentry"],"post_mailing_queue_ids":[],"_links":{"self":[{"href":"https:\/\/agora.xtec.cat\/iesmatadepera\/wp-json\/wp\/v2\/pages\/668","targetHints":{"allow":["GET"]}}],"collection":[{"href":"https:\/\/agora.xtec.cat\/iesmatadepera\/wp-json\/wp\/v2\/pages"}],"about":[{"href":"https:\/\/agora.xtec.cat\/iesmatadepera\/wp-json\/wp\/v2\/types\/page"}],"author":[{"embeddable":true,"href":"https:\/\/agora.xtec.cat\/iesmatadepera\/wp-json\/wp\/v2\/users\/1"}],"replies":[{"embeddable":true,"href":"https:\/\/agora.xtec.cat\/iesmatadepera\/wp-json\/wp\/v2\/comments?post=668"}],"version-history":[{"count":7,"href":"https:\/\/agora.xtec.cat\/iesmatadepera\/wp-json\/wp\/v2\/pages\/668\/revisions"}],"predecessor-version":[{"id":2835,"href":"https:\/\/agora.xtec.cat\/iesmatadepera\/wp-json\/wp\/v2\/pages\/668\/revisions\/2835"}],"up":[{"embeddable":true,"href":"https:\/\/agora.xtec.cat\/iesmatadepera\/wp-json\/wp\/v2\/pages\/662"}],"wp:attachment":[{"href":"https:\/\/agora.xtec.cat\/iesmatadepera\/wp-json\/wp\/v2\/media?parent=668"}],"curies":[{"name":"wp","href":"https:\/\/api.w.org\/{rel}","templated":true}]}}