{"id":657,"date":"2019-01-24T11:10:20","date_gmt":"2019-01-24T10:10:20","guid":{"rendered":"http:\/\/agora.xtec.cat\/iesmatadepera\/?page_id=657"},"modified":"2022-02-24T10:42:00","modified_gmt":"2022-02-24T09:42:00","slug":"historia","status":"publish","type":"page","link":"https:\/\/agora.xtec.cat\/iesmatadepera\/linstitut-2\/historia\/","title":{"rendered":"Presentaci\u00f3"},"content":{"rendered":"<p>L\u2019Institut Matadepera \u00e9s l\u2019\u00fanic Institut p\u00fablic de la poblaci\u00f3 de Matadepera. S\u2019hi imparteix l\u2019Educaci\u00f3 Secund\u00e0ria Obligat\u00f2ria i dues de les modalitats de Batxillerat (la de Ci\u00e8ncies i tecnologies i l\u2019Human\u00edstica social). Probablement per aquest fet singular, percebem que \u00e9s un Centre valorat com a propi pel poble.<\/p>\n<p>\u00c9s l\u2019Institut d\u2019una poblaci\u00f3 relativament petita situada al peu del Parc Natural de Sant Lloren\u00e7 del Munt i Serra de l\u2019Obac que gaudeix d\u2019un entorn natural privilegiat.<\/p>\n<p>\u00c9s a tocar d\u2019una de les ciutats m\u00e9s grans de Catalunya (Terrassa), que gaudeix de quantitat de serveis i recursos culturals. Matadepera comparteix amb Terrassa molts lla\u00e7os familiars, socials i econ\u00f2mics. L\u2019alumnat de l\u2019Institut \u00e9s majorit\u00e0riament resident a Matadepera, per\u00f2 tamb\u00e9 acull alumnes d\u2019altres poblacions, sobretot de Terrassa.<\/p>\n<p>L&#8217;Institut Matadepera es va inaugurar el 1996. Els primers cursos va estar ocupant part de les instal\u00b7lacions de l&#8217;Escola Ginesta (motiu pel qual, un dels patis de l&#8217;Institut rep el nom d&#8217;aquesta escola). El primer director va ser el Jaume Pallarols.<\/p>\n<p>Al principi de la primavera del 2001 l&#8217;institut ja va poder comen\u00e7ar a utilitzar les instal\u00b7lacions de l&#8217;edifici actual. Al final del curs 2001-2002, el Ricard Rovira va ser el segon director del centre, encara que nom\u00e9s fos per unes setmanes. El juliol de 2002 va agafar la direcci\u00f3 la Carme Vigu\u00e9s, que ho va ser durant sis cursos. L&#8217;edifici, que havia estat dissenyat per dues l\u00ednies d&#8217;ESO i dues de Batxillerat, de seguida va comen\u00e7ar a quedar petit i es va haver d&#8217;ampliar en una ala nova amb vuit aules, uns vestidors, una pista i diversos espais m\u00e9s petits. Aquesta ampliaci\u00f3 es va comen\u00e7ar a fer servir el curs 2007-2008.<\/p>\n<p>El curs 2008-2009, la directora va ser l&#8217;Olga Mart\u00ednez. I el curs seg\u00fcent la va substituir la N\u00faria Badia, que va ocupar el c\u00e0rrec durant quatre cursos. El 2013 la va substituir el Xavi Ros, que \u00e9s el director actual. En aquests anys, el centre va seguir creixent i actualment, ja \u00e9s un centre de quatre l\u00ednies d&#8217;ESO i tres de Batxillerat. Per aquest motiu, el curs 2015-2016 es van inaugurar tres aules noves que ocupaven els baixos de les aules constru\u00efdes vuit anys enrere.<\/p>\n<p>El curs 2015-2016 el centre va iniciar un proc\u00e9s de transformaci\u00f3 pedag\u00f2gica en el qual est\u00e0 encara immers. Entre els anys 2017 i 2019 ha estat un dels \u00fanics quatre instituts que ha format part de la mostra representativa del programa Escola Nova 21. Ha format part dels centres del GEP (Grup d&#8217;Experimentaci\u00f3 Pluriling\u00fce)<\/p>\n<p>Actualment, el centre forma part del F\u00f2rum Futurs de l&#8217;Educaci\u00f3 i de la Xarxa XIES, segueix participant en la xarxa de centres innovadors de l&#8217;ICE la UAB. D&#8217;altra banda \u00e9s un centre de refer\u00e8ncia en el treball a les aules de la Mem\u00f2ria democr\u00e0tica, concretament de la mem\u00f2ria de l&#8217;Holocaust.<\/p>\n<p>Actualment, a l&#8217;institut hi estudien m\u00e9s de 670 noies i nois i hi treballen m\u00e9s de 60 docents i 4 persones del PAS.<\/p>\n<p>&nbsp;<\/p>\n","protected":false},"excerpt":{"rendered":"<p>L\u2019Institut Matadepera \u00e9s l\u2019\u00fanic Institut p\u00fablic de la poblaci\u00f3 de Matadepera. S\u2019hi imparteix l\u2019Educaci\u00f3 Secund\u00e0ria Obligat\u00f2ria i dues de les modalitats de Batxillerat (la de Ci\u00e8ncies i tecnologies i l\u2019Human\u00edstica social). Probablement per aquest fet singular, percebem que \u00e9s un Centre valorat com a propi&hellip;  <a href=\"https:\/\/agora.xtec.cat\/iesmatadepera\/linstitut-2\/historia\/\" title=\"Read Presentaci\u00f3\">Llegeix m\u00e9s\u00bb<\/a><\/p>\n","protected":false},"author":1,"featured_media":0,"parent":653,"menu_order":20,"comment_status":"closed","ping_status":"closed","template":"page-templates\/side-menu.php","meta":{"_bbp_topic_count":0,"_bbp_reply_count":0,"_bbp_total_topic_count":0,"_bbp_total_reply_count":0,"_bbp_voice_count":0,"_bbp_anonymous_reply_count":0,"_bbp_topic_count_hidden":0,"_bbp_reply_count_hidden":0,"_bbp_forum_subforum_count":0,"footnotes":""},"class_list":["post-657","page","type-page","status-publish","hentry"],"post_mailing_queue_ids":[],"_links":{"self":[{"href":"https:\/\/agora.xtec.cat\/iesmatadepera\/wp-json\/wp\/v2\/pages\/657","targetHints":{"allow":["GET"]}}],"collection":[{"href":"https:\/\/agora.xtec.cat\/iesmatadepera\/wp-json\/wp\/v2\/pages"}],"about":[{"href":"https:\/\/agora.xtec.cat\/iesmatadepera\/wp-json\/wp\/v2\/types\/page"}],"author":[{"embeddable":true,"href":"https:\/\/agora.xtec.cat\/iesmatadepera\/wp-json\/wp\/v2\/users\/1"}],"replies":[{"embeddable":true,"href":"https:\/\/agora.xtec.cat\/iesmatadepera\/wp-json\/wp\/v2\/comments?post=657"}],"version-history":[{"count":4,"href":"https:\/\/agora.xtec.cat\/iesmatadepera\/wp-json\/wp\/v2\/pages\/657\/revisions"}],"predecessor-version":[{"id":2213,"href":"https:\/\/agora.xtec.cat\/iesmatadepera\/wp-json\/wp\/v2\/pages\/657\/revisions\/2213"}],"up":[{"embeddable":true,"href":"https:\/\/agora.xtec.cat\/iesmatadepera\/wp-json\/wp\/v2\/pages\/653"}],"wp:attachment":[{"href":"https:\/\/agora.xtec.cat\/iesmatadepera\/wp-json\/wp\/v2\/media?parent=657"}],"curies":[{"name":"wp","href":"https:\/\/api.w.org\/{rel}","templated":true}]}}