{"id":1414,"date":"2020-02-12T22:18:11","date_gmt":"2020-02-12T21:18:11","guid":{"rendered":"http:\/\/agora.xtec.cat\/iesmatadepera\/?page_id=1414"},"modified":"2020-02-12T22:19:28","modified_gmt":"2020-02-12T21:19:28","slug":"instagram-comissio-de-genere-lgtbi","status":"publish","type":"page","link":"https:\/\/agora.xtec.cat\/iesmatadepera\/ambits-i-projectes\/instagram-comissio-de-genere-lgtbi\/","title":{"rendered":"Instagram Comissi\u00f3 de G\u00e8nere-LGTBI"},"content":{"rendered":"<p>Cliqueu sobre la imatge enlla\u00e7ada<\/p>\n<p><a href=\"https:\/\/www.instagram.com\/insmatadeperafeminista\/\" target=\"_blank\" rel=\"noopener noreferrer\"><img loading=\"lazy\" decoding=\"async\" class=\" wp-image-1415 aligncenter\" src=\"https:\/\/agora.xtec.cat\/iesmatadepera\/wp-content\/uploads\/usu438\/2020\/02\/Captura-de-pantalla-2020-02-12-a-las-22.14.52-300x260.png\" alt=\"\" width=\"395\" height=\"343\" srcset=\"https:\/\/agora.xtec.cat\/iesmatadepera\/wp-content\/uploads\/usu438\/2020\/02\/Captura-de-pantalla-2020-02-12-a-las-22.14.52-300x260.png 300w, https:\/\/agora.xtec.cat\/iesmatadepera\/wp-content\/uploads\/usu438\/2020\/02\/Captura-de-pantalla-2020-02-12-a-las-22.14.52-768x667.png 768w, https:\/\/agora.xtec.cat\/iesmatadepera\/wp-content\/uploads\/usu438\/2020\/02\/Captura-de-pantalla-2020-02-12-a-las-22.14.52-1024x889.png 1024w, https:\/\/agora.xtec.cat\/iesmatadepera\/wp-content\/uploads\/usu438\/2020\/02\/Captura-de-pantalla-2020-02-12-a-las-22.14.52.png 1984w\" sizes=\"auto, (max-width: 395px) 100vw, 395px\" \/><\/a><\/p>\n","protected":false},"excerpt":{"rendered":"<p>Cliqueu sobre la imatge enlla\u00e7ada<br \/>\n<a href=\"https:\/\/www.instagram.com\/insmatadeperafeminista\/\" target=\"_blank\" rel=\"noopener noreferrer\"><\/a><\/p>\n","protected":false},"author":1,"featured_media":0,"parent":931,"menu_order":45,"comment_status":"closed","ping_status":"closed","template":"page-templates\/side-menu.php","meta":{"_bbp_topic_count":0,"_bbp_reply_count":0,"_bbp_total_topic_count":0,"_bbp_total_reply_count":0,"_bbp_voice_count":0,"_bbp_anonymous_reply_count":0,"_bbp_topic_count_hidden":0,"_bbp_reply_count_hidden":0,"_bbp_forum_subforum_count":0,"footnotes":""},"class_list":["post-1414","page","type-page","status-publish","hentry"],"post_mailing_queue_ids":[],"_links":{"self":[{"href":"https:\/\/agora.xtec.cat\/iesmatadepera\/wp-json\/wp\/v2\/pages\/1414","targetHints":{"allow":["GET"]}}],"collection":[{"href":"https:\/\/agora.xtec.cat\/iesmatadepera\/wp-json\/wp\/v2\/pages"}],"about":[{"href":"https:\/\/agora.xtec.cat\/iesmatadepera\/wp-json\/wp\/v2\/types\/page"}],"author":[{"embeddable":true,"href":"https:\/\/agora.xtec.cat\/iesmatadepera\/wp-json\/wp\/v2\/users\/1"}],"replies":[{"embeddable":true,"href":"https:\/\/agora.xtec.cat\/iesmatadepera\/wp-json\/wp\/v2\/comments?post=1414"}],"version-history":[{"count":1,"href":"https:\/\/agora.xtec.cat\/iesmatadepera\/wp-json\/wp\/v2\/pages\/1414\/revisions"}],"predecessor-version":[{"id":1416,"href":"https:\/\/agora.xtec.cat\/iesmatadepera\/wp-json\/wp\/v2\/pages\/1414\/revisions\/1416"}],"up":[{"embeddable":true,"href":"https:\/\/agora.xtec.cat\/iesmatadepera\/wp-json\/wp\/v2\/pages\/931"}],"wp:attachment":[{"href":"https:\/\/agora.xtec.cat\/iesmatadepera\/wp-json\/wp\/v2\/media?parent=1414"}],"curies":[{"name":"wp","href":"https:\/\/api.w.org\/{rel}","templated":true}]}}