{"id":1383,"date":"2020-02-07T14:38:33","date_gmt":"2020-02-07T13:38:33","guid":{"rendered":"http:\/\/agora.xtec.cat\/iesmatadepera\/?page_id=1383"},"modified":"2025-02-09T20:37:58","modified_gmt":"2025-02-09T19:37:58","slug":"justificacio-faltes-dassistencia","status":"publish","type":"page","link":"https:\/\/agora.xtec.cat\/iesmatadepera\/secretaria\/justificacio-faltes-dassistencia\/","title":{"rendered":"Faltes d&#8217;Assist\u00e8ncia"},"content":{"rendered":"<p>Podeu justificar les faltes d&#8217;assist\u00e8ncia omplint el document i entregant-lo o mitjan\u00e7ant <strong><a href=\"https:\/\/www.gerardapps.cat\/insmatadepera\">AC\u00c0CIA<\/a><\/strong>.<\/p>\n<p>Cliqueu sobre la imatge<\/p>\n<p><a href=\"https:\/\/agora.xtec.cat\/iesmatadepera\/wp-content\/uploads\/usu438\/2021\/09\/Justificacio-de-faltes-dassistencia112080.pdf\" target=\"_blank\" rel=\"noopener noreferrer\"><img loading=\"lazy\" decoding=\"async\" class=\"alignnone wp-image-1392 size-medium\" src=\"https:\/\/agora.xtec.cat\/iesmatadepera\/wp-content\/uploads\/usu438\/2020\/02\/Justificaci\u00f3Assist\u00e8ncia-300x297.jpg\" alt=\"\" width=\"300\" height=\"297\" srcset=\"https:\/\/agora.xtec.cat\/iesmatadepera\/wp-content\/uploads\/usu438\/2020\/02\/Justificaci\u00f3Assist\u00e8ncia-300x297.jpg 300w, https:\/\/agora.xtec.cat\/iesmatadepera\/wp-content\/uploads\/usu438\/2020\/02\/Justificaci\u00f3Assist\u00e8ncia-150x150.jpg 150w, https:\/\/agora.xtec.cat\/iesmatadepera\/wp-content\/uploads\/usu438\/2020\/02\/Justificaci\u00f3Assist\u00e8ncia.jpg 742w\" sizes=\"auto, (max-width: 300px) 100vw, 300px\" \/><\/a><\/p>\n","protected":false},"excerpt":{"rendered":"<p>Podeu justificar les faltes d&#8217;assist\u00e8ncia omplint el document i entregant-lo o mitjan\u00e7ant <a href=\"https:\/\/www.gerardapps.cat\/insmatadepera\">AC\u00c0CIA<\/a>.<br \/>\nCliqueu sobre la imatge<br \/>\n<a href=\"https:\/\/agora.xtec.cat\/iesmatadepera\/wp-content\/uploads\/usu438\/2021\/09\/Justificacio-de-faltes-dassistencia112080.pdf\" target=\"_blank\" rel=\"noopener noreferrer\"><\/a><\/p>\n","protected":false},"author":1,"featured_media":0,"parent":782,"menu_order":50,"comment_status":"closed","ping_status":"closed","template":"page-templates\/side-menu.php","meta":{"_bbp_topic_count":0,"_bbp_reply_count":0,"_bbp_total_topic_count":0,"_bbp_total_reply_count":0,"_bbp_voice_count":0,"_bbp_anonymous_reply_count":0,"_bbp_topic_count_hidden":0,"_bbp_reply_count_hidden":0,"_bbp_forum_subforum_count":0,"footnotes":""},"class_list":["post-1383","page","type-page","status-publish","hentry"],"post_mailing_queue_ids":[],"_links":{"self":[{"href":"https:\/\/agora.xtec.cat\/iesmatadepera\/wp-json\/wp\/v2\/pages\/1383","targetHints":{"allow":["GET"]}}],"collection":[{"href":"https:\/\/agora.xtec.cat\/iesmatadepera\/wp-json\/wp\/v2\/pages"}],"about":[{"href":"https:\/\/agora.xtec.cat\/iesmatadepera\/wp-json\/wp\/v2\/types\/page"}],"author":[{"embeddable":true,"href":"https:\/\/agora.xtec.cat\/iesmatadepera\/wp-json\/wp\/v2\/users\/1"}],"replies":[{"embeddable":true,"href":"https:\/\/agora.xtec.cat\/iesmatadepera\/wp-json\/wp\/v2\/comments?post=1383"}],"version-history":[{"count":5,"href":"https:\/\/agora.xtec.cat\/iesmatadepera\/wp-json\/wp\/v2\/pages\/1383\/revisions"}],"predecessor-version":[{"id":2763,"href":"https:\/\/agora.xtec.cat\/iesmatadepera\/wp-json\/wp\/v2\/pages\/1383\/revisions\/2763"}],"up":[{"embeddable":true,"href":"https:\/\/agora.xtec.cat\/iesmatadepera\/wp-json\/wp\/v2\/pages\/782"}],"wp:attachment":[{"href":"https:\/\/agora.xtec.cat\/iesmatadepera\/wp-json\/wp\/v2\/media?parent=1383"}],"curies":[{"name":"wp","href":"https:\/\/api.w.org\/{rel}","templated":true}]}}