{"id":1135,"date":"2019-11-22T13:12:49","date_gmt":"2019-11-22T12:12:49","guid":{"rendered":"http:\/\/agora.xtec.cat\/iesmatadepera\/?page_id=1135"},"modified":"2025-10-16T14:43:45","modified_gmt":"2025-10-16T12:43:45","slug":"2n-eso","status":"publish","type":"page","link":"https:\/\/agora.xtec.cat\/iesmatadepera\/estudis-2\/eso\/2n-eso\/","title":{"rendered":"2n ESO"},"content":{"rendered":"<p>2n ESO (<a href=\"https:\/\/drive.google.com\/file\/d\/1waYYFVqM2XUA4bIzdbB0bUfAWIANq-OC\/view?usp=drive_link\">presentaci\u00f3 reuni\u00f3 fam\u00edlies_25_26)<\/a><\/p>\n<ul>\n<li>STEM<\/li>\n<li>Lleng\u00fces<\/li>\n<li>Angl\u00e8s<\/li>\n<li>Socials<\/li>\n<li>Visual i pl\u00e0stica<\/li>\n<li>Educaci\u00f3 f\u00edsica<\/li>\n<li>Optatives<\/li>\n<li><a href=\"https:\/\/www.diba.cat\/web\/fem-tec\">Valors<\/a><\/li>\n<li>Tutoria<\/li>\n<li>Religi\u00f3<\/li>\n<\/ul>\n","protected":false},"excerpt":{"rendered":"<p>2n ESO (<a href=\"https:\/\/drive.google.com\/file\/d\/1waYYFVqM2XUA4bIzdbB0bUfAWIANq-OC\/view?usp=drive_link\">presentaci\u00f3 reuni\u00f3 fam\u00edlies_25_26)<\/a><\/p>\n<ul>\n<li>STEM<\/li>\n<li>Lleng\u00fces<\/li>\n<li>Angl\u00e8s<\/li>\n<li>Socials<\/li>\n<li>Visual i pl\u00e0stica<\/li>\n<li>Educaci\u00f3 f\u00edsica<\/li>\n<li>Optatives<\/li>\n<li><a href=\"https:\/\/www.diba.cat\/web\/fem-tec\">Valors<\/a><\/li>\n<li>Tutoria<\/li>\n<li>Religi\u00f3<\/li>\n<\/ul>\n","protected":false},"author":1,"featured_media":0,"parent":766,"menu_order":12,"comment_status":"closed","ping_status":"closed","template":"page-templates\/side-menu.php","meta":{"_bbp_topic_count":0,"_bbp_reply_count":0,"_bbp_total_topic_count":0,"_bbp_total_reply_count":0,"_bbp_voice_count":0,"_bbp_anonymous_reply_count":0,"_bbp_topic_count_hidden":0,"_bbp_reply_count_hidden":0,"_bbp_forum_subforum_count":0,"footnotes":""},"class_list":["post-1135","page","type-page","status-publish","hentry"],"post_mailing_queue_ids":[],"_links":{"self":[{"href":"https:\/\/agora.xtec.cat\/iesmatadepera\/wp-json\/wp\/v2\/pages\/1135","targetHints":{"allow":["GET"]}}],"collection":[{"href":"https:\/\/agora.xtec.cat\/iesmatadepera\/wp-json\/wp\/v2\/pages"}],"about":[{"href":"https:\/\/agora.xtec.cat\/iesmatadepera\/wp-json\/wp\/v2\/types\/page"}],"author":[{"embeddable":true,"href":"https:\/\/agora.xtec.cat\/iesmatadepera\/wp-json\/wp\/v2\/users\/1"}],"replies":[{"embeddable":true,"href":"https:\/\/agora.xtec.cat\/iesmatadepera\/wp-json\/wp\/v2\/comments?post=1135"}],"version-history":[{"count":6,"href":"https:\/\/agora.xtec.cat\/iesmatadepera\/wp-json\/wp\/v2\/pages\/1135\/revisions"}],"predecessor-version":[{"id":2849,"href":"https:\/\/agora.xtec.cat\/iesmatadepera\/wp-json\/wp\/v2\/pages\/1135\/revisions\/2849"}],"up":[{"embeddable":true,"href":"https:\/\/agora.xtec.cat\/iesmatadepera\/wp-json\/wp\/v2\/pages\/766"}],"wp:attachment":[{"href":"https:\/\/agora.xtec.cat\/iesmatadepera\/wp-json\/wp\/v2\/media?parent=1135"}],"curies":[{"name":"wp","href":"https:\/\/api.w.org\/{rel}","templated":true}]}}