{"id":81,"date":"2014-09-18T10:38:05","date_gmt":"2014-09-18T10:38:05","guid":{"rendered":"http:\/\/agora.xtec.cat\/iesmartipol\/?page_id=81"},"modified":"2026-04-14T13:49:08","modified_gmt":"2026-04-14T11:49:08","slug":"secretaria","status":"publish","type":"page","link":"https:\/\/agora.xtec.cat\/iesmartipol\/secretaria\/","title":{"rendered":"Secretaria"},"content":{"rendered":"<h2>Horari d&#8217;atenci\u00f3<\/h2>\n<p><span style=\"font-weight: 400;\"><span style=\"text-decoration: underline;\">Matins<\/span>:<\/span><br \/>\n<span style=\"font-weight: 400;\">De<\/span><b> dilluns a divendres<\/b><span style=\"font-weight: 400;\"> de 9h a 13h.<\/span><\/p>\n<p><span style=\"font-weight: 400;\"><span style=\"text-decoration: underline;\">Tardes<\/span>:<\/span><br \/>\n<b>Dimecres<\/b><span style=\"font-weight: 400;\"> de 15:30h a 17:00h.<\/span><\/p>\n<h2>Horari d&#8217;estiu (juny, juliol i setembre)<\/h2>\n<p><span style=\"font-weight: 400;\">De<\/span><b> dilluns a divendres<\/b><span style=\"font-weight: 400;\"> de 10h a 12h.<\/span><br \/>\n<b><\/b><\/p>\n<h2>Contacte:<\/h2>\n<table style=\"border-collapse: collapse; width: 40.1154%; height: 56px;\">\n<tbody>\n<tr>\n<td style=\"width: 100%;\"><b>Tel\u00e8fon:<\/b><span style=\"font-weight: 400;\">\u00a0 938 500 244<\/span><br \/>\n<b>Correu electr\u00f2nic:<\/b> <a href=\"mailto:a8053042@xtec.cat\"><span style=\"font-weight: 400;\">a8053042@xtec.cat<\/span><\/a><\/td>\n<\/tr>\n<\/tbody>\n<\/table>\n<p><span style=\"font-weight: 400;\">Per a qualsevol consulta o tr\u00e0mit fora de l\u2019horari d\u2019atenci\u00f3, podeu escriure al correu electr\u00f2nic del centre o b\u00e9 trucar al 938500244.<\/span><\/p>\n","protected":false},"excerpt":{"rendered":"<p>Horari d&#8217;atenci\u00f3<br \/>\nMatins:<br \/>\nDe dilluns a divendres de 9h a 13h.<br \/>\nTardes:<br \/>\nDimecres de 15:30h a 17:00h.<br \/>\nHorari d&#8217;estiu (juny, juliol i setembre)<br \/>\nDe dilluns a divendres de 10h a 12h.<\/p>\n<p>Contacte:<\/p>\n<p>Tel\u00e8fon:\u00a0 938 500 244<br \/>\nCorreu electr\u00f2nic: <a href=\"mailto:a8053042@xtec.cat\">a8053042@xtec.cat<\/a><\/p>\n<p>Per a qualsevol consulta o tr\u00e0mit fora de l\u2019horari d\u2019atenci\u00f3, podeu escriure al correu electr\u00f2nic&hellip;  <a href=\"https:\/\/agora.xtec.cat\/iesmartipol\/secretaria\/\" title=\"Read Secretaria\">Llegeix m\u00e9s\u00bb<\/a><\/p>\n","protected":false},"author":1,"featured_media":0,"parent":0,"menu_order":0,"comment_status":"closed","ping_status":"closed","template":"page-templates\/side-menu.php","meta":{"_bbp_topic_count":0,"_bbp_reply_count":0,"_bbp_total_topic_count":0,"_bbp_total_reply_count":0,"_bbp_voice_count":0,"_bbp_anonymous_reply_count":0,"_bbp_topic_count_hidden":0,"_bbp_reply_count_hidden":0,"_bbp_forum_subforum_count":0,"footnotes":""},"class_list":["post-81","page","type-page","status-publish","hentry"],"post_mailing_queue_ids":[],"_links":{"self":[{"href":"https:\/\/agora.xtec.cat\/iesmartipol\/wp-json\/wp\/v2\/pages\/81","targetHints":{"allow":["GET"]}}],"collection":[{"href":"https:\/\/agora.xtec.cat\/iesmartipol\/wp-json\/wp\/v2\/pages"}],"about":[{"href":"https:\/\/agora.xtec.cat\/iesmartipol\/wp-json\/wp\/v2\/types\/page"}],"author":[{"embeddable":true,"href":"https:\/\/agora.xtec.cat\/iesmartipol\/wp-json\/wp\/v2\/users\/1"}],"replies":[{"embeddable":true,"href":"https:\/\/agora.xtec.cat\/iesmartipol\/wp-json\/wp\/v2\/comments?post=81"}],"version-history":[{"count":5,"href":"https:\/\/agora.xtec.cat\/iesmartipol\/wp-json\/wp\/v2\/pages\/81\/revisions"}],"predecessor-version":[{"id":2137,"href":"https:\/\/agora.xtec.cat\/iesmartipol\/wp-json\/wp\/v2\/pages\/81\/revisions\/2137"}],"wp:attachment":[{"href":"https:\/\/agora.xtec.cat\/iesmartipol\/wp-json\/wp\/v2\/media?parent=81"}],"curies":[{"name":"wp","href":"https:\/\/api.w.org\/{rel}","templated":true}]}}