{"id":668,"date":"2022-04-26T17:25:12","date_gmt":"2022-04-26T15:25:12","guid":{"rendered":"https:\/\/agora.xtec.cat\/iesmartipol\/?page_id=668"},"modified":"2025-03-23T18:42:42","modified_gmt":"2025-03-23T17:42:42","slug":"escola-verda","status":"publish","type":"page","link":"https:\/\/agora.xtec.cat\/iesmartipol\/projectes\/escola-verda\/","title":{"rendered":"Escola verda"},"content":{"rendered":"<p style=\"text-align: justify;\"><span style=\"font-weight: 400;\">Ser Escola Verda significa haver rebut un distintiu certificant el comprom\u00eds de l\u2019escola per desenvolupar diferents accions vinculades a l\u2019educaci\u00f3 ambiental i de respecte vers el seu entorn.<\/span><span style=\"font-weight: 400;\"> El nostre centre \u00e9s Escola Verda des del novembre de 2006.\u00a0<\/span><\/p>\n<p style=\"text-align: justify;\"><span style=\"font-weight: 400;\">El programa d&#8217;escoles verdes \u00e9s un projecte del Departament de Medi Ambient i Educaci\u00f3 de la Generalitat de Catalunya en funcionament des de l\u2019any 1998 que t\u00e9 la voluntat de millorar l\u2019escola d\u2019acord amb els nous reptes de l\u2019educaci\u00f3 i ho fa a trav\u00e9s de l\u2019objectiu de sensibilitzar, dinamitzar i donar suport a la comunitat educativa per tal que incorpori els principis i els valors de la sostenibilitat en tots els \u00e0mbits de la vida escolar. Alhora, fem xarxa amb altres escoles verdes i entitats de la comarca amb l\u2019objectiu d&#8217;establir espais de treball com\u00fa per coordinar-nos, debatre i intercanviar experi\u00e8ncies entre centres i entitats, amb la finalitat d&#8217;obtenir idees i recursos per ser m\u00e9s sostenibles.<\/span><\/p>\n<p style=\"text-align: justify;\"><span style=\"font-weight: 400;\">La comissi\u00f3 d\u2019escola verda de l\u2019INS Miquel Mart\u00ed i Pol est\u00e0 formada per professorat i delegats verds representants de cada classe. La comissi\u00f3 organitza i gestiona les diferents accions que es porten a terme al centre, actualment continuem treballant en aspectes relacionats amb el foment d\u2019estalvi energ\u00e8tic, la gesti\u00f3 correcta de residus, els despla\u00e7aments al centre i el reciclatge. L\u2019hort, la Caminada Verda i els patis amb residu zero s\u00f3n activitats que ja formen part dels projectes consolidats de l&#8217;INS.<\/span><\/p>\n<p style=\"text-align: justify;\"><img loading=\"lazy\" decoding=\"async\" class=\"size-medium wp-image-1162 alignleft\" src=\"https:\/\/agora.xtec.cat\/iesmartipol\/wp-content\/uploads\/usu2298\/2023\/02\/1666620538300-300x225.jpg\" alt=\"L'hort\" width=\"300\" height=\"225\" srcset=\"https:\/\/agora.xtec.cat\/iesmartipol\/wp-content\/uploads\/usu2298\/2023\/02\/1666620538300-300x225.jpg 300w, https:\/\/agora.xtec.cat\/iesmartipol\/wp-content\/uploads\/usu2298\/2023\/02\/1666620538300-1024x768.jpg 1024w, https:\/\/agora.xtec.cat\/iesmartipol\/wp-content\/uploads\/usu2298\/2023\/02\/1666620538300-768x576.jpg 768w, https:\/\/agora.xtec.cat\/iesmartipol\/wp-content\/uploads\/usu2298\/2023\/02\/1666620538300-1536x1152.jpg 1536w, https:\/\/agora.xtec.cat\/iesmartipol\/wp-content\/uploads\/usu2298\/2023\/02\/1666620538300-200x150.jpg 200w, https:\/\/agora.xtec.cat\/iesmartipol\/wp-content\/uploads\/usu2298\/2023\/02\/1666620538300.jpg 2016w\" sizes=\"auto, (max-width: 300px) 100vw, 300px\" \/><\/p>\n<p style=\"text-align: justify;\"><img loading=\"lazy\" decoding=\"async\" class=\"alignnone wp-image-1164\" src=\"https:\/\/agora.xtec.cat\/iesmartipol\/wp-content\/uploads\/usu2298\/2023\/02\/1668254686299-e1675425773142-300x195.jpg\" alt=\"\" width=\"342\" height=\"222\" srcset=\"https:\/\/agora.xtec.cat\/iesmartipol\/wp-content\/uploads\/usu2298\/2023\/02\/1668254686299-e1675425773142-300x195.jpg 300w, https:\/\/agora.xtec.cat\/iesmartipol\/wp-content\/uploads\/usu2298\/2023\/02\/1668254686299-e1675425773142-1024x666.jpg 1024w, https:\/\/agora.xtec.cat\/iesmartipol\/wp-content\/uploads\/usu2298\/2023\/02\/1668254686299-e1675425773142-768x500.jpg 768w, https:\/\/agora.xtec.cat\/iesmartipol\/wp-content\/uploads\/usu2298\/2023\/02\/1668254686299-e1675425773142-1536x999.jpg 1536w, https:\/\/agora.xtec.cat\/iesmartipol\/wp-content\/uploads\/usu2298\/2023\/02\/1668254686299-e1675425773142.jpg 1771w\" sizes=\"auto, (max-width: 342px) 100vw, 342px\" \/><\/p>\n<p style=\"text-align: justify;\"><img loading=\"lazy\" decoding=\"async\" class=\"alignnone wp-image-1161 size-large\" src=\"https:\/\/agora.xtec.cat\/iesmartipol\/wp-content\/uploads\/usu2298\/2023\/02\/1668254686201-1024x576.jpg\" alt=\"\" width=\"1024\" height=\"576\" srcset=\"https:\/\/agora.xtec.cat\/iesmartipol\/wp-content\/uploads\/usu2298\/2023\/02\/1668254686201-1024x576.jpg 1024w, https:\/\/agora.xtec.cat\/iesmartipol\/wp-content\/uploads\/usu2298\/2023\/02\/1668254686201-300x169.jpg 300w, https:\/\/agora.xtec.cat\/iesmartipol\/wp-content\/uploads\/usu2298\/2023\/02\/1668254686201-768x432.jpg 768w, https:\/\/agora.xtec.cat\/iesmartipol\/wp-content\/uploads\/usu2298\/2023\/02\/1668254686201-1536x863.jpg 1536w, https:\/\/agora.xtec.cat\/iesmartipol\/wp-content\/uploads\/usu2298\/2023\/02\/1668254686201.jpg 2048w\" sizes=\"auto, (max-width: 1024px) 100vw, 1024px\" \/><\/p>\n<p>&nbsp;<\/p>\n","protected":false},"excerpt":{"rendered":"<p>Ser Escola Verda significa haver rebut un distintiu certificant el comprom\u00eds de l\u2019escola per desenvolupar diferents accions vinculades a l\u2019educaci\u00f3 ambiental i de respecte vers el seu entorn. El nostre centre \u00e9s Escola Verda des del novembre de 2006.\u00a0<br \/>\nEl programa d&#8217;escoles verdes \u00e9s un projecte&hellip;  <a href=\"https:\/\/agora.xtec.cat\/iesmartipol\/projectes\/escola-verda\/\" title=\"Read Escola verda\">Llegeix m\u00e9s\u00bb<\/a><\/p>\n","protected":false},"author":1,"featured_media":0,"parent":660,"menu_order":0,"comment_status":"closed","ping_status":"closed","template":"page-templates\/side-menu.php","meta":{"_bbp_topic_count":0,"_bbp_reply_count":0,"_bbp_total_topic_count":0,"_bbp_total_reply_count":0,"_bbp_voice_count":0,"_bbp_anonymous_reply_count":0,"_bbp_topic_count_hidden":0,"_bbp_reply_count_hidden":0,"_bbp_forum_subforum_count":0,"footnotes":""},"class_list":["post-668","page","type-page","status-publish","hentry"],"post_mailing_queue_ids":[],"_links":{"self":[{"href":"https:\/\/agora.xtec.cat\/iesmartipol\/wp-json\/wp\/v2\/pages\/668","targetHints":{"allow":["GET"]}}],"collection":[{"href":"https:\/\/agora.xtec.cat\/iesmartipol\/wp-json\/wp\/v2\/pages"}],"about":[{"href":"https:\/\/agora.xtec.cat\/iesmartipol\/wp-json\/wp\/v2\/types\/page"}],"author":[{"embeddable":true,"href":"https:\/\/agora.xtec.cat\/iesmartipol\/wp-json\/wp\/v2\/users\/1"}],"replies":[{"embeddable":true,"href":"https:\/\/agora.xtec.cat\/iesmartipol\/wp-json\/wp\/v2\/comments?post=668"}],"version-history":[{"count":5,"href":"https:\/\/agora.xtec.cat\/iesmartipol\/wp-json\/wp\/v2\/pages\/668\/revisions"}],"predecessor-version":[{"id":1933,"href":"https:\/\/agora.xtec.cat\/iesmartipol\/wp-json\/wp\/v2\/pages\/668\/revisions\/1933"}],"up":[{"embeddable":true,"href":"https:\/\/agora.xtec.cat\/iesmartipol\/wp-json\/wp\/v2\/pages\/660"}],"wp:attachment":[{"href":"https:\/\/agora.xtec.cat\/iesmartipol\/wp-json\/wp\/v2\/media?parent=668"}],"curies":[{"name":"wp","href":"https:\/\/api.w.org\/{rel}","templated":true}]}}