{"id":664,"date":"2022-04-26T17:25:12","date_gmt":"2022-04-26T15:25:12","guid":{"rendered":"https:\/\/agora.xtec.cat\/iesmartipol\/?page_id=664"},"modified":"2025-02-28T12:23:15","modified_gmt":"2025-02-28T11:23:15","slug":"erasmus","status":"publish","type":"page","link":"https:\/\/agora.xtec.cat\/iesmartipol\/projectes\/programes-dinternacionalitzacio\/erasmus\/","title":{"rendered":"Erasmus +"},"content":{"rendered":"<p><span style=\"font-weight: 400;\">Dins del marc Erasmus +, el centre participa, des del 2017, en diferents projectes a trav\u00e9s dels quals podrem treballar i millorar\u00a0 4 objectius fonamentals a nivell de centre: diversitat, inclusi\u00f3, sostenibilitat i millora dels resultats en un context educatiu pluriling\u00fce. Com? A partir del disseny i implementaci\u00f3 de diversos projectes de mobilitat tant per professorat com per alumnat.<\/span><\/p>\n<p><span style=\"font-weight: 400;\">Us deixem m\u00e9s informaci\u00f3 i diversos enlla\u00e7os on trobareu tota la informaci\u00f3 dels projectes:<\/span><\/p>\n<table style=\"width: 100%; border-collapse: collapse; background-color: #595cd3;\">\n<tbody>\n<tr>\n<td style=\"width: 100%; text-align: justify;\"><strong><span style=\"color: #ffffff;\">PROJECTE DILECTINGS (2022-2025)<\/span><\/strong><\/td>\n<\/tr>\n<\/tbody>\n<\/table>\n<p><span style=\"font-weight: 400;\">\u00c9s un <strong>projecte KA220<\/strong> amb <strong>quatre universitats europees (Universitat de Vic, Universitat de Roma, Trinity College i<a style=\"color: #2795b6;\" href=\"https:\/\/agora.xtec.cat\/iesmartipol\/wp-content\/uploads\/usu2298\/2023\/01\/DILECTINGS-ROME-4.jpg\"><img loading=\"lazy\" decoding=\"async\" class=\"wp-image-1047 alignright\" src=\"https:\/\/agora.xtec.cat\/iesmartipol\/wp-content\/uploads\/usu2298\/2023\/01\/DILECTINGS-ROME-4-1024x768.jpg\" alt=\"\" width=\"264\" height=\"198\" srcset=\"https:\/\/agora.xtec.cat\/iesmartipol\/wp-content\/uploads\/usu2298\/2023\/01\/DILECTINGS-ROME-4-1024x768.jpg 1024w, https:\/\/agora.xtec.cat\/iesmartipol\/wp-content\/uploads\/usu2298\/2023\/01\/DILECTINGS-ROME-4-300x225.jpg 300w, https:\/\/agora.xtec.cat\/iesmartipol\/wp-content\/uploads\/usu2298\/2023\/01\/DILECTINGS-ROME-4-768x576.jpg 768w, https:\/\/agora.xtec.cat\/iesmartipol\/wp-content\/uploads\/usu2298\/2023\/01\/DILECTINGS-ROME-4-1536x1152.jpg 1536w, https:\/\/agora.xtec.cat\/iesmartipol\/wp-content\/uploads\/usu2298\/2023\/01\/DILECTINGS-ROME-4-200x150.jpg 200w, https:\/\/agora.xtec.cat\/iesmartipol\/wp-content\/uploads\/usu2298\/2023\/01\/DILECTINGS-ROME-4.jpg 1600w\" sizes=\"auto, (max-width: 264px) 100vw, 264px\" \/><\/a><\/strong><\/span><img loading=\"lazy\" decoding=\"async\" class=\"wp-image-1829 alignright\" src=\"https:\/\/agora.xtec.cat\/iesmartipol\/wp-content\/uploads\/usu2298\/2025\/02\/WhatsApp-Image-2025-02-28-at-12.13.53.jpeg\" alt=\"\" width=\"356\" height=\"204\" srcset=\"https:\/\/agora.xtec.cat\/iesmartipol\/wp-content\/uploads\/usu2298\/2025\/02\/WhatsApp-Image-2025-02-28-at-12.13.53.jpeg 1585w, https:\/\/agora.xtec.cat\/iesmartipol\/wp-content\/uploads\/usu2298\/2025\/02\/WhatsApp-Image-2025-02-28-at-12.13.53-300x172.jpeg 300w, https:\/\/agora.xtec.cat\/iesmartipol\/wp-content\/uploads\/usu2298\/2025\/02\/WhatsApp-Image-2025-02-28-at-12.13.53-1024x586.jpeg 1024w, https:\/\/agora.xtec.cat\/iesmartipol\/wp-content\/uploads\/usu2298\/2025\/02\/WhatsApp-Image-2025-02-28-at-12.13.53-768x439.jpeg 768w, https:\/\/agora.xtec.cat\/iesmartipol\/wp-content\/uploads\/usu2298\/2025\/02\/WhatsApp-Image-2025-02-28-at-12.13.53-1536x879.jpeg 1536w\" sizes=\"auto, (max-width: 356px) 100vw, 356px\" \/><\/p>\n<p><span style=\"font-weight: 400;\"><strong> Universitat de Romania)<\/strong>; cada universitat t\u00e9 un centre de prim\u00e0ria\/secund\u00e0ria per a la implementaci\u00f3 del projecte, en el qual es treballa la lectura i literatura digital (Digital Literature Literacy (DLL) and Literature Digital Reading (LDR) Skills) aix\u00ed com l\u2019escriptura creativa amb l\u2019alumnat de 1r d&#8217;ESO a trav\u00e9s del projecte eTwinning \u201cBe whatever you want, become whoever you are\u201d.<\/span><\/p>\n<p><span style=\"font-weight: 400;\">Per a m\u00e9s informaci\u00f3, podeu accedir als seg\u00fcents enlla\u00e7os:<\/span><br \/>\n<a href=\"https:\/\/youtu.be\/1-ItXQ2UvXY\"><b>REPORTATGE 9NOU<\/b><\/a><b>\u00a0<\/b><br \/>\n<a href=\"https:\/\/dilectings.uniroma3.it\/index.php?\"><b>Plataforma del projecte<\/b><\/a><\/p>\n<table style=\"width: 100%; border-collapse: collapse; background-color: #595cd3; height: 32px;\">\n<tbody>\n<tr style=\"height: 32px;\">\n<td style=\"width: 100%; height: 32px;\"><strong><span style=\"color: #ffffff;\">PROJECTE EQ HELPS (2022-2024)<\/span><\/strong><\/td>\n<\/tr>\n<\/tbody>\n<\/table>\n<p style=\"text-align: justify;\"><span style=\"font-weight: 400;\"><strong><a href=\"https:\/\/agora.xtec.cat\/iesmartipol\/wp-content\/uploads\/usu2298\/2023\/01\/EQ-HELPS-2.jpg\"><img loading=\"lazy\" decoding=\"async\" class=\"alignright wp-image-1097 \" src=\"https:\/\/agora.xtec.cat\/iesmartipol\/wp-content\/uploads\/usu2298\/2023\/01\/EQ-HELPS-2-e1675100037553-300x293.jpg\" alt=\"\" width=\"283\" height=\"276\" srcset=\"https:\/\/agora.xtec.cat\/iesmartipol\/wp-content\/uploads\/usu2298\/2023\/01\/EQ-HELPS-2-e1675100037553-300x293.jpg 300w, https:\/\/agora.xtec.cat\/iesmartipol\/wp-content\/uploads\/usu2298\/2023\/01\/EQ-HELPS-2-e1675100037553-1024x1000.jpg 1024w, https:\/\/agora.xtec.cat\/iesmartipol\/wp-content\/uploads\/usu2298\/2023\/01\/EQ-HELPS-2-e1675100037553-768x750.jpg 768w, https:\/\/agora.xtec.cat\/iesmartipol\/wp-content\/uploads\/usu2298\/2023\/01\/EQ-HELPS-2-e1675100037553.jpg 1200w\" sizes=\"auto, (max-width: 283px) 100vw, 283px\" \/><\/a><\/strong><\/span><\/p>\n<p><span style=\"font-weight: 400;\"><strong>Projecte Erasmus de cooperaci\u00f3 KA210<\/strong> amb Sic\u00edlia, Portugal, Gr\u00e8cia i Catalunya sobre igualtat de g\u00e8nere, lideratge, nutrici\u00f3 i sostenibilitat a trav\u00e9s del m\u00f3n de l\u2019esport. L\u2019alumnat participant \u00e9s de 4t d\u2019ESO dins la mat\u00e8ria d\u2019Educaci\u00f3 F\u00edsica.\u00a0<\/span><\/p>\n<p><span style=\"font-weight: 400;\">Per a m\u00e9s informaci\u00f3, podeu accedir als seg\u00fcents enlla\u00e7os:<\/span><br \/>\n<strong><a href=\"https:\/\/eqhelps.webnode.co.uk\/\">P\u00e0gina web EQ HELPS<\/a><\/strong><br \/>\n<strong><a href=\"https:\/\/www.erasmusplus.it\/wp-content\/uploads\/2024\/10\/PP-Good-Practice-Palermo-UGO-FOSCOLO.pdf\">Resum projecte<\/a><\/strong><\/p>\n<table style=\"width: 100%; border-collapse: collapse; background-color: #595cd3;\">\n<tbody>\n<tr>\n<td style=\"width: 100%; text-align: justify;\"><strong><strong><span style=\"color: #ffffff;\">PROJECTE EUROSTARS (2019-2022) <\/span><\/strong><\/strong><span style=\"font-weight: 400; color: #ffffff;\">European Sustainable Tourism And entRepreneurship\u00a0<\/span><\/td>\n<\/tr>\n<\/tbody>\n<\/table>\n<p style=\"text-align: justify;\"><span style=\"font-weight: 400; color: #000000;\"><a href=\"https:\/\/agora.xtec.cat\/iesmartipol\/wp-content\/uploads\/usu2298\/2023\/01\/EUROSTAR.jpg\"><img loading=\"lazy\" decoding=\"async\" class=\"size-medium wp-image-1100 alignright\" src=\"https:\/\/agora.xtec.cat\/iesmartipol\/wp-content\/uploads\/usu2298\/2023\/01\/EUROSTAR-300x225.jpg\" alt=\"\" width=\"300\" height=\"225\" srcset=\"https:\/\/agora.xtec.cat\/iesmartipol\/wp-content\/uploads\/usu2298\/2023\/01\/EUROSTAR-300x225.jpg 300w, https:\/\/agora.xtec.cat\/iesmartipol\/wp-content\/uploads\/usu2298\/2023\/01\/EUROSTAR-1024x768.jpg 1024w, https:\/\/agora.xtec.cat\/iesmartipol\/wp-content\/uploads\/usu2298\/2023\/01\/EUROSTAR-768x576.jpg 768w, https:\/\/agora.xtec.cat\/iesmartipol\/wp-content\/uploads\/usu2298\/2023\/01\/EUROSTAR-1536x1152.jpg 1536w, https:\/\/agora.xtec.cat\/iesmartipol\/wp-content\/uploads\/usu2298\/2023\/01\/EUROSTAR-200x150.jpg 200w, https:\/\/agora.xtec.cat\/iesmartipol\/wp-content\/uploads\/usu2298\/2023\/01\/EUROSTAR.jpg 2048w\" sizes=\"auto, (max-width: 300px) 100vw, 300px\" \/><\/a><\/span><\/p>\n<p><span style=\"font-weight: 400;\">European Sustainable Tourism And entRepreneurship). Projecte amb l\u2019alumnat de 1r de batxillerat, juntament amb els centres de Portugal, Xipre, Litu\u00e0nia i Sic\u00edlia. Un projecte ambici\u00f3s, innovador i col\u00b7laboratiu sobre la recerca turisme sostenible \u00fanic a cada una de les regions, amb el repte de crear una startup de turisme sostenible.\u00a0<\/span><\/p>\n<p><span style=\"font-weight: 400;\">Per a m\u00e9s informaci\u00f3, podeu accedir als seg\u00fcents enlla\u00e7os:<\/span><\/p>\n<p><a href=\"https:\/\/eurostarmmp.wixsite.com\/mysite\"><b>Web del projecte\u00a0<\/b><\/a><br \/>\n<a href=\"https:\/\/twinspace.etwinning.net\/83112\"><b>Plataforma Twinspace<\/b><\/a><\/p>\n","protected":false},"excerpt":{"rendered":"<p>Dins del marc Erasmus +, el centre participa, des del 2017, en diferents projectes a trav\u00e9s dels quals podrem treballar i millorar\u00a0 4 objectius fonamentals a nivell de centre: diversitat, inclusi\u00f3, sostenibilitat i millora dels resultats en un context educatiu pluriling\u00fce. Com? A partir del&hellip;  <a href=\"https:\/\/agora.xtec.cat\/iesmartipol\/projectes\/programes-dinternacionalitzacio\/erasmus\/\" title=\"Read Erasmus +\">Llegeix m\u00e9s\u00bb<\/a><\/p>\n","protected":false},"author":1,"featured_media":0,"parent":663,"menu_order":0,"comment_status":"closed","ping_status":"closed","template":"page-templates\/side-menu.php","meta":{"_bbp_topic_count":0,"_bbp_reply_count":0,"_bbp_total_topic_count":0,"_bbp_total_reply_count":0,"_bbp_voice_count":0,"_bbp_anonymous_reply_count":0,"_bbp_topic_count_hidden":0,"_bbp_reply_count_hidden":0,"_bbp_forum_subforum_count":0,"footnotes":""},"class_list":["post-664","page","type-page","status-publish","hentry"],"post_mailing_queue_ids":[],"_links":{"self":[{"href":"https:\/\/agora.xtec.cat\/iesmartipol\/wp-json\/wp\/v2\/pages\/664","targetHints":{"allow":["GET"]}}],"collection":[{"href":"https:\/\/agora.xtec.cat\/iesmartipol\/wp-json\/wp\/v2\/pages"}],"about":[{"href":"https:\/\/agora.xtec.cat\/iesmartipol\/wp-json\/wp\/v2\/types\/page"}],"author":[{"embeddable":true,"href":"https:\/\/agora.xtec.cat\/iesmartipol\/wp-json\/wp\/v2\/users\/1"}],"replies":[{"embeddable":true,"href":"https:\/\/agora.xtec.cat\/iesmartipol\/wp-json\/wp\/v2\/comments?post=664"}],"version-history":[{"count":6,"href":"https:\/\/agora.xtec.cat\/iesmartipol\/wp-json\/wp\/v2\/pages\/664\/revisions"}],"predecessor-version":[{"id":1830,"href":"https:\/\/agora.xtec.cat\/iesmartipol\/wp-json\/wp\/v2\/pages\/664\/revisions\/1830"}],"up":[{"embeddable":true,"href":"https:\/\/agora.xtec.cat\/iesmartipol\/wp-json\/wp\/v2\/pages\/663"}],"wp:attachment":[{"href":"https:\/\/agora.xtec.cat\/iesmartipol\/wp-json\/wp\/v2\/media?parent=664"}],"curies":[{"name":"wp","href":"https:\/\/api.w.org\/{rel}","templated":true}]}}