{"id":663,"date":"2022-12-30T17:25:12","date_gmt":"2022-12-30T16:25:12","guid":{"rendered":"https:\/\/agora.xtec.cat\/iesmartipol\/?page_id=663"},"modified":"2025-02-28T15:58:24","modified_gmt":"2025-02-28T14:58:24","slug":"programes-dinternacionalitzacio","status":"publish","type":"page","link":"https:\/\/agora.xtec.cat\/iesmartipol\/projectes\/programes-dinternacionalitzacio\/","title":{"rendered":"Avancem cap a la internacionalitzaci\u00f3"},"content":{"rendered":"<p><span style=\"font-weight: 400;\">Una de les prioritats de l\u2019Institut Miquel Mart\u00ed i Pol \u00e9s impulsar la internacionalitzaci\u00f3 com a eina de transformaci\u00f3 educativa en un m\u00f3n global; \u00e9s per aix\u00f2 que apostem per un model educatiu pluriling\u00fce amb l\u2019objectiu de<\/span> <span style=\"font-weight: 400;\">desenvolupar i millorar la compet\u00e8ncia comunicativa del nostre alumnat oferint-los diferents mitjans i estrat\u00e8gies per tal d\u2019aconseguir-ho de manera aut\u00f2noma. Aix\u00ed doncs, \u00e9s essencial que l\u2019alumnat conegui diferents realitats culturals, diverses situacions d\u2019aprenentatge i que utilitzi les estrat\u00e8gies necess\u00e0ries per posar en pr\u00e0ctica les habilitats comunicatives adquirides i, en definitiva, formar parlants pluriling\u00fces i interculturals.<\/span><\/p>\n<p><span style=\"font-weight: 400;\">Aqu\u00ed teniu les accions i projectes que es porten a terme:<\/span><\/p>\n<table style=\"height: 718px; width: 100%; border-collapse: collapse; background-color: #ffffff;\">\n<tbody>\n<tr style=\"height: 134px;\">\n<td style=\"width: 30.0866%; height: 134px;\"><a href=\"https:\/\/agora.xtec.cat\/iesmartipol\/projectes\/erasmus\/\"><strong>PROGRAMA ERASMUS +<\/strong><\/a><\/p>\n<p><img loading=\"lazy\" decoding=\"async\" class=\"alignnone size-large wp-image-988\" src=\"https:\/\/agora.xtec.cat\/iesmartipol\/wp-content\/uploads\/usu2298\/2022\/12\/Erasmus-plus-1024x292.jpeg\" alt=\"Erasmus plus logo\" width=\"1024\" height=\"292\" \/><\/td>\n<td style=\"width: 69.9134%; height: 134px; text-align: justify;\"><span style=\"font-weight: 400;\">Dins del marc Erasmus +, el centre participa, des del 2017, en diferents projectes a trav\u00e9s dels quals podrem treballar i millorar 4 objectius fonamentals a nivell de centre: diversitat, inclusi\u00f3, sostenibilitat i millora dels resultats en un context educatiu pluriling\u00fce. Com? A partir del disseny i implementaci\u00f3 de diversos projectes de mobilitat tant per professorat com per alumnat.<\/span><\/p>\n<p><span style=\"font-weight: 400;\">Us deixem m\u00e9s informaci\u00f3 i diversos enlla\u00e7os on trobareu tota la informaci\u00f3 dels projectes a: <span style=\"text-decoration: underline;\"><a href=\"https:\/\/agora.xtec.cat\/iesmartipol\/projectes\/erasmus\/\"><strong>&gt;&gt;Programa Erasmus +<\/strong><\/a><\/span><\/span><\/td>\n<\/tr>\n<tr style=\"height: 10px;\">\n<td style=\"width: 30.0866%; height: 10px;\"><a href=\"https:\/\/agora.xtec.cat\/iesmartipol\/projectes\/etwinning\/\"><strong>PROGRAMA eTWINNING<\/strong><\/a><\/p>\n<p><img loading=\"lazy\" decoding=\"async\" class=\"wp-image-990 alignleft\" src=\"https:\/\/agora.xtec.cat\/iesmartipol\/wp-content\/uploads\/usu2298\/2022\/12\/Logo_eTwinning-e1672491040826.jpeg\" alt=\"eTwinning Logo\" width=\"131\" height=\"94\" \/><\/td>\n<td style=\"width: 69.9134%; height: 10px; text-align: justify;\"><span style=\"font-weight: 400;\">El departament d\u2019idiomes treballa amb el projecte eTwinning des del curs 2014-2015 en l\u2019\u00e0rea de llengua anglesa amb l\u2019alumnat de 3r d\u2019ESO. L\u2019objectiu principal \u00e9s treballar col\u00b7laborativament diverses realitats culturals del pa\u00eds en q\u00fcesti\u00f3 i diversos temes d\u2019inter\u00e8s per a l\u2019alumnat, per\u00f2 a trav\u00e9s d\u2019activitats col\u00b7laboratives amb prop\u00f2sits m\u00e9s reals.\u00a0<\/span><\/p>\n<p><span style=\"font-weight: 400;\">Gr\u00e0cies a l\u2019esfor\u00e7 del professorat com l\u2019inter\u00e8s i predisposici\u00f3 de l\u2019alumnat, hem obtingut diversos segells de qualitat en diversos projectes.<\/span><\/p>\n<p><span style=\"font-weight: 400;\">Us deixem l\u2019enlla\u00e7 dels projectes que hem fet:<\/span><\/p>\n<p><a href=\"https:\/\/school-education.ec.europa.eu\/en\/etwinning\/projects\/be-whatever-you-want-become-whoever-you-are\/twinspace\/pages\/getting-know-each-other\"><b>etwinning 23-24 1r ESO <\/b><b>\u201cBe whatever you want, become whoever you are\u201d.\u00a0<\/b><\/a><br \/>\n<a href=\"https:\/\/twinspace.etwinning.net\/136786\/pages\/page\/1312922\"><b>eTwinning HOT POTATO<\/b><\/a><br \/>\n<a href=\"https:\/\/twinspace.etwinning.net\/83112\/home\"><b>eTwinning 19-20 FOOD FOR GOOD<\/b><\/a><br \/>\n<a href=\"https:\/\/twinspace.etwinning.net\/30821\/home\"><b>eTwinning 16-17 enterTEENment<\/b><\/a><b>\u00a0<\/b><br \/>\n<a href=\"https:\/\/twinspace.etwinning.net\/15332\/materials\/images\"><b>eTwinning 15-16 What\u2019s up world?<\/b><\/a><br \/>\n<a href=\"https:\/\/twinspace.etwinning.net\/891\/pages\/page\/13713\"><b>eTwinning 14-15 CULTURE POT<\/b><\/a><\/p>\n<p><span style=\"text-decoration: underline;\"><strong><a href=\"https:\/\/agora.xtec.cat\/iesmartipol\/projectes\/programes-dinternacionalitzacio\/etwinning\/\">&gt;&gt; Programa eTWINNING<\/a><\/strong><\/span><\/td>\n<\/tr>\n<tr style=\"height: 79px;\">\n<td style=\"width: 30.0866%; height: 79px;\"><a href=\"https:\/\/agora.xtec.cat\/iesmartipol\/projectes\/programes-dinternacionalitzacio\/estada-linguistica-a-franca\/\"><strong>ESTADA LING\u00dc\u00cdSTICA A FRAN\u00c7A<\/strong><\/a><\/td>\n<td style=\"width: 69.9134%; text-align: justify; height: 79px;\"><span style=\"font-weight: 400;\">Des del Departament d\u2019Idiomes, pel que fa a l\u2019assignatura de franc\u00e8s, s\u2019organitza una estada ling\u00fc\u00edstica a Fran\u00e7a per l\u2019alumnat que cursa la mat\u00e8ria. Aquesta experi\u00e8ncia \u00fanica t\u00e9 com a objectiu millorar les compet\u00e8ncies ling\u00fc\u00edstiques i culturals dels estudiants, oferint-los l\u2019oportunitat de practicar el franc\u00e8s en un entorn immersiu i natural.<\/span><\/p>\n<p><span style=\"text-decoration: underline;\"><strong><a href=\"https:\/\/agora.xtec.cat\/iesmartipol\/projectes\/programes-dinternacionalitzacio\/estada-linguistica-a-franca\/\">&gt;&gt; Estada ling\u00fc\u00edstica a Fran\u00e7a<\/a><\/strong><\/span><\/td>\n<\/tr>\n<tr style=\"height: 288px;\">\n<td style=\"width: 30.0866%; height: 288px;\"><strong>COL\u00d2NIES EN ANGL\u00c8S (1r i 2n d&#8217;ESO)<\/strong><\/td>\n<td style=\"width: 69.9134%; text-align: justify; height: 288px;\"><span style=\"font-weight: 400;\">Enguany, els alumnes de 1r i 2n d\u2019ESO participaran en les col\u00f2nies ling\u00fc\u00edstiques en angl\u00e8s, una experi\u00e8ncia d\u2019aprenentatge i conviv\u00e8ncia en un entorn diferent de l\u2019aula.<\/span><\/p>\n<p><span style=\"font-weight: 400;\">\ud83d\udccc 1r d\u2019ESO (14-16 de maig) \u2013 Estada a La Molina, amb activitats de Natural Science en angl\u00e8s. <\/span><a href=\"https:\/\/xanascat.gencat.cat\/ca\/programes\/una-eina-al-servei-de-lescola\/propostes\/natural-science\"><span style=\"font-weight: 400;\">https:\/\/xanascat.gencat.cat\/ca\/programes\/una-eina-al-servei-de-lescola\/propostes\/natural-science<\/span><\/a><span style=\"font-weight: 400;\">\u00a0<\/span><\/p>\n<p><span style=\"font-weight: 400;\">\ud83d\udccc 2n d\u2019ESO (26-27 de maig) \u2013 English Camp \u2013 Let\u2019s Go, una immersi\u00f3 total en angl\u00e8s amb din\u00e0miques l\u00fadiques i comunicatives. <\/span><a href=\"https:\/\/xanascat.gencat.cat\/ca\/programes\/una-eina-al-servei-de-lescola\/propostes\/english-camp-lets-go\"><span style=\"font-weight: 400;\">https:\/\/xanascat.gencat.cat\/ca\/programes\/una-eina-al-servei-de-lescola\/propostes\/english-camp-lets-go<\/span><\/a><span style=\"font-weight: 400;\">\u00a0<\/span><\/p>\n<p><span style=\"font-weight: 400;\">Una oportunitat \u00fanica per millorar les compet\u00e8ncies ling\u00fc\u00edstiques de manera vivencial i divertida!<\/span><\/td>\n<\/tr>\n<tr style=\"height: 32px;\">\n<td style=\"width: 30.0866%; height: 32px;\"><a href=\"https:\/\/agora.xtec.cat\/iesmartipol\/projectes\/programes-dinternacionalitzacio\/programa-dimmersio-linguistica\/\"><strong>PROGRAMA D&#8217;IMMERSI\u00d3 LING\u00dc\u00cdSTICA<\/strong><\/a><\/td>\n<td style=\"width: 69.9134%; height: 32px; text-align: justify;\"><span style=\"font-weight: 400;\">\u00c9s un programa del Ministeri d&#8217;Educaci\u00f3 en el qual 25 alumnes de 2n d\u2019ESO tenen l&#8217;oportunitat de gaudir d\u2019<strong>una estada d\u2019immersi\u00f3 ling\u00fc\u00edstica en angl\u00e8s<\/strong> durant la qual es porten a terme diverses activitats i projectes que giren entorn de diverses tem\u00e0tiques. El programa est\u00e0 subjecte a la concessi\u00f3 d&#8217;una beca.\u00a0<\/span><\/p>\n<p><span style=\"text-decoration: underline;\"><strong><a href=\"https:\/\/agora.xtec.cat\/iesmartipol\/projectes\/programes-dinternacionalitzacio\/estada-linguistica-a-franca\/\">&gt;&gt; Programa d&#8217;immersi\u00f3 ling\u00fc\u00edstica\u00a0<\/a><\/strong><\/span><\/td>\n<\/tr>\n<tr style=\"height: 174px;\">\n<td style=\"width: 30.0866%; height: 111px;\"><strong><b>ESPECTACLE DE M\u00c0GIA EN ANGL\u00c8S<\/b><\/strong><\/td>\n<td style=\"width: 69.9134%; text-align: justify; height: 111px;\"><span style=\"font-weight: 400;\">Ja fa molts anys que l\u2019alumnat de 1r d\u2019ESO gaudeix de la visita d\u2019en Jack The Magician, un mag que diu que ve de Nova York per captivar-los amb el seu espectacle de m\u00e0gia en angl\u00e8s. Durant una hora, en Jack interactua amb tota la classe i porta a terme 9 trucs de m\u00e0gia curts, din\u00e0mics i divertits.\u00a0<\/span><\/p>\n<p>&gt;&gt; Jack The Magician<\/td>\n<\/tr>\n<tr style=\"height: 32px;\">\n<td style=\"width: 30.0866%; height: 32px;\"><a href=\"https:\/\/agora.xtec.cat\/iesmartipol\/projectes\/programes-dinternacionalitzacio\/programa-docent-dacollida\/\"><strong>PROGRAMA DOCENT D&#8217;ACOLLIDA<\/strong><\/a><\/td>\n<td style=\"width: 69.9134%; height: 32px; text-align: justify;\">Programa del Ministeri d&#8217;Educaci\u00f3 a trav\u00e9s del qual <strong>el centre acull un docent d&#8217;un altre pa\u00eds europeu<\/strong> que proposa algunes activitats did\u00e0ctiques al centre per tal que l&#8217;alumnat pugui con\u00e8ixer <span style=\"font-weight: 400;\">una altra realitat ling\u00fc\u00edstica i cultural.<\/span><\/p>\n<p><a href=\"https:\/\/agora.xtec.cat\/iesmartipol\/projectes\/programes-dinternacionalitzacio\/programa-docent-dacollida\/\"><span style=\"text-decoration: underline;\"><strong>&gt;&gt; Programa docent d&#8217;acollida<\/strong><\/span><\/a><\/td>\n<\/tr>\n<tr style=\"height: 32px;\">\n<td style=\"width: 30.0866%; height: 32px;\"><b>PREPARACI\u00d3 D\u2019EX\u00c0MENS OFICIALS<\/b><\/td>\n<td style=\"width: 69.9134%; height: 32px; text-align: justify;\">A l\u2019Institut Miquel Mart\u00ed i Pol tamb\u00e9 s\u2019ofereix la possibilitat de presentar els alumnes que ho desitgin, als nivells A2 i B1 de l\u2019examen oficial del<strong> DELF Scolaire<\/strong> (Dipl\u00f4me d&#8217;\u00c9tudes en Langue Fran\u00e7aise), un certificat reconegut internacionalment que acredita el nivell de compet\u00e8ncia ling\u00fc\u00edstica en franc\u00e8s.<br \/>\nAquest examen \u00e9s una oportunitat excel\u00b7lent perqu\u00e8 els alumnes demostrin les seves habilitats ling\u00fc\u00edstiques de manera formal i obtinguin un t\u00edtol que pot ser molt valu\u00f3s en el seu futur acad\u00e8mic i professional.<\/td>\n<\/tr>\n<\/tbody>\n<\/table>\n<p style=\"text-align: justify;\">\n","protected":false},"excerpt":{"rendered":"<p>Una de les prioritats de l\u2019Institut Miquel Mart\u00ed i Pol \u00e9s impulsar la internacionalitzaci\u00f3 com a eina de transformaci\u00f3 educativa en un m\u00f3n global; \u00e9s per aix\u00f2 que apostem per un model educatiu pluriling\u00fce amb l\u2019objectiu de desenvolupar i millorar la compet\u00e8ncia comunicativa del nostre&hellip;  <a href=\"https:\/\/agora.xtec.cat\/iesmartipol\/projectes\/programes-dinternacionalitzacio\/\" title=\"Read Avancem cap a la internacionalitzaci\u00f3\">Llegeix m\u00e9s\u00bb<\/a><\/p>\n","protected":false},"author":1,"featured_media":0,"parent":660,"menu_order":0,"comment_status":"closed","ping_status":"closed","template":"page-templates\/side-menu.php","meta":{"_bbp_topic_count":0,"_bbp_reply_count":0,"_bbp_total_topic_count":0,"_bbp_total_reply_count":0,"_bbp_voice_count":0,"_bbp_anonymous_reply_count":0,"_bbp_topic_count_hidden":0,"_bbp_reply_count_hidden":0,"_bbp_forum_subforum_count":0,"footnotes":""},"class_list":["post-663","page","type-page","status-publish","hentry"],"post_mailing_queue_ids":[],"_links":{"self":[{"href":"https:\/\/agora.xtec.cat\/iesmartipol\/wp-json\/wp\/v2\/pages\/663","targetHints":{"allow":["GET"]}}],"collection":[{"href":"https:\/\/agora.xtec.cat\/iesmartipol\/wp-json\/wp\/v2\/pages"}],"about":[{"href":"https:\/\/agora.xtec.cat\/iesmartipol\/wp-json\/wp\/v2\/types\/page"}],"author":[{"embeddable":true,"href":"https:\/\/agora.xtec.cat\/iesmartipol\/wp-json\/wp\/v2\/users\/1"}],"replies":[{"embeddable":true,"href":"https:\/\/agora.xtec.cat\/iesmartipol\/wp-json\/wp\/v2\/comments?post=663"}],"version-history":[{"count":6,"href":"https:\/\/agora.xtec.cat\/iesmartipol\/wp-json\/wp\/v2\/pages\/663\/revisions"}],"predecessor-version":[{"id":1841,"href":"https:\/\/agora.xtec.cat\/iesmartipol\/wp-json\/wp\/v2\/pages\/663\/revisions\/1841"}],"up":[{"embeddable":true,"href":"https:\/\/agora.xtec.cat\/iesmartipol\/wp-json\/wp\/v2\/pages\/660"}],"wp:attachment":[{"href":"https:\/\/agora.xtec.cat\/iesmartipol\/wp-json\/wp\/v2\/media?parent=663"}],"curies":[{"name":"wp","href":"https:\/\/api.w.org\/{rel}","templated":true}]}}