{"id":662,"date":"2022-12-20T17:25:12","date_gmt":"2022-12-20T16:25:12","guid":{"rendered":"https:\/\/agora.xtec.cat\/iesmartipol\/?page_id=662"},"modified":"2025-02-27T22:53:26","modified_gmt":"2025-02-27T21:53:26","slug":"etwinning","status":"publish","type":"page","link":"https:\/\/agora.xtec.cat\/iesmartipol\/projectes\/programes-dinternacionalitzacio\/etwinning\/","title":{"rendered":"eTwinning"},"content":{"rendered":"<p><span style=\"font-weight: 400;\"><img loading=\"lazy\" decoding=\"async\" class=\" wp-image-990 aligncenter\" src=\"https:\/\/agora.xtec.cat\/iesmartipol\/wp-content\/uploads\/usu2298\/2022\/12\/Logo_eTwinning-e1672491040826.jpeg\" alt=\"eTwinning Logo\" width=\"332\" height=\"237\" \/><\/span><\/p>\n<p style=\"text-align: justify;\"><span style=\"font-weight: 400;\">El departament d\u2019idiomes treballa amb el projecte eTwinning des del curs 2014-2015 en l\u2019\u00e0rea de llengua anglesa amb l\u2019alumnat de 3r d\u2019ESO. L\u2019objectiu principal \u00e9s treballar col\u00b7laborativament diverses realitats culturals del pa\u00eds en q\u00fcesti\u00f3 i diversos temes d\u2019inter\u00e8s per a l\u2019alumnat, per\u00f2 a trav\u00e9s d\u2019activitats col\u00b7laboratives amb prop\u00f2sits m\u00e9s reals.\u00a0<\/span><\/p>\n<p style=\"text-align: justify;\"><span style=\"font-weight: 400;\">Gr\u00e0cies a l\u2019esfor\u00e7 del professorat com l\u2019inter\u00e8s i predisposici\u00f3 de l\u2019alumnat, hem obtingut diversos segells de qualitat en diversos projectes.<\/span><\/p>\n<p style=\"text-align: justify;\"><span style=\"font-weight: 400;\">Us deixem l\u2019enlla\u00e7 dels projectes que hem fet:<\/span><\/p>\n<p><strong><strong><a href=\"https:\/\/school-education.ec.europa.eu\/en\/etwinning\/projects\/be-whatever-you-want-become-whoever-you-are\/twinspace\/pages\/getting-know-each-other\"><b>etwinning 23-24 1r ESO <\/b><b>\u201cBe whatever you want, become whoever you are\u201d.\u00a0<\/b><\/a><\/strong><\/strong><br \/>\n<strong><a href=\"https:\/\/twinspace.etwinning.net\/136786\/home\"><strong>eTwinning 20-21 HOT POTATO<\/strong><\/a><\/strong><br \/>\n<a href=\"https:\/\/twinspace.etwinning.net\/83112\/home\"><b>eTwinning 19-20 FOOD FOR GOOD<\/b><\/a><br \/>\n<a href=\"https:\/\/twinspace.etwinning.net\/30821\/home\"><b>eTwinning 16-17 enterTEENment<\/b><\/a><b>\u00a0<\/b><br \/>\n<a href=\"https:\/\/twinspace.etwinning.net\/15332\/materials\/images\"><b>eTwinning 15-16 What\u2019s up world?<\/b><\/a><br \/>\n<a href=\"https:\/\/twinspace.etwinning.net\/891\/pages\/page\/13713\"><b>eTwinning 14-15 CULTURE POT<\/b><\/a><\/p>\n","protected":false},"excerpt":{"rendered":"<p>El departament d\u2019idiomes treballa amb el projecte eTwinning des del curs 2014-2015 en l\u2019\u00e0rea de llengua anglesa amb l\u2019alumnat de 3r d\u2019ESO. L\u2019objectiu principal \u00e9s treballar col\u00b7laborativament diverses realitats culturals del pa\u00eds en q\u00fcesti\u00f3 i diversos temes d\u2019inter\u00e8s per a l\u2019alumnat, per\u00f2 a trav\u00e9s d\u2019activitats&hellip;  <a href=\"https:\/\/agora.xtec.cat\/iesmartipol\/projectes\/programes-dinternacionalitzacio\/etwinning\/\" title=\"Read eTwinning\">Llegeix m\u00e9s\u00bb<\/a><\/p>\n","protected":false},"author":1,"featured_media":0,"parent":663,"menu_order":0,"comment_status":"closed","ping_status":"closed","template":"page-templates\/side-menu.php","meta":{"_bbp_topic_count":0,"_bbp_reply_count":0,"_bbp_total_topic_count":0,"_bbp_total_reply_count":0,"_bbp_voice_count":0,"_bbp_anonymous_reply_count":0,"_bbp_topic_count_hidden":0,"_bbp_reply_count_hidden":0,"_bbp_forum_subforum_count":0,"footnotes":""},"class_list":["post-662","page","type-page","status-publish","hentry"],"post_mailing_queue_ids":[],"_links":{"self":[{"href":"https:\/\/agora.xtec.cat\/iesmartipol\/wp-json\/wp\/v2\/pages\/662","targetHints":{"allow":["GET"]}}],"collection":[{"href":"https:\/\/agora.xtec.cat\/iesmartipol\/wp-json\/wp\/v2\/pages"}],"about":[{"href":"https:\/\/agora.xtec.cat\/iesmartipol\/wp-json\/wp\/v2\/types\/page"}],"author":[{"embeddable":true,"href":"https:\/\/agora.xtec.cat\/iesmartipol\/wp-json\/wp\/v2\/users\/1"}],"replies":[{"embeddable":true,"href":"https:\/\/agora.xtec.cat\/iesmartipol\/wp-json\/wp\/v2\/comments?post=662"}],"version-history":[{"count":5,"href":"https:\/\/agora.xtec.cat\/iesmartipol\/wp-json\/wp\/v2\/pages\/662\/revisions"}],"predecessor-version":[{"id":1820,"href":"https:\/\/agora.xtec.cat\/iesmartipol\/wp-json\/wp\/v2\/pages\/662\/revisions\/1820"}],"up":[{"embeddable":true,"href":"https:\/\/agora.xtec.cat\/iesmartipol\/wp-json\/wp\/v2\/pages\/663"}],"wp:attachment":[{"href":"https:\/\/agora.xtec.cat\/iesmartipol\/wp-json\/wp\/v2\/media?parent=662"}],"curies":[{"name":"wp","href":"https:\/\/api.w.org\/{rel}","templated":true}]}}