{"id":661,"date":"2022-12-22T17:25:12","date_gmt":"2022-12-22T16:25:12","guid":{"rendered":"https:\/\/agora.xtec.cat\/iesmartipol\/?page_id=661"},"modified":"2025-03-23T19:09:39","modified_gmt":"2025-03-23T18:09:39","slug":"pacte","status":"publish","type":"page","link":"https:\/\/agora.xtec.cat\/iesmartipol\/projectes\/pacte\/","title":{"rendered":"PACTE"},"content":{"rendered":"<p><span style=\"font-weight: 400;\">L\u2019INS Miquel Mart\u00ed i Pol ha format part del programa PACTE (programa d\u2019acceleraci\u00f3 de la transformaci\u00f3 educativa) durant 3 anys. La participaci\u00f3 al programa ha perm\u00e8s avan\u00e7ar i millorar en l\u2019organitzaci\u00f3 i el funcionament del centre amb l&#8217;objectiu de promoure un canvi educatiu amb una mirada inclusiva i orientadora de l\u2019educaci\u00f3.<\/span><\/p>\n<p><span style=\"font-weight: 400;\">Mitjan\u00e7ant l\u2019equip PACTE s\u2019han incorporat al centre procediments i estrat\u00e8gies reflexives que permeten avan\u00e7ar cap a la millora educativa, alhora\u00a0 s\u2019ha actualitzat el projecte educatiu del centre per tal d\u2019incloure metodologies de treball globalitzat , un nou marc de refer\u00e8ncia en l\u2019acci\u00f3 tutorial del centre i una nova organitzaci\u00f3 en el funcionament de l\u2019INS.\u00a0<\/span><\/p>\n<p><span style=\"font-weight: 400;\">L\u2019equip PACTE el forma la comissi\u00f3 pedag\u00f2gica del centre, la qual est\u00e0 integrada per professorat que forma part de diferents projectes i \u00e0mbits pedag\u00f2gics del centre i tamb\u00e9 una part de l\u2019equip directiu del centre. Es reuneix setmanalment, i de forma conjunta, reflexiona sobre processos de millora i innovaci\u00f3 i es porten a terme actuacions de transformaci\u00f3 amb els recursos disponibles a l\u2019INS. Tot i haver finalitzat el programa, en comissi\u00f3 pedag\u00f2gica es continuen treballant els processos de consolidaci\u00f3 dels canvis produ\u00efts durant la implementaci\u00f3 del programa.<\/span><\/p>\n<p><span style=\"font-weight: 400;\">Mitjan\u00e7ant el diari de facilitaci\u00f3 es documenta el proc\u00e9s de transformaci\u00f3 del centre.<\/span><img loading=\"lazy\" decoding=\"async\" class=\"alignnone size-full wp-image-1935\" src=\"https:\/\/agora.xtec.cat\/iesmartipol\/wp-content\/uploads\/usu2298\/2025\/03\/de-DIARI-APRENENTATGE-2324.png\" alt=\"\" width=\"800\" height=\"2000\" srcset=\"https:\/\/agora.xtec.cat\/iesmartipol\/wp-content\/uploads\/usu2298\/2025\/03\/de-DIARI-APRENENTATGE-2324.png 800w, https:\/\/agora.xtec.cat\/iesmartipol\/wp-content\/uploads\/usu2298\/2025\/03\/de-DIARI-APRENENTATGE-2324-120x300.png 120w, https:\/\/agora.xtec.cat\/iesmartipol\/wp-content\/uploads\/usu2298\/2025\/03\/de-DIARI-APRENENTATGE-2324-410x1024.png 410w, https:\/\/agora.xtec.cat\/iesmartipol\/wp-content\/uploads\/usu2298\/2025\/03\/de-DIARI-APRENENTATGE-2324-768x1920.png 768w, https:\/\/agora.xtec.cat\/iesmartipol\/wp-content\/uploads\/usu2298\/2025\/03\/de-DIARI-APRENENTATGE-2324-614x1536.png 614w\" sizes=\"auto, (max-width: 800px) 100vw, 800px\" \/><\/p>\n","protected":false},"excerpt":{"rendered":"<p>L\u2019INS Miquel Mart\u00ed i Pol ha format part del programa PACTE (programa d\u2019acceleraci\u00f3 de la transformaci\u00f3 educativa) durant 3 anys. La participaci\u00f3 al programa ha perm\u00e8s avan\u00e7ar i millorar en l\u2019organitzaci\u00f3 i el funcionament del centre amb l&#8217;objectiu de promoure un canvi educatiu amb una&hellip;  <a href=\"https:\/\/agora.xtec.cat\/iesmartipol\/projectes\/pacte\/\" title=\"Read PACTE\">Llegeix m\u00e9s\u00bb<\/a><\/p>\n","protected":false},"author":1,"featured_media":0,"parent":660,"menu_order":0,"comment_status":"closed","ping_status":"closed","template":"page-templates\/side-menu.php","meta":{"_bbp_topic_count":0,"_bbp_reply_count":0,"_bbp_total_topic_count":0,"_bbp_total_reply_count":0,"_bbp_voice_count":0,"_bbp_anonymous_reply_count":0,"_bbp_topic_count_hidden":0,"_bbp_reply_count_hidden":0,"_bbp_forum_subforum_count":0,"footnotes":""},"class_list":["post-661","page","type-page","status-publish","hentry"],"post_mailing_queue_ids":[],"_links":{"self":[{"href":"https:\/\/agora.xtec.cat\/iesmartipol\/wp-json\/wp\/v2\/pages\/661","targetHints":{"allow":["GET"]}}],"collection":[{"href":"https:\/\/agora.xtec.cat\/iesmartipol\/wp-json\/wp\/v2\/pages"}],"about":[{"href":"https:\/\/agora.xtec.cat\/iesmartipol\/wp-json\/wp\/v2\/types\/page"}],"author":[{"embeddable":true,"href":"https:\/\/agora.xtec.cat\/iesmartipol\/wp-json\/wp\/v2\/users\/1"}],"replies":[{"embeddable":true,"href":"https:\/\/agora.xtec.cat\/iesmartipol\/wp-json\/wp\/v2\/comments?post=661"}],"version-history":[{"count":5,"href":"https:\/\/agora.xtec.cat\/iesmartipol\/wp-json\/wp\/v2\/pages\/661\/revisions"}],"predecessor-version":[{"id":1936,"href":"https:\/\/agora.xtec.cat\/iesmartipol\/wp-json\/wp\/v2\/pages\/661\/revisions\/1936"}],"up":[{"embeddable":true,"href":"https:\/\/agora.xtec.cat\/iesmartipol\/wp-json\/wp\/v2\/pages\/660"}],"wp:attachment":[{"href":"https:\/\/agora.xtec.cat\/iesmartipol\/wp-json\/wp\/v2\/media?parent=661"}],"curies":[{"name":"wp","href":"https:\/\/api.w.org\/{rel}","templated":true}]}}