{"id":65,"date":"2014-09-18T10:12:22","date_gmt":"2014-09-18T10:12:22","guid":{"rendered":"http:\/\/agora.xtec.cat\/iesmartipol\/?page_id=65"},"modified":"2023-03-14T12:24:10","modified_gmt":"2023-03-14T11:24:10","slug":"serveis-digitals","status":"publish","type":"page","link":"https:\/\/agora.xtec.cat\/iesmartipol\/serveis-digitals\/","title":{"rendered":"Serveis digitals"},"content":{"rendered":"<p>El centre disposa de la p\u00e0gina web amb el sistema Nodes.<\/p>\n<p>Com a mitj\u00e0 de comunicaci\u00f3 i gesti\u00f3 s&#8217;utilitza la interf\u00edcie d&#8217;Ieduca i com a mitj\u00e0 per a pagaments i signatura d&#8217;autoritzacions s&#8217;utilitza l&#8217;aplicaci\u00f3 de TPVescola (enlla\u00e7os a la p\u00e0gina incial).<\/p>\n<p>A l&#8217;entorn educatiu, l&#8217;alumne disposa de domini pr\u00f2pi de centre on pot accedir a les diferents mat\u00e8ries dins l&#8217;aplicatiu del Google Classroom. Algunes mat\u00e8ries utilitzen tamb\u00e9 el Moodle amb el sistema \u00e0gora.<\/p>\n<p>Podeu consultar el pla TAC de centre a continuaci\u00f3: <a href=\"https:\/\/agora.xtec.cat\/iesmartipol\/wp-content\/uploads\/usu2298\/2022\/04\/PLATAC.pdf\">PLA TAC<\/a><\/p>\n","protected":false},"excerpt":{"rendered":"<p>El centre disposa de la p\u00e0gina web amb el sistema Nodes.<br \/>\nCom a mitj\u00e0 de comunicaci\u00f3 i gesti\u00f3 s&#8217;utilitza la interf\u00edcie d&#8217;Ieduca i com a mitj\u00e0 per a pagaments i signatura d&#8217;autoritzacions s&#8217;utilitza l&#8217;aplicaci\u00f3 de TPVescola (enlla\u00e7os a la p\u00e0gina incial).<br \/>\nA l&#8217;entorn educatiu, l&#8217;alumne disposa de&hellip;  <a href=\"https:\/\/agora.xtec.cat\/iesmartipol\/serveis-digitals\/\" title=\"Read Serveis digitals\">Llegeix m\u00e9s\u00bb<\/a><\/p>\n","protected":false},"author":1,"featured_media":0,"parent":0,"menu_order":10,"comment_status":"closed","ping_status":"closed","template":"page-templates\/side-menu.php","meta":{"_bbp_topic_count":0,"_bbp_reply_count":0,"_bbp_total_topic_count":0,"_bbp_total_reply_count":0,"_bbp_voice_count":0,"_bbp_anonymous_reply_count":0,"_bbp_topic_count_hidden":0,"_bbp_reply_count_hidden":0,"_bbp_forum_subforum_count":0,"footnotes":""},"class_list":["post-65","page","type-page","status-publish","hentry"],"post_mailing_queue_ids":[],"_links":{"self":[{"href":"https:\/\/agora.xtec.cat\/iesmartipol\/wp-json\/wp\/v2\/pages\/65","targetHints":{"allow":["GET"]}}],"collection":[{"href":"https:\/\/agora.xtec.cat\/iesmartipol\/wp-json\/wp\/v2\/pages"}],"about":[{"href":"https:\/\/agora.xtec.cat\/iesmartipol\/wp-json\/wp\/v2\/types\/page"}],"author":[{"embeddable":true,"href":"https:\/\/agora.xtec.cat\/iesmartipol\/wp-json\/wp\/v2\/users\/1"}],"replies":[{"embeddable":true,"href":"https:\/\/agora.xtec.cat\/iesmartipol\/wp-json\/wp\/v2\/comments?post=65"}],"version-history":[{"count":2,"href":"https:\/\/agora.xtec.cat\/iesmartipol\/wp-json\/wp\/v2\/pages\/65\/revisions"}],"predecessor-version":[{"id":572,"href":"https:\/\/agora.xtec.cat\/iesmartipol\/wp-json\/wp\/v2\/pages\/65\/revisions\/572"}],"wp:attachment":[{"href":"https:\/\/agora.xtec.cat\/iesmartipol\/wp-json\/wp\/v2\/media?parent=65"}],"curies":[{"name":"wp","href":"https:\/\/api.w.org\/{rel}","templated":true}]}}