{"id":591,"date":"2022-04-26T17:08:39","date_gmt":"2022-04-26T15:08:39","guid":{"rendered":"https:\/\/agora.xtec.cat\/iesmartipol\/?page_id=591"},"modified":"2024-09-17T10:40:47","modified_gmt":"2024-09-17T08:40:47","slug":"tramits","status":"publish","type":"page","link":"https:\/\/agora.xtec.cat\/iesmartipol\/secretaria\/tramits\/","title":{"rendered":"Tr\u00e0mits"},"content":{"rendered":"<p>&nbsp;<\/p>\n<table style=\"border-collapse: collapse; width: 91.0481%; height: 567px;\">\n<tbody>\n<tr style=\"height: 208px;\">\n<td style=\"width: 12.5531%; text-align: justify; height: 208px;\"><b>Titulacions\u00a0 \u00a0 <\/b><\/td>\n<td style=\"width: 61.4485%; height: 208px;\">\n<p style=\"text-align: justify;\"><span style=\"font-weight: 400;\">El t\u00edtol d\u2019ESO s\u2019expedeix autom\u00e0ticament quan s\u2019ha aprovat el curs.<\/span><\/p>\n<p style=\"text-align: justify;\"><span style=\"font-weight: 400;\">El t\u00edtol de Batxillerat s\u2019ha de sol\u00b7licitar a la secretaria del centre enviant <\/span><a href=\"https:\/\/agora.xtec.cat\/iesmartipol\/wp-content\/uploads\/usu2298\/2022\/04\/s_titol_batx.pdf\"><span style=\"font-weight: 400;\">la sol\u00b7licitud del t\u00edtol de Batxillerat<\/span><\/a><span style=\"font-weight: 400;\"> correctament emplenada (si no es disposa de signatura digital, no cal que es signi el document) al correu electr\u00f2nic: <\/span><b>titolsinsmmartipol@gmail.com<\/b><span style=\"font-weight: 400;\"> i seguir les instruccions que, despr\u00e9s, es demanen per a completar el tr\u00e0mit. En cas de ser fam\u00edlia nombrosa o monoparental cal adjuntar una imatge del carnet.<\/span><\/p>\n<\/td>\n<\/tr>\n<tr style=\"height: 65px;\">\n<td style=\"width: 12.5531%; height: 65px;\"><b>Modificacions en el curr\u00edculum<\/b><\/td>\n<td style=\"width: 61.4485%; text-align: justify; height: 65px;\"><span style=\"font-weight: 400;\">Per a qualsevol canvi d\u2019assignatura o de modalitat de 4t d\u2019ESO o de Batxillerat cal fer una sol\u00b7licitud a la secretaria del centre <\/span><b>abans que hagi transcorregut un mes<\/b><span style=\"font-weight: 400;\"> des de l\u2019inici del curs.<\/span><\/td>\n<\/tr>\n<tr style=\"height: 127px;\">\n<td style=\"width: 12.5531%; height: 127px;\"><b>Convalidacions de m\u00fasica, dansa i esport<\/b><\/td>\n<td style=\"width: 61.4485%; height: 127px;\"><span style=\"font-weight: 400;\">L&#8217;alumnat que cursa ESO\/Batxillerat i, simult\u00e0niament, estudis de m\u00fasica, de dansa o amb dedicaci\u00f3 significativa a l\u2019esport, poden sol\u00b7licitar la convalidaci\u00f3 o el reconeixement de mat\u00e8ries.<\/span><\/p>\n<p><a href=\"https:\/\/agora.xtec.cat\/iesmartipol\/secretaria\/tramits\/convalidacions-de-musica-i-dansa\/\"><b>(m\u00e9s informaci\u00f3 sobre convalidacions de m\u00fasica i dansa)<\/b><\/a><\/p>\n<p><a href=\"https:\/\/agora.xtec.cat\/iesmartipol\/secretaria\/tramits\/simultaneitat-destudis-amb-practica-intensiva-desport\/\"><strong>(m\u00e9s informaci\u00f3 sobre convalidacions d&#8217;esport)<\/strong><\/a><\/td>\n<\/tr>\n<tr style=\"height: 50px;\">\n<td style=\"width: 12.5531%; height: 50px;\"><b>Certificat nivell C1 de catal\u00e0<\/b><\/td>\n<td style=\"width: 61.4485%; height: 50px;\"><span style=\"font-weight: 400;\">Per sol\u00b7licitar el certificat del nivell C1 de catal\u00e0 cal emplenar <a href=\"https:\/\/agora.xtec.cat\/iesmartipol\/wp-content\/uploads\/usu2298\/2023\/02\/Sol-licitudCER-CAT-IMP.pdf\">el full de <\/a><\/span><span style=\"font-weight: 400;\">sol\u00b7licitud<\/span><span style=\"font-weight: 400;\"> de reconeixement de l\u2019equival\u00e8ncia del nivell B2\/C1.\u00a0<\/span><\/p>\n<p>Els certificats del nivell C1 cal demanar-los amb dues setmanes d&#8217;antelaci\u00f3. El temps aproximat per a obtenir el certificat \u00e9s de 14 dies.<\/p>\n<p><a href=\"https:\/\/agora.xtec.cat\/iesmartipol\/certificat-nivell-c1-de-catala\/\"><b>(veure requisits)<\/b><\/a><\/td>\n<\/tr>\n<tr style=\"height: 33px;\">\n<td style=\"width: 12.5531%; height: 33px;\"><b>Ajuts ESO<\/b><\/td>\n<td style=\"width: 61.4485%; height: 33px;\">\n<ul>\n<li style=\"font-weight: 400;\" aria-level=\"1\"><span style=\"font-weight: 400;\">L&#8217;<\/span><a href=\"https:\/\/ajutsescolars.ccosona.cat\/\"><span style=\"font-weight: 400;\">ajut<\/span><\/a><span style=\"font-weight: 400;\"> del consell comarcal per a activitats i tamb\u00e9 llibres i material did\u00e0ctic es convoquen, normalment durant el mes de juny.\u00a0<\/span><\/li>\n<li style=\"font-weight: 400;\" aria-level=\"1\"><span style=\"font-weight: 400;\">Per l&#8217;ajut de fons social\u00a0 per sortides els impresos es poden obtenir a la secretaria de centre. Es recomana presentar-lo durant el mes de juny i el termini m\u00e0xim \u00e9s el 18 de setembre.<\/span><\/li>\n<\/ul>\n<\/td>\n<\/tr>\n<tr style=\"height: 50px;\">\n<td style=\"width: 12.5531%; height: 50px;\"><b>Beques Batxillerat<\/b><\/td>\n<td style=\"width: 61.4485%; height: 50px;\">\n<ul>\n<li style=\"font-weight: 400;\" aria-level=\"1\"><span style=\"font-weight: 400;\">Els ajuts a l\u2019estudi de car\u00e0cter general per a l\u2019alumnat que cursa estudis postobligatoris, es convoquen durant el mes de juny.<\/span><\/li>\n<li style=\"font-weight: 400;\" aria-level=\"1\"><span style=\"font-weight: 400;\">Els impresos es poden comprar a l\u2019estanc o a la p\u00e0gina web del <a href=\"https:\/\/www.becaseducacion.gob.es\/becas-y-ayudas\/fp-bachillerato-otros\/como-solicitarla.html#pasos-para-solicitarla\">Ministerio de Educaci\u00f3n y Ciencia<\/a>.<\/span><\/li>\n<li style=\"font-weight: 400;\" aria-level=\"1\"><span style=\"font-weight: 400;\">La presentaci\u00f3 de la sol\u00b7licitud finalitza habitualment el 30 de setembre. Alumnes de 2n Batxillerat que inicien per primera vegada estudis universitaris (PRECO).<\/span><\/li>\n<li style=\"font-weight: 400;\" aria-level=\"1\"><span style=\"font-weight: 400;\">Els impresos es poden obtenir a la secretaria del centre o la p\u00e0gina web de l\u2019<a href=\"https:\/\/agaur.gencat.cat\/ca\/inici\">AGAUR.<\/a><\/span><\/li>\n<li aria-level=\"1\"><span style=\"font-weight: 400;\">La presentaci\u00f3 de la sol\u00b7licitud finalitza habitualment a principi del mes de juny. Ajut de Fons Social per ESO i Batxillerat.<\/span><\/li>\n<\/ul>\n<\/td>\n<\/tr>\n<tr style=\"height: 67px;\">\n<td style=\"width: 12.5531%; height: 34px;\"><\/td>\n<td style=\"width: 61.4485%; height: 34px; text-align: justify;\"><\/td>\n<\/tr>\n<\/tbody>\n<\/table>\n<p><span style=\"font-weight: 400;\">Si no trobeu la sol\u00b7licitud espec\u00edfica per demanar la documentaci\u00f3 que necessiteu, podeu fer la petici\u00f3 presentant una<\/span><a href=\"https:\/\/agora.xtec.cat\/iesmartipol\/wp-content\/uploads\/usu2298\/2024\/01\/Sollicitud-generica-.pdf\"><b> Sol\u00b7licitud gen\u00e8rica<\/b><\/a><span style=\"font-weight: 400;\">\u00a0a Secretaria.<\/span><\/p>\n<p>\u27a1 <a href=\"https:\/\/agora.xtec.cat\/iesmartipol\/wp-content\/uploads\/usu2298\/2024\/01\/Sollicitud-generica-.pdf\">Descarregar sol\u00b7licitud gen\u00e8rica<\/a><\/p>\n","protected":false},"excerpt":{"rendered":"<p>&nbsp;<\/p>\n<p>Titulacions\u00a0 \u00a0 <\/p>\n<p>El t\u00edtol d\u2019ESO s\u2019expedeix autom\u00e0ticament quan s\u2019ha aprovat el curs.<br \/>\nEl t\u00edtol de Batxillerat s\u2019ha de sol\u00b7licitar a la secretaria del centre enviant <a href=\"https:\/\/agora.xtec.cat\/iesmartipol\/wp-content\/uploads\/usu2298\/2022\/04\/s_titol_batx.pdf\">la sol\u00b7licitud del t\u00edtol de Batxillerat<\/a> correctament emplenada (si no es disposa de signatura digital, no cal que es signi&hellip;  <a href=\"https:\/\/agora.xtec.cat\/iesmartipol\/secretaria\/tramits\/\" title=\"Read Tr\u00e0mits\">Llegeix m\u00e9s\u00bb<\/a><\/p>\n","protected":false},"author":1,"featured_media":0,"parent":81,"menu_order":0,"comment_status":"closed","ping_status":"closed","template":"page-templates\/side-menu.php","meta":{"_bbp_topic_count":0,"_bbp_reply_count":0,"_bbp_total_topic_count":0,"_bbp_total_reply_count":0,"_bbp_voice_count":0,"_bbp_anonymous_reply_count":0,"_bbp_topic_count_hidden":0,"_bbp_reply_count_hidden":0,"_bbp_forum_subforum_count":0,"footnotes":""},"class_list":["post-591","page","type-page","status-publish","hentry"],"post_mailing_queue_ids":[],"_links":{"self":[{"href":"https:\/\/agora.xtec.cat\/iesmartipol\/wp-json\/wp\/v2\/pages\/591","targetHints":{"allow":["GET"]}}],"collection":[{"href":"https:\/\/agora.xtec.cat\/iesmartipol\/wp-json\/wp\/v2\/pages"}],"about":[{"href":"https:\/\/agora.xtec.cat\/iesmartipol\/wp-json\/wp\/v2\/types\/page"}],"author":[{"embeddable":true,"href":"https:\/\/agora.xtec.cat\/iesmartipol\/wp-json\/wp\/v2\/users\/1"}],"replies":[{"embeddable":true,"href":"https:\/\/agora.xtec.cat\/iesmartipol\/wp-json\/wp\/v2\/comments?post=591"}],"version-history":[{"count":5,"href":"https:\/\/agora.xtec.cat\/iesmartipol\/wp-json\/wp\/v2\/pages\/591\/revisions"}],"predecessor-version":[{"id":1208,"href":"https:\/\/agora.xtec.cat\/iesmartipol\/wp-json\/wp\/v2\/pages\/591\/revisions\/1208"}],"up":[{"embeddable":true,"href":"https:\/\/agora.xtec.cat\/iesmartipol\/wp-json\/wp\/v2\/pages\/81"}],"wp:attachment":[{"href":"https:\/\/agora.xtec.cat\/iesmartipol\/wp-json\/wp\/v2\/media?parent=591"}],"curies":[{"name":"wp","href":"https:\/\/api.w.org\/{rel}","templated":true}]}}