{"id":589,"date":"2022-04-26T17:08:39","date_gmt":"2022-04-26T15:08:39","guid":{"rendered":"https:\/\/agora.xtec.cat\/iesmartipol\/?page_id=589"},"modified":"2025-07-08T12:15:03","modified_gmt":"2025-07-08T10:15:03","slug":"llibres-i-material","status":"publish","type":"page","link":"https:\/\/agora.xtec.cat\/iesmartipol\/alumnes\/llibres-i-material\/","title":{"rendered":"Llibres i material"},"content":{"rendered":"<p>Per a l&#8217;adquisici\u00f3 de llibres a trav\u00e9s de l&#8217;AFA de centre \u00e9s important que us llegiu aquest document:<\/p>\n<p><a href=\"https:\/\/drive.google.com\/file\/d\/15ZS_7tf-7kXuwC0qAuOx8kO27e5PPK19\/view?usp=sharing\">carta 2025_2026<\/a><\/p>\n<p>A continuaci\u00f3 trobareu els llibres de text, de lectura i el material que ha de portar l&#8217;alumne per a la secund\u00e0ria.<\/p>\n<p><a href=\"https:\/\/drive.google.com\/file\/d\/1RQMz7gd3sQf-8Ijty1Uu_JrSuYY3sDPn\/view?usp=sharing\">Material alumne 25-26<\/a><\/p>\n<p><a href=\"https:\/\/agora.xtec.cat\/iesmartipol\/wp-content\/uploads\/usu2298\/2025\/07\/LLIBRES-DE-TEXT-ESO-i-BTX-25-26.docx.pdf\">LLIBRES DE TEXT ESO i BTX 25-26<\/a><\/p>\n<p><a href=\"https:\/\/drive.google.com\/file\/d\/17EGV35LhKwPlieKy9AJSNfJ7FPeHYpml\/view?usp=sharing\">Lectures ESO<\/a> 25-26<\/p>\n<p><a href=\"https:\/\/agora.xtec.cat\/iesmartipol\/wp-content\/uploads\/usu2298\/2025\/07\/Lectures-Batxillerat-25-26.pdf\">Lectures Batxillerat 25-26<\/a><\/p>\n<p>&nbsp;<\/p>\n","protected":false},"excerpt":{"rendered":"<p>Per a l&#8217;adquisici\u00f3 de llibres a trav\u00e9s de l&#8217;AFA de centre \u00e9s important que us llegiu aquest document:<br \/>\n<a href=\"https:\/\/drive.google.com\/file\/d\/15ZS_7tf-7kXuwC0qAuOx8kO27e5PPK19\/view?usp=sharing\">carta 2025_2026<\/a><br \/>\nA continuaci\u00f3 trobareu els llibres de text, de lectura i el material que ha de portar l&#8217;alumne per a la secund\u00e0ria.<br \/>\n<a href=\"https:\/\/drive.google.com\/file\/d\/1RQMz7gd3sQf-8Ijty1Uu_JrSuYY3sDPn\/view?usp=sharing\">Material alumne 25-26<\/a><br \/>\n<a href=\"https:\/\/agora.xtec.cat\/iesmartipol\/wp-content\/uploads\/usu2298\/2025\/07\/LLIBRES-DE-TEXT-ESO-i-BTX-25-26.docx.pdf\">LLIBRES DE&hellip;  <a href=\"https:\/\/agora.xtec.cat\/iesmartipol\/alumnes\/llibres-i-material\/\" title=\"Read Llibres i material\">Llegeix m\u00e9s\u00bb<\/a><\/p>\n","protected":false},"author":1,"featured_media":0,"parent":586,"menu_order":0,"comment_status":"closed","ping_status":"closed","template":"","meta":{"_bbp_topic_count":0,"_bbp_reply_count":0,"_bbp_total_topic_count":0,"_bbp_total_reply_count":0,"_bbp_voice_count":0,"_bbp_anonymous_reply_count":0,"_bbp_topic_count_hidden":0,"_bbp_reply_count_hidden":0,"_bbp_forum_subforum_count":0,"footnotes":""},"class_list":["post-589","page","type-page","status-publish","hentry"],"post_mailing_queue_ids":[],"_links":{"self":[{"href":"https:\/\/agora.xtec.cat\/iesmartipol\/wp-json\/wp\/v2\/pages\/589","targetHints":{"allow":["GET"]}}],"collection":[{"href":"https:\/\/agora.xtec.cat\/iesmartipol\/wp-json\/wp\/v2\/pages"}],"about":[{"href":"https:\/\/agora.xtec.cat\/iesmartipol\/wp-json\/wp\/v2\/types\/page"}],"author":[{"embeddable":true,"href":"https:\/\/agora.xtec.cat\/iesmartipol\/wp-json\/wp\/v2\/users\/1"}],"replies":[{"embeddable":true,"href":"https:\/\/agora.xtec.cat\/iesmartipol\/wp-json\/wp\/v2\/comments?post=589"}],"version-history":[{"count":7,"href":"https:\/\/agora.xtec.cat\/iesmartipol\/wp-json\/wp\/v2\/pages\/589\/revisions"}],"predecessor-version":[{"id":2060,"href":"https:\/\/agora.xtec.cat\/iesmartipol\/wp-json\/wp\/v2\/pages\/589\/revisions\/2060"}],"up":[{"embeddable":true,"href":"https:\/\/agora.xtec.cat\/iesmartipol\/wp-json\/wp\/v2\/pages\/586"}],"wp:attachment":[{"href":"https:\/\/agora.xtec.cat\/iesmartipol\/wp-json\/wp\/v2\/media?parent=589"}],"curies":[{"name":"wp","href":"https:\/\/api.w.org\/{rel}","templated":true}]}}