{"id":195,"date":"2014-09-22T10:39:39","date_gmt":"2014-09-22T10:39:39","guid":{"rendered":"http:\/\/agora.xtec.cat\/iesmartipol\/?page_id=195"},"modified":"2022-04-22T11:06:50","modified_gmt":"2022-04-22T09:06:50","slug":"estudis","status":"publish","type":"page","link":"https:\/\/agora.xtec.cat\/iesmartipol\/estudis\/","title":{"rendered":"Estudis"},"content":{"rendered":"<p>Els nivells educatius que s&#8217;imparteixen al centre s\u00f3n l&#8217;Educaci\u00f3 Secund\u00e0ria Obligat\u00f2ria i el<br \/>\nBatxillerat en les modalitats de : Human\u00edstic i Ci\u00e8ncies Socials, Cient\u00edfic i Ci\u00e8ncies de<br \/>\nla Salut i Tecnol\u00f2gic.<br \/>\n\u00c9s un centre pensat per 3 o 4 l\u00ednies d&#8217;ESO i 2 l\u00ednies a cada curs de Batxillerat.<\/p>\n<p>L\u2019evoluci\u00f3 de la matr\u00edcula des del moment en qu\u00e8 s\u2019imparteixen els quatre cursos<br \/>\nd\u2019ESO \u00e9s entre 350 i 400 alumnes. Actualment el curs 2021-22 el centre t\u00e9 435<br \/>\nalumnes.<br \/>\nL\u2019Institut aglutina tota l\u2019oferta d\u2019ESO i d\u2019ensenyaments post-obligatoris de la zona de<br \/>\nRoda de Ter i del Cabrer\u00e8s. Els alumnes provenen dels municipis de Roda de Ter,<br \/>\nMasies de Roda, L\u2019Esquirol, Cantonigr\u00f2s, Tavertet, Rupit, Pruit i, espor\u00e0dicament de<br \/>\nTav\u00e8rnoles, Gurb i Manlleu. Els centres de prim\u00e0ria adscrits a l\u2019institut s\u00f3n:<\/p>\n<ul>\n<li>Escola Mare de D\u00e9u del S\u00f2l del Pont<\/li>\n<li>Escola el Cabrer\u00e8s<\/li>\n<li>Escola l&#8217; Agullola<\/li>\n<\/ul>\n","protected":false},"excerpt":{"rendered":"<p>Els nivells educatius que s&#8217;imparteixen al centre s\u00f3n l&#8217;Educaci\u00f3 Secund\u00e0ria Obligat\u00f2ria i el<br \/>\nBatxillerat en les modalitats de : Human\u00edstic i Ci\u00e8ncies Socials, Cient\u00edfic i Ci\u00e8ncies de<br \/>\nla Salut i Tecnol\u00f2gic.<br \/>\n\u00c9s un centre pensat per 3 o 4 l\u00ednies d&#8217;ESO i 2 l\u00ednies a cada curs de&hellip;  <a href=\"https:\/\/agora.xtec.cat\/iesmartipol\/estudis\/\" title=\"Read Estudis\">Llegeix m\u00e9s\u00bb<\/a><\/p>\n","protected":false},"author":1,"featured_media":0,"parent":0,"menu_order":0,"comment_status":"closed","ping_status":"closed","template":"","meta":{"_bbp_topic_count":0,"_bbp_reply_count":0,"_bbp_total_topic_count":0,"_bbp_total_reply_count":0,"_bbp_voice_count":0,"_bbp_anonymous_reply_count":0,"_bbp_topic_count_hidden":0,"_bbp_reply_count_hidden":0,"_bbp_forum_subforum_count":0,"footnotes":""},"class_list":["post-195","page","type-page","status-publish","hentry"],"post_mailing_queue_ids":[],"_links":{"self":[{"href":"https:\/\/agora.xtec.cat\/iesmartipol\/wp-json\/wp\/v2\/pages\/195","targetHints":{"allow":["GET"]}}],"collection":[{"href":"https:\/\/agora.xtec.cat\/iesmartipol\/wp-json\/wp\/v2\/pages"}],"about":[{"href":"https:\/\/agora.xtec.cat\/iesmartipol\/wp-json\/wp\/v2\/types\/page"}],"author":[{"embeddable":true,"href":"https:\/\/agora.xtec.cat\/iesmartipol\/wp-json\/wp\/v2\/users\/1"}],"replies":[{"embeddable":true,"href":"https:\/\/agora.xtec.cat\/iesmartipol\/wp-json\/wp\/v2\/comments?post=195"}],"version-history":[{"count":2,"href":"https:\/\/agora.xtec.cat\/iesmartipol\/wp-json\/wp\/v2\/pages\/195\/revisions"}],"predecessor-version":[{"id":527,"href":"https:\/\/agora.xtec.cat\/iesmartipol\/wp-json\/wp\/v2\/pages\/195\/revisions\/527"}],"wp:attachment":[{"href":"https:\/\/agora.xtec.cat\/iesmartipol\/wp-json\/wp\/v2\/media?parent=195"}],"curies":[{"name":"wp","href":"https:\/\/api.w.org\/{rel}","templated":true}]}}