{"id":1672,"date":"2024-04-30T11:17:33","date_gmt":"2024-04-30T09:17:33","guid":{"rendered":"https:\/\/agora.xtec.cat\/iesmartipol\/?page_id=1672"},"modified":"2026-03-29T16:09:50","modified_gmt":"2026-03-29T14:09:50","slug":"tecnic-dactivitats-equestres","status":"publish","type":"page","link":"https:\/\/agora.xtec.cat\/iesmartipol\/cicles-formatius\/tecnic-dactivitats-equestres\/","title":{"rendered":"T\u00e8cnic d&#8217;Activitats Eq\u00fcestres (TAE)"},"content":{"rendered":"<p><span style=\"font-weight: 400;\">El cicle formatiu Activitats Eq\u00fcestres pertany a la Fam\u00edlia Professional Agr\u00e0ria i permet obtenir la titulaci\u00f3 en T\u00e8cnic eq\u00fcestre.<\/span><\/p>\n<p><span style=\"font-weight: 400;\">Aquesta titulaci\u00f3 permet treballar en empreses dedicades a la reproducci\u00f3, ensinistrament, doma, munta i exhibici\u00f3 d&#8217;equins aix\u00ed com en activitats d\u2019oci a la natura i turisme actiu o d&#8217;aventura.<\/span><\/p>\n<p><span style=\"font-weight: 400;\">El cicle formatiu s\u2019imparteix en la modalitat FP dual, \u00e9s a dir, inclou 515 hores d\u2019estada a l\u2019empresa on els alumnes tenen l\u2019oportunitat d\u2019aplicar els coneixements apresos en un entorn real de treball.<\/span><\/p>\n<p><span style=\"font-weight: 400;\">La durada del cicle \u00e9s de<\/span> <span style=\"font-weight: 400;\">2000 hores lectives repartides en dos cursos acad\u00e8mics i en horari de matins.<\/span><\/p>\n<p><span style=\"font-weight: 400;\">El curr\u00edculum del cicle inclou m\u00f2duls professionals relacionats amb el coneixement del cavall i de les seves necessitats com a esp\u00e8cie i d\u2019altres que tracten les<\/span> <span style=\"font-weight: 400;\">diferents activitats que es poden dur a terme amb el bestiar equ\u00ed.<\/span><\/p>\n<p><span style=\"font-weight: 400;\">A m\u00e9s el cicle inclou m\u00f2duls transversals com poden ser Digitalitzaci\u00f3, Angl\u00e8s professional i Itinerari personal per a l\u2019ocupabilitat.<\/span><\/p>\n<p><img loading=\"lazy\" decoding=\"async\" class=\"alignnone wp-image-1899\" src=\"https:\/\/agora.xtec.cat\/iesmartipol\/wp-content\/uploads\/usu2298\/2025\/03\/IMG_7970-1-rotated.jpg\" alt=\"\" width=\"369\" height=\"277\" srcset=\"https:\/\/agora.xtec.cat\/iesmartipol\/wp-content\/uploads\/usu2298\/2025\/03\/IMG_7970-1-rotated.jpg 640w, https:\/\/agora.xtec.cat\/iesmartipol\/wp-content\/uploads\/usu2298\/2025\/03\/IMG_7970-1-300x225.jpg 300w, https:\/\/agora.xtec.cat\/iesmartipol\/wp-content\/uploads\/usu2298\/2025\/03\/IMG_7970-1-200x150.jpg 200w\" sizes=\"auto, (max-width: 369px) 100vw, 369px\" \/>\u00a0 <img loading=\"lazy\" decoding=\"async\" class=\"alignnone wp-image-1900\" src=\"https:\/\/agora.xtec.cat\/iesmartipol\/wp-content\/uploads\/usu2298\/2025\/03\/IMG_7975-2-1-rotated.jpg\" alt=\"\" width=\"213\" height=\"284\" srcset=\"https:\/\/agora.xtec.cat\/iesmartipol\/wp-content\/uploads\/usu2298\/2025\/03\/IMG_7975-2-1-rotated.jpg 480w, https:\/\/agora.xtec.cat\/iesmartipol\/wp-content\/uploads\/usu2298\/2025\/03\/IMG_7975-2-1-225x300.jpg 225w\" sizes=\"auto, (max-width: 213px) 100vw, 213px\" \/><\/p>\n<p><span style=\"color: #595cd3;\"><b>M\u00d2DULS PROFESSIONALS<\/b><\/span><\/p>\n<ul>\n<li style=\"font-weight: 400;\" aria-level=\"1\"><span style=\"font-weight: 400;\">Alimentaci\u00f3, Maneig General i Primeres Auxilis d&#8217;\u00c8quids<\/span><\/li>\n<li style=\"font-weight: 400;\" aria-level=\"1\"><span style=\"font-weight: 400;\">Manteniment F\u00edsic, Cures i Higiene Equina<\/span><\/li>\n<li style=\"font-weight: 400;\" aria-level=\"1\"><span style=\"font-weight: 400;\">Reproducci\u00f3, Cria i Recria d&#8217;\u00c8quids<\/span><\/li>\n<li style=\"font-weight: 400;\" aria-level=\"1\"><span style=\"font-weight: 400;\">Ferrament d&#8217;\u00c8quids<\/span><\/li>\n<li style=\"font-weight: 400;\" aria-level=\"1\"><span style=\"font-weight: 400;\">Esbravament i Doma a la Corda de Poltres<\/span><\/li>\n<li style=\"font-weight: 400;\" aria-level=\"1\"><span style=\"font-weight: 400;\">Ensinistrament<\/span><\/li>\n<li style=\"font-weight: 400;\" aria-level=\"1\"><span style=\"font-weight: 400;\">T\u00e8cniques d\u2019equitaci\u00f3<\/span><\/li>\n<li style=\"font-weight: 400;\" aria-level=\"1\"><span style=\"font-weight: 400;\">Exhibicions i Concursos de Bestiar Equ\u00ed<\/span><\/li>\n<li style=\"font-weight: 400;\" aria-level=\"1\"><span style=\"font-weight: 400;\">Guia Eq\u00fcestre<\/span><\/li>\n<li style=\"font-weight: 400;\" aria-level=\"1\"><span style=\"font-weight: 400;\">Atenci\u00f3 a Grups<\/span><\/li>\n<li style=\"font-weight: 400;\" aria-level=\"1\"><span style=\"font-weight: 400;\">Organitzaci\u00f3 d&#8217;Itineraris<\/span><\/li>\n<li style=\"font-weight: 400;\" aria-level=\"1\"><span style=\"font-weight: 400;\">Primers auxilis<\/span><\/li>\n<li style=\"font-weight: 400;\" aria-level=\"1\"><span style=\"font-weight: 400;\">Angl\u00e8s professional<\/span><\/li>\n<li style=\"font-weight: 400;\" aria-level=\"1\"><span style=\"font-weight: 400;\">Digitalitzaci\u00f3 aplicada als sectors productius<\/span><\/li>\n<li style=\"font-weight: 400;\" aria-level=\"1\"><span style=\"font-weight: 400;\">Sostenibilitat aplicada al sistema productiu.<\/span><\/li>\n<li style=\"font-weight: 400;\" aria-level=\"1\"><span style=\"font-weight: 400;\">Itinerari personal per a l&#8217;ocupabilitat I i II<\/span><\/li>\n<li style=\"font-weight: 400;\" aria-level=\"1\"><span style=\"font-weight: 400;\">Projecte intermodular<\/span><\/li>\n<\/ul>\n<p><span style=\"color: #595cd3;\"><b>EL CENTRE H\u00cdPIC<\/b><\/span><\/p>\n<p><span style=\"font-weight: 400;\">En el Club h\u00edpic Osona Horses de Malla (Osona) s\u2019imparteixen els m\u00f2duls professionals corresponents a les t\u00e8cniques d\u2019equitaci\u00f3, esbravament i doma, ferrament, aix\u00ed com l\u2019alimentaci\u00f3, el maneig i la cura dels \u00e8quids.<\/span><\/p>\n<p><span style=\"font-weight: 400;\">El centre h\u00edpic compta amb les instal\u00b7lacions necess\u00e0ries per a la pr\u00e0ctica de diferents disciplines eq\u00fcestres com l\u2019equitaci\u00f3, la doma, el salt o el <em>horseball<\/em> aix\u00ed com una aula per a les classes te\u00f2riques.<\/span><\/p>\n<p>ENDINSA&#8217;T EN EL M\u00d3N EQ\u00dcESTRE<\/p>\n<p><a href=\"https:\/\/drive.google.com\/file\/d\/1kOUzKPIvqt64NsAfkepqIprKYfjmPsK3\/view?t=1\">https:\/\/agora.xtec.cat\/iesmartipol\/general\/endinsat-en-el-mon-equestre\/<\/a><\/p>\n<p><span style=\"font-weight: 400;\">PROC\u00c9S DE PREINSCRIPCI\u00d3<\/span><\/p>\n<p><a href=\"https:\/\/preinscripcio.gencat.cat\/ca\/estudis\/fp-grau-mitja\/inici\/index.html\"><span style=\"font-weight: 400;\">https:\/\/preinscripcio.gencat.cat\/ca\/estudis\/fp-grau-mitja\/inici\/index.html<\/span><\/a><\/p>\n<p><span style=\"font-weight: 400;\">\u00a0INFORMACI\u00d3 CFGM ACTIVITATS EQ\u00dcESTRES<\/span><\/p>\n<p><a href=\"https:\/\/triaeducativa.gencat.cat\/ca\/estudis\/?activitats-equestres&amp;p_id=4170\"><span style=\"font-weight: 400;\">https:\/\/triaeducativa.gencat.cat\/ca\/estudis\/?activitats-equestres&amp;p_id=4170<\/span><\/a><\/p>\n<p><iframe loading=\"lazy\" src=\"https:\/\/drive.google.com\/file\/d\/1xcf1U9xz6Vf4B4XhMQLn4q2q7tKvwr6R\/preview\" width=\"100%\" height=\"600px\"><\/iframe><\/p>\n","protected":false},"excerpt":{"rendered":"<p>El cicle formatiu Activitats Eq\u00fcestres pertany a la Fam\u00edlia Professional Agr\u00e0ria i permet obtenir la titulaci\u00f3 en T\u00e8cnic eq\u00fcestre.<br \/>\nAquesta titulaci\u00f3 permet treballar en empreses dedicades a la reproducci\u00f3, ensinistrament, doma, munta i exhibici\u00f3 d&#8217;equins aix\u00ed com en activitats d\u2019oci a la natura i turisme actiu&hellip;  <a href=\"https:\/\/agora.xtec.cat\/iesmartipol\/cicles-formatius\/tecnic-dactivitats-equestres\/\" title=\"Read T\u00e8cnic d&#8217;Activitats Eq\u00fcestres (TAE)\">Llegeix m\u00e9s\u00bb<\/a><\/p>\n","protected":false},"author":1,"featured_media":0,"parent":1668,"menu_order":0,"comment_status":"closed","ping_status":"closed","template":"page-templates\/side-menu.php","meta":{"_bbp_topic_count":0,"_bbp_reply_count":0,"_bbp_total_topic_count":0,"_bbp_total_reply_count":0,"_bbp_voice_count":0,"_bbp_anonymous_reply_count":0,"_bbp_topic_count_hidden":0,"_bbp_reply_count_hidden":0,"_bbp_forum_subforum_count":0,"footnotes":""},"class_list":["post-1672","page","type-page","status-publish","hentry"],"post_mailing_queue_ids":[],"_links":{"self":[{"href":"https:\/\/agora.xtec.cat\/iesmartipol\/wp-json\/wp\/v2\/pages\/1672","targetHints":{"allow":["GET"]}}],"collection":[{"href":"https:\/\/agora.xtec.cat\/iesmartipol\/wp-json\/wp\/v2\/pages"}],"about":[{"href":"https:\/\/agora.xtec.cat\/iesmartipol\/wp-json\/wp\/v2\/types\/page"}],"author":[{"embeddable":true,"href":"https:\/\/agora.xtec.cat\/iesmartipol\/wp-json\/wp\/v2\/users\/1"}],"replies":[{"embeddable":true,"href":"https:\/\/agora.xtec.cat\/iesmartipol\/wp-json\/wp\/v2\/comments?post=1672"}],"version-history":[{"count":6,"href":"https:\/\/agora.xtec.cat\/iesmartipol\/wp-json\/wp\/v2\/pages\/1672\/revisions"}],"predecessor-version":[{"id":2133,"href":"https:\/\/agora.xtec.cat\/iesmartipol\/wp-json\/wp\/v2\/pages\/1672\/revisions\/2133"}],"up":[{"embeddable":true,"href":"https:\/\/agora.xtec.cat\/iesmartipol\/wp-json\/wp\/v2\/pages\/1668"}],"wp:attachment":[{"href":"https:\/\/agora.xtec.cat\/iesmartipol\/wp-json\/wp\/v2\/media?parent=1672"}],"curies":[{"name":"wp","href":"https:\/\/api.w.org\/{rel}","templated":true}]}}