{"id":1353,"date":"2023-03-20T13:12:05","date_gmt":"2023-03-20T12:12:05","guid":{"rendered":"https:\/\/agora.xtec.cat\/iesmartipol\/?page_id=1353"},"modified":"2023-03-20T13:13:35","modified_gmt":"2023-03-20T12:13:35","slug":"estrategia-digital-de-centre-edc","status":"publish","type":"page","link":"https:\/\/agora.xtec.cat\/iesmartipol\/documents-de-centres\/estrategia-digital-de-centre-edc\/","title":{"rendered":"Estrat\u00e8gia Digital de Centre (EDC)"},"content":{"rendered":"<p>El curs 22-23 el centre actualitza l\u2019\u00e0mbit digital gr\u00e0cies a la incorporaci\u00f3 de l\u2019<a href=\"https:\/\/projectes.xtec.cat\/edc-suport\/\">Estrat\u00e8gia Digital de Centre,<\/a>\u00a0d\u2019acord amb l\u2019actual<a href=\"http:\/\/educacio.gencat.cat\/ca\/departament\/publicacions\/monografies\/pla-educacio-digital\/\">\u00a0Pla d\u2019educaci\u00f3 digital de Catalunya<\/a>.<\/p>\n<p>Per a fer-ho possible, el claustre participa en una Formaci\u00f3 Interna de Centre (FIC) mentoritzada que proporciona l\u2019espai i les eines de reflexi\u00f3 necess\u00e0ries per a desenvolupar l\u2019EDC.<\/p>\n<p>Per a consultar i ampliar informaci\u00f3 al respecte, podeu dirigir-vos a l\u2019espai\u00a0 l<a href=\"https:\/\/sites.google.com\/alumnestorreta.cat\/edclatorreta\/inicio\">\u2018<\/a><strong><a href=\"https:\/\/sites.google.com\/view\/insmiquelmartipol\/\">EDC del nostre centre<\/a>.<\/strong>\u00a0L\u2019estrat\u00e8gia digital de centre es troba en continu desenvolupament i s\u2019actualitza peri\u00f2dicament d\u2019acord segons les necessitats.<\/p>\n<p>&nbsp;<\/p>\n","protected":false},"excerpt":{"rendered":"<p>El curs 22-23 el centre actualitza l\u2019\u00e0mbit digital gr\u00e0cies a la incorporaci\u00f3 de l\u2019<a href=\"https:\/\/projectes.xtec.cat\/edc-suport\/\">Estrat\u00e8gia Digital de Centre,<\/a>\u00a0d\u2019acord amb l\u2019actual<a href=\"http:\/\/educacio.gencat.cat\/ca\/departament\/publicacions\/monografies\/pla-educacio-digital\/\">\u00a0Pla d\u2019educaci\u00f3 digital de Catalunya<\/a>.<br \/>\nPer a fer-ho possible, el claustre participa en una Formaci\u00f3 Interna de Centre (FIC) mentoritzada que proporciona l\u2019espai i les eines&hellip;  <a href=\"https:\/\/agora.xtec.cat\/iesmartipol\/documents-de-centres\/estrategia-digital-de-centre-edc\/\" title=\"Read Estrat\u00e8gia Digital de Centre (EDC)\">Llegeix m\u00e9s\u00bb<\/a><\/p>\n","protected":false},"author":1,"featured_media":0,"parent":1239,"menu_order":0,"comment_status":"closed","ping_status":"closed","template":"page-templates\/side-menu.php","meta":{"_bbp_topic_count":0,"_bbp_reply_count":0,"_bbp_total_topic_count":0,"_bbp_total_reply_count":0,"_bbp_voice_count":0,"_bbp_anonymous_reply_count":0,"_bbp_topic_count_hidden":0,"_bbp_reply_count_hidden":0,"_bbp_forum_subforum_count":0,"footnotes":""},"class_list":["post-1353","page","type-page","status-publish","hentry"],"post_mailing_queue_ids":[],"_links":{"self":[{"href":"https:\/\/agora.xtec.cat\/iesmartipol\/wp-json\/wp\/v2\/pages\/1353","targetHints":{"allow":["GET"]}}],"collection":[{"href":"https:\/\/agora.xtec.cat\/iesmartipol\/wp-json\/wp\/v2\/pages"}],"about":[{"href":"https:\/\/agora.xtec.cat\/iesmartipol\/wp-json\/wp\/v2\/types\/page"}],"author":[{"embeddable":true,"href":"https:\/\/agora.xtec.cat\/iesmartipol\/wp-json\/wp\/v2\/users\/1"}],"replies":[{"embeddable":true,"href":"https:\/\/agora.xtec.cat\/iesmartipol\/wp-json\/wp\/v2\/comments?post=1353"}],"version-history":[{"count":1,"href":"https:\/\/agora.xtec.cat\/iesmartipol\/wp-json\/wp\/v2\/pages\/1353\/revisions"}],"predecessor-version":[{"id":1354,"href":"https:\/\/agora.xtec.cat\/iesmartipol\/wp-json\/wp\/v2\/pages\/1353\/revisions\/1354"}],"up":[{"embeddable":true,"href":"https:\/\/agora.xtec.cat\/iesmartipol\/wp-json\/wp\/v2\/pages\/1239"}],"wp:attachment":[{"href":"https:\/\/agora.xtec.cat\/iesmartipol\/wp-json\/wp\/v2\/media?parent=1353"}],"curies":[{"name":"wp","href":"https:\/\/api.w.org\/{rel}","templated":true}]}}