{"id":1321,"date":"2023-02-27T10:18:37","date_gmt":"2023-02-27T09:18:37","guid":{"rendered":"https:\/\/agora.xtec.cat\/iesmartipol\/?page_id=1321"},"modified":"2023-02-27T10:20:40","modified_gmt":"2023-02-27T09:20:40","slug":"certificat-nivell-c1-de-catala","status":"publish","type":"page","link":"https:\/\/agora.xtec.cat\/iesmartipol\/secretaria\/tramits\/certificat-nivell-c1-de-catala\/","title":{"rendered":"Certificat Nivell C1 de catal\u00e0"},"content":{"rendered":"<p><span style=\"font-weight: 400;\">Per sol\u00b7licitar el certificat del nivell C1 de catal\u00e0 cal emplenar <a href=\"https:\/\/agora.xtec.cat\/iesmartipol\/wp-content\/uploads\/usu2298\/2023\/02\/Sol-licitudCER-CAT-IMP.pdf\">el full de sol\u00b7licitud de reconeixement de l\u2019equival\u00e8ncia del nivell B2\/C1.\u00a0<\/a><\/span><\/p>\n<p>\u27a1 <a href=\"https:\/\/agora.xtec.cat\/iesmartipol\/wp-content\/uploads\/usu2298\/2023\/02\/Sol-licitudCER-CAT-IMP.pdf\">Descarregar full de sol\u00b7licitud<\/a><\/p>\n<p><b>A la sol\u00b7licitud s\u2019ha d&#8217;adjuntar (ORIGINAL I FOTOC\u00d2PIA):<\/b><\/p>\n<ul>\n<li style=\"font-weight: 400;\" aria-level=\"1\"><span style=\"font-weight: 400;\">DNI o NIE<\/span><\/li>\n<li style=\"font-weight: 400;\" aria-level=\"1\"><span style=\"font-weight: 400;\">Els anys cursats de llengua catalana es justificaran amb els llibres d\u2019escolaritat d\u2019EGB o ESO o BATX\u00a0 i\/o amb els historials acad\u00e8mics d\u2019ESO i Batxillerat<\/span><\/li>\n<li style=\"font-weight: 400;\" aria-level=\"1\"><span style=\"font-weight: 400;\">T\u00edtol d\u2019ESO o Batxillerat<\/span><\/li>\n<\/ul>\n<p><span style=\"font-weight: 400;\">Requisits necessaris per a l\u2019obtenci\u00f3 del certificat:<\/span><\/p>\n<ul>\n<li style=\"list-style-type: none;\">\n<ul>\n<li style=\"font-weight: 400;\" aria-level=\"1\"><b>T\u00edtol d\u2019ESO:<\/b><span style=\"font-weight: 400;\">\u00a0 sempre que s\u2019hagi cursat a Catalunya almenys tres (3) cursos qualssevol de prim\u00e0ria i tota l\u2019ESO, i s\u2019hagi cursat la mat\u00e8ria de llengua catalana en la totalitat dels estudis esmentats.\u00a0 El requisit d\u2019haver aprovat la mat\u00e8ria de llengua catalana \u00e9s d\u2019aplicaci\u00f3 als t\u00edtols de graduaci\u00f3 en educaci\u00f3 secund\u00e0ria obligat\u00f2ria obtinguts a partir de curs 2007\/2008.<\/span><\/li>\n<li style=\"font-weight: 400;\" aria-level=\"1\"><b>T\u00edtol de Batxillerat:<\/b><span style=\"font-weight: 400;\">\u00a0 sempre que s\u2019hagin cursat a Catalunya tres (3) cursos qualsevol de prim\u00e0ria i cinc (5) qualssevol entre\u00a0 l\u2019ESO i el Batxillerat, i s\u2019hagi cursat la mat\u00e8ria de llengua catalana en la totalitat dels estudis m\u00ednims esmentats.<\/span><\/li>\n<li style=\"font-weight: 400;\" aria-level=\"1\"><b>T\u00edtol de BUP: <\/b><span style=\"font-weight: 400;\">\u00a0sempre que s\u2019hagi cursat tota l\u2019EGB i el BUP a Catalunya i s\u2019hagi cursat de manera oficial la mat\u00e8ria de llengua catalana en la totalitat dels estudis esmentats a partir del curs 1978-1979.<\/span><\/li>\n<\/ul>\n<\/li>\n<\/ul>\n<ul>\n<li aria-level=\"1\"><b>T\u00edtol de t\u00e8cnic\/a especialista (FP2): <\/b><span style=\"font-weight: 400;\">sempre que s\u2019hagi cursat tota l\u2019EGB, FP1 i FP2 a Catalunya i s\u2019hagi cursat de manera oficial la mat\u00e8ria de llengua catalana en la totalitat dels estudis esmentats a partir del curs 1978-1979.<\/span><\/li>\n<\/ul>\n<p>&nbsp;<\/p>\n","protected":false},"excerpt":{"rendered":"<p>Per sol\u00b7licitar el certificat del nivell C1 de catal\u00e0 cal emplenar <a href=\"https:\/\/agora.xtec.cat\/iesmartipol\/wp-content\/uploads\/usu2298\/2023\/02\/Sol-licitudCER-CAT-IMP.pdf\">el full de sol\u00b7licitud de reconeixement de l\u2019equival\u00e8ncia del nivell B2\/C1.\u00a0<\/a><br \/>\n\u27a1 <a href=\"https:\/\/agora.xtec.cat\/iesmartipol\/wp-content\/uploads\/usu2298\/2023\/02\/Sol-licitudCER-CAT-IMP.pdf\">Descarregar full de sol\u00b7licitud<\/a><br \/>\nA la sol\u00b7licitud s\u2019ha d&#8217;adjuntar (ORIGINAL I FOTOC\u00d2PIA):<\/p>\n<ul>\n<li style=\"font-weight: 400;\" aria-level=\"1\">DNI o NIE<\/li>\n<li style=\"font-weight: 400;\" aria-level=\"1\">Els anys cursats&hellip;  <a href=\"https:\/\/agora.xtec.cat\/iesmartipol\/secretaria\/tramits\/certificat-nivell-c1-de-catala\/\" title=\"Read Certificat Nivell C1 de catal\u00e0\">Llegeix m\u00e9s\u00bb<\/a><br \/>\n","protected":false},"author":1,"featured_media":0,"parent":591,"menu_order":0,"comment_status":"closed","ping_status":"closed","template":"page-templates\/side-menu.php","meta":{"_bbp_topic_count":0,"_bbp_reply_count":0,"_bbp_total_topic_count":0,"_bbp_total_reply_count":0,"_bbp_voice_count":0,"_bbp_anonymous_reply_count":0,"_bbp_topic_count_hidden":0,"_bbp_reply_count_hidden":0,"_bbp_forum_subforum_count":0,"footnotes":""},"class_list":["post-1321","page","type-page","status-publish","hentry"],"post_mailing_queue_ids":[],"_links":{"self":[{"href":"https:\/\/agora.xtec.cat\/iesmartipol\/wp-json\/wp\/v2\/pages\/1321","targetHints":{"allow":["GET"]}}],"collection":[{"href":"https:\/\/agora.xtec.cat\/iesmartipol\/wp-json\/wp\/v2\/pages"}],"about":[{"href":"https:\/\/agora.xtec.cat\/iesmartipol\/wp-json\/wp\/v2\/types\/page"}],"author":[{"embeddable":true,"href":"https:\/\/agora.xtec.cat\/iesmartipol\/wp-json\/wp\/v2\/users\/1"}],"replies":[{"embeddable":true,"href":"https:\/\/agora.xtec.cat\/iesmartipol\/wp-json\/wp\/v2\/comments?post=1321"}],"version-history":[{"count":1,"href":"https:\/\/agora.xtec.cat\/iesmartipol\/wp-json\/wp\/v2\/pages\/1321\/revisions"}],"predecessor-version":[{"id":1323,"href":"https:\/\/agora.xtec.cat\/iesmartipol\/wp-json\/wp\/v2\/pages\/1321\/revisions\/1323"}],"up":[{"embeddable":true,"href":"https:\/\/agora.xtec.cat\/iesmartipol\/wp-json\/wp\/v2\/pages\/591"}],"wp:attachment":[{"href":"https:\/\/agora.xtec.cat\/iesmartipol\/wp-json\/wp\/v2\/media?parent=1321"}],"curies":[{"name":"wp","href":"https:\/\/api.w.org\/{rel}","templated":true}]}}