{"id":1302,"date":"2023-02-27T09:31:05","date_gmt":"2023-02-27T08:31:05","guid":{"rendered":"https:\/\/agora.xtec.cat\/iesmartipol\/?page_id=1302"},"modified":"2023-02-27T09:33:44","modified_gmt":"2023-02-27T08:33:44","slug":"un-mon-doportunitats","status":"publish","type":"page","link":"https:\/\/agora.xtec.cat\/iesmartipol\/projectes\/projectes-datencio-educativa\/un-mon-doportunitats\/","title":{"rendered":"Un m\u00f3n d&#8217;oportunitats"},"content":{"rendered":"<p style=\"text-align: justify;\"><span style=\"font-weight: 400;\">El <\/span><b>Projecte de diversificaci\u00f3 curricular a 4t d\u2019ESO \u201cUn M\u00f3n d\u2019Oportunitats\u201d<\/b><span style=\"font-weight: 400;\"> \u00e9s un programa per a l\u2019alumnat de quart d&#8217;ESO, per estimular la continu\u00eftat formativa de l\u2019alumnat amb dificultats d&#8217;aprenentatge, baix nivell d\u2019assoliment de compet\u00e8ncies i\/o risc d&#8217;abandonament escolar.<\/span><\/p>\n<p style=\"text-align: justify;\"><span style=\"font-weight: 400;\">El projecte, que ja t\u00e9 una traject\u00f2ria de m\u00e9s de 15 anys a l\u2019INS Miquel Mart\u00ed i Pol, t\u00e9 els objectius de:<\/span><\/p>\n<ul style=\"text-align: justify;\">\n<li style=\"font-weight: 400;\" aria-checked=\"false\" aria-level=\"1\"><span style=\"font-weight: 400;\">Reduir l\u2019absentisme escolar de 3r a 4t d\u2019ESO.<\/span><\/li>\n<li style=\"font-weight: 400;\" aria-checked=\"false\" aria-level=\"1\"><span style=\"font-weight: 400;\">Afavorir l\u2019acreditaci\u00f3 de l\u2019ESO amb l\u2019aplicaci\u00f3 d\u2019un programa adaptat del curr\u00edculum ordinari.\u00a0<\/span><\/li>\n<li style=\"font-weight: 400;\" aria-checked=\"false\" aria-level=\"1\"><span style=\"font-weight: 400;\">Potenciar la continu\u00eftat en els itineraris posteriors.\u00a0<\/span><\/li>\n<\/ul>\n<p style=\"text-align: justify;\"><b>\u201cUn M\u00f3n d\u2019Oportunitats\u201d<\/b><span style=\"font-weight: 400;\"> \u00e9s un programa amb una organitzaci\u00f3 curricular i un horari de perman\u00e8ncia al centre diferent, l\u2019alumnat realitza formaci\u00f3 en empreses setmanalment, els dimarts i dijous. Es realitzen algunes mat\u00e8ries amb el grup classe, i en la resta es realitza una programaci\u00f3 espec\u00edfica, desenvolupant tamb\u00e9 projectes interdisciplinaris i activitats que contribueixen a l\u2019orientaci\u00f3 professional de l\u2019alumnat.<\/span><\/p>\n","protected":false},"excerpt":{"rendered":"<p>El Projecte de diversificaci\u00f3 curricular a 4t d\u2019ESO \u201cUn M\u00f3n d\u2019Oportunitats\u201d \u00e9s un programa per a l\u2019alumnat de quart d&#8217;ESO, per estimular la continu\u00eftat formativa de l\u2019alumnat amb dificultats d&#8217;aprenentatge, baix nivell d\u2019assoliment de compet\u00e8ncies i\/o risc d&#8217;abandonament escolar.<br \/>\nEl projecte, que ja t\u00e9 una traject\u00f2ria&hellip;  <a href=\"https:\/\/agora.xtec.cat\/iesmartipol\/projectes\/projectes-datencio-educativa\/un-mon-doportunitats\/\" title=\"Read Un m\u00f3n d&#8217;oportunitats\">Llegeix m\u00e9s\u00bb<\/a><\/p>\n","protected":false},"author":1,"featured_media":0,"parent":1286,"menu_order":0,"comment_status":"closed","ping_status":"closed","template":"page-templates\/side-menu.php","meta":{"_bbp_topic_count":0,"_bbp_reply_count":0,"_bbp_total_topic_count":0,"_bbp_total_reply_count":0,"_bbp_voice_count":0,"_bbp_anonymous_reply_count":0,"_bbp_topic_count_hidden":0,"_bbp_reply_count_hidden":0,"_bbp_forum_subforum_count":0,"footnotes":""},"class_list":["post-1302","page","type-page","status-publish","hentry"],"post_mailing_queue_ids":[],"_links":{"self":[{"href":"https:\/\/agora.xtec.cat\/iesmartipol\/wp-json\/wp\/v2\/pages\/1302","targetHints":{"allow":["GET"]}}],"collection":[{"href":"https:\/\/agora.xtec.cat\/iesmartipol\/wp-json\/wp\/v2\/pages"}],"about":[{"href":"https:\/\/agora.xtec.cat\/iesmartipol\/wp-json\/wp\/v2\/types\/page"}],"author":[{"embeddable":true,"href":"https:\/\/agora.xtec.cat\/iesmartipol\/wp-json\/wp\/v2\/users\/1"}],"replies":[{"embeddable":true,"href":"https:\/\/agora.xtec.cat\/iesmartipol\/wp-json\/wp\/v2\/comments?post=1302"}],"version-history":[{"count":1,"href":"https:\/\/agora.xtec.cat\/iesmartipol\/wp-json\/wp\/v2\/pages\/1302\/revisions"}],"predecessor-version":[{"id":1303,"href":"https:\/\/agora.xtec.cat\/iesmartipol\/wp-json\/wp\/v2\/pages\/1302\/revisions\/1303"}],"up":[{"embeddable":true,"href":"https:\/\/agora.xtec.cat\/iesmartipol\/wp-json\/wp\/v2\/pages\/1286"}],"wp:attachment":[{"href":"https:\/\/agora.xtec.cat\/iesmartipol\/wp-json\/wp\/v2\/media?parent=1302"}],"curies":[{"name":"wp","href":"https:\/\/api.w.org\/{rel}","templated":true}]}}