{"id":1299,"date":"2023-02-27T09:28:51","date_gmt":"2023-02-27T08:28:51","guid":{"rendered":"https:\/\/agora.xtec.cat\/iesmartipol\/?page_id=1299"},"modified":"2025-02-18T09:47:07","modified_gmt":"2025-02-18T08:47:07","slug":"siei","status":"publish","type":"page","link":"https:\/\/agora.xtec.cat\/iesmartipol\/projectes\/projectes-datencio-educativa\/siei\/","title":{"rendered":"SIEI"},"content":{"rendered":"<p><span style=\"font-weight: 400;\">El <\/span><b>Suport Intensiu d\u2019Escolaritzaci\u00f3 Inclusiva (SIEI)<\/b><span style=\"font-weight: 400;\"> \u00e9s un projecte que aposta per la inclusi\u00f3, per l\u2019oportunitat de donar a tot l\u2019alumnat, un entorn d\u2019aprenentatge i conviv\u00e8ncia no excloent.\u00a0<\/span><\/p>\n<p><span style=\"font-weight: 400;\">Es prioritza la participaci\u00f3 de l\u2019alumnat en el dia a dia del centre, els alumnes estan majorit\u00e0riament en el grup de refer\u00e8ncia i participen en l\u2019espai SIEI per a dur a terme projectes espec\u00edfics.<\/span><\/p>\n<p><span style=\"font-weight: 400;\">Els objectius principals que es plantegen s\u00f3n:\u00a0<\/span><\/p>\n<ul>\n<li style=\"font-weight: 400;\" aria-level=\"1\"><span style=\"font-weight: 400;\">Vetllar pel benestar de l\u2019alumnat i per la seva participaci\u00f3 en el centre.<\/span><\/li>\n<li style=\"font-weight: 400;\" aria-level=\"1\"><span style=\"font-weight: 400;\">Acompanyar a l\u2019alumnat i a l\u2019equip docent en el proc\u00e9s d\u2019ensenyament-aprenentatges.<\/span><\/li>\n<li style=\"font-weight: 400;\" aria-level=\"1\"><span style=\"font-weight: 400;\">Proporcionar situacions i eines que permetin guanyar autonomia i funcionalitat.<\/span><\/li>\n<\/ul>\n<p><span style=\"font-weight: 400;\">Des del SIEI es considera indispensable adaptar el funcionament tenint present l\u2019evoluci\u00f3 i les necessitats de l\u2019alumnat que en forma part en cada moment. Per donar resposta als objectius plantejats, s\u2019ha optat per un funcionament en format tallers que es detallen a continuaci\u00f3:<\/span><\/p>\n<ul>\n<li style=\"font-weight: 400;\" aria-level=\"1\"><span style=\"font-weight: 400;\">Acollida a l\u2019alumnat del SIEI\u00a0<\/span><\/li>\n<li style=\"font-weight: 400;\" aria-level=\"1\"><span style=\"font-weight: 400;\">Dia a dia al SIEI on portem a terme el temps de lectura di\u00e0ria<\/span><\/li>\n<li style=\"font-weight: 400;\" aria-level=\"1\"><span style=\"font-weight: 400;\">Taller d\u2019autonomia dom\u00e8stica.\u00a0<\/span><\/li>\n<li style=\"font-weight: 400;\" aria-level=\"1\"><span style=\"font-weight: 400;\">Taller sensorial, que inclou el projecte amb la resid\u00e8ncia de gent gran de Roda, el curs de Nataci\u00f3 i les activitats de ter\u00e0pia amb animals.\u00a0<\/span><\/li>\n<li style=\"font-weight: 400;\" aria-level=\"1\"><span style=\"font-weight: 400;\">Taller coneixem-nos<\/span><\/li>\n<li style=\"font-weight: 400;\" aria-level=\"1\"><span style=\"font-weight: 400;\">Taller de l\u2019Hort<\/span><\/li>\n<li style=\"font-weight: 400;\" aria-level=\"1\"><span style=\"font-weight: 400;\">Taller de suport i t\u00e8cniques d\u2019estudi<\/span><\/li>\n<li style=\"font-weight: 400;\" aria-level=\"1\"><span style=\"font-weight: 400;\">Sortides a l\u2019entorn<\/span><\/li>\n<\/ul>\n<p><img loading=\"lazy\" decoding=\"async\" class=\"alignnone wp-image-1795\" src=\"https:\/\/agora.xtec.cat\/iesmartipol\/wp-content\/uploads\/usu2298\/2025\/02\/IMG-20241213-WA0003.jpg\" alt=\"SIEI\" width=\"229\" height=\"408\" srcset=\"https:\/\/agora.xtec.cat\/iesmartipol\/wp-content\/uploads\/usu2298\/2025\/02\/IMG-20241213-WA0003.jpg 899w, https:\/\/agora.xtec.cat\/iesmartipol\/wp-content\/uploads\/usu2298\/2025\/02\/IMG-20241213-WA0003-169x300.jpg 169w, https:\/\/agora.xtec.cat\/iesmartipol\/wp-content\/uploads\/usu2298\/2025\/02\/IMG-20241213-WA0003-576x1024.jpg 576w, https:\/\/agora.xtec.cat\/iesmartipol\/wp-content\/uploads\/usu2298\/2025\/02\/IMG-20241213-WA0003-768x1366.jpg 768w, https:\/\/agora.xtec.cat\/iesmartipol\/wp-content\/uploads\/usu2298\/2025\/02\/IMG-20241213-WA0003-864x1536.jpg 864w\" sizes=\"auto, (max-width: 229px) 100vw, 229px\" \/>\u00a0 \u00a0 \u00a0\u00a0<img loading=\"lazy\" decoding=\"async\" class=\"alignnone wp-image-1796\" src=\"https:\/\/agora.xtec.cat\/iesmartipol\/wp-content\/uploads\/usu2298\/2025\/02\/IMG_20241105_121930-scaled.jpg\" alt=\"SIEI cuina\" width=\"307\" height=\"410\" srcset=\"https:\/\/agora.xtec.cat\/iesmartipol\/wp-content\/uploads\/usu2298\/2025\/02\/IMG_20241105_121930-scaled.jpg 1920w, https:\/\/agora.xtec.cat\/iesmartipol\/wp-content\/uploads\/usu2298\/2025\/02\/IMG_20241105_121930-225x300.jpg 225w, https:\/\/agora.xtec.cat\/iesmartipol\/wp-content\/uploads\/usu2298\/2025\/02\/IMG_20241105_121930-768x1024.jpg 768w, https:\/\/agora.xtec.cat\/iesmartipol\/wp-content\/uploads\/usu2298\/2025\/02\/IMG_20241105_121930-1152x1536.jpg 1152w, https:\/\/agora.xtec.cat\/iesmartipol\/wp-content\/uploads\/usu2298\/2025\/02\/IMG_20241105_121930-1536x2048.jpg 1536w\" sizes=\"auto, (max-width: 307px) 100vw, 307px\" \/><\/p>\n<p><img loading=\"lazy\" decoding=\"async\" class=\"alignnone wp-image-1797\" src=\"https:\/\/agora.xtec.cat\/iesmartipol\/wp-content\/uploads\/usu2298\/2025\/02\/IMG_9085-scaled.jpg\" alt=\"SIEI Hort\" width=\"550\" height=\"413\" srcset=\"https:\/\/agora.xtec.cat\/iesmartipol\/wp-content\/uploads\/usu2298\/2025\/02\/IMG_9085-scaled.jpg 2560w, https:\/\/agora.xtec.cat\/iesmartipol\/wp-content\/uploads\/usu2298\/2025\/02\/IMG_9085-300x225.jpg 300w, https:\/\/agora.xtec.cat\/iesmartipol\/wp-content\/uploads\/usu2298\/2025\/02\/IMG_9085-1024x768.jpg 1024w, https:\/\/agora.xtec.cat\/iesmartipol\/wp-content\/uploads\/usu2298\/2025\/02\/IMG_9085-768x576.jpg 768w, https:\/\/agora.xtec.cat\/iesmartipol\/wp-content\/uploads\/usu2298\/2025\/02\/IMG_9085-1536x1152.jpg 1536w, https:\/\/agora.xtec.cat\/iesmartipol\/wp-content\/uploads\/usu2298\/2025\/02\/IMG_9085-2048x1536.jpg 2048w, https:\/\/agora.xtec.cat\/iesmartipol\/wp-content\/uploads\/usu2298\/2025\/02\/IMG_9085-200x150.jpg 200w\" sizes=\"auto, (max-width: 550px) 100vw, 550px\" \/><\/p>\n<p><img loading=\"lazy\" decoding=\"async\" class=\"alignnone wp-image-1799\" src=\"https:\/\/agora.xtec.cat\/iesmartipol\/wp-content\/uploads\/usu2298\/2025\/02\/20250114_125355-scaled.jpg\" alt=\"SIEI Piscina\" width=\"553\" height=\"312\" srcset=\"https:\/\/agora.xtec.cat\/iesmartipol\/wp-content\/uploads\/usu2298\/2025\/02\/20250114_125355-scaled.jpg 2560w, https:\/\/agora.xtec.cat\/iesmartipol\/wp-content\/uploads\/usu2298\/2025\/02\/20250114_125355-300x169.jpg 300w, https:\/\/agora.xtec.cat\/iesmartipol\/wp-content\/uploads\/usu2298\/2025\/02\/20250114_125355-1024x576.jpg 1024w, https:\/\/agora.xtec.cat\/iesmartipol\/wp-content\/uploads\/usu2298\/2025\/02\/20250114_125355-768x432.jpg 768w, https:\/\/agora.xtec.cat\/iesmartipol\/wp-content\/uploads\/usu2298\/2025\/02\/20250114_125355-1536x864.jpg 1536w, https:\/\/agora.xtec.cat\/iesmartipol\/wp-content\/uploads\/usu2298\/2025\/02\/20250114_125355-2048x1153.jpg 2048w\" sizes=\"auto, (max-width: 553px) 100vw, 553px\" \/><\/p>\n<p><img loading=\"lazy\" decoding=\"async\" class=\"alignnone wp-image-1800\" src=\"https:\/\/agora.xtec.cat\/iesmartipol\/wp-content\/uploads\/usu2298\/2025\/02\/20241218_131814-scaled.jpg\" alt=\"SIEI Cuina\" width=\"553\" height=\"312\" srcset=\"https:\/\/agora.xtec.cat\/iesmartipol\/wp-content\/uploads\/usu2298\/2025\/02\/20241218_131814-scaled.jpg 2560w, https:\/\/agora.xtec.cat\/iesmartipol\/wp-content\/uploads\/usu2298\/2025\/02\/20241218_131814-300x169.jpg 300w, https:\/\/agora.xtec.cat\/iesmartipol\/wp-content\/uploads\/usu2298\/2025\/02\/20241218_131814-1024x576.jpg 1024w, https:\/\/agora.xtec.cat\/iesmartipol\/wp-content\/uploads\/usu2298\/2025\/02\/20241218_131814-768x432.jpg 768w, https:\/\/agora.xtec.cat\/iesmartipol\/wp-content\/uploads\/usu2298\/2025\/02\/20241218_131814-1536x864.jpg 1536w, https:\/\/agora.xtec.cat\/iesmartipol\/wp-content\/uploads\/usu2298\/2025\/02\/20241218_131814-2048x1153.jpg 2048w\" sizes=\"auto, (max-width: 553px) 100vw, 553px\" \/><\/p>\n","protected":false},"excerpt":{"rendered":"<p>El Suport Intensiu d\u2019Escolaritzaci\u00f3 Inclusiva (SIEI) \u00e9s un projecte que aposta per la inclusi\u00f3, per l\u2019oportunitat de donar a tot l\u2019alumnat, un entorn d\u2019aprenentatge i conviv\u00e8ncia no excloent.\u00a0<br \/>\nEs prioritza la participaci\u00f3 de l\u2019alumnat en el dia a dia del centre, els alumnes estan majorit\u00e0riament en&hellip;  <a href=\"https:\/\/agora.xtec.cat\/iesmartipol\/projectes\/projectes-datencio-educativa\/siei\/\" title=\"Read SIEI\">Llegeix m\u00e9s\u00bb<\/a><\/p>\n","protected":false},"author":1,"featured_media":0,"parent":1286,"menu_order":0,"comment_status":"closed","ping_status":"closed","template":"page-templates\/side-menu.php","meta":{"_bbp_topic_count":0,"_bbp_reply_count":0,"_bbp_total_topic_count":0,"_bbp_total_reply_count":0,"_bbp_voice_count":0,"_bbp_anonymous_reply_count":0,"_bbp_topic_count_hidden":0,"_bbp_reply_count_hidden":0,"_bbp_forum_subforum_count":0,"footnotes":""},"class_list":["post-1299","page","type-page","status-publish","hentry"],"post_mailing_queue_ids":[],"_links":{"self":[{"href":"https:\/\/agora.xtec.cat\/iesmartipol\/wp-json\/wp\/v2\/pages\/1299","targetHints":{"allow":["GET"]}}],"collection":[{"href":"https:\/\/agora.xtec.cat\/iesmartipol\/wp-json\/wp\/v2\/pages"}],"about":[{"href":"https:\/\/agora.xtec.cat\/iesmartipol\/wp-json\/wp\/v2\/types\/page"}],"author":[{"embeddable":true,"href":"https:\/\/agora.xtec.cat\/iesmartipol\/wp-json\/wp\/v2\/users\/1"}],"replies":[{"embeddable":true,"href":"https:\/\/agora.xtec.cat\/iesmartipol\/wp-json\/wp\/v2\/comments?post=1299"}],"version-history":[{"count":4,"href":"https:\/\/agora.xtec.cat\/iesmartipol\/wp-json\/wp\/v2\/pages\/1299\/revisions"}],"predecessor-version":[{"id":1802,"href":"https:\/\/agora.xtec.cat\/iesmartipol\/wp-json\/wp\/v2\/pages\/1299\/revisions\/1802"}],"up":[{"embeddable":true,"href":"https:\/\/agora.xtec.cat\/iesmartipol\/wp-json\/wp\/v2\/pages\/1286"}],"wp:attachment":[{"href":"https:\/\/agora.xtec.cat\/iesmartipol\/wp-json\/wp\/v2\/media?parent=1299"}],"curies":[{"name":"wp","href":"https:\/\/api.w.org\/{rel}","templated":true}]}}