{"id":1277,"date":"2023-02-27T09:06:12","date_gmt":"2023-02-27T08:06:12","guid":{"rendered":"https:\/\/agora.xtec.cat\/iesmartipol\/?page_id=1277"},"modified":"2024-02-02T16:54:21","modified_gmt":"2024-02-02T15:54:21","slug":"biblioteca-escolar","status":"publish","type":"page","link":"https:\/\/agora.xtec.cat\/iesmartipol\/projectes\/biblioteca-escolar\/","title":{"rendered":"Biblioteca escolar"},"content":{"rendered":"<p style=\"text-align: justify;\"><span style=\"font-weight: 400;\">La biblioteca escolar de l\u2019institut \u00e9s un espai de consulta de material bibliogr\u00e0fic relacionat amb les diferents mat\u00e8ries que s\u2019imparteixen al centre, i tamb\u00e9 amb d\u2019altres que poden ser de l\u2019inter\u00e8s de professorat i alumnat. <\/span><span style=\"font-weight: 400;\">Disposa d\u2019una col\u00b7lecci\u00f3 de llibres de lectura que poden interessar per a enriquiment personal o per ampliar coneixements i il\u00b7lustrar les diferents mat\u00e8ries relacionades amb la llengua i la literatura.<\/span><\/p>\n<p style=\"text-align: justify;\"><span style=\"font-weight: 400;\"><img loading=\"lazy\" decoding=\"async\" class=\"wp-image-1278 alignright\" src=\"https:\/\/agora.xtec.cat\/iesmartipol\/wp-content\/uploads\/usu2298\/2023\/02\/IMG-3723.jpg\" alt=\"Biblioteca escolar\" width=\"424\" height=\"420\" srcset=\"https:\/\/agora.xtec.cat\/iesmartipol\/wp-content\/uploads\/usu2298\/2023\/02\/IMG-3723.jpg 1125w, https:\/\/agora.xtec.cat\/iesmartipol\/wp-content\/uploads\/usu2298\/2023\/02\/IMG-3723-300x298.jpg 300w, https:\/\/agora.xtec.cat\/iesmartipol\/wp-content\/uploads\/usu2298\/2023\/02\/IMG-3723-1024x1017.jpg 1024w, https:\/\/agora.xtec.cat\/iesmartipol\/wp-content\/uploads\/usu2298\/2023\/02\/IMG-3723-150x150.jpg 150w, https:\/\/agora.xtec.cat\/iesmartipol\/wp-content\/uploads\/usu2298\/2023\/02\/IMG-3723-768x763.jpg 768w\" sizes=\"auto, (max-width: 424px) 100vw, 424px\" \/>A la biblioteca tamb\u00e9 podem trobar <strong>un fons de material bibliogr\u00e0fic sobre la hist\u00f2ria del poble de Roda de Ter i sobre la comarca d\u2019Osona<\/strong>. <\/span><span style=\"font-weight: 400;\">Hi trobem una <strong>col\u00b7lecci\u00f3 de llibres de l\u2019autor Miquel Mart\u00ed i Pol<\/strong>, insigne poeta que va n\u00e9ixer i viure a Roda de Ter.<\/span><\/p>\n<p style=\"text-align: justify;\"><span style=\"font-weight: 400;\">Dedicada especialment als alumnes, s\u2019ofereix \u00a0Aquesta inclou t\u00edtols for\u00e7a actuals, novetats que s\u2019han anat adquirint en els darrers anys i que proporcionen a l\u2019alumnat la possibilitat d&#8217;obtenir de manera f\u00e0cil i immediata, sense moure\u2019s del centre, exemplars for\u00e7a interessants i editats recentment. Aquest material els pot ajudar a gaudir d\u2019una lectura amena i incentiva l\u2019h\u00e0bit i el gust per la lectura<\/span><\/p>\n<p style=\"text-align: justify;\"><span style=\"font-weight: 400;\">Actualment, <strong>la biblioteca del centre s\u2019obre a l\u2019alumnat durant el temps del segon esbarjo<\/strong>. En aquest espai de temps, els alumnes poden treballar, estudiar, acabar deures, fer algun treball en grup (sempre parlant en veu molt baixa per no molestar els altres). <\/span><span style=\"font-weight: 400;\">Mentre la biblioteca est\u00e0 oberta tamb\u00e9 poden repassar les novetats i agafar els llibres que vulguin en pr\u00e9stec,\u00a0 emportar-se\u2019ls a casa o llegir-los al centre durant l\u2019hora de lectura a primera hora del mat\u00ed.<\/span><\/p>\n<p style=\"text-align: justify;\"><span style=\"font-weight: 400;\">Durant l\u2019esbarjo, les professores que fan la funci\u00f3 de bibliotec\u00e0ries, assessoren l\u2019alumnat que ho demana sobre llibres que els poden agradar o que necessiten per a alguna tasca acad\u00e8mica. <\/span><span style=\"font-weight: 400;\">Si s\u2019escau, les professores de la biblioteca assessoren l\u2019alumnat nouvingut a trobar llibres, revistes o c\u00f2mics, que els poden ajudar en l\u2019aprenentatge de la llengua catalana.<\/span><\/p>\n<p style=\"text-align: justify;\"><span style=\"font-weight: 400;\">En col\u00b7laboraci\u00f3 amb la biblioteca del poble, s\u2019ofereix l\u2019activitat Rodallibres, en qu\u00e8 una rapsoda i cantant presenta un conjunt de llibres, que pel contengut i caracter\u00edstiques poden interessar i agradar a l\u2019alumnat de primer cicle d\u2019ESO.\u00a0 Alguns d\u2019aquests llibres fomenten els valors humanitaris, la igualtat entre les persones, el respecte per a tots els g\u00e8neres, etc.<\/span><\/p>\n<p style=\"text-align: justify;\"><span style=\"font-weight: 400;\">La biblioteca de Roda ens deixa un o dos exemplars dels llibres que ens presenten perqu\u00e8 els alumnes se\u2019ls puguin emportar en pr\u00e9stec. Aquests llibres se cedeixen durant uns mesos i a final de curs es recullen i es tornen.<\/span><\/p>\n<p style=\"text-align: justify;\"><span style=\"font-weight: 400;\">Altres activitats que tamb\u00e9 es porten a terme des de la biblioteca s\u00f3n convidar algun escriptor, autor d\u2019algun dels llibres que es llegeixen com a lectura obligat\u00f2ria en els diferents cursos d\u2019ESO o batxillerat.<\/span><\/p>\n<p>Consulta el cat\u00e0leg de la biblioteca escolar:<\/p>\n<p><a href=\"https:\/\/aplicacions.gestioeducativa.gencat.cat\/epergam\/web\/biblioteca.jsp?codi=08053042\"><img loading=\"lazy\" decoding=\"async\" class=\"alignnone wp-image-1613 size-full\" src=\"https:\/\/agora.xtec.cat\/iesmartipol\/wp-content\/uploads\/usu2298\/2024\/02\/epergam.png\" alt=\"\" width=\"150\" height=\"47\" \/><\/a><\/p>\n","protected":false},"excerpt":{"rendered":"<p>La biblioteca escolar de l\u2019institut \u00e9s un espai de consulta de material bibliogr\u00e0fic relacionat amb les diferents mat\u00e8ries que s\u2019imparteixen al centre, i tamb\u00e9 amb d\u2019altres que poden ser de l\u2019inter\u00e8s de professorat i alumnat. Disposa d\u2019una col\u00b7lecci\u00f3 de llibres de lectura que poden interessar&hellip;  <a href=\"https:\/\/agora.xtec.cat\/iesmartipol\/projectes\/biblioteca-escolar\/\" title=\"Read Biblioteca escolar\">Llegeix m\u00e9s\u00bb<\/a><\/p>\n","protected":false},"author":1,"featured_media":0,"parent":660,"menu_order":0,"comment_status":"closed","ping_status":"closed","template":"page-templates\/side-menu.php","meta":{"_bbp_topic_count":0,"_bbp_reply_count":0,"_bbp_total_topic_count":0,"_bbp_total_reply_count":0,"_bbp_voice_count":0,"_bbp_anonymous_reply_count":0,"_bbp_topic_count_hidden":0,"_bbp_reply_count_hidden":0,"_bbp_forum_subforum_count":0,"footnotes":""},"class_list":["post-1277","page","type-page","status-publish","hentry"],"post_mailing_queue_ids":[],"_links":{"self":[{"href":"https:\/\/agora.xtec.cat\/iesmartipol\/wp-json\/wp\/v2\/pages\/1277","targetHints":{"allow":["GET"]}}],"collection":[{"href":"https:\/\/agora.xtec.cat\/iesmartipol\/wp-json\/wp\/v2\/pages"}],"about":[{"href":"https:\/\/agora.xtec.cat\/iesmartipol\/wp-json\/wp\/v2\/types\/page"}],"author":[{"embeddable":true,"href":"https:\/\/agora.xtec.cat\/iesmartipol\/wp-json\/wp\/v2\/users\/1"}],"replies":[{"embeddable":true,"href":"https:\/\/agora.xtec.cat\/iesmartipol\/wp-json\/wp\/v2\/comments?post=1277"}],"version-history":[{"count":4,"href":"https:\/\/agora.xtec.cat\/iesmartipol\/wp-json\/wp\/v2\/pages\/1277\/revisions"}],"predecessor-version":[{"id":1615,"href":"https:\/\/agora.xtec.cat\/iesmartipol\/wp-json\/wp\/v2\/pages\/1277\/revisions\/1615"}],"up":[{"embeddable":true,"href":"https:\/\/agora.xtec.cat\/iesmartipol\/wp-json\/wp\/v2\/pages\/660"}],"wp:attachment":[{"href":"https:\/\/agora.xtec.cat\/iesmartipol\/wp-json\/wp\/v2\/media?parent=1277"}],"curies":[{"name":"wp","href":"https:\/\/api.w.org\/{rel}","templated":true}]}}