{"id":1215,"date":"2023-02-07T13:19:29","date_gmt":"2023-02-07T12:19:29","guid":{"rendered":"https:\/\/agora.xtec.cat\/iesmartipol\/?page_id=1215"},"modified":"2023-02-07T13:34:41","modified_gmt":"2023-02-07T12:34:41","slug":"vida-del-poeta","status":"publish","type":"page","link":"https:\/\/agora.xtec.cat\/iesmartipol\/linstitut\/vida-del-poeta\/","title":{"rendered":"Vida del poeta"},"content":{"rendered":"<h2>Miquel Mart\u00ed i Pol (1929-2003)<\/h2>\n<p style=\"text-align: justify;\">Poeta, prosista, traductor, i tamb\u00e9 activista cultural, Miquel Mart\u00ed i Pol \u00e9s un dels poetes m\u00e9s estimats i populars de la nostra literatura. El seu comprom\u00eds amb la cultura i amb el pa\u00eds l&#8217;han fet destacar com a catal\u00e0 universal i com a poeta nacional.<\/p>\n<h5><strong>Vida<\/strong><\/h5>\n<figure class=\"figure wp-caption alignright\"><img loading=\"lazy\" decoding=\"async\" class=\"wp-image-1221\" src=\"https:\/\/agora.xtec.cat\/iesmartipol\/wp-content\/uploads\/usu2298\/2023\/02\/Miquel-Marti-i-Pol_Arturo-Espinosa.jpg\" alt=\"Miquel Mart\u00ed i Pol\" width=\"225\" height=\"306\" srcset=\"https:\/\/agora.xtec.cat\/iesmartipol\/wp-content\/uploads\/usu2298\/2023\/02\/Miquel-Marti-i-Pol_Arturo-Espinosa.jpg 586w, https:\/\/agora.xtec.cat\/iesmartipol\/wp-content\/uploads\/usu2298\/2023\/02\/Miquel-Marti-i-Pol_Arturo-Espinosa-220x300.jpg 220w\" sizes=\"auto, (max-width: 225px) 100vw, 225px\" \/><figcaption class=\"wp-caption-text\">Autor: Arturo Espinosa<\/figcaption><\/figure>\n<p style=\"text-align: left;\">Va n\u00e9ixer a Roda de Ter el 19 de mar\u00e7 de 1929 i va estudiar a l&#8217;escola parroquial del poble fins al segon curs de batxillerat, amb el par\u00e8ntesi de la guerra civil entremig. Als catorze anys comen\u00e7\u00e0 a treballar al despatx de la f\u00e0brica Tecla Sala, coneguda com la Blava. Va viure sempre a Roda i, fins que la malaltia l&#8217;oblig\u00e0 a deixar la feina, va treballar a la Blava. La malaltia va marcar dos moments claus de la seva vida: de jove, durant l&#8217;\u00e8poca de formaci\u00f3, i despr\u00e9s, en l&#8217;etapa adulta. Als dinou anys va contraure la tuberculosi, una malaltia freq\u00fcent en aquella \u00e8poca, que l&#8217;oblig\u00e0 a fer llit durant un any llarg, amb un tractament que dur\u00e0 cinc anys, temps que el jove Miquel aprofit\u00e0 per llegir extensament, sobretot llibres de poesia. D&#8217;aquells anys s\u00f3n els primers poemes que edit\u00e0. A partir dels anys setanta, comen\u00e7\u00e0 a patir les conseq\u00fc\u00e8ncies de l\u2019esclerosi m\u00faltiple que l\u2019afect\u00e0 progressivament, fet que repercut\u00ed d\u2019una manera decisiva en la seva poesia, que esdevingu\u00e9 m\u00e9s introspectiva i intimista.<\/p>\n<p style=\"text-align: justify;\">L&#8217;any 1956 es cas\u00e0 amb Dolors Feixas amb qui va tenir dos fills: la Maria \u00c0ngels i el Jordi. L&#8217;any 1984, despr\u00e9s d&#8217;una llarga malaltia, va morir la seva esposa. Dos anys m\u00e9s tard es cas\u00e0 amb Montserrat Sans, amb qui va viure fins a la seva mort, l&#8217;11 de novembre de 2003.<\/p>\n<h5 style=\"text-align: justify;\"><strong>Obra<\/strong><\/h5>\n<p style=\"text-align: justify;\">MMP va escriure sobretot poesia, per\u00f2 tamb\u00e9 va escriure prosa i va ser traductor. \u00c9s autor de m\u00e9s de 1.500 poemes reunits en vora quaranta llibres, dels quals destaquen:<br \/>\n<em>Paraules al vent<\/em> (1954)<br \/>\n<em>El poble<\/em> (1966)<br \/>\n<em>La f\u00e0brica<\/em> (1972)<br \/>\n<em>Vint-i-set poemes en tres temps<\/em> (1972)<br \/>\n<em>Estimada Marta<\/em> (1978)<br \/>\n<em>L&#8217;hoste ins\u00f2lit<\/em> (1979)<br \/>\n<em>Suite de Parlav\u00e0<\/em> (1991)<br \/>\n<em>Llibre d&#8217;abs\u00e8ncies<\/em> (1985)<br \/>\n<em>Els bells camins<\/em> (1985)<br \/>\n<em>Llibre de les solituds<\/em> (1997)<br \/>\n<em>Haikus en temps de guerra<\/em> (2002)<\/p>\n<h5><strong>Activisme cultural<\/strong><\/h5>\n<p style=\"text-align: justify;\">Mart\u00ed i Pol desenvolup\u00e0 una intensa activitat cultural en \u00e0mbits diversos, que s&#8217;intensific\u00e0 en la d\u00e8cada dels anys 60. Va col\u00b7laborar en publicacions peri\u00f2diques i en el teatre, fou divulgador de teatre i de cinema i fins i tot particip\u00e0 en la Nova Can\u00e7\u00f3 com a cantautor.<\/p>\n<h5 style=\"text-align: justify;\"><strong>Premis<\/strong><\/h5>\n<p style=\"text-align: justify;\">Premi Ossa Menor (1954), Premi Lletra d&#8217;Or (1977), Premi Fastenrath (1978) Premi de la Cr\u00edtica de poesia catalana (1979, 1991, 1994), Creu de Sant Jordi (1983), Premi d&#8217;Honor de les Lletres Catalanes (1991), Premi Nacional de Literatura (1998), Medalla d&#8217;Or de la Generalitat de Catalunya (1999), Doctor honoris causa per la Universitat de Girona (2017).<\/p>\n<h5><strong>Enlla\u00e7os:<\/strong><\/h5>\n<p><a href=\"https:\/\/www.youtube.com\/watch?v=XyQZ_wXxJbA\">Com que ara ve el bon temps, poema de MMP musicat per Narc\u00eds Perich<\/a><br \/>\n<a href=\"https:\/\/www.youtube.com\/watch?v=ABf35Z8K6a4\">MMP canta Riu amunt: el cantautor<\/a><br \/>\n<a href=\"https:\/\/www.musicadepoetes.cat\/poeta?autor=145\">Poemes de Miquel Mart\u00ed i Pol musicats<\/a><br \/>\n<a href=\"https:\/\/www.youtube.com\/watch?v=OD0RibIwTiE\">L&#8217;Elionor<\/a><br \/>\n<a href=\"https:\/\/miquelmartiipol.cat\/\">Fundaci\u00f3 MMP<\/a><\/p>\n","protected":false},"excerpt":{"rendered":"<p>Miquel Mart\u00ed i Pol (1929-2003)<br \/>\nPoeta, prosista, traductor, i tamb\u00e9 activista cultural, Miquel Mart\u00ed i Pol \u00e9s un dels poetes m\u00e9s estimats i populars de la nostra literatura. El seu comprom\u00eds amb la cultura i amb el pa\u00eds l&#8217;han fet destacar com a catal\u00e0 universal i&hellip;  <a href=\"https:\/\/agora.xtec.cat\/iesmartipol\/linstitut\/vida-del-poeta\/\" title=\"Read Vida del poeta\">Llegeix m\u00e9s\u00bb<\/a><\/p>\n","protected":false},"author":1,"featured_media":0,"parent":19,"menu_order":0,"comment_status":"closed","ping_status":"closed","template":"page-templates\/side-menu.php","meta":{"_bbp_topic_count":0,"_bbp_reply_count":0,"_bbp_total_topic_count":0,"_bbp_total_reply_count":0,"_bbp_voice_count":0,"_bbp_anonymous_reply_count":0,"_bbp_topic_count_hidden":0,"_bbp_reply_count_hidden":0,"_bbp_forum_subforum_count":0,"footnotes":""},"class_list":["post-1215","page","type-page","status-publish","hentry"],"post_mailing_queue_ids":[],"_links":{"self":[{"href":"https:\/\/agora.xtec.cat\/iesmartipol\/wp-json\/wp\/v2\/pages\/1215","targetHints":{"allow":["GET"]}}],"collection":[{"href":"https:\/\/agora.xtec.cat\/iesmartipol\/wp-json\/wp\/v2\/pages"}],"about":[{"href":"https:\/\/agora.xtec.cat\/iesmartipol\/wp-json\/wp\/v2\/types\/page"}],"author":[{"embeddable":true,"href":"https:\/\/agora.xtec.cat\/iesmartipol\/wp-json\/wp\/v2\/users\/1"}],"replies":[{"embeddable":true,"href":"https:\/\/agora.xtec.cat\/iesmartipol\/wp-json\/wp\/v2\/comments?post=1215"}],"version-history":[{"count":3,"href":"https:\/\/agora.xtec.cat\/iesmartipol\/wp-json\/wp\/v2\/pages\/1215\/revisions"}],"predecessor-version":[{"id":1217,"href":"https:\/\/agora.xtec.cat\/iesmartipol\/wp-json\/wp\/v2\/pages\/1215\/revisions\/1217"}],"up":[{"embeddable":true,"href":"https:\/\/agora.xtec.cat\/iesmartipol\/wp-json\/wp\/v2\/pages\/19"}],"wp:attachment":[{"href":"https:\/\/agora.xtec.cat\/iesmartipol\/wp-json\/wp\/v2\/media?parent=1215"}],"curies":[{"name":"wp","href":"https:\/\/api.w.org\/{rel}","templated":true}]}}